{"id":12116,"date":"2024-10-10T11:58:14","date_gmt":"2024-10-10T10:58:14","guid":{"rendered":"https:\/\/bnssghealthiertogether.org.uk\/?page_id=12116"},"modified":"2025-02-05T22:32:21","modified_gmt":"2025-02-05T22:32:21","slug":"handi-app","status":"publish","type":"page","link":"https:\/\/bnssghealthiertogether.org.uk\/fr\/nhs-apps\/handi-app\/","title":{"rendered":"Application HANDi"},"content":{"rendered":"<div class=\"assembler_default-group assembler_module_group assembler_default-group_1 assembler_module_group_1\"><div class=\"assembler_module_area assembler_module_area_1\"><div class=\"assembler_table-of-contents-module assembler_module assembler_table-of-contents-module_1 assembler_module_1  transparent\"><a tabindex=\"-1\" title=\"Section intitul\u00e9e module-1\" id=\"module-1\" href=\"https:\/\/bnssghealthiertogether.org.uk\/fr\/wp-json\/wp\/v2\/pages\/12116\/#module-1\" class=\"anchor\"><span class=\"hidden\">Section intitul\u00e9e module-1<\/span><\/a><!-- Template found for table-of-contents-module - Template: template-table-of-contents - Matched: _only -->\r\n<section class=\"w-full mx-auto max-w-content border-b border-pale-grey pt-6 sm:pt-12 pb-3 sm:pb-6\">\r\n    <div class=\"entry-content w-full\">\r\n    <h1>Apps NHS<\/h1>\n<p>Contenu<\/p>\n    <div class=\"navigation-list\">\r\n                    <ul>\r\n                      <li class=\"text-sm\">\r\n                              <a href=\"https:\/\/bnssghealthiertogether.org.uk\/fr\/nhs-apps\/\" class=\"text-sm underline-offset-4 font-normal hover:!underline-4\">\r\n                                                                Essayez l'application NHS                                <\/a>\r\n                          <\/li>\r\n                                <li class=\"text-sm\">\r\n                                                              Application HANDi                            <\/li>\r\n                  <\/ul>\r\n          <\/div>\r\n  <\/div>\r\n<\/section><\/div><!-- .assembler_table-of-contents-module.assembler_module.assembler_table-of-contents-module_1.assembler_module_1..transparent --><div class=\"assembler_text-module assembler_module assembler_text-module_2 assembler_module_2  transparent\"><a tabindex=\"-1\" title=\"Section intitul\u00e9e module-2\" id=\"module-2\" href=\"https:\/\/bnssghealthiertogether.org.uk\/fr\/wp-json\/wp\/v2\/pages\/12116\/#module-2\" class=\"anchor\"><span class=\"hidden\">Section intitul\u00e9e module-2<\/span><\/a><!-- Template found for text-module - Template: template-text - Matched: _only --><section class=\"w-full mx-auto max-w-content pt-3 sm:pt-6 pb-3 sm:pb-6\">\r\n  <div class=\"entry-content w-full !px-0 max-w-small\">\r\n        <h1>Application HANDi<\/h1>\n<p>Notre application HANDi vise \u00e0 fournir des conseils et un soutien aux parents et aux soignants lorsque leur enfant ne se sent pas bien.<\/p>\n<p>L'application HANDi offre des conseils simples et directs pour les affections suivantes chez l'enfant :<\/p>\n<ul>\n<li>diarrh\u00e9e et vomissements<\/li>\n<li>temp\u00e9rature \u00e9lev\u00e9e<\/li>\n<li>\u2018les maladies du \u2019b\u00e9b\u00e9 \u00e0 la poitrine\", telles que la bronchiolite, l'asthme et le croup<\/li>\n<li>\u2018les maladies de l'enfant \u00e0 forte poitrine, telles que la respiration sifflante et l'asthme<\/li>\n<li>probl\u00e8mes courants chez le nouveau-n\u00e9<\/li>\n<li>douleurs abdominales<\/li>\n<li>les traumatismes cr\u00e2niens.<\/li>\n<\/ul>\n<p>L'application vous pose une s\u00e9rie de questions sur les sympt\u00f4mes de votre enfant et vous conseille ensuite la meilleure marche \u00e0 suivre, qu'il s'agisse d'un traitement \u00e0 domicile, d'un rendez-vous chez un m\u00e9decin g\u00e9n\u00e9raliste ou d'une visite au service des urgences.<\/p>\n<p>Chaque maladie fait l'objet d'un plan de soins \u00e0 domicile pour vous aider \u00e0 apporter le meilleur soutien possible \u00e0 votre enfant et vous donner confiance dans les soins qu'il re\u00e7oit lorsqu'il est malade.<\/p>\n  <\/div>\r\n  <\/section><\/div><!-- .assembler_text-module.assembler_module.assembler_text-module_2.assembler_module_2..transparent --><div class=\"assembler_text-module assembler_module assembler_text-module_3 assembler_module_3  transparent\"><a tabindex=\"-1\" title=\"Section intitul\u00e9e module-3\" id=\"module-3\" href=\"https:\/\/bnssghealthiertogether.org.uk\/fr\/wp-json\/wp\/v2\/pages\/12116\/#module-3\" class=\"anchor\"><span class=\"hidden\">Section intitul\u00e9e module-3<\/span><\/a><!-- Template found for text-module - Template: template-text - Matched: _only --><section class=\"w-full mx-auto max-w-content pt-3 sm:pt-6 pb-3 sm:pb-6\">\r\n  <div class=\"entry-content w-full !px-0 max-w-small\">\r\n        <h2>Comment t\u00e9l\u00e9charger l'application HANDi<\/h2>\n<p>T\u00e9l\u00e9chargez l'application HANDi pour les t\u00e9l\u00e9phones Android \u00e0 l'adresse suivante <a href=\"https:\/\/play.google.com\/store\/apps\/details?id=com.myoxygen.handi.taunton\" rel=\"noopener\">Google Play<\/a>.<\/p>\n<p>Pour l'iPhone ou l'iPad, vous pouvez le t\u00e9l\u00e9charger depuis l'app store ou <a href=\"https:\/\/itunes.apple.com\/gb\/app\/handi-paediatric\/id969445171?mt=8\" rel=\"noopener\">iTunes<\/a>, en utilisant le terme de recherche \u2018HANDi App\u2019.<\/p>\n  <\/div>\r\n  <\/section><\/div><!-- .assembler_text-module.assembler_module.assembler_text-module_3.assembler_module_3..transparent --><div class=\"assembler_text-module assembler_module assembler_text-module_4 assembler_module_4  transparent\"><a tabindex=\"-1\" title=\"Section intitul\u00e9e module-4\" id=\"module-4\" href=\"https:\/\/bnssghealthiertogether.org.uk\/fr\/wp-json\/wp\/v2\/pages\/12116\/#module-4\" class=\"anchor\"><span class=\"hidden\">Section intitul\u00e9e module-4<\/span><\/a><!-- Template found for text-module - Template: template-text - Matched: _only --><section class=\"w-full mx-auto max-w-content pt-3 sm:pt-6 pb-3 sm:pb-6\">\r\n  <div class=\"entry-content w-full !px-0 max-w-small\">\r\n        <h2>Vid\u00e9o : L'histoire d'Alex<\/h2>\n<div class=\"embed_wrapper\"><iframe title=\"&quot;L&#039;application HANDi est si rapide et si facile \u00e0 utiliser&quot; - L&#039;histoire d&#039;Alex\" width=\"640\" height=\"360\" src=\"https:\/\/www.youtube.com\/embed\/u79-HxqgqnM?feature=oembed\" frameborder=\"0\" allow=\"accelerometer; autoplay; clipboard-write; encrypted-media; gyroscope; picture-in-picture; web-share\" referrerpolicy=\"strict-origin-when-cross-origin\" allowfullscreen><\/iframe><\/div>\n  <\/div>\r\n  <\/section><\/div><!-- .assembler_text-module.assembler_module.assembler_text-module_4.assembler_module_4..transparent --><div class=\"assembler_text-module assembler_module assembler_text-module_5 assembler_module_5  transparent\"><a tabindex=\"-1\" title=\"Section intitul\u00e9e module-5\" id=\"module-5\" href=\"https:\/\/bnssghealthiertogether.org.uk\/fr\/wp-json\/wp\/v2\/pages\/12116\/#module-5\" class=\"anchor\"><span class=\"hidden\">Section intitul\u00e9e module-5<\/span><\/a><!-- Template found for text-module - Template: template-text - Matched: _only --><section class=\"w-full mx-auto max-w-content pt-3 sm:pt-6 pb-12 sm:pb-24\">\r\n  <div class=\"entry-content w-full !px-0 max-w-small\">\r\n        <h2>Plus d'informations pour vous aider \u00e0 soigner un enfant malade<\/h2>\n<p><a href=\"https:\/\/www.nhs.uk\/nhs-services\/pharmacies\/\" rel=\"noopener\">\u00c0 propos des pharmacies - nhs.uk<\/a><\/p>\n<p><a href=\"https:\/\/bnssghealthiertogether.org.uk\/fr\/health-and-care\/which-nhs-service-should-i-use\/\">Quel service du NHS dois-je utiliser ?<\/a><\/p>\n<p><a href=\"https:\/\/www.nhs.uk\/conditions\/\" rel=\"noopener\">La sant\u00e9 de A \u00e0 Z - nhs.uk<\/a><\/p>\n  <\/div>\r\n  <\/section><\/div><!-- .assembler_text-module.assembler_module.assembler_text-module_5.assembler_module_5..transparent --><\/div><!-- .assembler_module_area.assembler_module_area_1 --><\/div><!-- .assembler_default-group.assembler_module_group.assembler_default-group_1.assembler_module_group_1  -->","protected":false},"excerpt":{"rendered":"<p>Access advice and support when your child is unwell using the HANDi app on your smartphone or tablet.<\/p>","protected":false},"author":1,"featured_media":0,"parent":34120,"menu_order":0,"comment_status":"closed","ping_status":"closed","template":"","meta":{"_acf_changed":false,"footnotes":""},"tags":[],"class_list":["post-12116","page","type-page","status-publish","hentry"],"acf":[],"_links":{"self":[{"href":"https:\/\/bnssghealthiertogether.org.uk\/fr\/wp-json\/wp\/v2\/pages\/12116","targetHints":{"allow":["GET"]}}],"collection":[{"href":"https:\/\/bnssghealthiertogether.org.uk\/fr\/wp-json\/wp\/v2\/pages"}],"about":[{"href":"https:\/\/bnssghealthiertogether.org.uk\/fr\/wp-json\/wp\/v2\/types\/page"}],"author":[{"embeddable":true,"href":"https:\/\/bnssghealthiertogether.org.uk\/fr\/wp-json\/wp\/v2\/users\/1"}],"replies":[{"embeddable":true,"href":"https:\/\/bnssghealthiertogether.org.uk\/fr\/wp-json\/wp\/v2\/comments?post=12116"}],"version-history":[{"count":8,"href":"https:\/\/bnssghealthiertogether.org.uk\/fr\/wp-json\/wp\/v2\/pages\/12116\/revisions"}],"predecessor-version":[{"id":37186,"href":"https:\/\/bnssghealthiertogether.org.uk\/fr\/wp-json\/wp\/v2\/pages\/12116\/revisions\/37186"}],"up":[{"embeddable":true,"href":"https:\/\/bnssghealthiertogether.org.uk\/fr\/wp-json\/wp\/v2\/pages\/34120"}],"wp:attachment":[{"href":"https:\/\/bnssghealthiertogether.org.uk\/fr\/wp-json\/wp\/v2\/media?parent=12116"}],"wp:term":[{"taxonomy":"post_tag","embeddable":true,"href":"https:\/\/bnssghealthiertogether.org.uk\/fr\/wp-json\/wp\/v2\/tags?post=12116"}],"curies":[{"name":"wp","href":"https:\/\/api.w.org\/{rel}","templated":true}]}}