{"id":12130,"date":"2024-10-10T12:08:19","date_gmt":"2024-10-10T11:08:19","guid":{"rendered":"https:\/\/bnssghealthiertogether.org.uk\/?page_id=12130"},"modified":"2025-09-01T15:38:55","modified_gmt":"2025-09-01T14:38:55","slug":"children-and-young-peoples-emotional-health-and-wellbeing","status":"publish","type":"page","link":"https:\/\/bnssghealthiertogether.org.uk\/fr\/mental-health\/children-and-young-peoples-emotional-health-and-wellbeing\/","title":{"rendered":"La sant\u00e9 \u00e9motionnelle et le bien-\u00eatre des enfants et des jeunes"},"content":{"rendered":"<div class=\"assembler_default-group assembler_module_group assembler_default-group_1 assembler_module_group_1\"><div class=\"assembler_module_area assembler_module_area_1\"><div class=\"assembler_text-module assembler_module assembler_text-module_1 assembler_module_1  transparent\"><a tabindex=\"-1\" title=\"Section titled module-1\" id=\"module-1\" href=\"https:\/\/bnssghealthiertogether.org.uk\/fr\/wp-json\/wp\/v2\/pages\/12130\/#module-1\" class=\"anchor\"><span class=\"hidden\">Section titled module-1<\/span><\/a><!-- Template found for text-module - Template: template-text - Matched: _only --><section class=\"w-full mx-auto max-w-content pt-12 sm:pt-24 pb-12 sm:pb-24\">\r\n  <div class=\"entry-content w-full !px-0 max-w-small\">\r\n        <h1>Children and young people&#8217;s emotional health and wellbeing<\/h1>\n<p>Children\u2019s community health services provide a wide range of care and support for young people.<\/p>\n<p><span class=\"ui-provider ee bay baz bba bbb bbc bbd bbe bbf bbg bbh bbi bbj bbk bbl bbm bbn bbo bbp bbq bbr bbs bbt bbu bbv bbw bbx bby bbz bca bcb bcc bcd bce bcf\" dir=\"ltr\">The Directory of Mental Health and Wellbeing Services for Children and Young People provides up-to-date mental health and wellbeing information, including services commissioned by NHS Bristol, North Somerset and South Gloucestershire ICB.<\/span><\/p>\n<p>You can download the directory for your local area below. They have been designed to be used online and you can also print them as an A5 booklet.<\/p>\n      <a href=\"https:\/\/bnssghealthiertogether.org.uk\/library\/bristol-mental-health-and-wellbeing-directory-services-children-and-young-people\/\"  class=\"btn-link flex w-[fit-content] \">Bristol Directory of Mental Health and Wellbeing Services for Children and Young People<\/a>\n\n      <a href=\"https:\/\/bnssghealthiertogether.org.uk\/library\/north-somerset-mental-health-and-wellbeing-directory-services-children-and-young-people\/\"  target=\"https:\/\/bnssghealthiertogether.org.uk\/library\/north-somerset-mental-health-and-wellbeing-directory-services-children-and-young-people\/\" class=\"btn-link flex w-[fit-content] \">North Somerset Directory of Mental Health and Wellbeing Services for Children and Young People<\/a>\n\n      <a href=\"https:\/\/bnssghealthiertogether.org.uk\/library\/south-gloucestershire-mental-health-and-wellbeing-directory-services-children-and-young-people\/\"  class=\"btn-link flex w-[fit-content] \">South Gloucestershire Directory of Mental Health and Wellbeing Services for Children and Young People<\/a>\n\n<p>There is also a 24\/7 Mental Health Crisis Line that offers support for young people in crisis 24 hours a day, seven days a week, all year round: 0800 953 9599.<\/p>\n  <\/div>\r\n  <\/section><\/div><!-- .assembler_text-module.assembler_module.assembler_text-module_1.assembler_module_1..transparent --><\/div><!-- .assembler_module_area.assembler_module_area_1 --><\/div><!-- .assembler_default-group.assembler_module_group.assembler_default-group_1.assembler_module_group_1  -->","protected":false},"excerpt":{"rendered":"<p>Find out about mental health services and support for children and young people and access our local Directory of Mental Health and Wellbeing Services.<\/p>","protected":false},"author":1,"featured_media":0,"parent":12124,"menu_order":0,"comment_status":"closed","ping_status":"closed","template":"","meta":{"_acf_changed":false,"footnotes":""},"tags":[],"class_list":["post-12130","page","type-page","status-publish","hentry"],"acf":[],"_links":{"self":[{"href":"https:\/\/bnssghealthiertogether.org.uk\/fr\/wp-json\/wp\/v2\/pages\/12130","targetHints":{"allow":["GET"]}}],"collection":[{"href":"https:\/\/bnssghealthiertogether.org.uk\/fr\/wp-json\/wp\/v2\/pages"}],"about":[{"href":"https:\/\/bnssghealthiertogether.org.uk\/fr\/wp-json\/wp\/v2\/types\/page"}],"author":[{"embeddable":true,"href":"https:\/\/bnssghealthiertogether.org.uk\/fr\/wp-json\/wp\/v2\/users\/1"}],"replies":[{"embeddable":true,"href":"https:\/\/bnssghealthiertogether.org.uk\/fr\/wp-json\/wp\/v2\/comments?post=12130"}],"version-history":[{"count":9,"href":"https:\/\/bnssghealthiertogether.org.uk\/fr\/wp-json\/wp\/v2\/pages\/12130\/revisions"}],"predecessor-version":[{"id":42099,"href":"https:\/\/bnssghealthiertogether.org.uk\/fr\/wp-json\/wp\/v2\/pages\/12130\/revisions\/42099"}],"up":[{"embeddable":true,"href":"https:\/\/bnssghealthiertogether.org.uk\/fr\/wp-json\/wp\/v2\/pages\/12124"}],"wp:attachment":[{"href":"https:\/\/bnssghealthiertogether.org.uk\/fr\/wp-json\/wp\/v2\/media?parent=12130"}],"wp:term":[{"taxonomy":"post_tag","embeddable":true,"href":"https:\/\/bnssghealthiertogether.org.uk\/fr\/wp-json\/wp\/v2\/tags?post=12130"}],"curies":[{"name":"wp","href":"https:\/\/api.w.org\/{rel}","templated":true}]}}