{"id":12222,"date":"2024-10-10T16:49:58","date_gmt":"2024-10-10T15:49:58","guid":{"rendered":"https:\/\/bnssghealthiertogether.org.uk\/?page_id=12222"},"modified":"2024-10-17T12:25:31","modified_gmt":"2024-10-17T11:25:31","slug":"personal-health-budgets-phb","status":"publish","type":"page","link":"https:\/\/bnssghealthiertogether.org.uk\/fr\/integrated-care-board\/personal-health-budgets-phb\/","title":{"rendered":"budgets de sant\u00e9 personnels (BSP)"},"content":{"rendered":"<div class=\"assembler_default-group assembler_module_group assembler_default-group_1 assembler_module_group_1\"><div class=\"assembler_module_area assembler_module_area_1\"><div class=\"assembler_text-module assembler_module assembler_text-module_1 assembler_module_1  transparent\"><a tabindex=\"-1\" title=\"Section intitul\u00e9e module-1\" id=\"module-1\" href=\"https:\/\/bnssghealthiertogether.org.uk\/fr\/wp-json\/wp\/v2\/pages\/12222\/#module-1\" class=\"anchor\"><span class=\"hidden\">Section intitul\u00e9e module-1<\/span><\/a><!-- Template found for text-module - Template: template-text - Matched: _only --><section class=\"w-full mx-auto max-w-content pt-12 sm:pt-24 pb-12 sm:pb-24\">\n    <div class=\"flex gap-11 md:grid md:grid-cols-2 flex-col\">\n    <div class=\"entry-content\">\n      <h1>budgets de sant\u00e9 personnels (BSP)<\/h1>\n<p>A personal health budget (PHB) is an amount of money to support a person\u2019s identified health and wellbeing needs.<\/p>\n<p>A personal health budget (PHB) is planned and agreed between the person and their local NHS team.<\/p>\n<p>At the centre of the personal health budget is a care and support plan. This sets out the agreed health and wellbeing outcomes that the person wants to achieve and how the budget will be spent to help individuals meet their healthcare needs.<\/p>\n<p>The aim of a personal health budget is to give individuals more choice and control over the money spent on meeting their health and wellbeing needs.<\/p>\n<p>PHB\u2019s support the vision of a more personalised, patient-focused NHS.<\/p>\n<p>Notre <a href=\"https:\/\/bnssghealthiertogether.org.uk\/fr\/library\/personal-health-budgets-policy\/\">Politique relative aux budgets de sant\u00e9 personnels<\/a> sets out how we deliver PHBs offering flexibility, choice and control for individuals to meet their health and wellbeing needs.<\/p>\n<p>NHS England&#8217;s website has more information and advice about the <a href=\"http:\/\/www.england.nhs.uk\/healthbudgets\/\" rel=\"noopener\">personal health budgets<\/a>.<\/p>\n    <\/div>\n    <div class=\"entry-content\">\n      <h2>Other pages in this section<\/h2>\n      <div class=\"menu level-menu-shortcode arrows\">\n        <ul>\n                      <li class=\"menu-item\">\n              <a href=\"https:\/\/bnssghealthiertogether.org.uk\/fr\/integrated-care-board\/personal-health-budgets-phb\/who-can-have-a-personal-health-budget\/\">Qui peut b\u00e9n\u00e9ficier d&#039;un budget sant\u00e9 personnel ?<\/a>\n            <\/li>\n                  <\/ul>\n      <\/div>\n\n    <\/div>\n      <\/div>\n<\/section><\/div><!-- .assembler_text-module.assembler_module.assembler_text-module_1.assembler_module_1..transparent --><\/div><!-- .assembler_module_area.assembler_module_area_1 --><\/div><!-- .assembler_default-group.assembler_module_group.assembler_default-group_1.assembler_module_group_1  -->","protected":false},"excerpt":{"rendered":"<p>Section titled module-1 Personal health budgets (PHB) A personal health budget (PHB) is an amount of money to support a person\u2019s identified health and wellbeing needs. A personal health budget (PHB) is planned and agreed between the person and their local NHS team. At the centre of the personal health budget is a care and [&hellip;]<\/p>\n","protected":false},"author":1,"featured_media":0,"parent":11828,"menu_order":0,"comment_status":"closed","ping_status":"closed","template":"","meta":{"_acf_changed":false,"footnotes":""},"tags":[],"class_list":["post-12222","page","type-page","status-publish","hentry"],"acf":[],"_links":{"self":[{"href":"https:\/\/bnssghealthiertogether.org.uk\/fr\/wp-json\/wp\/v2\/pages\/12222","targetHints":{"allow":["GET"]}}],"collection":[{"href":"https:\/\/bnssghealthiertogether.org.uk\/fr\/wp-json\/wp\/v2\/pages"}],"about":[{"href":"https:\/\/bnssghealthiertogether.org.uk\/fr\/wp-json\/wp\/v2\/types\/page"}],"author":[{"embeddable":true,"href":"https:\/\/bnssghealthiertogether.org.uk\/fr\/wp-json\/wp\/v2\/users\/1"}],"replies":[{"embeddable":true,"href":"https:\/\/bnssghealthiertogether.org.uk\/fr\/wp-json\/wp\/v2\/comments?post=12222"}],"version-history":[{"count":3,"href":"https:\/\/bnssghealthiertogether.org.uk\/fr\/wp-json\/wp\/v2\/pages\/12222\/revisions"}],"predecessor-version":[{"id":32853,"href":"https:\/\/bnssghealthiertogether.org.uk\/fr\/wp-json\/wp\/v2\/pages\/12222\/revisions\/32853"}],"up":[{"embeddable":true,"href":"https:\/\/bnssghealthiertogether.org.uk\/fr\/wp-json\/wp\/v2\/pages\/11828"}],"wp:attachment":[{"href":"https:\/\/bnssghealthiertogether.org.uk\/fr\/wp-json\/wp\/v2\/media?parent=12222"}],"wp:term":[{"taxonomy":"post_tag","embeddable":true,"href":"https:\/\/bnssghealthiertogether.org.uk\/fr\/wp-json\/wp\/v2\/tags?post=12222"}],"curies":[{"name":"wp","href":"https:\/\/api.w.org\/{rel}","templated":true}]}}