{"id":151,"date":"2022-08-03T15:15:38","date_gmt":"2022-08-03T14:15:38","guid":{"rendered":"https:\/\/bnssghealthiertogether.org.uk\/?page_id=151"},"modified":"2025-01-30T14:34:33","modified_gmt":"2025-01-30T14:34:33","slug":"disclaimer","status":"publish","type":"page","link":"https:\/\/bnssghealthiertogether.org.uk\/fr\/disclaimer\/","title":{"rendered":"Clause de non-responsabilit\u00e9"},"content":{"rendered":"<div class=\"assembler_default-group assembler_module_group assembler_default-group_1 assembler_module_group_1\"><div class=\"assembler_module_area assembler_module_area_1\"><div class=\"assembler_text-module assembler_module assembler_text-module_1 assembler_module_1  transparent\"><a tabindex=\"-1\" title=\"Section intitul\u00e9e module-1\" id=\"module-1\" href=\"https:\/\/bnssghealthiertogether.org.uk\/fr\/wp-json\/wp\/v2\/pages\/151\/#module-1\" class=\"anchor\"><span class=\"hidden\">Section intitul\u00e9e module-1<\/span><\/a><!-- Template found for text-module - Template: template-text - Matched: _only --><section class=\"w-full mx-auto max-w-content pt-10 sm:pt-20 pb-3 sm:pb-6\">\r\n  <div class=\"entry-content w-full !px-0 max-w-small\">\r\n        <h1>Clause de non-responsabilit\u00e9<\/h1>\n  <\/div>\r\n  <\/section><\/div><!-- .assembler_text-module.assembler_module.assembler_text-module_1.assembler_module_1..transparent --><\/div><!-- .assembler_module_area.assembler_module_area_1 --><\/div><!-- .assembler_default-group.assembler_module_group.assembler_default-group_1.assembler_module_group_1  --><div class=\"assembler_default-group assembler_module_group assembler_default-group_2 assembler_module_group_2\"><div class=\"assembler_module_area assembler_module_area_1\"><div class=\"assembler_text-module assembler_module assembler_text-module_1 assembler_module_1  transparent\"><a tabindex=\"-1\" title=\"Section intitul\u00e9e module-2\" id=\"module-2\" href=\"https:\/\/bnssghealthiertogether.org.uk\/fr\/wp-json\/wp\/v2\/pages\/151\/#module-2\" class=\"anchor\"><span class=\"hidden\">Section intitul\u00e9e module-2<\/span><\/a><!-- Template found for text-module - Template: template-text - Matched: _only --><section class=\"w-full mx-auto max-w-content pt-3 sm:pt-6 pb-3 sm:pb-6\">\r\n  <div class=\"entry-content w-full !px-0 max-w-small\">\r\n        <h2>Droits d&#039;auteur<\/h2>\n<p>Le contenu de ce site web est la propri\u00e9t\u00e9 de Bristol, North Somerset and South Gloucestershire Integrated Care Board (ICB) et de Healthier Together \u2013 le syst\u00e8me de soins int\u00e9gr\u00e9s de Bristol, North Somerset and South Gloucestershire (ICS), sauf indication contraire.<\/p>\n<p>Vous pouvez uniquement t\u00e9l\u00e9charger des documents destin\u00e9s \u00e0 votre usage personnel, \u00e0 des \u00e9tudes priv\u00e9es, \u00e0 la recherche ou \u00e0 un usage interne.<\/p>\n<p>Vous ne devez ni copier, ni distribuer, ni publier aucun \u00e9l\u00e9ment de ce site Web sans avoir obtenu l&#039;autorisation formelle du titulaire des droits d&#039;auteur.<\/p>\n<h2>Pr\u00e9cision<\/h2>\n<p>Bien que nous ayons essay\u00e9 de compiler des informations exactes sur ce site et de les tenir \u00e0 jour, nous ne pouvons pas garantir qu&#039;elles soient compl\u00e8tes ou correctes.<\/p>\n<p>Les informations fournies sur ce site ne constituent pas un avis professionnel et sont susceptibles d&#039;\u00eatre modifi\u00e9es.<\/p>\n<h2>Links<\/h2>\n<p>Les liens pr\u00e9sents sur ce site Web sont fournis uniquement \u00e0 titre d&#039;information et pour votre commodit\u00e9.<\/p>\n<p>Nous ne pouvons \u00eatre tenus responsables des sites externes accessibles via le site web Healthier Together et NHS Bristol, North Somerset and South Gloucestershire ICB, ni des informations qui y figurent.<\/p>\n<p>Le fait de proposer un lien vers un site ne signifie pas que nous l&#039;approuvons. De m\u00eame, l&#039;absence de lien vers un site n&#039;implique pas un manque d&#039;approbation.<\/p>\n<h2>Disponibilit\u00e9<\/h2>\n<p>Nous ne pouvons garantir un acc\u00e8s ininterrompu \u00e0 ce site web, ni aux sites auxquels il renvoie. Nous d\u00e9clinons toute responsabilit\u00e9 pour les dommages r\u00e9sultant de l&#039;impossibilit\u00e9 d&#039;utiliser ces informations.<\/p>\n  <\/div>\r\n  <\/section><\/div><!-- .assembler_text-module.assembler_module.assembler_text-module_1.assembler_module_1..transparent --><\/div><!-- .assembler_module_area.assembler_module_area_1 --><\/div><!-- .assembler_default-group.assembler_module_group.assembler_default-group_2.assembler_module_group_2  -->","protected":false},"excerpt":{"rendered":"<p>The content of this website is the copyright of Healthier Together &#8211; the Bristol, North Somerset and South Gloucestershire Integrated Care System (ICS) unless stated otherwise.<\/p>","protected":false},"author":1,"featured_media":0,"parent":0,"menu_order":0,"comment_status":"closed","ping_status":"closed","template":"","meta":{"_acf_changed":false,"footnotes":""},"tags":[],"class_list":["post-151","page","type-page","status-publish","hentry"],"acf":[],"_links":{"self":[{"href":"https:\/\/bnssghealthiertogether.org.uk\/fr\/wp-json\/wp\/v2\/pages\/151","targetHints":{"allow":["GET"]}}],"collection":[{"href":"https:\/\/bnssghealthiertogether.org.uk\/fr\/wp-json\/wp\/v2\/pages"}],"about":[{"href":"https:\/\/bnssghealthiertogether.org.uk\/fr\/wp-json\/wp\/v2\/types\/page"}],"author":[{"embeddable":true,"href":"https:\/\/bnssghealthiertogether.org.uk\/fr\/wp-json\/wp\/v2\/users\/1"}],"replies":[{"embeddable":true,"href":"https:\/\/bnssghealthiertogether.org.uk\/fr\/wp-json\/wp\/v2\/comments?post=151"}],"version-history":[{"count":7,"href":"https:\/\/bnssghealthiertogether.org.uk\/fr\/wp-json\/wp\/v2\/pages\/151\/revisions"}],"predecessor-version":[{"id":36737,"href":"https:\/\/bnssghealthiertogether.org.uk\/fr\/wp-json\/wp\/v2\/pages\/151\/revisions\/36737"}],"wp:attachment":[{"href":"https:\/\/bnssghealthiertogether.org.uk\/fr\/wp-json\/wp\/v2\/media?parent=151"}],"wp:term":[{"taxonomy":"post_tag","embeddable":true,"href":"https:\/\/bnssghealthiertogether.org.uk\/fr\/wp-json\/wp\/v2\/tags?post=151"}],"curies":[{"name":"wp","href":"https:\/\/api.w.org\/{rel}","templated":true}]}}