{"id":154,"date":"2022-08-03T15:18:18","date_gmt":"2022-08-03T14:18:18","guid":{"rendered":"https:\/\/bnssghealthiertogether.org.uk\/?page_id=154"},"modified":"2024-09-16T22:55:15","modified_gmt":"2024-09-16T21:55:15","slug":"cookies","status":"publish","type":"page","link":"https:\/\/bnssghealthiertogether.org.uk\/fr\/cookies\/","title":{"rendered":"Cookies"},"content":{"rendered":"<div class=\"assembler_default-group assembler_module_group assembler_default-group_1 assembler_module_group_1\"><div class=\"assembler_module_area assembler_module_area_1\"><div class=\"assembler_text-module assembler_module assembler_text-module_1 assembler_module_1  transparent\"><a tabindex=\"-1\" title=\"Section intitul\u00e9e module-1\" id=\"module-1\" href=\"https:\/\/bnssghealthiertogether.org.uk\/fr\/wp-json\/wp\/v2\/pages\/154\/#module-1\" class=\"anchor\"><span class=\"hidden\">Section intitul\u00e9e module-1<\/span><\/a><!-- Template found for text-module - Template: template-text - Matched: _only --><section class=\"w-full mx-auto max-w-content pt-10 sm:pt-20 pb-3 sm:pb-6\">\r\n  <div class=\"entry-content w-full !px-0 max-w-small\">\r\n        <h1>Cookies<\/h1>\n  <\/div>\r\n  <\/section><\/div><!-- .assembler_text-module.assembler_module.assembler_text-module_1.assembler_module_1..transparent --><\/div><!-- .assembler_module_area.assembler_module_area_1 --><\/div><!-- .assembler_default-group.assembler_module_group.assembler_default-group_1.assembler_module_group_1  --><div class=\"assembler_default-group assembler_module_group assembler_default-group_2 assembler_module_group_2\"><div class=\"assembler_module_area assembler_module_area_1\"><div class=\"assembler_text-module assembler_module assembler_text-module_1 assembler_module_1  transparent\"><a tabindex=\"-1\" title=\"Section intitul\u00e9e module-2\" id=\"module-2\" href=\"https:\/\/bnssghealthiertogether.org.uk\/fr\/wp-json\/wp\/v2\/pages\/154\/#module-2\" class=\"anchor\"><span class=\"hidden\">Section intitul\u00e9e module-2<\/span><\/a><!-- Template found for text-module - Template: template-text - Matched: _only --><section class=\"w-full mx-auto max-w-content pt-3 sm:pt-6 pb-3 sm:pb-6\">\r\n  <div class=\"entry-content w-full !px-0 max-w-small\">\r\n        <p>\u2018Les \u2019 cookies \u2018 sont de petits fichiers texte qui sont stock\u00e9s par le navigateur (par exemple, Internet Explorer ou Safari) sur votre ordinateur ou votre t\u00e9l\u00e9phone portable. Ils permettent aux sites web de stocker des \u00e9l\u00e9ments tels que les pr\u00e9f\u00e9rences de l'utilisateur. Vous pouvez consid\u00e9rer les cookies comme une \u2019 m\u00e9moire \u00bb pour le site web, lui permettant de reconna\u00eetre un utilisateur et de r\u00e9pondre de mani\u00e8re appropri\u00e9e.<\/p>\n<p>La visite de pages sur ce site Web peut g\u00e9n\u00e9rer des cookies d'analyse.<\/p>\n<h2>Cookies d'analyse<\/h2>\n<p>Chaque fois qu'un utilisateur visite notre site web, un logiciel d'analyse web fourni par un tiers g\u00e9n\u00e8re un cookie d'analyse anonyme. Ces cookies peuvent nous indiquer si vous avez d\u00e9j\u00e0 visit\u00e9 le site ou non. Votre navigateur nous indique si vous poss\u00e9dez ces cookies, et si vous n'en avez pas, nous en g\u00e9n\u00e9rons de nouveaux. Cela nous permet de suivre le nombre d'utilisateurs uniques et la fr\u00e9quence de leurs visites sur le site. Nous utilisons ces informations pour am\u00e9liorer le site.<\/p>\n<p>Les cookies d'analyse sont utilis\u00e9s \u00e0 des fins statistiques uniquement.<\/p>\n<h2>Cookies que nous utilisons<\/h2>\n<p><script type=\"text\/javascript\" charset=\"UTF-8\"  data-cookiescriptreport=\"report\" src=\"\/\/report.cookie-script.com\/r\/8c1002bb88f85841a49a909fdc4a5568.js\"><\/script><\/p>\n<h2>D\u00e9sactiver les cookies<\/h2>\n<p>Il est g\u00e9n\u00e9ralement possible d'emp\u00eacher votre navigateur d'accepter les cookies, ou de l'emp\u00eacher d'accepter les cookies d'un site Web particulier. Si vous emp\u00eachez votre navigateur d'accepter nos cookies, votre exp\u00e9rience du site pourrait \u00eatre affect\u00e9e.<\/p>\n<p>Les navigateurs modernes vous permettent de modifier vos param\u00e8tres de cookies. Ces param\u00e8tres se trouvent g\u00e9n\u00e9ralement dans le menu \u2018options\u2019 ou \u2018pr\u00e9f\u00e9rences\u2019 de votre navigateur. Pour comprendre ces param\u00e8tres, les liens suivants peuvent \u00eatre utiles.<\/p>\n<ul>\n<li><a href=\"https:\/\/support.microsoft.com\/en-us\/help\/17479\/windows-internet-explorer-11-change-security-privacy-settings\" target=\"_blank\" rel=\"nofollow noopener\">Param\u00e8tres des cookies dans Internet Explorer<\/a><\/li>\n<li><a href=\"http:\/\/support.mozilla.org\/en-US\/kb\/cookies-information-websites-store-on-your-computer\" target=\"_blank\" rel=\"nofollow noopener\">Param\u00e8tres des cookies dans Firefox<\/a><\/li>\n<li><a href=\"https:\/\/support.google.com\/chrome\/answer\/95647?hl=en\" target=\"_blank\" rel=\"nofollow noopener\">Param\u00e8tres des cookies dans Chrome<\/a><\/li>\n<li><a href=\"https:\/\/support.apple.com\/en-gb\/guide\/safari\/manage-cookies-and-website-data-sfri11471\/mac\" target=\"_blank\" rel=\"nofollow noopener\">Param\u00e8tres des cookies dans Safari pour le Web et iOS<\/a><\/li>\n<\/ul>\n<h2>Plus d'informations sur les cookies<\/h2>\n<ul>\n<li><a href=\"http:\/\/www.allaboutcookies.org\/\" target=\"_blank\" rel=\"nofollow noopener\">Tout sur les cookies<\/a><\/li>\n<li><a href=\"https:\/\/ico.org.uk\/\" target=\"_blank\" rel=\"nofollow noopener\">Le Bureau du commissaire \u00e0 l'information<\/a><\/li>\n<\/ul>\n  <\/div>\r\n  <\/section><\/div><!-- .assembler_text-module.assembler_module.assembler_text-module_1.assembler_module_1..transparent --><\/div><!-- .assembler_module_area.assembler_module_area_1 --><\/div><!-- .assembler_default-group.assembler_module_group.assembler_default-group_2.assembler_module_group_2  -->","protected":false},"excerpt":{"rendered":"<p>Section titled module-1 Cookies Section titled module-2 &#8216;Cookies&#8217; are small text files that are stored by the browser (e.g. Internet Explorer or Safari) on your computer or mobile phone. They allow websites to store such things as user preferences. You can think of cookies as providing a &#8216;memory&#8217; for the website, enabling it to recognise [&hellip;]<\/p>\n","protected":false},"author":1,"featured_media":0,"parent":0,"menu_order":0,"comment_status":"closed","ping_status":"closed","template":"","meta":{"_acf_changed":false,"footnotes":""},"tags":[],"class_list":["post-154","page","type-page","status-publish","hentry"],"acf":[],"_links":{"self":[{"href":"https:\/\/bnssghealthiertogether.org.uk\/fr\/wp-json\/wp\/v2\/pages\/154","targetHints":{"allow":["GET"]}}],"collection":[{"href":"https:\/\/bnssghealthiertogether.org.uk\/fr\/wp-json\/wp\/v2\/pages"}],"about":[{"href":"https:\/\/bnssghealthiertogether.org.uk\/fr\/wp-json\/wp\/v2\/types\/page"}],"author":[{"embeddable":true,"href":"https:\/\/bnssghealthiertogether.org.uk\/fr\/wp-json\/wp\/v2\/users\/1"}],"replies":[{"embeddable":true,"href":"https:\/\/bnssghealthiertogether.org.uk\/fr\/wp-json\/wp\/v2\/comments?post=154"}],"version-history":[{"count":8,"href":"https:\/\/bnssghealthiertogether.org.uk\/fr\/wp-json\/wp\/v2\/pages\/154\/revisions"}],"predecessor-version":[{"id":10775,"href":"https:\/\/bnssghealthiertogether.org.uk\/fr\/wp-json\/wp\/v2\/pages\/154\/revisions\/10775"}],"wp:attachment":[{"href":"https:\/\/bnssghealthiertogether.org.uk\/fr\/wp-json\/wp\/v2\/media?parent=154"}],"wp:term":[{"taxonomy":"post_tag","embeddable":true,"href":"https:\/\/bnssghealthiertogether.org.uk\/fr\/wp-json\/wp\/v2\/tags?post=154"}],"curies":[{"name":"wp","href":"https:\/\/api.w.org\/{rel}","templated":true}]}}