{"id":32873,"date":"2024-10-17T13:12:19","date_gmt":"2024-10-17T12:12:19","guid":{"rendered":"https:\/\/bnssghealthiertogether.org.uk\/?page_id=32873"},"modified":"2025-05-08T16:48:49","modified_gmt":"2025-05-08T15:48:49","slug":"knowledge-mobilisation","status":"publish","type":"page","link":"https:\/\/bnssghealthiertogether.org.uk\/fr\/integrated-care-board\/research-and-evidence\/knowledge-mobilisation\/","title":{"rendered":"Mobilisation des connaissances"},"content":{"rendered":"<div class=\"assembler_default-group assembler_module_group assembler_default-group_1 assembler_module_group_1\"><div class=\"assembler_module_area assembler_module_area_1\"><div class=\"assembler_text-module assembler_module assembler_text-module_1 assembler_module_1  transparent\"><a tabindex=\"-1\" title=\"Section intitul\u00e9e module-1\" id=\"module-1\" href=\"https:\/\/bnssghealthiertogether.org.uk\/fr\/wp-json\/wp\/v2\/pages\/32873\/#module-1\" class=\"anchor\"><span class=\"hidden\">Section intitul\u00e9e module-1<\/span><\/a><!-- Template found for text-module - Template: template-text - Matched: _only --><section class=\"w-full mx-auto max-w-content pt-12 sm:pt-24 pb-3 sm:pb-6\">\n    <div class=\"flex gap-11 md:grid md:grid-cols-2 flex-col\">\n    <div class=\"entry-content\">\n      <h1>Mobilisation des connaissances<\/h1>\n<p>La mobilisation des connaissances consiste \u00e0 r\u00e9unir les principales parties prenantes afin de g\u00e9n\u00e9rer d&#039;importantes questions de recherche et de faciliter la meilleure utilisation des donn\u00e9es probantes dans la prise de d\u00e9cision.<\/p>\n<p>Notre \u00e9quipe de recherche fait le lien entre les chercheurs et ceux qui \u00e9clairent les pratiques, en \u0153uvrant pour une culture o\u00f9 la commande publique fond\u00e9e sur des donn\u00e9es probantes devient la norme.<\/p>\n<p>Gr\u00e2ce \u00e0 la mobilisation des connaissances, nous soutenons la production, le d\u00e9veloppement, l&#039;application et la transformation des meilleures donn\u00e9es probantes disponibles, afin d&#039;am\u00e9liorer la sant\u00e9 et le bien-\u00eatre de la population de la r\u00e9gion de Bristol, du North Somerset et du South Gloucestershire.<\/p>\n<ul>\n<li><a href=\"https:\/\/www.cymha.ca\/Modules\/ResourceHub\/?id=03bd6ad5-b2e5-4d9d-91fb-2e7a3a607036\" rel=\"noopener\">Consultez la bo\u00eete \u00e0 outils de mobilisation des connaissances pour acc\u00e9der aux outils, aux ressources et aux informations.<\/a><\/li>\n<li><a href=\"https:\/\/kmalliance.co.uk\/\" rel=\"noopener\">Visitez l&#039;Alliance pour la mobilisation des connaissances<\/a><\/li>\n<li><a href=\"https:\/\/bnssghealthiertogether.org.uk\/fr\/integrated-care-board\/research-and-evidence\/impact-case-studies\/research-supporting-the-re-design-of-the-muscoskeletal-pathway\/\">Lisez notre \u00e9tude de cas sur notre travail dans le domaine des soins musculo-squelettiques<\/a><\/li>\n<\/ul>\n    <\/div>\n    <div class=\"entry-content\">\n      <p>Autres pages de la section Recherche\u00a0:<\/p>\n      <div class=\"menu level-menu-shortcode arrows\">\n        <ul>\n                      <li class=\"menu-item\">\n              <a href=\"https:\/\/bnssghealthiertogether.org.uk\/fr\/integrated-care-board\/research-and-evidence\/about-the-team\/\">\u00c0 propos de l&#039;\u00e9quipe de recherche ICB<\/a>\n            <\/li>\n                      <li class=\"menu-item\">\n              <a href=\"https:\/\/bnssghealthiertogether.org.uk\/fr\/integrated-care-board\/research-and-evidence\/our-research-portfolio\/\">portefeuille de recherche ICB<\/a>\n            <\/li>\n                      <li class=\"menu-item\">\n              <a href=\"https:\/\/bnssghealthiertogether.org.uk\/fr\/integrated-care-board\/research-and-evidence\/impact-case-studies\/\">\u00c9tudes de cas d&#039;impact<\/a>\n            <\/li>\n                      <li class=\"menu-item current-menu-item\">\n              <a href=\"https:\/\/bnssghealthiertogether.org.uk\/fr\/integrated-care-board\/research-and-evidence\/knowledge-mobilisation\/\">Mobilisation des connaissances<\/a>\n            <\/li>\n                      <li class=\"menu-item\">\n              <a href=\"https:\/\/bnssghealthiertogether.org.uk\/fr\/integrated-care-board\/research-and-evidence\/icb-research-strategy\/\">Notre strat\u00e9gie de recherche<\/a>\n            <\/li>\n                      <li class=\"menu-item\">\n              <a href=\"https:\/\/bnssghealthiertogether.org.uk\/fr\/integrated-care-board\/research-and-evidence\/research-and-evidence-seminars\/\">S\u00e9minaires sur la recherche et les donn\u00e9es probantes<\/a>\n            <\/li>\n                      <li class=\"menu-item\">\n              <a href=\"https:\/\/bnssghealthiertogether.org.uk\/fr\/integrated-care-board\/research-and-evidence\/submit-a-research-idea\/\">Submit a research idea<\/a>\n            <\/li>\n                      <li class=\"menu-item\">\n              <a href=\"https:\/\/bnssghealthiertogether.org.uk\/fr\/integrated-care-board\/research-and-evidence\/support-for-researchers\/\">Soutien aux chercheurs<\/a>\n            <\/li>\n                      <li class=\"menu-item\">\n              <a href=\"https:\/\/bnssghealthiertogether.org.uk\/fr\/integrated-care-board\/research-and-evidence\/the-impact-accelerator-unit-iau\/\">L&#039;unit\u00e9 d&#039;acc\u00e9l\u00e9ration d&#039;impact (IAU)<\/a>\n            <\/li>\n                  <\/ul>\n      <\/div>\n\n    <\/div>\n      <\/div>\n<\/section><\/div><!-- .assembler_text-module.assembler_module.assembler_text-module_1.assembler_module_1..transparent --><div class=\"assembler_text-module assembler_module assembler_text-module_2 assembler_module_2  transparent\"><a tabindex=\"-1\" title=\"Section intitul\u00e9e module-2\" id=\"module-2\" href=\"https:\/\/bnssghealthiertogether.org.uk\/fr\/wp-json\/wp\/v2\/pages\/32873\/#module-2\" class=\"anchor\"><span class=\"hidden\">Section intitul\u00e9e module-2<\/span><\/a><!-- Template found for text-module - Template: template-text - Matched: _only --><section class=\"w-full mx-auto max-w-content pt-3 sm:pt-6 pb-12 sm:pb-24\">\r\n  <div class=\"entry-content w-full !px-0 max-w-small\">\r\n        <h2>Mobilisation des connaissances \u00e0 l&#039;Universit\u00e9 de Bristol<\/h2>\n<p>Nous travaillons en \u00e9troite collaboration avec nos coll\u00e8gues de <a href=\"https:\/\/www.bristol.ac.uk\/primaryhealthcare\/researchthemes\/km\/\" rel=\"noopener\">Universit\u00e9 de Bristol<\/a> pour soutenir la mobilisation des connaissances.<\/p>\n<h2>Mobilisation des connaissances \u00e0 l&#039;Universit\u00e9 de l&#039;Ouest de l&#039;Angleterre<\/h2>\n<p>Nous travaillons en \u00e9troite collaboration avec nos coll\u00e8gues de <a href=\"https:\/\/www.uwe.ac.uk\/research\/centres-and-groups\/chcr\/research-themes\/knowledge-mobilisation\" rel=\"noopener\">Universit\u00e9 de l&#039;Ouest de l&#039;Angleterre<\/a> (UWE Bristol) pour soutenir la mobilisation des connaissances.<\/p>\n  <\/div>\r\n  <\/section><\/div><!-- .assembler_text-module.assembler_module.assembler_text-module_2.assembler_module_2..transparent --><\/div><!-- .assembler_module_area.assembler_module_area_1 --><\/div><!-- .assembler_default-group.assembler_module_group.assembler_default-group_1.assembler_module_group_1  -->","protected":false},"excerpt":{"rendered":"<p>La mobilisation des connaissances consiste \u00e0 r\u00e9unir les principales parties prenantes afin de g\u00e9n\u00e9rer d&#039;importantes questions de recherche et de faciliter la meilleure utilisation des donn\u00e9es probantes dans la prise de d\u00e9cision.<\/p>","protected":false},"author":1,"featured_media":0,"parent":12227,"menu_order":0,"comment_status":"closed","ping_status":"closed","template":"","meta":{"_acf_changed":false,"footnotes":""},"tags":[],"class_list":["post-32873","page","type-page","status-publish","hentry"],"acf":[],"_links":{"self":[{"href":"https:\/\/bnssghealthiertogether.org.uk\/fr\/wp-json\/wp\/v2\/pages\/32873","targetHints":{"allow":["GET"]}}],"collection":[{"href":"https:\/\/bnssghealthiertogether.org.uk\/fr\/wp-json\/wp\/v2\/pages"}],"about":[{"href":"https:\/\/bnssghealthiertogether.org.uk\/fr\/wp-json\/wp\/v2\/types\/page"}],"author":[{"embeddable":true,"href":"https:\/\/bnssghealthiertogether.org.uk\/fr\/wp-json\/wp\/v2\/users\/1"}],"replies":[{"embeddable":true,"href":"https:\/\/bnssghealthiertogether.org.uk\/fr\/wp-json\/wp\/v2\/comments?post=32873"}],"version-history":[{"count":5,"href":"https:\/\/bnssghealthiertogether.org.uk\/fr\/wp-json\/wp\/v2\/pages\/32873\/revisions"}],"predecessor-version":[{"id":39209,"href":"https:\/\/bnssghealthiertogether.org.uk\/fr\/wp-json\/wp\/v2\/pages\/32873\/revisions\/39209"}],"up":[{"embeddable":true,"href":"https:\/\/bnssghealthiertogether.org.uk\/fr\/wp-json\/wp\/v2\/pages\/12227"}],"wp:attachment":[{"href":"https:\/\/bnssghealthiertogether.org.uk\/fr\/wp-json\/wp\/v2\/media?parent=32873"}],"wp:term":[{"taxonomy":"post_tag","embeddable":true,"href":"https:\/\/bnssghealthiertogether.org.uk\/fr\/wp-json\/wp\/v2\/tags?post=32873"}],"curies":[{"name":"wp","href":"https:\/\/api.w.org\/{rel}","templated":true}]}}