{"id":32894,"date":"2024-10-17T13:29:16","date_gmt":"2024-10-17T12:29:16","guid":{"rendered":"https:\/\/bnssghealthiertogether.org.uk\/?page_id=32894"},"modified":"2025-01-19T21:32:34","modified_gmt":"2025-01-19T21:32:34","slug":"type-1-rcf-funded-projects","status":"publish","type":"page","link":"https:\/\/bnssghealthiertogether.org.uk\/fr\/integrated-care-board\/research-and-evidence\/our-research-portfolio\/type-1-rcf-funded-projects\/","title":{"rendered":"Projets financ\u00e9s par le RCF de type 1"},"content":{"rendered":"<div class=\"assembler_default-group assembler_module_group assembler_default-group_1 assembler_module_group_1\"><div class=\"assembler_module_area assembler_module_area_1\"><div class=\"assembler_text-module assembler_module assembler_text-module_1 assembler_module_1  transparent\"><a tabindex=\"-1\" title=\"Section intitul\u00e9e module-1\" id=\"module-1\" href=\"https:\/\/bnssghealthiertogether.org.uk\/fr\/wp-json\/wp\/v2\/pages\/32894\/#module-1\" class=\"anchor\"><span class=\"hidden\">Section intitul\u00e9e module-1<\/span><\/a><!-- Template found for text-module - Template: template-text - Matched: _only --><section class=\"w-full mx-auto max-w-content pt-12 sm:pt-24 pb-12 sm:pb-24\">\n    <div class=\"flex gap-11 md:grid md:grid-cols-2 flex-col\">\n    <div class=\"entry-content\">\n      <h1>Projets financ\u00e9s par le RCF de type 1<\/h1>\n<p>Il s&#039;agit de projets \u00e0 un stade tr\u00e8s pr\u00e9liminaire, explorant une pathologie particuli\u00e8re ou les besoins d&#039;un groupe de patients sp\u00e9cifique afin de d\u00e9terminer les recherches les plus n\u00e9cessaires. Ces projets consistent principalement \u00e0 dialoguer avec les personnes qui planifient, dispensent et b\u00e9n\u00e9ficient des services de sant\u00e9 et de soins.<\/p>\n<p>Recherche de projets\u00a0: Utilisez \u201c\u00a0Ctrl + F\u00a0\u201d pour lancer la recherche dans votre navigateur. Saisissez ensuite des mots-cl\u00e9s pour trouver des projets sur le sujet qui vous int\u00e9resse. Il est conseill\u00e9 d\u2019essayer plusieurs synonymes, par exemple \u201c\u00a0naissance\u00a0\u201d, \u201c\u00a0maternit\u00e9\u00a0\u201d, \u201c\u00a0natal\u00a0\u201d.\u201c<\/p>\n      <div class=\"menu level-menu-shortcode arrows\">\n        <ul>\n                      <li class=\"menu-item\">\n              <a href=\"https:\/\/bnssghealthiertogether.org.uk\/fr\/integrated-care-board\/research-and-evidence\/our-research-portfolio\/type-1-rcf-funded-projects\/a-qualitative-study-exploring-ethnic-minority-patients-under-standing-of-the-link-between-their-physical-and-mental-health-to-improve-patient-care\/\">Une \u00e9tude qualitative explorant la compr\u00e9hension par les patients issus de minorit\u00e9s ethniques du lien entre leur sant\u00e9 physique et mentale afin d'am\u00e9liorer les soins aux patients<\/a>\n            <\/li>\n                      <li class=\"menu-item\">\n              <a href=\"https:\/\/bnssghealthiertogether.org.uk\/fr\/integrated-care-board\/research-and-evidence\/our-research-portfolio\/type-1-rcf-funded-projects\/a-series-of-public-and-patient-involvement-ppi-and-stakeholder-workshops-to-explore-and-refine-the-scope-for-educational-and-supported-self-management-interventions-to-support-people-with-cancer-rel\/\">Une s\u00e9rie d&#039;ateliers de participation du public et des patients (PPP) et des parties prenantes afin d&#039;explorer et de pr\u00e9ciser la port\u00e9e des interventions \u00e9ducatives et d&#039;autogestion accompagn\u00e9e pour soutenir les personnes souffrant de douleurs chroniques li\u00e9es au cancer<\/a>\n            <\/li>\n                      <li class=\"menu-item\">\n              <a href=\"https:\/\/bnssghealthiertogether.org.uk\/fr\/integrated-care-board\/research-and-evidence\/our-research-portfolio\/type-1-rcf-funded-projects\/change-understanding-and-awareness-of-hpv-and-associated-health-conditions-across-the-life-course\/\">Faire \u00e9voluer la compr\u00e9hension et la sensibilisation au VPH et aux probl\u00e8mes de sant\u00e9 associ\u00e9s tout au long de la vie<\/a>\n            <\/li>\n                      <li class=\"menu-item\">\n              <a href=\"https:\/\/bnssghealthiertogether.org.uk\/fr\/integrated-care-board\/research-and-evidence\/our-research-portfolio\/type-1-rcf-funded-projects\/chronic-pain-in-weston-super-mare-worle-and-villages\/\">Chronic Pain in Weston-Super-Mare, Worle and Villages<\/a>\n            <\/li>\n                      <li class=\"menu-item\">\n              <a href=\"https:\/\/bnssghealthiertogether.org.uk\/fr\/integrated-care-board\/research-and-evidence\/our-research-portfolio\/type-1-rcf-funded-projects\/co-design-a-research-question-exploring-how-lifestyle-medicine-interventions-may-improve-the-health-outcomes-of-children-in-care-through-the-development-and-evaluation-of-a-trauma-informed-evidence-b\/\">Co-concevoir une question de recherche explorant comment les interventions de m\u00e9decine du mode de vie peuvent am\u00e9liorer les r\u00e9sultats de sant\u00e9 des enfants pris en charge gr\u00e2ce au d\u00e9veloppement et \u00e0 l'\u00e9valuation d'un cadre d'intervention fond\u00e9 sur des preuves et tenant compte des traumatismes, sp\u00e9cialement con\u00e7u pour cette population vuln\u00e9rable.<\/a>\n            <\/li>\n                      <li class=\"menu-item\">\n              <a href=\"https:\/\/bnssghealthiertogether.org.uk\/fr\/integrated-care-board\/research-and-evidence\/our-research-portfolio\/type-1-rcf-funded-projects\/community-researcher-to-establish-the-research-priorities-of-chinese-caribbean-and-south-asian-communities-living-with-dementia\/\">Un chercheur communautaire sera charg\u00e9 d&#039;\u00e9tablir les priorit\u00e9s de recherche des communaut\u00e9s chinoises, carib\u00e9ennes et sud-asiatiques atteintes de d\u00e9mence.<\/a>\n            <\/li>\n                      <li class=\"menu-item\">\n              <a href=\"https:\/\/bnssghealthiertogether.org.uk\/fr\/integrated-care-board\/research-and-evidence\/our-research-portfolio\/type-1-rcf-funded-projects\/continence-management-and-antimicrobial-resistance-specifically-through-development-of-a-digital-catheter-passport\/\">Continence management and antimicrobial resistance specifically through development of a digital catheter passport<\/a>\n            <\/li>\n                      <li class=\"menu-item\">\n              <a href=\"https:\/\/bnssghealthiertogether.org.uk\/fr\/integrated-care-board\/research-and-evidence\/our-research-portfolio\/type-1-rcf-funded-projects\/continuity-of-care-in-general-practice-and-its-relationship-with-access-to-care-and-health-inequalities\/\">Continuit\u00e9 des soins en m\u00e9decine g\u00e9n\u00e9rale et son lien avec l&#039;acc\u00e8s aux soins et les in\u00e9galit\u00e9s en mati\u00e8re de sant\u00e9.<\/a>\n            <\/li>\n                      <li class=\"menu-item\">\n              <a href=\"https:\/\/bnssghealthiertogether.org.uk\/fr\/integrated-care-board\/research-and-evidence\/our-research-portfolio\/type-1-rcf-funded-projects\/engaging-stakeholders-to-identify-and-address-outdoor-occupational-risks-contributing-to-chronic-kidney-disease-of-non-traditional-origin-ckdnt\/\">Engager les parties prenantes \u00e0 identifier et \u00e0 traiter les risques professionnels ext\u00e9rieurs contribuant \u00e0 l'insuffisance r\u00e9nale chronique d'origine non traditionnelle (IRCnt)<\/a>\n            <\/li>\n                      <li class=\"menu-item\">\n              <a href=\"https:\/\/bnssghealthiertogether.org.uk\/fr\/integrated-care-board\/research-and-evidence\/our-research-portfolio\/type-1-rcf-funded-projects\/experiences-of-hrt-prescribing-in-the-perimenopause\/\">Exp\u00e9riences de prescription de THS pendant la p\u00e9rim\u00e9nopause<\/a>\n            <\/li>\n                      <li class=\"menu-item\">\n              <a href=\"https:\/\/bnssghealthiertogether.org.uk\/fr\/integrated-care-board\/research-and-evidence\/our-research-portfolio\/type-1-rcf-funded-projects\/explore-a-novel-approach-to-reducing-health-inequalities-in-people-who-use-drugs-understanding-the-acceptability-of-practicalities-around-and-barriers-to-the-introduction-of-a-community-pharmacy-bas\/\">Explore a novel approach to reducing health inequalities in people who use drugs. Understanding the acceptability of, practicalities around and barriers to the introduction of a community pharmacy-based health check for people who use drugs<\/a>\n            <\/li>\n                      <li class=\"menu-item\">\n              <a href=\"https:\/\/bnssghealthiertogether.org.uk\/fr\/integrated-care-board\/research-and-evidence\/our-research-portfolio\/type-1-rcf-funded-projects\/exploring-how-loneliness-affects-people-living-with-chronic-pain-and-what-role-community-based-and-nature-based-social-prescribing-might-play-in-improving-connection-wellbeing-and-self-management\/\">Exploring how loneliness affects people living with chronic pain, and what role community based and nature based social prescribing might play in improving connection, wellbeing, and self management<\/a>\n            <\/li>\n                      <li class=\"menu-item\">\n              <a href=\"https:\/\/bnssghealthiertogether.org.uk\/fr\/integrated-care-board\/research-and-evidence\/our-research-portfolio\/type-1-rcf-funded-projects\/exploring-research-capacity-among-the-pharmacy-workforce\/\">Exploration des capacit\u00e9s de recherche au sein du personnel pharmaceutique<\/a>\n            <\/li>\n                      <li class=\"menu-item\">\n              <a href=\"https:\/\/bnssghealthiertogether.org.uk\/fr\/integrated-care-board\/research-and-evidence\/our-research-portfolio\/type-1-rcf-funded-projects\/exploring-stakeholder-concerns-around-children-and-young-peoples-access-to-community-mental-health-care\/\">Exploring stakeholder concerns around children and young people\u2019s access to community mental health care<\/a>\n            <\/li>\n                      <li class=\"menu-item\">\n              <a href=\"https:\/\/bnssghealthiertogether.org.uk\/fr\/integrated-care-board\/research-and-evidence\/our-research-portfolio\/type-1-rcf-funded-projects\/exploring-the-understanding-and-experiences-of-gynaecological-issues-including-endometriosis-for-under-served-women-from-ethnically-minoritised-communities-this-will-include-interactions-with-healt\/\">Exploring the understanding and experiences of gynaecological issues (including endometriosis) for under-served women from ethnically minoritised communities. This will include interactions with healthcare professionals while accessing care<\/a>\n            <\/li>\n                      <li class=\"menu-item\">\n              <a href=\"https:\/\/bnssghealthiertogether.org.uk\/fr\/integrated-care-board\/research-and-evidence\/our-research-portfolio\/type-1-rcf-funded-projects\/exploring-ways-to-deliver-primary-care-for-people-aged-over-50-living-with-hiv\/\">Exploring ways to deliver primary care for people aged over 50 living with HIV<\/a>\n            <\/li>\n                      <li class=\"menu-item\">\n              <a href=\"https:\/\/bnssghealthiertogether.org.uk\/fr\/integrated-care-board\/research-and-evidence\/our-research-portfolio\/type-1-rcf-funded-projects\/functional-neurological-disorders-ambulance-services-recognition-care-and-management-of-fnd-patient-presentations\/\">Troubles neurologiques fonctionnels \u2013 Reconnaissance, prise en charge et gestion des cas de patients atteints de TNF par les services ambulanciers.<\/a>\n            <\/li>\n                      <li class=\"menu-item\">\n              <a href=\"https:\/\/bnssghealthiertogether.org.uk\/fr\/integrated-care-board\/research-and-evidence\/our-research-portfolio\/type-1-rcf-funded-projects\/head-and-neck-cancer-patients-who-have-localised-disease-but-are-not-fit-for-radical-radiotherapy-the-patient-experience-following-completion-of-palliative-radiotherapy\/\">Head and neck cancer patients who have localised disease but are not fit for radical radiotherapy: the patient experience following completion of palliative radiotherapy<\/a>\n            <\/li>\n                      <li class=\"menu-item\">\n              <a href=\"https:\/\/bnssghealthiertogether.org.uk\/fr\/integrated-care-board\/research-and-evidence\/our-research-portfolio\/type-1-rcf-funded-projects\/healthcare-professionals-active-engagement-in-promoting-lifestyle-management\/\">L&#039;engagement actif des professionnels de la sant\u00e9 dans la promotion de la gestion du mode de vie<\/a>\n            <\/li>\n                      <li class=\"menu-item\">\n              <a href=\"https:\/\/bnssghealthiertogether.org.uk\/fr\/integrated-care-board\/research-and-evidence\/our-research-portfolio\/type-1-rcf-funded-projects\/how-health-inequalities-experienced-by-disabled-people-have-been-exacerbated-by-the-cost-of-living-crisis\/\">How health inequalities experienced by disabled people have been exacerbated by the cost-of-living crisis<\/a>\n            <\/li>\n                      <li class=\"menu-item\">\n              <a href=\"https:\/\/bnssghealthiertogether.org.uk\/fr\/integrated-care-board\/research-and-evidence\/our-research-portfolio\/type-1-rcf-funded-projects\/improving-continuity-of-care-and-health-outcomes-of-people-with-learning-disabilities-living-in-assisted-housing-developing-and-enhancing-work-initiated-by-the-bnssg-icb\/\">Improving continuity of care and health outcomes of people with Learning Disabilities living in assisted housing. Developing and enhancing work initiated by the BNSSG ICB<\/a>\n            <\/li>\n                      <li class=\"menu-item\">\n              <a href=\"https:\/\/bnssghealthiertogether.org.uk\/fr\/integrated-care-board\/research-and-evidence\/our-research-portfolio\/type-1-rcf-funded-projects\/investigating-how-the-buildings-and-interior-spaces-through-which-primary-care-is-delivered-impact-the-workforce-and-patients-wellbeing-and-experience-of-care-and-their-health\/\">Investigating how the buildings and interior spaces through which primary care is delivered impact the workforce and patients\u2019 wellbeing and experience of care and their health<\/a>\n            <\/li>\n                      <li class=\"menu-item\">\n              <a href=\"https:\/\/bnssghealthiertogether.org.uk\/fr\/integrated-care-board\/research-and-evidence\/our-research-portfolio\/type-1-rcf-funded-projects\/low-burden-treatment-approaches-for-fibromyalgia\/\">Approches th\u00e9rapeutiques \u00e0 faible contrainte pour la fibromyalgie<\/a>\n            <\/li>\n                      <li class=\"menu-item\">\n              <a href=\"https:\/\/bnssghealthiertogether.org.uk\/fr\/integrated-care-board\/research-and-evidence\/our-research-portfolio\/type-1-rcf-funded-projects\/menopause-perimenopause-awareness-knowledge-and-support-for-women-experiencing-menopausal-symptoms\/\">Menopause: Perimenopause, awareness, knowledge and support for women experiencing menopausal symptoms<\/a>\n            <\/li>\n                      <li class=\"menu-item\">\n              <a href=\"https:\/\/bnssghealthiertogether.org.uk\/fr\/integrated-care-board\/research-and-evidence\/our-research-portfolio\/type-1-rcf-funded-projects\/minor-trauma-in-older-adults-silvermint\/\">Minor trauma in older adults (SilverMinT)<\/a>\n            <\/li>\n                      <li class=\"menu-item\">\n              <a href=\"https:\/\/bnssghealthiertogether.org.uk\/fr\/integrated-care-board\/research-and-evidence\/our-research-portfolio\/type-1-rcf-funded-projects\/nutritional-assessment-of-the-homeless-population-a-collaboration-with-patients-and-stakeholders-to-refine-a-new-nutritional-assessment-tool\/\">Nutritional assessment of the homeless population. A collaboration with patients and stakeholders to refine a new nutritional assessment tool.<\/a>\n            <\/li>\n                      <li class=\"menu-item\">\n              <a href=\"https:\/\/bnssghealthiertogether.org.uk\/fr\/integrated-care-board\/research-and-evidence\/our-research-portfolio\/type-1-rcf-funded-projects\/osteoporotic-fractures-and-injuries-from-fall\/\">Fractures ost\u00e9oporotiques et blessures dues aux chutes<\/a>\n            <\/li>\n                      <li class=\"menu-item\">\n              <a href=\"https:\/\/bnssghealthiertogether.org.uk\/fr\/integrated-care-board\/research-and-evidence\/our-research-portfolio\/type-1-rcf-funded-projects\/provision-of-mental-health-support-for-people-with-serious-life-limiting-illnesses-including-those-receiving-end-of-life-care-within-a-primary-care-setting\/\">Fourniture d'un soutien en mati\u00e8re de sant\u00e9 mentale aux personnes atteintes d'une maladie grave limitant l'esp\u00e9rance de vie, y compris celles qui re\u00e7oivent des soins de fin de vie, dans un contexte de soins primaires<\/a>\n            <\/li>\n                      <li class=\"menu-item\">\n              <a href=\"https:\/\/bnssghealthiertogether.org.uk\/fr\/integrated-care-board\/research-and-evidence\/our-research-portfolio\/type-1-rcf-funded-projects\/public-and-patient-involvement-ppi-and-stakeholder-workshops-to-explore-and-refine-educational-and-supported-self-management-interventions-that-support-people-with-cancer-related-chronic-pain\/\">Participation du public et des patients (PPP) et ateliers avec les parties prenantes pour explorer et affiner les interventions \u00e9ducatives et d&#039;autogestion accompagn\u00e9e destin\u00e9es aux personnes souffrant de douleurs chroniques li\u00e9es au cancer<\/a>\n            <\/li>\n                      <li class=\"menu-item\">\n              <a href=\"https:\/\/bnssghealthiertogether.org.uk\/fr\/integrated-care-board\/research-and-evidence\/our-research-portfolio\/type-1-rcf-funded-projects\/racial-inequalities-in-mental-health\/\">In\u00e9galit\u00e9s raciales en mati\u00e8re de sant\u00e9 mentale<\/a>\n            <\/li>\n                      <li class=\"menu-item\">\n              <a href=\"https:\/\/bnssghealthiertogether.org.uk\/fr\/integrated-care-board\/research-and-evidence\/our-research-portfolio\/type-1-rcf-funded-projects\/reasons-for-ordering-laboratory-tests-and-the-cascade-effects-of-testing-in-uk-primary-care\/\">Raisons de la prescription d&#039;examens de laboratoire et effets en cascade des tests dans les soins primaires au Royaume-Uni<\/a>\n            <\/li>\n                      <li class=\"menu-item\">\n              <a href=\"https:\/\/bnssghealthiertogether.org.uk\/fr\/integrated-care-board\/research-and-evidence\/our-research-portfolio\/type-1-rcf-funded-projects\/reducing-health-inequality-amongst-a-somali-community-in-lawrence-hill-bristol-with-a-focus-on-cardiovascular-risk-factor-interventions-developed-through-community-based-participatory-research\/\">Reducing Health Inequality amongst a Somali Community in Lawrence Hill, Bristol with a focus on cardiovascular risk factor interventions developed through community based participatory research<\/a>\n            <\/li>\n                      <li class=\"menu-item\">\n              <a href=\"https:\/\/bnssghealthiertogether.org.uk\/fr\/integrated-care-board\/research-and-evidence\/our-research-portfolio\/type-1-rcf-funded-projects\/tackling-antimicrobial-resistance-amr-inequalities-in-underserved-communities\/\">Lutter contre les in\u00e9galit\u00e9s en mati\u00e8re de r\u00e9sistance aux antimicrobiens (RAM) dans les communaut\u00e9s mal desservies<\/a>\n            <\/li>\n                      <li class=\"menu-item\">\n              <a href=\"https:\/\/bnssghealthiertogether.org.uk\/fr\/integrated-care-board\/research-and-evidence\/our-research-portfolio\/type-1-rcf-funded-projects\/the-impact-of-changes-to-general-practice-delivery-due-to-covid-19\/\">The impact of changes to general practice delivery due to COVID-19<\/a>\n            <\/li>\n                      <li class=\"menu-item\">\n              <a href=\"https:\/\/bnssghealthiertogether.org.uk\/fr\/integrated-care-board\/research-and-evidence\/our-research-portfolio\/type-1-rcf-funded-projects\/the-impact-of-operational-improvements-on-patient-experience-in-multi-specialist-gp-practices\/\">L\u2019impact des am\u00e9liorations op\u00e9rationnelles sur l\u2019exp\u00e9rience des patients dans les cabinets de m\u00e9decine g\u00e9n\u00e9rale multiservices<\/a>\n            <\/li>\n                      <li class=\"menu-item\">\n              <a href=\"https:\/\/bnssghealthiertogether.org.uk\/fr\/integrated-care-board\/research-and-evidence\/our-research-portfolio\/type-1-rcf-funded-projects\/the-management-of-blunt-chest-wall-injuries-following-trauma-in-adults-presenting-to-standalone-urgent-treatment-centres-utc-and-minor-injury-units-miu-with-access-to-chest-x-ray-only\/\">The management of blunt chest wall injuries following trauma, in adults presenting to standalone Urgent Treatment Centres (UTC) and Minor Injury Units (MIU) with access to chest X-Ray only<\/a>\n            <\/li>\n                  <\/ul>\n      <\/div>\n\n    <\/div>\n    <div class=\"entry-content\">\n      <p>Autres pages de la section \u00ab Notre portefeuille de recherche \u00bb\u00a0:<\/p>\n      <div class=\"menu level-menu-shortcode arrows\">\n        <ul>\n                      <li class=\"menu-item\">\n              <a href=\"https:\/\/bnssghealthiertogether.org.uk\/fr\/integrated-care-board\/research-and-evidence\/our-research-portfolio\/icb-led-applied-research-projects\/\">Projets de recherche appliqu\u00e9e men\u00e9s par l&#039;ICB<\/a>\n            <\/li>\n                      <li class=\"menu-item\">\n              <a href=\"https:\/\/bnssghealthiertogether.org.uk\/fr\/integrated-care-board\/research-and-evidence\/our-research-portfolio\/nihr-funded-projects\/\">Projets financ\u00e9s par le NIHR<\/a>\n            <\/li>\n                      <li class=\"menu-item\">\n              <a href=\"https:\/\/bnssghealthiertogether.org.uk\/fr\/integrated-care-board\/research-and-evidence\/our-research-portfolio\/previously-supported-projects\/\">Projets pr\u00e9c\u00e9demment soutenus<\/a>\n            <\/li>\n                      <li class=\"menu-item current-menu-item\">\n              <a href=\"https:\/\/bnssghealthiertogether.org.uk\/fr\/integrated-care-board\/research-and-evidence\/our-research-portfolio\/type-1-rcf-funded-projects\/\">Projets financ\u00e9s par le RCF de type 1<\/a>\n            <\/li>\n                      <li class=\"menu-item\">\n              <a href=\"https:\/\/bnssghealthiertogether.org.uk\/fr\/integrated-care-board\/research-and-evidence\/our-research-portfolio\/type-2-rcf-funded-projects\/\">Projets financ\u00e9s par le RCF de type 2<\/a>\n            <\/li>\n                  <\/ul>\n      <\/div>\n\n    <\/div>\n      <\/div>\n<\/section><\/div><!-- .assembler_text-module.assembler_module.assembler_text-module_1.assembler_module_1..transparent --><\/div><!-- .assembler_module_area.assembler_module_area_1 --><\/div><!-- .assembler_default-group.assembler_module_group.assembler_default-group_1.assembler_module_group_1  -->","protected":false},"excerpt":{"rendered":"<p>Il s&#039;agit de projets de recherche \u00e0 un stade tr\u00e8s pr\u00e9liminaire, financ\u00e9s par l&#039;ICB, qui explorent une affection particuli\u00e8re ou les besoins d&#039;un groupe de patients sp\u00e9cifique.<\/p>","protected":false},"author":1,"featured_media":0,"parent":32876,"menu_order":0,"comment_status":"closed","ping_status":"closed","template":"","meta":{"_acf_changed":false,"footnotes":""},"tags":[],"class_list":["post-32894","page","type-page","status-publish","hentry"],"acf":[],"_links":{"self":[{"href":"https:\/\/bnssghealthiertogether.org.uk\/fr\/wp-json\/wp\/v2\/pages\/32894","targetHints":{"allow":["GET"]}}],"collection":[{"href":"https:\/\/bnssghealthiertogether.org.uk\/fr\/wp-json\/wp\/v2\/pages"}],"about":[{"href":"https:\/\/bnssghealthiertogether.org.uk\/fr\/wp-json\/wp\/v2\/types\/page"}],"author":[{"embeddable":true,"href":"https:\/\/bnssghealthiertogether.org.uk\/fr\/wp-json\/wp\/v2\/users\/1"}],"replies":[{"embeddable":true,"href":"https:\/\/bnssghealthiertogether.org.uk\/fr\/wp-json\/wp\/v2\/comments?post=32894"}],"version-history":[{"count":3,"href":"https:\/\/bnssghealthiertogether.org.uk\/fr\/wp-json\/wp\/v2\/pages\/32894\/revisions"}],"predecessor-version":[{"id":36262,"href":"https:\/\/bnssghealthiertogether.org.uk\/fr\/wp-json\/wp\/v2\/pages\/32894\/revisions\/36262"}],"up":[{"embeddable":true,"href":"https:\/\/bnssghealthiertogether.org.uk\/fr\/wp-json\/wp\/v2\/pages\/32876"}],"wp:attachment":[{"href":"https:\/\/bnssghealthiertogether.org.uk\/fr\/wp-json\/wp\/v2\/media?parent=32894"}],"wp:term":[{"taxonomy":"post_tag","embeddable":true,"href":"https:\/\/bnssghealthiertogether.org.uk\/fr\/wp-json\/wp\/v2\/tags?post=32894"}],"curies":[{"name":"wp","href":"https:\/\/api.w.org\/{rel}","templated":true}]}}