{"id":32915,"date":"2024-10-17T13:37:53","date_gmt":"2024-10-17T12:37:53","guid":{"rendered":"https:\/\/bnssghealthiertogether.org.uk\/?page_id=32915"},"modified":"2025-02-18T09:27:23","modified_gmt":"2025-02-18T09:27:23","slug":"grant-submissions-to-the-national-institute-for-health-and-care-research","status":"publish","type":"page","link":"https:\/\/bnssghealthiertogether.org.uk\/fr\/integrated-care-board\/research-and-evidence\/support-for-researchers\/grant-submissions-to-the-national-institute-for-health-and-care-research\/","title":{"rendered":"Demandes de subvention aupr\u00e8s du National Institute for Health and Care Research"},"content":{"rendered":"<div class=\"assembler_default-group assembler_module_group assembler_default-group_1 assembler_module_group_1\"><div class=\"assembler_module_area assembler_module_area_1\"><div class=\"assembler_text-module assembler_module assembler_text-module_1 assembler_module_1  transparent\"><a tabindex=\"-1\" title=\"Section intitul\u00e9e module-1\" id=\"module-1\" href=\"https:\/\/bnssghealthiertogether.org.uk\/fr\/wp-json\/wp\/v2\/pages\/32915\/#module-1\" class=\"anchor\"><span class=\"hidden\">Section intitul\u00e9e module-1<\/span><\/a><!-- Template found for text-module - Template: template-text - Matched: _only --><section class=\"w-full mx-auto max-w-content pt-12 sm:pt-24 pb-12 sm:pb-24\">\r\n  <div class=\"entry-content w-full !px-0 max-w-small\">\r\n        <h1>Demandes de subvention aupr\u00e8s du National Institute for Health and Care Research<\/h1>\n<p>Si vous envisagez de soumettre une demande de subvention de recherche \u00e0 l&#039;Institut national de la recherche en sant\u00e9 et en soins (NIHR) en nous d\u00e9signant comme organisme h\u00f4te\/contractant, l&#039;\u00e9quipe de recherche ICB du NHS Bristol, North Somerset et South Gloucestershire est l\u00e0 pour vous aider.<\/p>\n<p>Les conditions suivantes doivent \u00eatre remplies avant que notre directeur financier puisse confirmer que l&#039;ICB accepte d&#039;agir en tant qu&#039;organisme h\u00f4te\/contractant pour votre demande NIHR.<\/p>\n<h2>Liste de v\u00e9rification pour la soumission de subventions<\/h2>\n<p>Pour que nous puissions signer votre demande, vous aurez besoin de ces deux \u00e9l\u00e9ments\u00a0:<\/p>\n<ol>\n<li>Confirmation \u00e9crite (courriel ou lettre) du chercheur principal attestant que tous les co\u00fbts non li\u00e9s au \u201c NHS \u201d ont \u00e9t\u00e9 calcul\u00e9s et approuv\u00e9s par chaque organisme.<\/li>\n<li>Confirmation que tous les co\u00fbts \u201c NHS \u201d ont \u00e9t\u00e9 calcul\u00e9s et approuv\u00e9s soit par nous, soit par une confirmation \u00e9crite d&#039;un autre organisme attestant que ces co\u00fbts sont appropri\u00e9s.<\/li>\n<\/ol>\n<h2>Diagramme de flux de financement des subventions<\/h2>\n<p>Le <a href=\"https:\/\/bnssghealthiertogether.org.uk\/wp-content\/uploads\/2022\/08\/NIHR_Grant_Funding_-_flow_chart_2022.pdf\">organigramme du financement par subvention<\/a> Ce document d\u00e9crit la proc\u00e9dure et les exigences pour soumettre une demande de subvention \u00e0 l&#039;Institut national de la recherche en sant\u00e9 et en soins (NIHR), notre organisme agissant en tant qu&#039;organisme d&#039;accueil\/contractant. Veuillez noter qu&#039;il s&#039;agit d&#039;une proc\u00e9dure globale.<\/p>\n<p>Les exigences de soumission varient entre les demandes de subvention sommaires et les demandes de subvention compl\u00e8tes, et entre <a href=\"https:\/\/www.southampton.ac.uk\/netscc\/index.page\" rel=\"noopener\">Centre de coordination des \u00e9valuations, des essais et des \u00e9tudes du NIHR<\/a> et <a href=\"https:\/\/www.nihr.ac.uk\/about-us\/who-we-are\/governance#three\" rel=\"noopener\">Centre de mise en service du NIHR<\/a> r\u00e9compenses.<\/p>\n<h2>Signataires d&#039;une demande de subvention aupr\u00e8s du NIHR<\/h2>\n<p>Il est important d&#039;ajouter les signataires corrects \u00e0 votre demande, et cela doit \u00eatre fait d\u00e8s le d\u00e9but de votre demande afin de laisser le temps de corriger toute erreur de signature, tout changement de poste et d&#039;informer les signataires \u00e0 l&#039;avance que leur signature sera requise avant la date limite que vous avez sp\u00e9cifi\u00e9e.<\/p>\n<h2>Orientations relatives aux signataires<\/h2>\n<p>Pour toutes les demandes \u00e0 <a href=\"https:\/\/www.southampton.ac.uk\/netscc\/about\/index.page#programmes\" rel=\"noopener\">Centre de coordination des \u00e9valuations, des essais et des \u00e9tudes du NIHR (NETSCC)<\/a> Pour les programmes, notamment l\u2019\u00e9valuation des technologies de la sant\u00e9 (ETS), la recherche sur les services et la prestation de soins de sant\u00e9 (RSPS), la recherche en sant\u00e9 publique (RSP) ou l\u2019\u00e9valuation de l\u2019efficacit\u00e9 et des m\u00e9canismes (EEM), les signataires de soutien obligatoires suivants doivent \u00eatre ajout\u00e9s au minimum \u00e0 une demande de deuxi\u00e8me \u00e9tape\u00a0:<\/p>\n<ol>\n<li>Autorit\u00e9 administrative ou agent financier<\/li>\n<li>Parrain du chef de d\u00e9partement ou du cadre sup\u00e9rieur<\/li>\n<li>Parrainer<\/li>\n<\/ol>\n<p>Pour toutes les demandes \u00e0 <a href=\"https:\/\/www.nihr.ac.uk\/about-us\/who-we-are\/governance#three\" rel=\"noopener\">Programmes du Centre de mise en service central (CCF) du NIHR<\/a>, Concernant les programmes de recherche au b\u00e9n\u00e9fice des patients (RfPB), les subventions de programme pour la recherche appliqu\u00e9e (PGfAR), les programmes d&#039;invention pour l&#039;innovation (i4i) et les subventions de d\u00e9veloppement de programme (PDG), veuillez consulter leurs conditions g\u00e9n\u00e9rales. Aucune directive sp\u00e9cifique n&#039;est disponible pour les signataires.<\/p>\n  <\/div>\r\n  <\/section><\/div><!-- .assembler_text-module.assembler_module.assembler_text-module_1.assembler_module_1..transparent --><\/div><!-- .assembler_module_area.assembler_module_area_1 --><\/div><!-- .assembler_default-group.assembler_module_group.assembler_default-group_1.assembler_module_group_1  -->","protected":false},"excerpt":{"rendered":"<p>L&#039;\u00e9quipe de recherche de l&#039;ICB peut vous aider si vous envisagez de soumettre une demande de subvention de recherche au NIHR.<\/p>","protected":false},"author":1,"featured_media":0,"parent":32910,"menu_order":0,"comment_status":"closed","ping_status":"closed","template":"","meta":{"_acf_changed":false,"footnotes":""},"tags":[],"class_list":["post-32915","page","type-page","status-publish","hentry"],"acf":[],"_links":{"self":[{"href":"https:\/\/bnssghealthiertogether.org.uk\/fr\/wp-json\/wp\/v2\/pages\/32915","targetHints":{"allow":["GET"]}}],"collection":[{"href":"https:\/\/bnssghealthiertogether.org.uk\/fr\/wp-json\/wp\/v2\/pages"}],"about":[{"href":"https:\/\/bnssghealthiertogether.org.uk\/fr\/wp-json\/wp\/v2\/types\/page"}],"author":[{"embeddable":true,"href":"https:\/\/bnssghealthiertogether.org.uk\/fr\/wp-json\/wp\/v2\/users\/1"}],"replies":[{"embeddable":true,"href":"https:\/\/bnssghealthiertogether.org.uk\/fr\/wp-json\/wp\/v2\/comments?post=32915"}],"version-history":[{"count":4,"href":"https:\/\/bnssghealthiertogether.org.uk\/fr\/wp-json\/wp\/v2\/pages\/32915\/revisions"}],"predecessor-version":[{"id":37554,"href":"https:\/\/bnssghealthiertogether.org.uk\/fr\/wp-json\/wp\/v2\/pages\/32915\/revisions\/37554"}],"up":[{"embeddable":true,"href":"https:\/\/bnssghealthiertogether.org.uk\/fr\/wp-json\/wp\/v2\/pages\/32910"}],"wp:attachment":[{"href":"https:\/\/bnssghealthiertogether.org.uk\/fr\/wp-json\/wp\/v2\/media?parent=32915"}],"wp:term":[{"taxonomy":"post_tag","embeddable":true,"href":"https:\/\/bnssghealthiertogether.org.uk\/fr\/wp-json\/wp\/v2\/tags?post=32915"}],"curies":[{"name":"wp","href":"https:\/\/api.w.org\/{rel}","templated":true}]}}