{"id":33063,"date":"2024-10-24T13:57:21","date_gmt":"2024-10-24T12:57:21","guid":{"rendered":"https:\/\/bnssghealthiertogether.org.uk\/?page_id=33063"},"modified":"2025-01-17T15:02:28","modified_gmt":"2025-01-17T15:02:28","slug":"about-our-organisation-and-area","status":"publish","type":"page","link":"https:\/\/bnssghealthiertogether.org.uk\/fr\/integrated-care-board\/annual-review-2023-to-2024\/about-our-organisation-and-area\/","title":{"rendered":"\u00c0 propos de notre organisation et de notre r\u00e9gion"},"content":{"rendered":"<div class=\"assembler_default-group assembler_module_group assembler_default-group_1 assembler_module_group_1\"><div class=\"assembler_module_area assembler_module_area_1\"><div class=\"assembler_table-of-contents-module assembler_module assembler_table-of-contents-module_1 assembler_module_1  transparent\"><a tabindex=\"-1\" title=\"Section intitul\u00e9e module-1\" id=\"module-1\" href=\"https:\/\/bnssghealthiertogether.org.uk\/fr\/wp-json\/wp\/v2\/pages\/33063\/#module-1\" class=\"anchor\"><span class=\"hidden\">Section intitul\u00e9e module-1<\/span><\/a><!-- Template found for table-of-contents-module - Template: template-table-of-contents - Matched: _only -->\r\n<section class=\"w-full mx-auto max-w-content border-b border-pale-grey pt-6 sm:pt-12 pb-6 sm:pb-12\">\r\n    <div class=\"entry-content w-full\">\r\n    <h1><span class=\"TextRun SCXW187760553 BCX8\" lang=\"EN-GB\" xml:lang=\"EN-GB\" data-contrast=\"none\"><span class=\"NormalTextRun CommentStart CommentHighlightPipeRestV2 CommentHighlightRest SCXW187760553 BCX8\" data-ccp-parastyle=\"heading 1\">Annuel\u00a0<\/span><span class=\"NormalTextRun CommentHighlightRest SCXW187760553 BCX8\" data-ccp-parastyle=\"heading 1\">Bilan 2023<\/span><span class=\"NormalTextRun CommentHighlightRest SCXW187760553 BCX8\" data-ccp-parastyle=\"heading 1\">\u00a0jusqu&#039;en 2024<\/span><\/span><\/h1>\n<p>Contenu<\/p>\n    <div class=\"navigation-list\">\r\n                    <ul>\r\n                      <li class=\"text-sm\">\r\n                              <a href=\"https:\/\/bnssghealthiertogether.org.uk\/fr\/integrated-care-board\/annual-review-2023-to-2024\/\" class=\"text-sm underline-offset-4 font-normal hover:!underline-4\">\r\n                                                                Rapport annuel 2023-2024                                <\/a>\r\n                          <\/li>\r\n                                <li class=\"text-sm\">\r\n                                                              \u00c0 propos de notre organisation et de notre r\u00e9gion                            <\/li>\r\n                      <li class=\"text-sm\">\r\n                              <a href=\"https:\/\/bnssghealthiertogether.org.uk\/fr\/integrated-care-board\/annual-review-2023-to-2024\/how-we-spend-your-money\/\" class=\"text-sm underline-offset-4 font-normal hover:!underline-4\">\r\n                                                                Comment nous d\u00e9pensons votre argent                                <\/a>\r\n                          <\/li>\r\n                      <li class=\"text-sm\">\r\n                              <a href=\"https:\/\/bnssghealthiertogether.org.uk\/fr\/integrated-care-board\/annual-review-2023-to-2024\/our-year-in-review-2023-to-2024\/\" class=\"text-sm underline-offset-4 font-normal hover:!underline-4\">\r\n                                                                Notre bilan de l&#039;ann\u00e9e 2023-2024                                <\/a>\r\n                          <\/li>\r\n                  <\/ul>\r\n          <\/div>\r\n  <\/div>\r\n<\/section><\/div><!-- .assembler_table-of-contents-module.assembler_module.assembler_table-of-contents-module_1.assembler_module_1..transparent --><div class=\"assembler_text-module assembler_module assembler_text-module_2 assembler_module_2  transparent\"><a tabindex=\"-1\" title=\"Section intitul\u00e9e module-2\" id=\"module-2\" href=\"https:\/\/bnssghealthiertogether.org.uk\/fr\/wp-json\/wp\/v2\/pages\/33063\/#module-2\" class=\"anchor\"><span class=\"hidden\">Section intitul\u00e9e module-2<\/span><\/a><!-- Template found for text-module - Template: template-text - Matched: _only --><section class=\"w-full mx-auto max-w-content pt-3 sm:pt-6 pb-3 sm:pb-6\">\n      <div class=\"entry-content no-last\">\n      <h1>\n        \u00c0 propos de notre organisation et de notre r\u00e9gion      <\/h1>\n    <\/div>\n    <div class=\"flex gap-11 md:grid md:grid-cols-2 flex-col\">\n    <div class=\"entry-content\">\n      <p>Le Conseil de soins int\u00e9gr\u00e9s de Bristol, North Somerset et South Gloucestershire est un organisme statutaire du NHS cr\u00e9\u00e9 le 1er juillet 2022. Nous sommes charg\u00e9s d&#039;\u00e9laborer des plans pour r\u00e9pondre aux besoins de sant\u00e9 de notre population, de g\u00e9rer le budget du NHS et d&#039;organiser la prestation de services de sant\u00e9 dans notre r\u00e9gion.<\/p>\n<p>Notre objectif est de\u00a0:<\/p>\n<ul>\n<li>Am\u00e9liorer les r\u00e9sultats en mati\u00e8re de sant\u00e9 publique et de soins de sant\u00e9<\/li>\n<li>Lutter contre les in\u00e9galit\u00e9s en mati\u00e8re de r\u00e9sultats, d&#039;exp\u00e9rience et d&#039;acc\u00e8s<\/li>\n<li>Am\u00e9liorer la productivit\u00e9 et le rapport qualit\u00e9-prix<\/li>\n<li>Aidez le NHS \u00e0 soutenir un d\u00e9veloppement social et \u00e9conomique plus large<\/li>\n<\/ul>\n<p>&nbsp;<\/p>\n<p><img decoding=\"async\" class=\"alignnone wp-image-27779 size-large\" src=\"https:\/\/bnssg.icb.nhs.uk\/wp-content\/uploads\/2024\/08\/locality-1024x726.jpg\" alt=\"\" width=\"1024\" height=\"726\" srcset=\"https:\/\/bnssghealthiertogether.org.uk\/wp-content\/uploads\/2024\/08\/locality-1024x726.jpg 1024w, https:\/\/bnssghealthiertogether.org.uk\/wp-content\/uploads\/2024\/08\/locality-300x213.jpg 300w, https:\/\/bnssghealthiertogether.org.uk\/wp-content\/uploads\/2024\/08\/locality-768x545.jpg 768w, https:\/\/bnssghealthiertogether.org.uk\/wp-content\/uploads\/2024\/08\/locality-1536x1090.jpg 1536w, https:\/\/bnssghealthiertogether.org.uk\/wp-content\/uploads\/2024\/08\/locality-2048x1453.jpg 2048w, https:\/\/bnssghealthiertogether.org.uk\/wp-content\/uploads\/2024\/08\/locality-1320x936.jpg 1320w\" sizes=\"(max-width: 1024px) 100vw, 1024px\" \/><\/p>\n    <\/div>\n    <div class=\"entry-content\">\n      <p><img decoding=\"async\" class=\"alignnone wp-image-27940 size-medium\" src=\"https:\/\/bnssg.icb.nhs.uk\/wp-content\/uploads\/2024\/09\/DSC07985-e1725360576677-300x173.jpg\" alt=\"\" width=\"600\" height=\"346\" srcset=\"https:\/\/bnssghealthiertogether.org.uk\/wp-content\/uploads\/2024\/09\/DSC07985-e1725360576677-300x173.jpg 300w, https:\/\/bnssghealthiertogether.org.uk\/wp-content\/uploads\/2024\/09\/DSC07985-e1725360576677-1024x591.jpg 1024w, https:\/\/bnssghealthiertogether.org.uk\/wp-content\/uploads\/2024\/09\/DSC07985-e1725360576677-768x443.jpg 768w, https:\/\/bnssghealthiertogether.org.uk\/wp-content\/uploads\/2024\/09\/DSC07985-e1725360576677-1536x886.jpg 1536w, https:\/\/bnssghealthiertogether.org.uk\/wp-content\/uploads\/2024\/09\/DSC07985-e1725360576677-2048x1181.jpg 2048w, https:\/\/bnssghealthiertogether.org.uk\/wp-content\/uploads\/2024\/09\/DSC07985-e1725360576677-1320x761.jpg 1320w\" sizes=\"(max-width: 600px) 100vw, 600px\" \/><\/p>\n<p>&nbsp;<\/p>\n<p>Nos partenariats locaux travaillent main dans la main avec les populations locales et les partenaires des secteurs b\u00e9n\u00e9vole et communautaire pour identifier et traiter les priorit\u00e9s locales en fonction des besoins de chaque communaut\u00e9.<\/p>\n<p>Les six partenariats locaux sont les suivants\u00a0:<\/p>\n<ul>\n<li>South Gloucestershire<\/li>\n<li>Nord et Ouest de Bristol<\/li>\n<li>Centre-ville et est de Bristol<\/li>\n<li>Sud de Bristol<\/li>\n<li>Woodspring<\/li>\n<li>Weston, Worle et les villages<\/li>\n<\/ul>\n    <\/div>\n      <\/div>\n<\/section><\/div><!-- .assembler_text-module.assembler_module.assembler_text-module_2.assembler_module_2..transparent --><div class=\"assembler_text-module assembler_module assembler_text-module_3 assembler_module_3  transparent\"><a tabindex=\"-1\" title=\"Section intitul\u00e9e module-3\" id=\"module-3\" href=\"https:\/\/bnssghealthiertogether.org.uk\/fr\/wp-json\/wp\/v2\/pages\/33063\/#module-3\" class=\"anchor\"><span class=\"hidden\">Section intitul\u00e9e module-3<\/span><\/a><!-- Template found for text-module - Template: template-text - Matched: _only --><section class=\"w-full mx-auto max-w-content pt-3 sm:pt-6 pb-3 sm:pb-6\">\r\n  <div class=\"entry-content w-full !px-0 max-w-small\">\r\n        <p>Nous faisons partie du syst\u00e8me local de soins int\u00e9gr\u00e9s, appel\u00e9 \u00ab\u00a0Healthier Together\u00a0\u00bb. Gr\u00e2ce \u00e0 ce partenariat, nous collaborons \u00e9troitement avec d&#039;autres organismes du NHS, les collectivit\u00e9s locales et le secteur associatif et communautaire afin d&#039;aider les gens \u00e0 rester heureux, en bonne sant\u00e9 et en pleine forme plus longtemps.<\/p>\n<p>Informations sur notre r\u00e9gion\u00a0:<\/p>\n<ul>\n<li>1 million de personnes<\/li>\n<li>16% des personnes vivant \u00e0 Bristol appartiennent \u00e0 des groupes ethniques noirs et minoritaires.<\/li>\n<li>Le nombre de personnes \u00e2g\u00e9es de 15 \u00e0 24 ans et de plus de 60 ans est en augmentation.<\/li>\n<li>Une personne sur dix vit dans une zone d\u00e9favoris\u00e9e<\/li>\n<li>Il existe une diff\u00e9rence pouvant atteindre 15 ans en termes d&#039;esp\u00e9rance de vie entre les personnes vivant dans les communaut\u00e9s les plus et les moins d\u00e9favoris\u00e9es.<\/li>\n<\/ul>\n  <\/div>\r\n  <\/section><\/div><!-- .assembler_text-module.assembler_module.assembler_text-module_3.assembler_module_3..transparent --><div class=\"assembler_text-module assembler_module assembler_text-module_4 assembler_module_4  transparent\"><a tabindex=\"-1\" title=\"Section intitul\u00e9e module-4\" id=\"module-4\" href=\"https:\/\/bnssghealthiertogether.org.uk\/fr\/wp-json\/wp\/v2\/pages\/33063\/#module-4\" class=\"anchor\"><span class=\"hidden\">Section intitul\u00e9e module-4<\/span><\/a><!-- Template found for text-module - Template: template-text - Matched: _only --><section class=\"w-full mx-auto max-w-content pt-3 sm:pt-6 pb-3 sm:pb-6\">\r\n  <div class=\"entry-content w-full !px-0 max-w-small\">\r\n        <p><img decoding=\"async\" class=\"alignnone wp-image-27876 size-large\" src=\"https:\/\/bnssg.icb.nhs.uk\/wp-content\/uploads\/2024\/09\/GRAPHIC-1024x469.jpg\" alt=\"\" width=\"1024\" height=\"469\" srcset=\"https:\/\/bnssghealthiertogether.org.uk\/wp-content\/uploads\/2024\/09\/GRAPHIC-1024x469.jpg 1024w, https:\/\/bnssghealthiertogether.org.uk\/wp-content\/uploads\/2024\/09\/GRAPHIC-300x138.jpg 300w, https:\/\/bnssghealthiertogether.org.uk\/wp-content\/uploads\/2024\/09\/GRAPHIC-768x352.jpg 768w, https:\/\/bnssghealthiertogether.org.uk\/wp-content\/uploads\/2024\/09\/GRAPHIC-1536x704.jpg 1536w, https:\/\/bnssghealthiertogether.org.uk\/wp-content\/uploads\/2024\/09\/GRAPHIC-2048x939.jpg 2048w, https:\/\/bnssghealthiertogether.org.uk\/wp-content\/uploads\/2024\/09\/GRAPHIC-1320x605.jpg 1320w\" sizes=\"(max-width: 1024px) 100vw, 1024px\" \/><\/p>\n  <\/div>\r\n  <\/section><\/div><!-- .assembler_text-module.assembler_module.assembler_text-module_4.assembler_module_4..transparent --><\/div><!-- .assembler_module_area.assembler_module_area_1 --><\/div><!-- .assembler_default-group.assembler_module_group.assembler_default-group_1.assembler_module_group_1  -->","protected":false},"excerpt":{"rendered":"<p>Section titled module-1 Annual\u00a0Review 2023\u00a0to 2024 Contents Annual Review 2023 to 2024 About our organisation and area How we spend your money Our year in review 2023 to 2024 Section titled module-2 About our organisation and area Bristol, North Somerset and South Gloucestershire Integrated Care Board is a statutory NHS organisation that was established on [&hellip;]<\/p>\n","protected":false},"author":1,"featured_media":0,"parent":33059,"menu_order":0,"comment_status":"closed","ping_status":"closed","template":"","meta":{"_acf_changed":false,"footnotes":""},"tags":[],"class_list":["post-33063","page","type-page","status-publish","hentry"],"acf":[],"_links":{"self":[{"href":"https:\/\/bnssghealthiertogether.org.uk\/fr\/wp-json\/wp\/v2\/pages\/33063","targetHints":{"allow":["GET"]}}],"collection":[{"href":"https:\/\/bnssghealthiertogether.org.uk\/fr\/wp-json\/wp\/v2\/pages"}],"about":[{"href":"https:\/\/bnssghealthiertogether.org.uk\/fr\/wp-json\/wp\/v2\/types\/page"}],"author":[{"embeddable":true,"href":"https:\/\/bnssghealthiertogether.org.uk\/fr\/wp-json\/wp\/v2\/users\/1"}],"replies":[{"embeddable":true,"href":"https:\/\/bnssghealthiertogether.org.uk\/fr\/wp-json\/wp\/v2\/comments?post=33063"}],"version-history":[{"count":6,"href":"https:\/\/bnssghealthiertogether.org.uk\/fr\/wp-json\/wp\/v2\/pages\/33063\/revisions"}],"predecessor-version":[{"id":36206,"href":"https:\/\/bnssghealthiertogether.org.uk\/fr\/wp-json\/wp\/v2\/pages\/33063\/revisions\/36206"}],"up":[{"embeddable":true,"href":"https:\/\/bnssghealthiertogether.org.uk\/fr\/wp-json\/wp\/v2\/pages\/33059"}],"wp:attachment":[{"href":"https:\/\/bnssghealthiertogether.org.uk\/fr\/wp-json\/wp\/v2\/media?parent=33063"}],"wp:term":[{"taxonomy":"post_tag","embeddable":true,"href":"https:\/\/bnssghealthiertogether.org.uk\/fr\/wp-json\/wp\/v2\/tags?post=33063"}],"curies":[{"name":"wp","href":"https:\/\/api.w.org\/{rel}","templated":true}]}}