{"id":33231,"date":"2024-11-01T16:06:18","date_gmt":"2024-11-01T16:06:18","guid":{"rendered":"https:\/\/bnssghealthiertogether.org.uk\/?page_id=33231"},"modified":"2025-01-16T22:24:48","modified_gmt":"2025-01-16T22:24:48","slug":"proactive-hepatitis-c-reinfection-optimising-surveillance-for-detection-and-prevention","status":"publish","type":"page","link":"https:\/\/bnssghealthiertogether.org.uk\/fr\/integrated-care-board\/research-and-evidence\/our-research-portfolio\/nihr-funded-projects\/proactive-hepatitis-c-reinfection-optimising-surveillance-for-detection-and-prevention\/","title":{"rendered":"PROACTIVE : R\u00e9infection par l&#039;h\u00e9patite C : Optimisation de la surveillance pour la d\u00e9tection et la pr\u00e9vention"},"content":{"rendered":"<div class=\"assembler_default-group assembler_module_group assembler_default-group_1 assembler_module_group_1\"><div class=\"assembler_module_area assembler_module_area_1\"><div class=\"assembler_text-module assembler_module assembler_text-module_1 assembler_module_1  transparent\"><a tabindex=\"-1\" title=\"Section intitul\u00e9e module-1\" id=\"module-1\" href=\"https:\/\/bnssghealthiertogether.org.uk\/fr\/wp-json\/wp\/v2\/pages\/33231\/#module-1\" class=\"anchor\"><span class=\"hidden\">Section intitul\u00e9e module-1<\/span><\/a><!-- Template found for text-module - Template: template-text - Matched: _only --><section class=\"w-full mx-auto max-w-content pt-12 sm:pt-24 pb-12 sm:pb-24\">\r\n  <div class=\"entry-content w-full !px-0 max-w-small\">\r\n        <h1>PROACTIVE : R\u00e9infection par l&#039;h\u00e9patite C : Optimisation de la surveillance pour la d\u00e9tection et la pr\u00e9vention<\/h1>\n<h2>Financement<\/h2>\n<p>Institut national de recherche en sant\u00e9 et en soins (NIHR), subvention pour le d\u00e9veloppement de programmes (PDG) r\u00e9f. NIHR207646<\/p>\n<h2>Quelle est la question de recherche ?<\/h2>\n<p>Quels sont les obstacles au d\u00e9pistage de suivi de l&#039;h\u00e9patite C, et comment les personnes qui s&#039;injectent des drogues peuvent-elles r\u00e9duire leur risque de r\u00e9infection\u00a0?<\/p>\n<h2>Quel est le probl\u00e8me ?<\/h2>\n<p>Le virus de l&#039;h\u00e9patite C affecte le foie et, sans traitement, une infection chronique peut entra\u00eener des l\u00e9sions h\u00e9patiques, un cancer et un d\u00e9c\u00e8s pr\u00e9matur\u00e9. Heureusement, des traitements permettent de gu\u00e9rir rapidement et efficacement l&#039;h\u00e9patite C. C&#039;est pourquoi l&#039;Organisation mondiale de la Sant\u00e9 s&#039;est fix\u00e9 pour objectif d&#039;\u00e9radiquer l&#039;h\u00e9patite C d&#039;ici 2030.<\/p>\n<p>Les personnes qui s&#039;injectent des drogues constituent le principal groupe de personnes au Royaume-Uni touch\u00e9es par l&#039;h\u00e9patite C, et par la r\u00e9infection.<\/p>\n<p>Dans une \u00e9tude pr\u00e9c\u00e9dente men\u00e9e en 2017, le d\u00e9pistage et le traitement de l&#039;h\u00e9patite C chez les personnes qui s&#039;injectent des drogues ont \u00e9t\u00e9 rapidement intensifi\u00e9s et\u00a0<a href=\"https:\/\/bnssg.icb.nhs.uk\/about-us\/research-and-evidence\/our-research-portfolio\/nihr-funded-projects\/epitope-evaluating-the-population-impact-of-hepatitis-c-direct-acting-antiviral-treatment-as-prevention-for-people-who-inject-drugs\/\" rel=\"noopener\">nos recherches<\/a>\u00a0ont d\u00e9montr\u00e9 que cette m\u00e9thode \u00e9tait tr\u00e8s efficace pour r\u00e9duire les infections par l&#039;h\u00e9patite C.<\/p>\n<p>Cependant, pour maintenir un faible taux d&#039;infections par l&#039;h\u00e9patite C, il est essentiel de pr\u00e9venir les r\u00e9infections et de les d\u00e9tecter et traiter rapidement. Les recommandations pr\u00e9conisent un test annuel pour les personnes trait\u00e9es pour une h\u00e9patite C afin de d\u00e9pister une r\u00e9infection. Or, nos recherches indiquent que ce suivi est rarement effectu\u00e9.<\/p>\n<h2>Quel est l&#039;objectif de la recherche ?<\/h2>\n<p>Cette \u00e9tude poursuit trois objectifs\u00a0:<\/p>\n<ol>\n<li>Pour d\u00e9terminer ce qui facilite et ce qui entrave la r\u00e9alisation des tests de suivi.<\/li>\n<li>Afin de d\u00e9terminer quelles informations sont recueillies lors des tests, ce qui pourrait nous aider \u00e0 comprendre comment r\u00e9duire le risque de r\u00e9infection \u00e0 l&#039;avenir.<\/li>\n<li>\u00c9laborer conjointement des recommandations pour les pratiques futures.<\/li>\n<\/ol>\n<h2>Comment cela sera-t-il r\u00e9alis\u00e9 ?<\/h2>\n<p>Les objectifs de cette recherche seront atteints en trois \u00e9tapes\u00a0:<\/p>\n<ol>\n<li>Examen exploratoire des donn\u00e9es probantes \u00e0 ce jour<\/li>\n<li>Des entretiens qualitatifs avec des personnes qui s&#039;injectent des drogues et le personnel qui effectue les tests annuels<\/li>\n<li>Les r\u00e9sultats des parties 1 et 2 alimenteront quatre ateliers de co-production\u00a0: deux avec des experts de l\u2019h\u00e9patite C, le personnel charg\u00e9 du d\u00e9pistage et les d\u00e9cideurs politiques, et deux avec des personnes ayant une exp\u00e9rience v\u00e9cue de la maladie. Nous aborderons les points suivants\u00a0:<\/li>\n<\/ol>\n<ul>\n<li>comment surmonter les obstacles identifi\u00e9s,<\/li>\n<li>Comment am\u00e9liorer l&#039;offre de test annuel ?<\/li>\n<li>et les informations n\u00e9cessaires au suivi national des taux de r\u00e9infection par l&#039;h\u00e9patite C<\/li>\n<\/ul>\n<h2>Qui dirige la recherche ?<\/h2>\n<p>Docteur Hannah Family, Universit\u00e9 de Bristol<\/p>\n<h2>Informations compl\u00e9mentaires\u00a0:<\/h2>\n<p>Courriel CI\u00a0:\u00a0<a href=\"mailto:hannah.family@bristol.ac.uk\">hannah.family@bristol.ac.uk<\/a>\u00a0ou\u00a0<a href=\"mailto:Hannah.family@nhs.net\">Hannah.family@nhs.net<\/a><\/p>\n<p>Pour plus d&#039;informations ou pour participer \u00e0 ce projet, veuillez envoyer un courriel. <a href=\"mailto:bnssg.research@nhs.net\">bnssg.research@nhs.net<\/a>.<\/p>\n<p>Les opinions exprim\u00e9es sont celles de l&#039;auteur (ou des auteurs) et ne refl\u00e8tent pas n\u00e9cessairement celles du NIHR ou du minist\u00e8re de la Sant\u00e9 et des Affaires sociales.<\/p>\n  <\/div>\r\n  <\/section><\/div><!-- .assembler_text-module.assembler_module.assembler_text-module_1.assembler_module_1..transparent --><\/div><!-- .assembler_module_area.assembler_module_area_1 --><\/div><!-- .assembler_default-group.assembler_module_group.assembler_default-group_1.assembler_module_group_1  -->","protected":false},"excerpt":{"rendered":"<p>Section titled module-1 PROACTIVE: HePatitis C Reinfection: Optimising surveillAnCe for detection and preVEntion Funding National Institute for Health and Care Research (NIHR) , Programme Development Grant (PDG) Ref. NIHR207646 What is the Research Question? What are the barriers to follow up testing for Hepatitis C, \u00a0and how can those who inject drugs reduce their risk [&hellip;]<\/p>\n","protected":false},"author":28,"featured_media":0,"parent":32881,"menu_order":0,"comment_status":"closed","ping_status":"closed","template":"","meta":{"_acf_changed":false,"footnotes":""},"tags":[],"class_list":["post-33231","page","type-page","status-publish","hentry"],"acf":[],"_links":{"self":[{"href":"https:\/\/bnssghealthiertogether.org.uk\/fr\/wp-json\/wp\/v2\/pages\/33231","targetHints":{"allow":["GET"]}}],"collection":[{"href":"https:\/\/bnssghealthiertogether.org.uk\/fr\/wp-json\/wp\/v2\/pages"}],"about":[{"href":"https:\/\/bnssghealthiertogether.org.uk\/fr\/wp-json\/wp\/v2\/types\/page"}],"author":[{"embeddable":true,"href":"https:\/\/bnssghealthiertogether.org.uk\/fr\/wp-json\/wp\/v2\/users\/28"}],"replies":[{"embeddable":true,"href":"https:\/\/bnssghealthiertogether.org.uk\/fr\/wp-json\/wp\/v2\/comments?post=33231"}],"version-history":[{"count":3,"href":"https:\/\/bnssghealthiertogether.org.uk\/fr\/wp-json\/wp\/v2\/pages\/33231\/revisions"}],"predecessor-version":[{"id":36171,"href":"https:\/\/bnssghealthiertogether.org.uk\/fr\/wp-json\/wp\/v2\/pages\/33231\/revisions\/36171"}],"up":[{"embeddable":true,"href":"https:\/\/bnssghealthiertogether.org.uk\/fr\/wp-json\/wp\/v2\/pages\/32881"}],"wp:attachment":[{"href":"https:\/\/bnssghealthiertogether.org.uk\/fr\/wp-json\/wp\/v2\/media?parent=33231"}],"wp:term":[{"taxonomy":"post_tag","embeddable":true,"href":"https:\/\/bnssghealthiertogether.org.uk\/fr\/wp-json\/wp\/v2\/tags?post=33231"}],"curies":[{"name":"wp","href":"https:\/\/api.w.org\/{rel}","templated":true}]}}