{"id":33237,"date":"2024-11-01T16:08:50","date_gmt":"2024-11-01T16:08:50","guid":{"rendered":"https:\/\/bnssghealthiertogether.org.uk\/?page_id=33237"},"modified":"2025-01-16T21:58:58","modified_gmt":"2025-01-16T21:58:58","slug":"increasing-awareness-training-in-and-use-of-the-left-lateral-cervical-screening-position-in-primary-care-increasing-choice-and-supporting-implementation-of-clinical-guidelines","status":"publish","type":"page","link":"https:\/\/bnssghealthiertogether.org.uk\/fr\/integrated-care-board\/research-and-evidence\/our-research-portfolio\/nihr-funded-projects\/increasing-awareness-training-in-and-use-of-the-left-lateral-cervical-screening-position-in-primary-care-increasing-choice-and-supporting-implementation-of-clinical-guidelines\/","title":{"rendered":"Accro\u00eetre la sensibilisation, la formation et l&#039;utilisation de la position de d\u00e9pistage cervicale lat\u00e9rale gauche en soins primaires\u00a0: \u00e9largir le choix et soutenir la mise en \u0153uvre des recommandations cliniques"},"content":{"rendered":"<div class=\"assembler_default-group assembler_module_group assembler_default-group_1 assembler_module_group_1\"><div class=\"assembler_module_area assembler_module_area_1\"><div class=\"assembler_text-module assembler_module assembler_text-module_1 assembler_module_1  transparent\"><a tabindex=\"-1\" title=\"Section intitul\u00e9e module-1\" id=\"module-1\" href=\"https:\/\/bnssghealthiertogether.org.uk\/fr\/wp-json\/wp\/v2\/pages\/33237\/#module-1\" class=\"anchor\"><span class=\"hidden\">Section intitul\u00e9e module-1<\/span><\/a><!-- Template found for text-module - Template: template-text - Matched: _only --><section class=\"w-full mx-auto max-w-content pt-12 sm:pt-24 pb-12 sm:pb-24\">\r\n  <div class=\"entry-content w-full !px-0 max-w-small\">\r\n        <h1>Accro\u00eetre la sensibilisation, la formation et l&#039;utilisation de la position de d\u00e9pistage cervicale lat\u00e9rale gauche en soins primaires\u00a0: \u00e9largir le choix et soutenir la mise en \u0153uvre des recommandations cliniques<\/h1>\n<p>&nbsp;<\/p>\n<h2>Financement<\/h2>\n<p>Institut national de recherche en sant\u00e9 et en soins (NIHR) Recherche au b\u00e9n\u00e9fice des patients (RfPB) R\u00e9f. NIHR 204301<\/p>\n<h2>Quelle est la question de recherche ?<\/h2>\n<p>Le fait de fournir aux personnes admissibles au d\u00e9pistage des informations sur leurs options de d\u00e9pistage et de soutenir les pratiques visant \u00e0 mettre en \u0153uvre cette nouvelle position am\u00e9liorera-t-il le taux d\u2019adoption et l\u2019exp\u00e9rience du d\u00e9pistage du cancer du col de l\u2019ut\u00e9rus\u00a0?<\/p>\n<h2>Quel est le probl\u00e8me ?<\/h2>\n<p>Le d\u00e9pistage du cancer du col de l&#039;ut\u00e9rus, ou frottis, est important pour d\u00e9tecter un virus ou des anomalies cellulaires pouvant \u00e9voluer en cancer. Les personnes ayant un col de l&#039;ut\u00e9rus sont invit\u00e9es \u00e0 se faire d\u00e9pister entre 25 et 64 ans, et plus tard en cas de r\u00e9sultats anormaux ant\u00e9rieurs.<\/p>\n<p>Le test traditionnel exige que le patient soit allong\u00e9 sur le dos, les genoux fl\u00e9chis et \u00e9cart\u00e9s, afin que le professionnel de sant\u00e9 puisse pr\u00e9lever un \u00e9chantillon. Certaines personnes trouvent ce test humiliant, g\u00eanant, anxiog\u00e8ne et inconfortable.<\/p>\n<p>De plus, les personnes ayant subi un traumatisme sexuel indiquent que le test les rend vuln\u00e9rables, et chez les femmes ayant subi une excision pour des raisons culturelles, exposer leurs parties g\u00e9nitales engendre g\u00eane et anxi\u00e9t\u00e9. Ces probl\u00e8mes contribuent \u00e0 la baisse constante du nombre de personnes participant au d\u00e9pistage.<\/p>\n<p>En 2020, les directives nationales ont inclus la nouvelle position de test lat\u00e9rale gauche (LLTP), et toutes les personnes qui se pr\u00e9sentent pour un d\u00e9pistage du cancer du col de l&#039;ut\u00e9rus devraient d\u00e9sormais se voir proposer les deux positions.<\/p>\n<p>Dans cette nouvelle position, le patient est allong\u00e9 sur le c\u00f4t\u00e9 gauche, comme en position lat\u00e9rale de s\u00e9curit\u00e9, les jambes l\u00e9g\u00e8rement \u00e9cart\u00e9es. Cette position est tout aussi efficace, moins invasive et potentiellement plus confortable, ce qui pourrait inciter davantage de personnes \u00e0 se faire d\u00e9pister. Cependant, nos recherches ont montr\u00e9 que les patients ignorent l&#039;existence de cette position et que les professionnels de sant\u00e9 ne la proposent pas.<\/p>\n<h2>Quel est l&#039;objectif de la recherche ?<\/h2>\n<p>D\u00e9terminer si le fait de fournir aux personnes admissibles au d\u00e9pistage des informations sur leurs choix de d\u00e9pistage et des pratiques de soutien pour mettre en \u0153uvre la nouvelle position am\u00e9liore l\u2019adoption et l\u2019exp\u00e9rience du d\u00e9pistage du cancer du col de l\u2019ut\u00e9rus.<\/p>\n<h2>Comment cela sera-t-il r\u00e9alis\u00e9 ?<\/h2>\n<p>Nous \u00e9valuerons comment la mise en place de ce nouveau poste se concr\u00e9tisera dans la pratique, en nous demandant ce qui fonctionne, pour qui, comment et pourquoi.<\/p>\n<p>Il y aura trois phases (P) :<\/p>\n<ul>\n<li>P1\u00a0: Nous organiserons des ateliers de co-conception pour \u00e9laborer des informations sur les options de d\u00e9pistage, veiller \u00e0 ce que le langage soit accessible et acceptable, et d\u00e9terminer comment les personnes souhaitent recevoir ces informations de leur praticien. Nous examinerons les \u00e9ventuelles difficult\u00e9s li\u00e9es \u00e0 la mise en \u0153uvre de cette nouvelle position dans la pratique.<\/li>\n<li>P2\u00a0: Analyse des donn\u00e9es probantes et groupes de discussion pour mieux comprendre comment le nouveau poste pourrait fonctionner en pratique<\/li>\n<li>P3\u00a0: En collaboration avec 13 cabinets de m\u00e9decine g\u00e9n\u00e9rale pendant environ 9 mois, nous \u00e9valuerons si le fait de les accompagner pour informer les patients sur leurs options de d\u00e9pistage et d\u2019aider les praticiens \u00e0 proposer le nouveau positionnement encourage davantage de personnes \u00e0 se faire d\u00e9pister, \u00e0 choisir leur positionnement et am\u00e9liore l\u2019exp\u00e9rience des patients. Nous recueillerons des donn\u00e9es aupr\u00e8s des cabinets concernant le taux de participation au d\u00e9pistage et le positionnement avant le d\u00e9but de l\u2019\u00e9tude, puis \u00e0 nouveau \u00e0 la fin, afin d\u2019observer l\u2019impact de nos recherches sur le d\u00e9pistage en pratique. Nous interrogerons \u00e9galement les participants pour comprendre leur exp\u00e9rience et m\u00e8nerons des entretiens avec certains membres du personnel et patients afin de comprendre si, comment et pourquoi le test fonctionne en pratique.<\/li>\n<\/ul>\n<h2>Qui dirige la recherche ?<\/h2>\n<p>Professeure Nicola Walsh, professeure de mobilisation des connaissances et de sant\u00e9 musculo-squelettique \u00e0 l&#039;Universit\u00e9 de l&#039;Ouest de l&#039;Angleterre, Bristol<\/p>\n<h2>Informations compl\u00e9mentaires\u00a0:<\/h2>\n<p>Courriel CI\u00a0:\u00a0<a href=\"mailto:Nicola.Walsh@uwe.ac.uk\">Nicola.Walsh@uwe.ac.uk<\/a><\/p>\n<p>Pour plus d&#039;informations ou pour participer \u00e0 ce projet, veuillez envoyer un courriel. <a href=\"mailto:bnssg.research@nhs.net\">bnssg.research@nhs.net<\/a>.<\/p>\n<p>Les opinions exprim\u00e9es sont celles de l&#039;auteur (ou des auteurs) et ne refl\u00e8tent pas n\u00e9cessairement celles du NIHR ou du minist\u00e8re de la Sant\u00e9 et des Affaires sociales.<\/p>\n  <\/div>\r\n  <\/section><\/div><!-- .assembler_text-module.assembler_module.assembler_text-module_1.assembler_module_1..transparent --><\/div><!-- .assembler_module_area.assembler_module_area_1 --><\/div><!-- .assembler_default-group.assembler_module_group.assembler_default-group_1.assembler_module_group_1  -->","protected":false},"excerpt":{"rendered":"<p>Section titled module-1 Increasing awareness, training in and use of the left lateral cervical screening position in primary care: Increasing choice and supporting implementation of clinical guidelines &nbsp; Funding National Institute for Health and Care Research (NIHR) Research for Patient Benefit (RfPB) Ref. NIHR 204301 What is the Research Question? Will providing people eligible for [&hellip;]<\/p>\n","protected":false},"author":28,"featured_media":0,"parent":32881,"menu_order":0,"comment_status":"closed","ping_status":"closed","template":"","meta":{"_acf_changed":false,"footnotes":""},"tags":[],"class_list":["post-33237","page","type-page","status-publish","hentry"],"acf":[],"_links":{"self":[{"href":"https:\/\/bnssghealthiertogether.org.uk\/fr\/wp-json\/wp\/v2\/pages\/33237","targetHints":{"allow":["GET"]}}],"collection":[{"href":"https:\/\/bnssghealthiertogether.org.uk\/fr\/wp-json\/wp\/v2\/pages"}],"about":[{"href":"https:\/\/bnssghealthiertogether.org.uk\/fr\/wp-json\/wp\/v2\/types\/page"}],"author":[{"embeddable":true,"href":"https:\/\/bnssghealthiertogether.org.uk\/fr\/wp-json\/wp\/v2\/users\/28"}],"replies":[{"embeddable":true,"href":"https:\/\/bnssghealthiertogether.org.uk\/fr\/wp-json\/wp\/v2\/comments?post=33237"}],"version-history":[{"count":2,"href":"https:\/\/bnssghealthiertogether.org.uk\/fr\/wp-json\/wp\/v2\/pages\/33237\/revisions"}],"predecessor-version":[{"id":36162,"href":"https:\/\/bnssghealthiertogether.org.uk\/fr\/wp-json\/wp\/v2\/pages\/33237\/revisions\/36162"}],"up":[{"embeddable":true,"href":"https:\/\/bnssghealthiertogether.org.uk\/fr\/wp-json\/wp\/v2\/pages\/32881"}],"wp:attachment":[{"href":"https:\/\/bnssghealthiertogether.org.uk\/fr\/wp-json\/wp\/v2\/media?parent=33237"}],"wp:term":[{"taxonomy":"post_tag","embeddable":true,"href":"https:\/\/bnssghealthiertogether.org.uk\/fr\/wp-json\/wp\/v2\/tags?post=33237"}],"curies":[{"name":"wp","href":"https:\/\/api.w.org\/{rel}","templated":true}]}}