{"id":34238,"date":"2024-11-24T21:26:10","date_gmt":"2024-11-24T21:26:10","guid":{"rendered":"https:\/\/bnssghealthiertogether.org.uk\/?page_id=34238"},"modified":"2026-04-08T15:42:04","modified_gmt":"2026-04-08T14:42:04","slug":"walk-in-flu-vaccination-clinics","status":"publish","type":"page","link":"https:\/\/bnssghealthiertogether.org.uk\/fr\/vaccination\/flu-vaccination\/walk-in-flu-vaccination-clinics\/","title":{"rendered":"Cliniques de vaccination antigrippale sans rendez-vous"},"content":{"rendered":"<div class=\"assembler_default-group assembler_module_group assembler_default-group_1 assembler_module_group_1\"><div class=\"assembler_module_area assembler_module_area_1\"><div class=\"assembler_table-of-contents-module assembler_module assembler_table-of-contents-module_1 assembler_module_1  transparent\"><a tabindex=\"-1\" title=\"Section intitul\u00e9e module-1\" id=\"module-1\" href=\"https:\/\/bnssghealthiertogether.org.uk\/fr\/wp-json\/wp\/v2\/pages\/34238\/#module-1\" class=\"anchor\"><span class=\"hidden\">Section intitul\u00e9e module-1<\/span><\/a><!-- Template found for table-of-contents-module - Template: template-table-of-contents - Matched: _only -->\r\n<section class=\"w-full mx-auto max-w-content border-b border-pale-grey pt-6 sm:pt-12 pb-3 sm:pb-6\">\r\n    <div class=\"entry-content w-full\">\r\n    <h1>Vaccination contre la grippe<\/h1>\n<p>Contenu<\/p>\n    <div class=\"navigation-list\">\r\n                    <ul>\r\n                      <li class=\"text-sm\">\r\n                              <a href=\"https:\/\/bnssghealthiertogether.org.uk\/fr\/vaccination\/flu-vaccination\/\" class=\"text-sm underline-offset-4 font-normal hover:!underline-4\">\r\n                                                                Vaccination contre la grippe                                <\/a>\r\n                          <\/li>\r\n                                <li class=\"text-sm\">\r\n                                                              Cliniques de vaccination sans rendez-vous                            <\/li>\r\n                      <li class=\"text-sm\">\r\n                              <a href=\"https:\/\/bnssghealthiertogether.org.uk\/fr\/vaccination\/flu-vaccination\/children\/\" class=\"text-sm underline-offset-4 font-normal hover:!underline-4\">\r\n                                                                Vaccin contre la grippe pour enfants                                <\/a>\r\n                          <\/li>\r\n                      <li class=\"text-sm\">\r\n                              <a href=\"https:\/\/bnssghealthiertogether.org.uk\/fr\/vaccination\/flu-vaccination\/different-languages\/\" class=\"text-sm underline-offset-4 font-normal hover:!underline-4\">\r\n                                                                Informations en diff\u00e9rentes langues                                <\/a>\r\n                          <\/li>\r\n                  <\/ul>\r\n          <\/div>\r\n  <\/div>\r\n<\/section><\/div><!-- .assembler_table-of-contents-module.assembler_module.assembler_table-of-contents-module_1.assembler_module_1..transparent --><div class=\"assembler_text-module assembler_module assembler_text-module_2 assembler_module_2  transparent\"><a tabindex=\"-1\" title=\"Section intitul\u00e9e module-2\" id=\"module-2\" href=\"https:\/\/bnssghealthiertogether.org.uk\/fr\/wp-json\/wp\/v2\/pages\/34238\/#module-2\" class=\"anchor\"><span class=\"hidden\">Section intitul\u00e9e module-2<\/span><\/a><!-- Template found for text-module - Template: template-text - Matched: _only --><section class=\"w-full mx-auto max-w-content pt-3 sm:pt-6 pb-10 sm:pb-20\">\r\n  <div class=\"entry-content w-full !px-0 max-w-small\">\r\n        <h1>Cliniques de vaccination sans rendez-vous<\/h1>\n<p>Si vous \u00eates \u00e9ligible et \u00e2g\u00e9 de plus de 18 ans, vous pouvez vous faire vacciner contre la grippe sans rendez-vous dans un centre de vaccination sans rendez-vous. Vous pouvez \u00e9galement trouver des centres de vaccination sans rendez-vous dans une pharmacie locale. <a href=\"https:\/\/www.nhs.uk\/nhs-services\/pharmacies\/find-a-pharmacy-that-offers-free-flu-vaccination\/\" target=\"_blank\" rel=\"noopener\">Site web du NHS.<\/a><\/p>\n<p>Nous souhaitons que vous vous sentiez en s\u00e9curit\u00e9 et \u00e0 l&#039;aise dans nos centres de vaccination du NHS. Si vous avez une question ou une difficult\u00e9, par exemple li\u00e9e \u00e0 un probl\u00e8me de sant\u00e9, n&#039;h\u00e9sitez pas \u00e0 nous contacter. <a href=\"mailto:bnssg.massvaccination@nhs.net\">bnssg.massvaccination@nhs.net<\/a> et nous ferons de notre mieux pour vous aider.<\/p>\n<p><strong>This campaign has now finished. Information on future flu campaigns will be available in autumn 2026.<\/strong><\/p>\n<p>&nbsp;<\/p>\n  <\/div>\r\n  <\/section><\/div><!-- .assembler_text-module.assembler_module.assembler_text-module_2.assembler_module_2..transparent --><\/div><!-- .assembler_module_area.assembler_module_area_1 --><\/div><!-- .assembler_default-group.assembler_module_group.assembler_default-group_1.assembler_module_group_1  -->","protected":false},"excerpt":{"rendered":"<p>If you\u2019re eligible and aged over 18, you can get a flu and\/or COVID-19 vaccination without an appointment at one of the following walk-in clinics.<\/p>","protected":false},"author":7,"featured_media":0,"parent":7336,"menu_order":0,"comment_status":"closed","ping_status":"closed","template":"","meta":{"_acf_changed":false,"footnotes":""},"tags":[],"class_list":["post-34238","page","type-page","status-publish","hentry"],"acf":[],"_links":{"self":[{"href":"https:\/\/bnssghealthiertogether.org.uk\/fr\/wp-json\/wp\/v2\/pages\/34238","targetHints":{"allow":["GET"]}}],"collection":[{"href":"https:\/\/bnssghealthiertogether.org.uk\/fr\/wp-json\/wp\/v2\/pages"}],"about":[{"href":"https:\/\/bnssghealthiertogether.org.uk\/fr\/wp-json\/wp\/v2\/types\/page"}],"author":[{"embeddable":true,"href":"https:\/\/bnssghealthiertogether.org.uk\/fr\/wp-json\/wp\/v2\/users\/7"}],"replies":[{"embeddable":true,"href":"https:\/\/bnssghealthiertogether.org.uk\/fr\/wp-json\/wp\/v2\/comments?post=34238"}],"version-history":[{"count":36,"href":"https:\/\/bnssghealthiertogether.org.uk\/fr\/wp-json\/wp\/v2\/pages\/34238\/revisions"}],"predecessor-version":[{"id":47705,"href":"https:\/\/bnssghealthiertogether.org.uk\/fr\/wp-json\/wp\/v2\/pages\/34238\/revisions\/47705"}],"up":[{"embeddable":true,"href":"https:\/\/bnssghealthiertogether.org.uk\/fr\/wp-json\/wp\/v2\/pages\/7336"}],"wp:attachment":[{"href":"https:\/\/bnssghealthiertogether.org.uk\/fr\/wp-json\/wp\/v2\/media?parent=34238"}],"wp:term":[{"taxonomy":"post_tag","embeddable":true,"href":"https:\/\/bnssghealthiertogether.org.uk\/fr\/wp-json\/wp\/v2\/tags?post=34238"}],"curies":[{"name":"wp","href":"https:\/\/api.w.org\/{rel}","templated":true}]}}