{"id":34406,"date":"2024-11-26T14:34:29","date_gmt":"2024-11-26T14:34:29","guid":{"rendered":"https:\/\/bnssghealthiertogether.org.uk\/?page_id=34406"},"modified":"2025-01-15T22:14:45","modified_gmt":"2025-01-15T22:14:45","slug":"a-new-person-reported-experience-measure-prem-for-the-new-community-mental-health-service-in-bnssg","status":"publish","type":"page","link":"https:\/\/bnssghealthiertogether.org.uk\/fr\/integrated-care-board\/research-and-evidence\/impact-case-studies\/a-new-person-reported-experience-measure-prem-for-the-new-community-mental-health-service-in-bnssg\/","title":{"rendered":"Une nouvelle mesure de l&#039;exp\u00e9rience rapport\u00e9e par la personne (PREM) pour le nouveau service de sant\u00e9 mentale communautaire"},"content":{"rendered":"<div class=\"assembler_default-group assembler_module_group assembler_default-group_1 assembler_module_group_1\"><div class=\"assembler_module_area assembler_module_area_1\"><div class=\"assembler_text-module assembler_module assembler_text-module_1 assembler_module_1  transparent\"><a tabindex=\"-1\" title=\"Section intitul\u00e9e module-1\" id=\"module-1\" href=\"https:\/\/bnssghealthiertogether.org.uk\/fr\/wp-json\/wp\/v2\/pages\/34406\/#module-1\" class=\"anchor\"><span class=\"hidden\">Section intitul\u00e9e module-1<\/span><\/a><!-- Template found for text-module - Template: template-text - Matched: _only --><section class=\"w-full mx-auto max-w-content pt-12 sm:pt-24 pb-12 sm:pb-24\">\r\n  <div class=\"entry-content w-full !px-0 max-w-small\">\r\n        <h1>Une nouvelle mesure de l&#039;exp\u00e9rience rapport\u00e9e par la personne (PREM) pour le nouveau service de sant\u00e9 mentale communautaire \u00e0 Bristol, dans le North Somerset et le South Gloucestershire<\/h1>\n<p><img decoding=\"async\" class=\"alignnone wp-image-8399 size-medium\" src=\"https:\/\/bnssg.icb.nhs.uk\/wp-content\/uploads\/2022\/07\/People_chatting3.original-300x154.png\" alt=\"A man and woman sitting opposite each other with coffee in front of them, chatting\" width=\"300\" height=\"154\" \/><\/p>\n<p>Les services de sant\u00e9 mentale communautaires ont \u00e9volu\u00e9 \u00e0 Bristol, dans le North Somerset et le South Gloucestershire. D\u00e9sormais int\u00e9gr\u00e9s, ils collaborent pour accompagner les personnes souffrant de troubles mentaux. Conscients de l&#039;importance de comprendre le v\u00e9cu des usagers pour \u00e9valuer et am\u00e9liorer la qualit\u00e9 du service, les responsables de la planification ont \u00e9labor\u00e9 un outil d&#039;\u00e9valuation du v\u00e9cu des usagers (PREM). Cette enqu\u00eate permettra d&#039;explorer leur exp\u00e9rience avec ce nouveau service int\u00e9gr\u00e9 de sant\u00e9 mentale communautaire.<\/p>\n<h2>L&#039;impact de l&#039;\u00e9quipe d&#039;efficacit\u00e9 clinique<\/h2>\n<p>NHS Bristol, North Somerset et South Gloucestershire ICB <a href=\"https:\/\/bnssg.icb.nhs.uk\/about-us\/research-and-evidence\/\" rel=\"noopener\">\u00c9quipe d&#039;efficacit\u00e9 clinique<\/a> ont soutenu le d\u00e9veloppement du PREM en :<\/p>\n<ul>\n<li>Collecte d&#039;informations sur la mani\u00e8re dont les services locaux de soutien en sant\u00e9 mentale existants recueillaient l&#039;exp\u00e9rience des utilisateurs<\/li>\n<li>R\u00e9aliser une analyse documentaire des mesures d&#039;exp\u00e9rience potentiellement pertinentes<\/li>\n<li>\u00c9laboration d&#039;une liste de PREM potentiels et consultation d&#039;un \u00e9ventail de parties prenantes pour examiner la liste et convenir de ce qui devrait \u00eatre inclus dans un PREM afin de saisir les exp\u00e9riences des personnes acc\u00e9dant aux services de sant\u00e9 mentale communautaires \u00e0 Bristol, dans le North Somerset et le South Gloucestershire.<\/li>\n<\/ul>\n<p>Ce travail a abouti \u00e0 un questionnaire PREM sur mesure, compos\u00e9 de cinq questions, destin\u00e9 aux services de sant\u00e9 mentale communautaires de Bristol, du North Somerset et du South Gloucestershire. Ces questions mesurent diff\u00e9rents aspects de l&#039;exp\u00e9rience des usagers. Deux d&#039;entre elles proviennent de\u2026 <a href=\"https:\/\/gbr01.safelinks.protection.outlook.com\/?url=https%3A%2F%2Fwww.nhs.uk%2Fusing-the-nhs%2Fabout-the-nhs%2Ffriends-and-family-test-fft%2F&amp;data=05%7C01%7Cmiles.jordan%40nhs.net%7C40c53417ec0447d3120c08db082f1f4c%7C37c354b285b047f5b22207b48d774ee3%7C0%7C0%7C638112771755635656%7CUnknown%7CTWFpbGZsb3d8eyJWIjoiMC4wLjAwMDAiLCJQIjoiV2luMzIiLCJBTiI6Ik1haWwiLCJXVCI6Mn0%3D%7C3000%7C%7C%7C&amp;sdata=IKXOdTeFcceXqQGTBzrMoqfsiidqBwPCH5YWrG1QZ9w%3D&amp;reserved=0\" target=\"_blank\" rel=\"noopener\">Test des amis et de la famille<\/a>, une mesure utilis\u00e9e par tous les services du NHS depuis 2015.<\/p>\n<p>L&#039;outil d&#039;\u00e9valuation pr\u00e9liminaire des services de sant\u00e9 mentale communautaires de Bristol, North Somerset et South Gloucestershire (PREM) sera disponible en version papier et num\u00e9rique, et traduit en plusieurs langues. Deux services testeront le PREM pendant six mois en 2023 afin d&#039;en \u00e9valuer l&#039;efficacit\u00e9. Cette \u00e9valuation, bas\u00e9e sur l&#039;exp\u00e9rimentation, permettra aux responsables de la planification des services de d\u00e9terminer si l&#039;outil est utile pour l&#039;am\u00e9lioration des services et s&#039;il est bien accept\u00e9 par les usagers. Les r\u00e9sultats de cette \u00e9valuation alimenteront la version finale du PREM, qui sera utilis\u00e9e dans tous les services de sant\u00e9 mentale communautaires de Bristol, North Somerset et South Gloucestershire.<\/p>\n<p><a href=\"https:\/\/bnssghealthiertogether.org.uk\/fr\/integrated-care-board\/research-and-evidence\/impact-case-studies\/\">Lire d&#039;autres \u00e9tudes de cas d&#039;impact<\/a><\/p>\n  <\/div>\r\n  <\/section><\/div><!-- .assembler_text-module.assembler_module.assembler_text-module_1.assembler_module_1..transparent --><\/div><!-- .assembler_module_area.assembler_module_area_1 --><\/div><!-- .assembler_default-group.assembler_module_group.assembler_default-group_1.assembler_module_group_1  -->","protected":false},"excerpt":{"rendered":"<p>Section titled module-1 A new Person Reported Experience Measure (PREM) for the new Community Mental Health Service in Bristol, North Somerset and South Gloucestershire Community Mental Health services have changed in Bristol, North Somerset and South Gloucestershire. The services are now integrated, which means they work together to support people who need help with their [&hellip;]<\/p>\n","protected":false},"author":1,"featured_media":0,"parent":32870,"menu_order":0,"comment_status":"closed","ping_status":"closed","template":"","meta":{"_acf_changed":false,"footnotes":""},"tags":[],"class_list":["post-34406","page","type-page","status-publish","hentry"],"acf":[],"_links":{"self":[{"href":"https:\/\/bnssghealthiertogether.org.uk\/fr\/wp-json\/wp\/v2\/pages\/34406","targetHints":{"allow":["GET"]}}],"collection":[{"href":"https:\/\/bnssghealthiertogether.org.uk\/fr\/wp-json\/wp\/v2\/pages"}],"about":[{"href":"https:\/\/bnssghealthiertogether.org.uk\/fr\/wp-json\/wp\/v2\/types\/page"}],"author":[{"embeddable":true,"href":"https:\/\/bnssghealthiertogether.org.uk\/fr\/wp-json\/wp\/v2\/users\/1"}],"replies":[{"embeddable":true,"href":"https:\/\/bnssghealthiertogether.org.uk\/fr\/wp-json\/wp\/v2\/comments?post=34406"}],"version-history":[{"count":5,"href":"https:\/\/bnssghealthiertogether.org.uk\/fr\/wp-json\/wp\/v2\/pages\/34406\/revisions"}],"predecessor-version":[{"id":36069,"href":"https:\/\/bnssghealthiertogether.org.uk\/fr\/wp-json\/wp\/v2\/pages\/34406\/revisions\/36069"}],"up":[{"embeddable":true,"href":"https:\/\/bnssghealthiertogether.org.uk\/fr\/wp-json\/wp\/v2\/pages\/32870"}],"wp:attachment":[{"href":"https:\/\/bnssghealthiertogether.org.uk\/fr\/wp-json\/wp\/v2\/media?parent=34406"}],"wp:term":[{"taxonomy":"post_tag","embeddable":true,"href":"https:\/\/bnssghealthiertogether.org.uk\/fr\/wp-json\/wp\/v2\/tags?post=34406"}],"curies":[{"name":"wp","href":"https:\/\/api.w.org\/{rel}","templated":true}]}}