{"id":34410,"date":"2024-11-26T14:36:10","date_gmt":"2024-11-26T14:36:10","guid":{"rendered":"https:\/\/bnssghealthiertogether.org.uk\/?page_id=34410"},"modified":"2025-01-15T22:18:57","modified_gmt":"2025-01-15T22:18:57","slug":"ageing-well-programme-reporting","status":"publish","type":"page","link":"https:\/\/bnssghealthiertogether.org.uk\/fr\/integrated-care-board\/research-and-evidence\/impact-case-studies\/ageing-well-programme-reporting\/","title":{"rendered":"Rapports du programme Bien vieillir"},"content":{"rendered":"<div class=\"assembler_default-group assembler_module_group assembler_default-group_1 assembler_module_group_1\"><div class=\"assembler_module_area assembler_module_area_1\"><div class=\"assembler_text-module assembler_module assembler_text-module_1 assembler_module_1  transparent\"><a tabindex=\"-1\" title=\"Section intitul\u00e9e module-1\" id=\"module-1\" href=\"https:\/\/bnssghealthiertogether.org.uk\/fr\/wp-json\/wp\/v2\/pages\/34410\/#module-1\" class=\"anchor\"><span class=\"hidden\">Section intitul\u00e9e module-1<\/span><\/a><!-- Template found for text-module - Template: template-text - Matched: _only --><section class=\"w-full mx-auto max-w-content pt-12 sm:pt-24 pb-12 sm:pb-24\">\r\n  <div class=\"entry-content w-full !px-0 max-w-small\">\r\n        <h1><strong>Rapports du programme Bien vieillir<\/strong><\/h1>\n<p>Le programme national \u00ab\u00a0Bien vieillir\u00a0\u00bb visait \u00e0 promouvoir un vieillissement en meilleure sant\u00e9 et \u00e0 lutter contre les in\u00e9galit\u00e9s. Ce plan s\u2019articulait autour de trois axes politiques principaux\u00a0:<\/p>\n<ul>\n<li><strong>R\u00e9ponse communautaire urgente <\/strong>\u2013 accro\u00eetre la capacit\u00e9 des services de soins interm\u00e9diaires \u00e0 assurer une intervention en deux heures aupr\u00e8s des personnes en situation de crise \u00e0 domicile et une intervention en deux jours aupr\u00e8s de celles n\u00e9cessitant une r\u00e9adaptation pour \u00e9viter ou faire suite \u00e0 une hospitalisation<\/li>\n<li><strong>Le mod\u00e8le de soins anticip\u00e9s <\/strong>\u2013 mettre en \u0153uvre une approche proactive en mati\u00e8re de sant\u00e9 des populations pour les personnes ayant des besoins complexes<\/li>\n<li><strong>Am\u00e9lioration de la sant\u00e9 dans les maisons de retraite <\/strong>\u2013 d\u00e9ployer une approche \u00e9prouv\u00e9e pour am\u00e9liorer l\u2019offre et la qualit\u00e9 des soins de sant\u00e9 du NHS dans tous les lits des maisons de retraite.<\/li>\n<\/ul>\n<p>\u00c0 Bristol, dans le North Somerset et le South Gloucestershire, l&#039;accent a \u00e9galement \u00e9t\u00e9 mis sur le soutien aux personnes atteintes de d\u00e9mence et, en 2021-2022, le programme \u00ab\u00a0Bien vieillir\u00a0\u00bb a financ\u00e9 17 projets. Ces projets couvraient de multiples domaines, allant d&#039;un projet de planification anticip\u00e9e des soins men\u00e9 par des cliniciens de soins secondaires \u00e0 un soutien sp\u00e9cialis\u00e9 aux personnes atteintes de d\u00e9mence, pilot\u00e9 par le secteur du b\u00e9n\u00e9volat, de l&#039;\u00e9conomie sociale et solidaire (BSS) et destin\u00e9 \u00e0 des communaut\u00e9s ethniques minoritaires sp\u00e9cifiques.<\/p>\n<h2>Notre impact<\/h2>\n<p>Notre \u00e9quipe d&#039;efficacit\u00e9 clinique a soutenu le programme \u00ab\u00a0Bien vieillir\u00a0\u00bb de Bristol, North Somerset et South Gloucestershire en 2022, apr\u00e8s la s\u00e9lection des projets et l&#039;engagement des fonds. L&#039;\u00e9quipe a notamment particip\u00e9 aux activit\u00e9s suivantes\u00a0:<\/p>\n<ul>\n<li>En collaboration avec des coll\u00e8gues et des chefs de projet des six <a href=\"https:\/\/bnssg.icb.nhs.uk\/health-and-care\/locality-partnerships\/\" rel=\"noopener\">partenariats locaux<\/a> \u00c9laborer un mod\u00e8le de rapport pour tous les projets, afin de rendre compte des activit\u00e9s de la premi\u00e8re ann\u00e9e et des premiers r\u00e9sultats.<\/li>\n<li>Fournir des conseils et des s\u00e9ances d&#039;information aux chefs de projet concernant la compl\u00e9tion des mod\u00e8les de rapports.<\/li>\n<li>Nous collaborons avec l&#039;\u00e9quipe de sant\u00e9 publique de l&#039;Universit\u00e9 de l&#039;Ouest de l&#039;Angleterre (d\u00e9j\u00e0 impliqu\u00e9e dans l&#039;\u00e9valuation de plusieurs projets) afin d&#039;organiser des permanences pour les responsables de projets. En 2023, nous avons \u00e9galement int\u00e9gr\u00e9 cette \u00e9quipe \u00e0 d&#039;autres initiatives du programme \u00ab\u00a0Bien vieillir\u00a0\u00bb men\u00e9es par le partenariat local du nord-ouest de Bristol.<\/li>\n<li>Participer \u00e0 des r\u00e9unions r\u00e9guli\u00e8res de suivi et de contr\u00f4le avec les responsables du programme \u00ab Bien vieillir \u00bb et les responsables des partenariats locaux afin de fournir des conseils et un soutien.<\/li>\n<li>Apporter un soutien aux coll\u00e8gues du service de veille strat\u00e9gique afin de fournir des conseils et des analyses sur les indicateurs d&#039;activit\u00e9 et de r\u00e9sultats.<\/li>\n<\/ul>\n<p>Malgr\u00e9 les difficult\u00e9s li\u00e9es \u00e0 la collaboration avec diff\u00e9rents prestataires et types de projets, des mod\u00e8les de rapports ont \u00e9t\u00e9 utilis\u00e9s pour fournir un retour d&#039;information de qualit\u00e9 au Conseil de soins int\u00e9gr\u00e9s et aux partenariats locaux. Ces rapports ont \u00e9t\u00e9 bien accueillis, assurant la transparence quant \u00e0 l&#039;utilisation des fonds du programme \u00ab\u00a0Bien vieillir\u00a0\u00bb, documentant les progr\u00e8s accomplis et appuyant les prochaines \u00e9tapes de la planification du syst\u00e8me et des partenariats locaux.<\/p>\n  <\/div>\r\n  <\/section><\/div><!-- .assembler_text-module.assembler_module.assembler_text-module_1.assembler_module_1..transparent --><\/div><!-- .assembler_module_area.assembler_module_area_1 --><\/div><!-- .assembler_default-group.assembler_module_group.assembler_default-group_1.assembler_module_group_1  -->","protected":false},"excerpt":{"rendered":"<p>Section titled module-1 Ageing Well Programme reporting The national Ageing Well programme aimed to promote healthier ageing and address inequalities. The plan included three key policy areas: Urgent Community Response &#8211; increase the capacity of intermediate care services to deliver a 2-hour response to those in crisis at home and 2-day response for those needing [&hellip;]<\/p>\n","protected":false},"author":1,"featured_media":0,"parent":32870,"menu_order":0,"comment_status":"closed","ping_status":"closed","template":"","meta":{"_acf_changed":false,"footnotes":""},"tags":[],"class_list":["post-34410","page","type-page","status-publish","hentry"],"acf":[],"_links":{"self":[{"href":"https:\/\/bnssghealthiertogether.org.uk\/fr\/wp-json\/wp\/v2\/pages\/34410","targetHints":{"allow":["GET"]}}],"collection":[{"href":"https:\/\/bnssghealthiertogether.org.uk\/fr\/wp-json\/wp\/v2\/pages"}],"about":[{"href":"https:\/\/bnssghealthiertogether.org.uk\/fr\/wp-json\/wp\/v2\/types\/page"}],"author":[{"embeddable":true,"href":"https:\/\/bnssghealthiertogether.org.uk\/fr\/wp-json\/wp\/v2\/users\/1"}],"replies":[{"embeddable":true,"href":"https:\/\/bnssghealthiertogether.org.uk\/fr\/wp-json\/wp\/v2\/comments?post=34410"}],"version-history":[{"count":3,"href":"https:\/\/bnssghealthiertogether.org.uk\/fr\/wp-json\/wp\/v2\/pages\/34410\/revisions"}],"predecessor-version":[{"id":36070,"href":"https:\/\/bnssghealthiertogether.org.uk\/fr\/wp-json\/wp\/v2\/pages\/34410\/revisions\/36070"}],"up":[{"embeddable":true,"href":"https:\/\/bnssghealthiertogether.org.uk\/fr\/wp-json\/wp\/v2\/pages\/32870"}],"wp:attachment":[{"href":"https:\/\/bnssghealthiertogether.org.uk\/fr\/wp-json\/wp\/v2\/media?parent=34410"}],"wp:term":[{"taxonomy":"post_tag","embeddable":true,"href":"https:\/\/bnssghealthiertogether.org.uk\/fr\/wp-json\/wp\/v2\/tags?post=34410"}],"curies":[{"name":"wp","href":"https:\/\/api.w.org\/{rel}","templated":true}]}}