{"id":34422,"date":"2024-11-26T16:12:05","date_gmt":"2024-11-26T16:12:05","guid":{"rendered":"https:\/\/bnssghealthiertogether.org.uk\/?page_id=34422"},"modified":"2025-01-15T22:34:36","modified_gmt":"2025-01-15T22:34:36","slug":"evaluating-the-impact-of-training-on-screening-for-and-treating-malnutrition","status":"publish","type":"page","link":"https:\/\/bnssghealthiertogether.org.uk\/fr\/integrated-care-board\/research-and-evidence\/impact-case-studies\/evaluating-the-impact-of-training-on-screening-for-and-treating-malnutrition\/","title":{"rendered":"\u00c9valuation de l&#039;impact de la formation sur le d\u00e9pistage et le traitement de la malnutrition"},"content":{"rendered":"<div class=\"assembler_default-group assembler_module_group assembler_default-group_1 assembler_module_group_1\"><div class=\"assembler_module_area assembler_module_area_1\"><div class=\"assembler_text-module assembler_module assembler_text-module_1 assembler_module_1  transparent\"><a tabindex=\"-1\" title=\"Section intitul\u00e9e module-1\" id=\"module-1\" href=\"https:\/\/bnssghealthiertogether.org.uk\/fr\/wp-json\/wp\/v2\/pages\/34422\/#module-1\" class=\"anchor\"><span class=\"hidden\">Section intitul\u00e9e module-1<\/span><\/a><!-- Template found for text-module - Template: template-text - Matched: _only --><section class=\"w-full mx-auto max-w-content pt-12 sm:pt-24 pb-12 sm:pb-24\">\r\n  <div class=\"entry-content w-full !px-0 max-w-small\">\r\n        <h1>\u00c9valuation de l&#039;impact de la formation sur le d\u00e9pistage et le traitement de la malnutrition<\/h1>\n<p><img decoding=\"async\" class=\"alignnone size-medium wp-image-8406\" src=\"https:\/\/bnssghealthiertogether.org.uk\/wp-content\/uploads\/2022\/07\/00869-NHS-CCG.original-300x154.png\" alt=\"Nurse talking to a man wearing a green puff jacket\" width=\"300\" height=\"154\" \/><\/p>\n<p>En 2016, notre <a href=\"https:\/\/bnssg.icb.nhs.uk\/about-us\/research-and-evidence\/\" target=\"_blank\" rel=\"noopener\">\u00c9quipe de recherche<\/a> Nous avons con\u00e7u et administr\u00e9 une enqu\u00eate aupr\u00e8s du personnel de sant\u00e9 communautaire afin d&#039;explorer leur exp\u00e9rience en mati\u00e8re de formation sur la malnutrition et sur la mani\u00e8re de l&#039;identifier chez leurs patients.<\/p>\n<p>L&#039;enqu\u00eate a r\u00e9v\u00e9l\u00e9 que la formation a permis de sensibiliser davantage le personnel de sant\u00e9 communautaire \u00e0 l&#039;importance du d\u00e9pistage de la malnutrition. Ce d\u00e9pistage inclut la prise de mesures de la taille et du poids pour calculer l&#039;indice de masse corporelle (IMC), le signalement des pertes de poids inexpliqu\u00e9es et l&#039;utilisation des recommandations pour \u00e9laborer un plan de soins.<\/p>\n<h2>Notre impact<\/h2>\n<p>La formation a permis au personnel de comprendre l&#039;importance du d\u00e9pistage de la malnutrition et de rep\u00e9rer et corriger l&#039;utilisation inappropri\u00e9e des compl\u00e9ments nutritionnels oraux. Il en a r\u00e9sult\u00e9 une augmentation du nombre de personnes d\u00e9pist\u00e9es pour la malnutrition et de celles qui se voient proposer des conseils ax\u00e9s sur une alimentation saine. Cette approche consiste \u00e0 traiter la malnutrition en privil\u00e9giant les aliments et les boissons nutritifs du quotidien, comme la consommation de collations nutritives entre les repas et l&#039;ajout de produits riches en mati\u00e8res grasses et en sucre aux aliments.<\/p>\n<p>Suite \u00e0 l&#039;\u00e9valuation, le CCG a rendu obligatoire l&#039;utilisation par le prestataire de sant\u00e9 communautaire <a href=\"https:\/\/www.bapen.org.uk\/screening-and-must\/must-calculator\" target=\"_blank\" rel=\"nofollow noopener\">MUST \u2013 l\u2019outil de d\u00e9pistage universel de la malnutrition<\/a>, et des rapports sur les r\u00e9sultats.<\/p>\n  <\/div>\r\n  <\/section><\/div><!-- .assembler_text-module.assembler_module.assembler_text-module_1.assembler_module_1..transparent --><\/div><!-- .assembler_module_area.assembler_module_area_1 --><\/div><!-- .assembler_default-group.assembler_module_group.assembler_default-group_1.assembler_module_group_1  -->","protected":false},"excerpt":{"rendered":"<p>Section titled module-1 Evaluating the impact of training on screening for and treating malnutrition In 2016, our Research Team designed and administered a survey for community health staff, to explore their experiences of receiving training on malnutrition, and how to identify it in their patients. The survey found that the training increased community health staff\u2019s [&hellip;]<\/p>\n","protected":false},"author":1,"featured_media":0,"parent":32870,"menu_order":0,"comment_status":"closed","ping_status":"closed","template":"","meta":{"_acf_changed":false,"footnotes":""},"tags":[],"class_list":["post-34422","page","type-page","status-publish","hentry"],"acf":[],"_links":{"self":[{"href":"https:\/\/bnssghealthiertogether.org.uk\/fr\/wp-json\/wp\/v2\/pages\/34422","targetHints":{"allow":["GET"]}}],"collection":[{"href":"https:\/\/bnssghealthiertogether.org.uk\/fr\/wp-json\/wp\/v2\/pages"}],"about":[{"href":"https:\/\/bnssghealthiertogether.org.uk\/fr\/wp-json\/wp\/v2\/types\/page"}],"author":[{"embeddable":true,"href":"https:\/\/bnssghealthiertogether.org.uk\/fr\/wp-json\/wp\/v2\/users\/1"}],"replies":[{"embeddable":true,"href":"https:\/\/bnssghealthiertogether.org.uk\/fr\/wp-json\/wp\/v2\/comments?post=34422"}],"version-history":[{"count":3,"href":"https:\/\/bnssghealthiertogether.org.uk\/fr\/wp-json\/wp\/v2\/pages\/34422\/revisions"}],"predecessor-version":[{"id":36076,"href":"https:\/\/bnssghealthiertogether.org.uk\/fr\/wp-json\/wp\/v2\/pages\/34422\/revisions\/36076"}],"up":[{"embeddable":true,"href":"https:\/\/bnssghealthiertogether.org.uk\/fr\/wp-json\/wp\/v2\/pages\/32870"}],"wp:attachment":[{"href":"https:\/\/bnssghealthiertogether.org.uk\/fr\/wp-json\/wp\/v2\/media?parent=34422"}],"wp:term":[{"taxonomy":"post_tag","embeddable":true,"href":"https:\/\/bnssghealthiertogether.org.uk\/fr\/wp-json\/wp\/v2\/tags?post=34422"}],"curies":[{"name":"wp","href":"https:\/\/api.w.org\/{rel}","templated":true}]}}