{"id":34432,"date":"2024-11-26T16:17:34","date_gmt":"2024-11-26T16:17:34","guid":{"rendered":"https:\/\/bnssghealthiertogether.org.uk\/?page_id=34432"},"modified":"2025-01-15T22:49:16","modified_gmt":"2025-01-15T22:49:16","slug":"improving-mental-health-services-for-adults-with-attention-deficit-hyperactivity-disorder-adhd","status":"publish","type":"page","link":"https:\/\/bnssghealthiertogether.org.uk\/fr\/integrated-care-board\/research-and-evidence\/impact-case-studies\/improving-mental-health-services-for-adults-with-attention-deficit-hyperactivity-disorder-adhd\/","title":{"rendered":"Am\u00e9liorer les services de sant\u00e9 mentale pour les adultes atteints de trouble d\u00e9ficitaire de l&#039;attention avec hyperactivit\u00e9 (TDAH)"},"content":{"rendered":"<div class=\"assembler_default-group assembler_module_group assembler_default-group_1 assembler_module_group_1\"><div class=\"assembler_module_area assembler_module_area_1\"><div class=\"assembler_text-module assembler_module assembler_text-module_1 assembler_module_1  transparent\"><a tabindex=\"-1\" title=\"Section intitul\u00e9e module-1\" id=\"module-1\" href=\"https:\/\/bnssghealthiertogether.org.uk\/fr\/wp-json\/wp\/v2\/pages\/34432\/#module-1\" class=\"anchor\"><span class=\"hidden\">Section intitul\u00e9e module-1<\/span><\/a><!-- Template found for text-module - Template: template-text - Matched: _only --><section class=\"w-full mx-auto max-w-content pt-12 sm:pt-24 pb-12 sm:pb-24\">\r\n  <div class=\"entry-content w-full !px-0 max-w-small\">\r\n        <h1>Am\u00e9liorer les services de sant\u00e9 mentale pour les adultes atteints de trouble d\u00e9ficitaire de l&#039;attention avec hyperactivit\u00e9 (TDAH)<\/h1>\n<p><img decoding=\"async\" class=\"alignnone size-medium wp-image-8399\" src=\"https:\/\/bnssghealthiertogether.org.uk\/wp-content\/uploads\/2022\/07\/People_chatting3.original-300x154.png\" alt=\"A man and woman sitting opposite each other with coffee in front of them, chatting\" width=\"300\" height=\"154\" \/><\/p>\n<p>Le service TDAH de Bristol propose des \u00e9valuations, des diagnostics et des prescriptions aux adultes atteints de TDAH. Ce service a \u00e9t\u00e9 cr\u00e9\u00e9 pour r\u00e9pondre aux besoins d&#039;un nombre croissant de jeunes adultes quittant les services de sant\u00e9 mentale pour enfants et adultes et n\u00e9cessitant un suivi pour leur TDAH. Il s&#039;adresse \u00e9galement aux adultes qui pourraient b\u00e9n\u00e9ficier d&#039;un traitement pour leur TDAH mais n&#039;en ont jamais re\u00e7u auparavant.<\/p>\n<p>Cependant, suite \u00e0 sa mise en place, le besoin de traitements m\u00e9dicamenteux continus et le manque de soins partag\u00e9s ont entra\u00een\u00e9 une augmentation du nombre de cas et de tr\u00e8s longs d\u00e9lais d&#039;attente pour acc\u00e9der au traitement.<\/p>\n<p>Nous avons entrepris de revoir le service, dans le but de r\u00e9duire les longs temps d&#039;attente et d&#039;am\u00e9liorer le d\u00e9bit.<\/p>\n<h2>Ce que nous avons fait<\/h2>\n<p>En 2018, l&#039;ICB <a href=\"https:\/\/bnssghealthiertogether.org.uk\/fr\/integrated-care-board\/research-and-evidence\/\" target=\"_blank\" rel=\"noopener\">\u00c9quipe d&#039;efficacit\u00e9 clinique et de recherche<\/a> Nous avons examin\u00e9 les donn\u00e9es probantes sur la pr\u00e9valence g\u00e9n\u00e9rale et les taux de diagnostic du TDAH chez les adultes, ainsi que les pratiques exemplaires. Cela comprenait les diff\u00e9rents mod\u00e8les de services adopt\u00e9s par d&#039;autres localit\u00e9s.<\/p>\n<p>L\u2019analyse des donn\u00e9es probantes a permis d\u2019identifier plusieurs mod\u00e8les de services durables et rentables pour les services destin\u00e9s aux adultes atteints de TDAH ailleurs au Royaume-Uni, et a \u00e9galement mis en \u00e9vidence la sous-reconnaissance et le sous-diagnostic chroniques du TDAH chez les adultes au Royaume-Uni.<\/p>\n<h2>Notre impact<\/h2>\n<p>En collaboration avec nos coll\u00e8gues de notre service local de sant\u00e9 mentale, nous avons utilis\u00e9 les conclusions de l&#039;analyse des donn\u00e9es probantes pour \u00e9laborer un nouveau mod\u00e8le de service. Celui-ci devrait transformer radicalement le service et r\u00e9duire les d\u00e9lais d&#039;attente.<\/p>\n  <\/div>\r\n  <\/section><\/div><!-- .assembler_text-module.assembler_module.assembler_text-module_1.assembler_module_1..transparent --><\/div><!-- .assembler_module_area.assembler_module_area_1 --><\/div><!-- .assembler_default-group.assembler_module_group.assembler_default-group_1.assembler_module_group_1  -->","protected":false},"excerpt":{"rendered":"<p>Section titled module-1 Improving mental health services for adults with Attention Deficit Hyperactivity Disorder (ADHD) The Bristol ADHD Service provides assessment, diagnosis and prescribing services for adults with ADHD. The service was established to meet the needs of a growing group of young adults who were leaving Child and Adult Mental Health Services with an [&hellip;]<\/p>\n","protected":false},"author":1,"featured_media":0,"parent":32870,"menu_order":0,"comment_status":"closed","ping_status":"closed","template":"","meta":{"_acf_changed":false,"footnotes":""},"tags":[],"class_list":["post-34432","page","type-page","status-publish","hentry"],"acf":[],"_links":{"self":[{"href":"https:\/\/bnssghealthiertogether.org.uk\/fr\/wp-json\/wp\/v2\/pages\/34432","targetHints":{"allow":["GET"]}}],"collection":[{"href":"https:\/\/bnssghealthiertogether.org.uk\/fr\/wp-json\/wp\/v2\/pages"}],"about":[{"href":"https:\/\/bnssghealthiertogether.org.uk\/fr\/wp-json\/wp\/v2\/types\/page"}],"author":[{"embeddable":true,"href":"https:\/\/bnssghealthiertogether.org.uk\/fr\/wp-json\/wp\/v2\/users\/1"}],"replies":[{"embeddable":true,"href":"https:\/\/bnssghealthiertogether.org.uk\/fr\/wp-json\/wp\/v2\/comments?post=34432"}],"version-history":[{"count":4,"href":"https:\/\/bnssghealthiertogether.org.uk\/fr\/wp-json\/wp\/v2\/pages\/34432\/revisions"}],"predecessor-version":[{"id":36081,"href":"https:\/\/bnssghealthiertogether.org.uk\/fr\/wp-json\/wp\/v2\/pages\/34432\/revisions\/36081"}],"up":[{"embeddable":true,"href":"https:\/\/bnssghealthiertogether.org.uk\/fr\/wp-json\/wp\/v2\/pages\/32870"}],"wp:attachment":[{"href":"https:\/\/bnssghealthiertogether.org.uk\/fr\/wp-json\/wp\/v2\/media?parent=34432"}],"wp:term":[{"taxonomy":"post_tag","embeddable":true,"href":"https:\/\/bnssghealthiertogether.org.uk\/fr\/wp-json\/wp\/v2\/tags?post=34432"}],"curies":[{"name":"wp","href":"https:\/\/api.w.org\/{rel}","templated":true}]}}