{"id":34448,"date":"2024-11-26T16:24:21","date_gmt":"2024-11-26T16:24:21","guid":{"rendered":"https:\/\/bnssghealthiertogether.org.uk\/?page_id=34448"},"modified":"2025-01-15T23:02:26","modified_gmt":"2025-01-15T23:02:26","slug":"winter-planning-and-gp-access","status":"publish","type":"page","link":"https:\/\/bnssghealthiertogether.org.uk\/fr\/integrated-care-board\/research-and-evidence\/impact-case-studies\/winter-planning-and-gp-access\/","title":{"rendered":"Planification hivernale et acc\u00e8s au m\u00e9decin g\u00e9n\u00e9raliste"},"content":{"rendered":"<div class=\"assembler_default-group assembler_module_group assembler_default-group_1 assembler_module_group_1\"><div class=\"assembler_module_area assembler_module_area_1\"><div class=\"assembler_text-module assembler_module assembler_text-module_1 assembler_module_1  transparent\"><a tabindex=\"-1\" title=\"Section intitul\u00e9e module-1\" id=\"module-1\" href=\"https:\/\/bnssghealthiertogether.org.uk\/fr\/wp-json\/wp\/v2\/pages\/34448\/#module-1\" class=\"anchor\"><span class=\"hidden\">Section intitul\u00e9e module-1<\/span><\/a><!-- Template found for text-module - Template: template-text - Matched: _only --><section class=\"w-full mx-auto max-w-content pt-12 sm:pt-24 pb-12 sm:pb-24\">\r\n  <div class=\"entry-content w-full !px-0 max-w-small\">\r\n        <h1>Planification hivernale et acc\u00e8s au m\u00e9decin g\u00e9n\u00e9raliste<\/h1>\n<p><img decoding=\"async\" class=\"alignnone size-medium wp-image-8423\" src=\"https:\/\/bnssghealthiertogether.org.uk\/wp-content\/uploads\/2022\/07\/01079-NHS-CCG.original-300x154.png\" alt=\"Doctors and nurses looking at a computer screen in a busy A&amp;E\" width=\"300\" height=\"154\" \/><\/p>\n<p>Le NHS a \u00e9t\u00e9 confront\u00e9 \u00e0 un hiver tr\u00e8s difficile en 2016\/17. Les conditions m\u00e9t\u00e9orologiques d\u00e9favorables de l'hiver ont exerc\u00e9 une pression suppl\u00e9mentaire sur les services en raison d'une augmentation des accidents, d'un plus grand nombre d'hospitalisations d'urgence pour des maladies cardiovasculaires et respiratoires et d'une augmentation de la grippe et des norovirus.<\/p>\n<p>L&#039;ICB<a href=\"https:\/\/bnssghealthiertogether.org.uk\/fr\/integrated-care-board\/research-and-evidence\/\" target=\"_blank\" rel=\"noopener\">\u00a0\u00c9quipe d&#039;efficacit\u00e9 clinique et de recherche<\/a> a examin\u00e9 les donn\u00e9es relatives \u00e0 la planification hivernale et \u00e0 l'acc\u00e8s aux m\u00e9decins g\u00e9n\u00e9ralistes, afin de d\u00e9terminer si l'am\u00e9lioration de l'acc\u00e8s aux m\u00e9decins g\u00e9n\u00e9ralistes pouvait r\u00e9duire les consultations aux urgences et les admissions \u00e0 l'h\u00f4pital.<\/p>\n<h2>Notre impact<\/h2>\n<p>Nous avons constat\u00e9 que l'am\u00e9lioration de l'acc\u00e8s aux m\u00e9decins g\u00e9n\u00e9ralistes, y compris l'ouverture sept jours sur sept, l'acc\u00e8s en dehors des heures de travail, les rendez-vous dans les deux jours et la continuit\u00e9 des soins sont li\u00e9s \u00e0 la r\u00e9duction des visites aux services d'urgence et, dans certains cas, des hospitalisations qui s'ensuivent.<\/p>\n<p>L'examen des donn\u00e9es a \u00e9t\u00e9 utilis\u00e9 par les responsables de la mise en service clinique pour prendre des d\u00e9cisions sur les services hivernaux 2017\/18. Elle a permis d'identifier les services \u00e0 mettre en place dans des zones sp\u00e9cifiques, afin de r\u00e9duire les consultations aux urgences et les admissions \u00e0 l'h\u00f4pital pendant les mois d'hiver.<\/p>\n  <\/div>\r\n  <\/section><\/div><!-- .assembler_text-module.assembler_module.assembler_text-module_1.assembler_module_1..transparent --><\/div><!-- .assembler_module_area.assembler_module_area_1 --><\/div><!-- .assembler_default-group.assembler_module_group.assembler_default-group_1.assembler_module_group_1  -->","protected":false},"excerpt":{"rendered":"<p>Section titled module-1 Winter planning and GP access The NHS faced a very challenging winter in 2016\/17. Adverse weather conditions over winter put extra pressure on services due to increased accidents, more emergency hospital admissions for cardiovascular and respiratory diseases and a rise in flu and norovirus. The ICB\u00a0Clinical Effectiveness &amp; Research Team reviewed the [&hellip;]<\/p>\n","protected":false},"author":1,"featured_media":0,"parent":32870,"menu_order":0,"comment_status":"closed","ping_status":"closed","template":"","meta":{"_acf_changed":false,"footnotes":""},"tags":[],"class_list":["post-34448","page","type-page","status-publish","hentry"],"acf":[],"_links":{"self":[{"href":"https:\/\/bnssghealthiertogether.org.uk\/fr\/wp-json\/wp\/v2\/pages\/34448","targetHints":{"allow":["GET"]}}],"collection":[{"href":"https:\/\/bnssghealthiertogether.org.uk\/fr\/wp-json\/wp\/v2\/pages"}],"about":[{"href":"https:\/\/bnssghealthiertogether.org.uk\/fr\/wp-json\/wp\/v2\/types\/page"}],"author":[{"embeddable":true,"href":"https:\/\/bnssghealthiertogether.org.uk\/fr\/wp-json\/wp\/v2\/users\/1"}],"replies":[{"embeddable":true,"href":"https:\/\/bnssghealthiertogether.org.uk\/fr\/wp-json\/wp\/v2\/comments?post=34448"}],"version-history":[{"count":3,"href":"https:\/\/bnssghealthiertogether.org.uk\/fr\/wp-json\/wp\/v2\/pages\/34448\/revisions"}],"predecessor-version":[{"id":36090,"href":"https:\/\/bnssghealthiertogether.org.uk\/fr\/wp-json\/wp\/v2\/pages\/34448\/revisions\/36090"}],"up":[{"embeddable":true,"href":"https:\/\/bnssghealthiertogether.org.uk\/fr\/wp-json\/wp\/v2\/pages\/32870"}],"wp:attachment":[{"href":"https:\/\/bnssghealthiertogether.org.uk\/fr\/wp-json\/wp\/v2\/media?parent=34448"}],"wp:term":[{"taxonomy":"post_tag","embeddable":true,"href":"https:\/\/bnssghealthiertogether.org.uk\/fr\/wp-json\/wp\/v2\/tags?post=34448"}],"curies":[{"name":"wp","href":"https:\/\/api.w.org\/{rel}","templated":true}]}}