{"id":34492,"date":"2024-11-26T16:38:28","date_gmt":"2024-11-26T16:38:28","guid":{"rendered":"https:\/\/bnssghealthiertogether.org.uk\/?page_id=34492"},"modified":"2025-01-16T13:19:03","modified_gmt":"2025-01-16T13:19:03","slug":"heart-failure-and-participation-in-physical-activity-the-happy-study","status":"publish","type":"page","link":"https:\/\/bnssghealthiertogether.org.uk\/fr\/integrated-care-board\/research-and-evidence\/our-research-portfolio\/nihr-funded-projects\/heart-failure-and-participation-in-physical-activity-the-happy-study\/","title":{"rendered":"Heart failure And Participation in Physical activitY (the HAPPY study)."},"content":{"rendered":"<div class=\"assembler_default-group assembler_module_group assembler_default-group_1 assembler_module_group_1\"><div class=\"assembler_module_area assembler_module_area_1\"><div class=\"assembler_text-module assembler_module assembler_text-module_1 assembler_module_1  transparent\"><a tabindex=\"-1\" title=\"Section intitul\u00e9e module-1\" id=\"module-1\" href=\"https:\/\/bnssghealthiertogether.org.uk\/fr\/wp-json\/wp\/v2\/pages\/34492\/#module-1\" class=\"anchor\"><span class=\"hidden\">Section intitul\u00e9e module-1<\/span><\/a><!-- Template found for text-module - Template: template-text - Matched: _only --><section class=\"w-full mx-auto max-w-content pt-12 sm:pt-24 pb-12 sm:pb-24\">\r\n  <div class=\"entry-content w-full !px-0 max-w-small\">\r\n        <h1>Heart failure And Participation in Physical activitY (the HAPPY study)<\/h1>\n<p>&nbsp;<\/p>\n<h2>Financement<\/h2>\n<p>This project is funded by the National Institute for Health and Care Research (NIHR) &#8211; Research for Patient Patient (RfPB) funding stream: NIHR203155.<\/p>\n<h2>What\u2019s the research question?<\/h2>\n<p>What will help people with heart failure to support themselves and be supported by their family, friends and health professionals to boost their physical activity?<\/p>\n<h2>Quel est le probl\u00e8me ?<\/h2>\n<p>Heart failure affects nearly a million people across the UK. It can happen at any age but is most common in older people.<\/p>\n<p>Heart failure means the heart can&#8217;t pump blood around the body well enough. Common effects are breathlessness, tiredness, palpitations and ankle swelling. Everyone\u2019s experiences are slightly different.<\/p>\n<p>We know that physical activity can help people with heart failure to increase their fitness levels and improve their mood. Physical activity can mean exercise classes and everyday things like dog walking or gardening.<\/p>\n<p>One of the concerns of people with heart failure is not feeling confident in how much and what type of physical activity they should do. People want to keep themselves healthy but don&#8217;t get clear information about physical activity. Doctors also say they are unsure how best to advise their patients.<\/p>\n<h2>Quel est l&#039;objectif de la recherche ?<\/h2>\n<p>To support people with heart failure to engage in the right amount of physical activity for their health and wellbeing.<\/p>\n<h2>Comment cela sera-t-il r\u00e9alis\u00e9 ?<\/h2>\n<p>The study team will review the current literature focusing on a synthesis of the views and experiences of physical activity amongst people with heart failure.<\/p>\n<p>They will also look at the advice provided on charity websites on physical activity and heart-related conditions.<\/p>\n<p>The team will then use this evidence to develop a logic model which can be used to guide discussions and improve physical activity services for people with heart failure and related conditions.<\/p>\n<h2>Qui dirige la recherche ?<\/h2>\n<p><a href=\"https:\/\/research-information.bris.ac.uk\/en\/persons\/alyson-l-huntley\" rel=\"noopener\">Dr Alyson Huntley<\/a>, Senior Research Fellow in Evidence Synthesis, Bristol Medical School (PHS) Bristol Population Health Science Institute.<\/p>\n<h2>Informations compl\u00e9mentaires<\/h2>\n<p>Pour plus d&#039;informations ou pour participer \u00e0 ce projet, veuillez envoyer un courriel. <a href=\"mailto:bnssg.research@nhs.net\">bnssg.research@nhs.net<\/a>.<\/p>\n<p>Les opinions exprim\u00e9es sont celles de l&#039;auteur (ou des auteurs) et ne refl\u00e8tent pas n\u00e9cessairement celles du NIHR ou du minist\u00e8re de la Sant\u00e9 et des Affaires sociales.<\/p>\n  <\/div>\r\n  <\/section><\/div><!-- .assembler_text-module.assembler_module.assembler_text-module_1.assembler_module_1..transparent --><\/div><!-- .assembler_module_area.assembler_module_area_1 --><\/div><!-- .assembler_default-group.assembler_module_group.assembler_default-group_1.assembler_module_group_1  -->","protected":false},"excerpt":{"rendered":"<p>Section titled module-1 Heart failure And Participation in Physical activitY (the HAPPY study) &nbsp; Funding This project is funded by the National Institute for Health and Care Research (NIHR) &#8211; Research for Patient Patient (RfPB) funding stream: NIHR203155. What\u2019s the research question? What will help people with heart failure to support themselves and be supported [&hellip;]<\/p>\n","protected":false},"author":1,"featured_media":0,"parent":32881,"menu_order":0,"comment_status":"closed","ping_status":"closed","template":"","meta":{"_acf_changed":false,"footnotes":""},"tags":[],"class_list":["post-34492","page","type-page","status-publish","hentry"],"acf":[],"_links":{"self":[{"href":"https:\/\/bnssghealthiertogether.org.uk\/fr\/wp-json\/wp\/v2\/pages\/34492","targetHints":{"allow":["GET"]}}],"collection":[{"href":"https:\/\/bnssghealthiertogether.org.uk\/fr\/wp-json\/wp\/v2\/pages"}],"about":[{"href":"https:\/\/bnssghealthiertogether.org.uk\/fr\/wp-json\/wp\/v2\/types\/page"}],"author":[{"embeddable":true,"href":"https:\/\/bnssghealthiertogether.org.uk\/fr\/wp-json\/wp\/v2\/users\/1"}],"replies":[{"embeddable":true,"href":"https:\/\/bnssghealthiertogether.org.uk\/fr\/wp-json\/wp\/v2\/comments?post=34492"}],"version-history":[{"count":5,"href":"https:\/\/bnssghealthiertogether.org.uk\/fr\/wp-json\/wp\/v2\/pages\/34492\/revisions"}],"predecessor-version":[{"id":36125,"href":"https:\/\/bnssghealthiertogether.org.uk\/fr\/wp-json\/wp\/v2\/pages\/34492\/revisions\/36125"}],"up":[{"embeddable":true,"href":"https:\/\/bnssghealthiertogether.org.uk\/fr\/wp-json\/wp\/v2\/pages\/32881"}],"wp:attachment":[{"href":"https:\/\/bnssghealthiertogether.org.uk\/fr\/wp-json\/wp\/v2\/media?parent=34492"}],"wp:term":[{"taxonomy":"post_tag","embeddable":true,"href":"https:\/\/bnssghealthiertogether.org.uk\/fr\/wp-json\/wp\/v2\/tags?post=34492"}],"curies":[{"name":"wp","href":"https:\/\/api.w.org\/{rel}","templated":true}]}}