{"id":34495,"date":"2024-11-26T16:38:54","date_gmt":"2024-11-26T16:38:54","guid":{"rendered":"https:\/\/bnssghealthiertogether.org.uk\/?page_id=34495"},"modified":"2025-01-16T21:47:18","modified_gmt":"2025-01-16T21:47:18","slug":"imppp-improving-medicines-use-in-people-with-polypharmacy-in-primary-care","status":"publish","type":"page","link":"https:\/\/bnssghealthiertogether.org.uk\/fr\/integrated-care-board\/research-and-evidence\/our-research-portfolio\/nihr-funded-projects\/imppp-improving-medicines-use-in-people-with-polypharmacy-in-primary-care\/","title":{"rendered":"IMPPP: Improving Medicines use in People with Polypharmacy in Primary Care"},"content":{"rendered":"<div class=\"assembler_default-group assembler_module_group assembler_default-group_1 assembler_module_group_1\"><div class=\"assembler_module_area assembler_module_area_1\"><div class=\"assembler_text-module assembler_module assembler_text-module_1 assembler_module_1  transparent\"><a tabindex=\"-1\" title=\"Section intitul\u00e9e module-1\" id=\"module-1\" href=\"https:\/\/bnssghealthiertogether.org.uk\/fr\/wp-json\/wp\/v2\/pages\/34495\/#module-1\" class=\"anchor\"><span class=\"hidden\">Section intitul\u00e9e module-1<\/span><\/a><!-- Template found for text-module - Template: template-text - Matched: _only --><section class=\"w-full mx-auto max-w-content pt-12 sm:pt-24 pb-12 sm:pb-24\">\r\n  <div class=\"entry-content w-full !px-0 max-w-small\">\r\n        <header class=\"local_header\">\n<div class=\"local_header__inner\">\n<h1 class=\"local_header__title\">IMPPP: Improving Medicines use in People with Polypharmacy in Primary Care<\/h1>\n<\/div>\n<\/header>\n<article class=\"page_content\">\n<h2><\/h2>\n<h2 class=\"page_content__inner\">Financement<\/h2>\n<\/article>\n<p>National Institute for Health (NIHR) Health Service &amp; Delivery Research (HS&amp;DR) Ref. 16\/118\/14<\/p>\n<h2>Quelle est la question de recherche ?<\/h2>\n<p>Can we develop and evaluate an intervention to optimise medication use for patients with polypharmacy in a general practice setting?<\/p>\n<h2>Quel est le probl\u00e8me ?<\/h2>\n<p>Prescribing medicines is one of the most important things doctors do to treat illness and improve people&#8217;s health.<\/p>\n<p>The UK population is steadily ageing and people often have more than one health problem. This means more people are taking multiple medicines, which is called polypharmacy.<\/p>\n<p>Polypharmacy is often necessary to help a person keep well but it can also cause problems such as side effects or confusion about exactly what medicines are to be taken and when.<\/p>\n<p>We need to find ways of improving the use of medicines in people with polypharmacy so we can reduce some of these problems. However, there is no good scientific evidence to help healthcare professionals decide how to do this.<\/p>\n<h2>Quel est l&#039;objectif de la recherche ?<\/h2>\n<p>This project aims to create an effective approach for improving the use of medicines in people with polypharmacy attending general practice.<\/p>\n<p>We will develop a new approach (called IMPPP) to improve how we manage polypharmacy.<\/p>\n<p>IMPPP will improve how GP surgeries organise reviews of medicines for patients. It will encourage better care by providing GPs with training, payments, and information about how well their practice is performing.<\/p>\n<p>It will use a new computer program to help GPs and pharmacists make the right decisions about medicines. Patients\u2019 concerns and wishes about their medicines will remain central.<\/p>\n<p>This research will provide us with valuable information about which people with polypharmacy might benefit most from having improvements made to their medicines, and tell us what approaches work best for improving the use of medicines in people with polypharmacy.<\/p>\n<h2>Comment cela sera-t-il r\u00e9alis\u00e9 ?<\/h2>\n<p>Our project has 3 parts:<\/p>\n<ol>\n<li>Firstly, we will speak to healthcare professionals and patients with experience of a similar approach used in Scotland. We will use prescribing data gathered by the Scottish GP computer systems to help us understand which people with polypharmacy will benefit most from improved care. We will use this information to design the new IMPPP method, with the help of patients and other experts.<\/li>\n<li>Secondly, we will test IMPPP in 3 Bristol-based GP surgeries. We will interview individuals in these surgeries to find out about any problems with IMPPP so we can improve it.<\/li>\n<li>Thirdly, we will carry out a clinical trial in Bristol and Staffordshire. The trial will compare 27 surgeries using IMPPP to 27 surgeries using current, normal practice. We will check whether IMPPP results improved medicines safety, less use of health services, quality of life and less burden of treatment for the patients involved. We will also check whether IMPPP is acceptable to patients, doctors and pharmacists, and will find out the cost implications of IMPPP for the NHS.<\/li>\n<\/ol>\n<h2>Qui dirige la recherche ?<\/h2>\n<p>Dr Rupert Payne, ma\u00eetre de conf\u00e9rences consultant en soins de sant\u00e9 primaires, Centre de soins primaires universitaires, Sciences de la sant\u00e9 des populations, Universit\u00e9 de Bristol.<\/p>\n<h2>Informations compl\u00e9mentaires\u00a0:<\/h2>\n<p><a href=\"http:\/\/www.bristol.ac.uk\/primaryhealthcare\/researchthemes\/imppp\/about-imppp\/\" target=\"_blank\" rel=\"nofollow noopener\">About IMPPP<\/a><\/p>\n<p>Pour plus d&#039;informations ou pour participer \u00e0 ce projet, veuillez envoyer un courriel. <a href=\"mailto:bnssg.research@nhs.net\" target=\"_blank\" rel=\"noopener\">bnssg.research@nhs.net<\/a>.<\/p>\n<p>Les opinions exprim\u00e9es sont celles de l&#039;auteur (ou des auteurs) et ne refl\u00e8tent pas n\u00e9cessairement celles du NIHR ou du minist\u00e8re de la Sant\u00e9 et des Affaires sociales.<\/p>\n  <\/div>\r\n  <\/section><\/div><!-- .assembler_text-module.assembler_module.assembler_text-module_1.assembler_module_1..transparent --><\/div><!-- .assembler_module_area.assembler_module_area_1 --><\/div><!-- .assembler_default-group.assembler_module_group.assembler_default-group_1.assembler_module_group_1  -->","protected":false},"excerpt":{"rendered":"<p>Section titled module-1 IMPPP: Improving Medicines use in People with Polypharmacy in Primary Care Funding National Institute for Health (NIHR) Health Service &amp; Delivery Research (HS&amp;DR) Ref. 16\/118\/14 What is the research question? Can we develop and evaluate an intervention to optimise medication use for patients with polypharmacy in a general practice setting? What is [&hellip;]<\/p>\n","protected":false},"author":1,"featured_media":0,"parent":32881,"menu_order":0,"comment_status":"closed","ping_status":"closed","template":"","meta":{"_acf_changed":false,"footnotes":""},"tags":[],"class_list":["post-34495","page","type-page","status-publish","hentry"],"acf":[],"_links":{"self":[{"href":"https:\/\/bnssghealthiertogether.org.uk\/fr\/wp-json\/wp\/v2\/pages\/34495","targetHints":{"allow":["GET"]}}],"collection":[{"href":"https:\/\/bnssghealthiertogether.org.uk\/fr\/wp-json\/wp\/v2\/pages"}],"about":[{"href":"https:\/\/bnssghealthiertogether.org.uk\/fr\/wp-json\/wp\/v2\/types\/page"}],"author":[{"embeddable":true,"href":"https:\/\/bnssghealthiertogether.org.uk\/fr\/wp-json\/wp\/v2\/users\/1"}],"replies":[{"embeddable":true,"href":"https:\/\/bnssghealthiertogether.org.uk\/fr\/wp-json\/wp\/v2\/comments?post=34495"}],"version-history":[{"count":3,"href":"https:\/\/bnssghealthiertogether.org.uk\/fr\/wp-json\/wp\/v2\/pages\/34495\/revisions"}],"predecessor-version":[{"id":36158,"href":"https:\/\/bnssghealthiertogether.org.uk\/fr\/wp-json\/wp\/v2\/pages\/34495\/revisions\/36158"}],"up":[{"embeddable":true,"href":"https:\/\/bnssghealthiertogether.org.uk\/fr\/wp-json\/wp\/v2\/pages\/32881"}],"wp:attachment":[{"href":"https:\/\/bnssghealthiertogether.org.uk\/fr\/wp-json\/wp\/v2\/media?parent=34495"}],"wp:term":[{"taxonomy":"post_tag","embeddable":true,"href":"https:\/\/bnssghealthiertogether.org.uk\/fr\/wp-json\/wp\/v2\/tags?post=34495"}],"curies":[{"name":"wp","href":"https:\/\/api.w.org\/{rel}","templated":true}]}}