{"id":34498,"date":"2024-11-26T16:39:19","date_gmt":"2024-11-26T16:39:19","guid":{"rendered":"https:\/\/bnssghealthiertogether.org.uk\/?page_id=34498"},"modified":"2025-01-16T21:51:35","modified_gmt":"2025-01-16T21:51:35","slug":"improving-primary-care-antibiotic-prescribing-to-reduce-antibiotic-resistant-urine-infections-the-ipap-uti-programme","status":"publish","type":"page","link":"https:\/\/bnssghealthiertogether.org.uk\/fr\/integrated-care-board\/research-and-evidence\/our-research-portfolio\/nihr-funded-projects\/improving-primary-care-antibiotic-prescribing-to-reduce-antibiotic-resistant-urine-infections-the-ipap-uti-programme\/","title":{"rendered":"Am\u00e9liorer la prescription d&#039;antibiotiques en soins primaires pour r\u00e9duire les infections urinaires r\u00e9sistantes aux antibiotiques\u00a0: le programme IPAP-UTI"},"content":{"rendered":"<div class=\"assembler_default-group assembler_module_group assembler_default-group_1 assembler_module_group_1\"><div class=\"assembler_module_area assembler_module_area_1\"><div class=\"assembler_text-module assembler_module assembler_text-module_1 assembler_module_1  transparent\"><a tabindex=\"-1\" title=\"Section intitul\u00e9e module-1\" id=\"module-1\" href=\"https:\/\/bnssghealthiertogether.org.uk\/fr\/wp-json\/wp\/v2\/pages\/34498\/#module-1\" class=\"anchor\"><span class=\"hidden\">Section intitul\u00e9e module-1<\/span><\/a><!-- Template found for text-module - Template: template-text - Matched: _only --><section class=\"w-full mx-auto max-w-content pt-12 sm:pt-24 pb-12 sm:pb-24\">\r\n  <div class=\"entry-content w-full !px-0 max-w-small\">\r\n        <h1>Am\u00e9liorer la prescription d\u2019antibiotiques en soins primaires pour r\u00e9duire les infections urinaires r\u00e9sistantes aux antibiotiques\u00a0: le programme IPAP-UTI.<\/h1>\n<article class=\"page_content\">\n<h2><\/h2>\n<h2 class=\"page_content__inner\">Financement<\/h2>\n<\/article>\n<p>Institut national de recherche en sant\u00e9 et soins (NIHR) Programme de subventions pour la recherche appliqu\u00e9e (PGfAR) R\u00e9f. NIHR204400.<\/p>\n<h2>Quel est le probl\u00e8me ?<\/h2>\n<p>La r\u00e9sistance aux antimicrobiens (RAM) constitue une grave menace pour la sant\u00e9. Si nous n&#039;agissons pas, les bact\u00e9ries deviendront de plus en plus r\u00e9sistantes aux antibiotiques, jusqu&#039;\u00e0 ce que les infections deviennent incurables. D&#039;ici 2050, certains scientifiques pr\u00e9voient que les infections li\u00e9es \u00e0 la RAM feront plus de victimes que le cancer.<\/p>\n<p>Les infections urinaires sont l&#039;infection bact\u00e9rienne la plus courante trait\u00e9e au sein du NHS, principalement \u00e0 l&#039;aide d&#039;antibiotiques prescrits par les m\u00e9decins g\u00e9n\u00e9ralistes et les infirmi\u00e8res en soins primaires.<\/p>\n<p>Jusqu&#039;\u00e0 501\u00a0000\u00a0000 de bact\u00e9ries responsables d&#039;infections urinaires sont r\u00e9sistantes \u00e0 au moins un antibiotique, ce qui signifie que cet antibiotique n&#039;est plus efficace. Par cons\u00e9quent, les personnes atteintes peuvent d\u00e9velopper des infections plus longues et plus graves, et n\u00e9cessiter des traitements antibiotiques plus fr\u00e9quents.<\/p>\n<p>Les m\u00e9decins g\u00e9n\u00e9ralistes et les infirmi\u00e8res ont \u00e9t\u00e9 incit\u00e9s \u00e0 prescrire de la nitrofuranto\u00efne plut\u00f4t que du trim\u00e9thoprime (deux antibiotiques de premi\u00e8re intention recommand\u00e9s pour les infections urinaires). Certaines \u00e9tudes sugg\u00e8rent que cette pratique a permis de r\u00e9duire les taux de r\u00e9sistance aux antimicrobiens (RAM) du trim\u00e9thoprime, mais pourrait avoir entra\u00een\u00e9 une augmentation des taux de RAM pour d&#039;autres antibiotiques.<\/p>\n<p>Ces r\u00e9sultats am\u00e8nent les d\u00e9cideurs politiques \u00e0 se poser deux questions. Premi\u00e8rement\u00a0: \u2018\u00a0Ces r\u00e9sultats sont-ils fiables\u00a0?\u00a0\u2019 et deuxi\u00e8mement\u00a0: \u2018\u00a0Que faut-il faire\u00a0?\u00a0\u2019<\/p>\n<p>En guise de r\u00e9ponse, les donn\u00e9es sont peu fiables car les m\u00e9thodes utilis\u00e9es impliquent que d&#039;autres raisons pourraient expliquer ces changements, et personne ne sait quelle est la marche \u00e0 suivre. Des pistes existent, mais nous ignorons si les avantages l&#039;emportent sur les inconv\u00e9nients.<\/p>\n<h2>Quel est l&#039;objectif de la recherche ?<\/h2>\n<p>Notre objectif est de constituer des preuves fiables pour aider les m\u00e9decins \u00e0 choisir le meilleur antibiotique pour traiter les infections urinaires en soins primaires, afin de r\u00e9duire la r\u00e9sistance aux antibiotiques (antimicrobiens) (RAM).<\/p>\n<h2>Comment cela sera-t-il r\u00e9alis\u00e9 ?<\/h2>\n<p>L\u2019essai contr\u00f4l\u00e9 randomis\u00e9 (ECR) est la seule m\u00e9thode fiable pour \u00e9valuer l\u2019efficacit\u00e9 des m\u00e9dicaments. Ce programme comprendra trois ECR qui seront men\u00e9s dans des r\u00e9gions confront\u00e9es \u00e0 de graves probl\u00e8mes de r\u00e9sistance aux antimicrobiens et aupr\u00e8s des populations les plus touch\u00e9es. Il sera indiqu\u00e9 si l\u2019origine ethnique, l\u2019\u00e2ge ou la situation financi\u00e8re influencent les r\u00e9sultats.<\/p>\n<p>Certains cabinets de m\u00e9decine g\u00e9n\u00e9rale seront incit\u00e9s \u00e0 utiliser un autre antibiotique (ou \u00e0 alterner deux antibiotiques), tandis que les autres poursuivront leurs pratiques habituelles. Nous comparerons l&#039;utilisation des antibiotiques et les taux de r\u00e9sistance aux antimicrobiens et nous pr\u00e9voyons que toute diff\u00e9rence observ\u00e9e sera imputable \u00e0 l&#039;intervention.<\/p>\n<h2>Qui dirige la recherche ?<\/h2>\n<p><a href=\"https:\/\/research-information.bris.ac.uk\/en\/persons\/alastair-d-hay\" rel=\"noopener\">Professeur Alastair D Hay<\/a>, Professeur de soins primaires, Universit\u00e9 de Bristol.<\/p>\n<h2>Informations compl\u00e9mentaires\u00a0:<\/h2>\n<p>Pour plus d&#039;informations ou pour participer \u00e0 ce projet, veuillez envoyer un courriel. <a href=\"mailto:bnssg.research@nhs.net\" target=\"_blank\" rel=\"noopener\">bnssg.research@nhs.net<\/a>.<\/p>\n<p>Les opinions exprim\u00e9es sont celles de l&#039;auteur (ou des auteurs) et ne refl\u00e8tent pas n\u00e9cessairement celles du NIHR ou du minist\u00e8re de la Sant\u00e9 et des Affaires sociales.<\/p>\n  <\/div>\r\n  <\/section><\/div><!-- .assembler_text-module.assembler_module.assembler_text-module_1.assembler_module_1..transparent --><\/div><!-- .assembler_module_area.assembler_module_area_1 --><\/div><!-- .assembler_default-group.assembler_module_group.assembler_default-group_1.assembler_module_group_1  -->","protected":false},"excerpt":{"rendered":"<p>Section titled module-1 Improving primary care antibiotic prescribing to reduce antibiotic resistant urine infections: the IPAP-UTI programme. Funding National Institute for Health and Care Research (NIHR) Programme Grants for Applied Research (PGfAR) Ref. NIHR204400. What is the problem? AMR is a serious threat to health. Unless we do something, bacteria will become resistant to more [&hellip;]<\/p>\n","protected":false},"author":1,"featured_media":0,"parent":32881,"menu_order":0,"comment_status":"closed","ping_status":"closed","template":"","meta":{"_acf_changed":false,"footnotes":""},"tags":[],"class_list":["post-34498","page","type-page","status-publish","hentry"],"acf":[],"_links":{"self":[{"href":"https:\/\/bnssghealthiertogether.org.uk\/fr\/wp-json\/wp\/v2\/pages\/34498","targetHints":{"allow":["GET"]}}],"collection":[{"href":"https:\/\/bnssghealthiertogether.org.uk\/fr\/wp-json\/wp\/v2\/pages"}],"about":[{"href":"https:\/\/bnssghealthiertogether.org.uk\/fr\/wp-json\/wp\/v2\/types\/page"}],"author":[{"embeddable":true,"href":"https:\/\/bnssghealthiertogether.org.uk\/fr\/wp-json\/wp\/v2\/users\/1"}],"replies":[{"embeddable":true,"href":"https:\/\/bnssghealthiertogether.org.uk\/fr\/wp-json\/wp\/v2\/comments?post=34498"}],"version-history":[{"count":3,"href":"https:\/\/bnssghealthiertogether.org.uk\/fr\/wp-json\/wp\/v2\/pages\/34498\/revisions"}],"predecessor-version":[{"id":36160,"href":"https:\/\/bnssghealthiertogether.org.uk\/fr\/wp-json\/wp\/v2\/pages\/34498\/revisions\/36160"}],"up":[{"embeddable":true,"href":"https:\/\/bnssghealthiertogether.org.uk\/fr\/wp-json\/wp\/v2\/pages\/32881"}],"wp:attachment":[{"href":"https:\/\/bnssghealthiertogether.org.uk\/fr\/wp-json\/wp\/v2\/media?parent=34498"}],"wp:term":[{"taxonomy":"post_tag","embeddable":true,"href":"https:\/\/bnssghealthiertogether.org.uk\/fr\/wp-json\/wp\/v2\/tags?post=34498"}],"curies":[{"name":"wp","href":"https:\/\/api.w.org\/{rel}","templated":true}]}}