{"id":34515,"date":"2024-11-26T16:42:05","date_gmt":"2024-11-26T16:42:05","guid":{"rendered":"https:\/\/bnssghealthiertogether.org.uk\/?page_id=34515"},"modified":"2025-01-16T22:12:06","modified_gmt":"2025-01-16T22:12:06","slug":"p-risk-the-feasibility-and-implementation-of-a-psychosis-risk-prediction-algorithm-p-risk-for-use-in-primary-care","status":"publish","type":"page","link":"https:\/\/bnssghealthiertogether.org.uk\/fr\/integrated-care-board\/research-and-evidence\/our-research-portfolio\/nihr-funded-projects\/p-risk-the-feasibility-and-implementation-of-a-psychosis-risk-prediction-algorithm-p-risk-for-use-in-primary-care\/","title":{"rendered":"P Risk : Faisabilit\u00e9 et mise en \u0153uvre d&#039;un algorithme de pr\u00e9diction du risque de psychose (P Risk) destin\u00e9 aux soins primaires."},"content":{"rendered":"<div class=\"assembler_default-group assembler_module_group assembler_default-group_1 assembler_module_group_1\"><div class=\"assembler_module_area assembler_module_area_1\"><div class=\"assembler_text-module assembler_module assembler_text-module_1 assembler_module_1  transparent\"><a tabindex=\"-1\" title=\"Section intitul\u00e9e module-1\" id=\"module-1\" href=\"https:\/\/bnssghealthiertogether.org.uk\/fr\/wp-json\/wp\/v2\/pages\/34515\/#module-1\" class=\"anchor\"><span class=\"hidden\">Section intitul\u00e9e module-1<\/span><\/a><!-- Template found for text-module - Template: template-text - Matched: _only --><section class=\"w-full mx-auto max-w-content pt-12 sm:pt-24 pb-12 sm:pb-24\">\r\n  <div class=\"entry-content w-full !px-0 max-w-small\">\r\n        <article class=\"page_content\">\n<h1>Faisabilit\u00e9 et mise en \u0153uvre d&#039;un algorithme de pr\u00e9diction du risque de psychose (P Risk) destin\u00e9 aux soins primaires<\/h1>\n<h2><\/h2>\n<h2 class=\"page_content__inner\">Financement<\/h2>\n<\/article>\n<p>Institut national de la sant\u00e9 (NIHR) Recherche sur les services et la prestation de soins de sant\u00e9 (HS&amp;DR) R\u00e9f. NIHR130547.<\/p>\n<h2>Quelle est la question de recherche ?<\/h2>\n<p>L&#039;algorithme de pr\u00e9diction du risque P peut-il \u00eatre impl\u00e9ment\u00e9 sur les ordinateurs des services de soins primaires\u00a0? Quel est le niveau d&#039;acceptabilit\u00e9 du risque P aupr\u00e8s des parties prenantes\u00a0?<\/p>\n<h2>Quel est le probl\u00e8me ?<\/h2>\n<p>La psychose est une maladie mentale grave et de longue dur\u00e9e. Ses sympt\u00f4mes incluent des hallucinations et des pens\u00e9es \u00e9tranges et fixes, appel\u00e9es d\u00e9lires.<\/p>\n<p>Le traitement des psychoses co\u00fbte environ 2 milliards de livres sterling par an au NHS (service national de sant\u00e9 britannique). Les psychoses peuvent \u00eatre d\u00e9vastatrices pour les personnes qui en souffrent et leurs familles. De plus, le pronostic est souvent sombre, de nombreuses personnes retombant malades apr\u00e8s la gu\u00e9rison.<\/p>\n<p>Environ 20 % des personnes atteintes de psychose occupent un emploi r\u00e9mun\u00e9r\u00e9 et beaucoup ont une qualit\u00e9 de vie m\u00e9diocre. Il existe des preuves convaincantes que la r\u00e9duction de la dur\u00e9e de la psychose non trait\u00e9e am\u00e9liore le pronostic, mais l&#039;identification des patients \u00e0 risque s&#039;av\u00e8re difficile.<\/p>\n<p>Les m\u00e9decins g\u00e9n\u00e9ralistes ont soulign\u00e9 qu&#039;il peut \u00eatre difficile de rep\u00e9rer les patients \u00e0 risque de psychose, car de nombreux signes pr\u00e9coces sont non sp\u00e9cifiques et le manque de continuit\u00e9 des soins fait que de petits changements dans la sant\u00e9 mentale des patients \u00e0 risque de psychose peuvent passer inaper\u00e7us.<\/p>\n<h2>Quel est l&#039;objectif de la recherche ?<\/h2>\n<p>L&#039;\u00e9quipe de recherche a mis au point un algorithme de pr\u00e9diction des risques qui calcule un score de risque de psychose \u00e0 partir de l&#039;historique des consultations enregistr\u00e9 dans le syst\u00e8me informatique des soins primaires. Cet outil a \u00e9t\u00e9 valid\u00e9 en interne et en externe et pr\u00e9sente une pr\u00e9cision statistique.<\/p>\n<p>Dans le cadre de ce projet, l&#039;\u00e9quipe de recherche \u00e9valuera si l&#039;outil fonctionne en situation r\u00e9elle sur les ordinateurs des m\u00e9decins g\u00e9n\u00e9ralistes et recueillera les points de vue des m\u00e9decins g\u00e9n\u00e9ralistes et des patients, ainsi que les commentaires du personnel de sant\u00e9 mentale, afin de d\u00e9terminer l&#039;acceptabilit\u00e9 de l&#039;outil.<\/p>\n<h2>Comment cela sera-t-il r\u00e9alis\u00e9 ?<\/h2>\n<p>L&#039;\u00e9quipe de l&#039;\u00e9tude P Risk collaborera avec le fournisseur du logiciel de dossiers m\u00e9dicaux de soins primaires afin d&#039;int\u00e9grer P Risk \u00e0 son syst\u00e8me. Elle recueillera \u00e9galement des donn\u00e9es sur le nombre d&#039;orientations vers une \u00e9valuation de la psychose effectu\u00e9es par les m\u00e9decins g\u00e9n\u00e9ralistes dans les zones ICB de Bristol, Camden et Islington, ainsi que sur les r\u00e9sultats de ces orientations.<\/p>\n<p>La pr\u00e9cision statistique de P Risk sera \u00e9galement \u00e9tudi\u00e9e \u00e0 partir des donn\u00e9es de l&#039;ICB. Des groupes de discussion et des entretiens seront men\u00e9s aupr\u00e8s de cliniciens, de patients et de leurs aidants afin d&#039;explorer leurs points de vue sur l&#039;acceptabilit\u00e9, la valeur potentielle et les implications de l&#039;utilisation de P Risk en m\u00e9decine g\u00e9n\u00e9rale.<\/p>\n<h2>Qui dirige la recherche ?<\/h2>\n<p><a href=\"https:\/\/research-information.bris.ac.uk\/en\/persons\/sarah-a-sullivan\" rel=\"noopener\">Dr Sarah A Sullivan<\/a>, chercheur principal (\u00e9pid\u00e9miologiste psychiatrique), \u00c9cole de m\u00e9decine de Bristol (PHS).<\/p>\n<h2>Informations compl\u00e9mentaires<\/h2>\n<p>Pour plus d&#039;informations ou pour participer \u00e0 ce projet, veuillez envoyer un courriel. <a href=\"mailto:bnssg.research@nhs.net\">bnssg.research@nhs.net<\/a>.<\/p>\n<p>Les opinions exprim\u00e9es sont celles de l&#039;auteur (ou des auteurs) et ne refl\u00e8tent pas n\u00e9cessairement celles du NIHR ou du minist\u00e8re de la Sant\u00e9 et des Affaires sociales.<\/p>\n  <\/div>\r\n  <\/section><\/div><!-- .assembler_text-module.assembler_module.assembler_text-module_1.assembler_module_1..transparent --><\/div><!-- .assembler_module_area.assembler_module_area_1 --><\/div><!-- .assembler_default-group.assembler_module_group.assembler_default-group_1.assembler_module_group_1  -->","protected":false},"excerpt":{"rendered":"<p>Section titled module-1 The feasibility and implementation of a psychosis risk prediction algorithm (P Risk) for use in primary care Funding National Institute for Health (NIHR) Health Service &amp; Delivery Research (HS&amp;DR) Ref. NIHR130547. What is the research question? Can the P Risk prediction algorithm be implemented on Primary Care computers? What is the acceptability [&hellip;]<\/p>\n","protected":false},"author":1,"featured_media":0,"parent":32881,"menu_order":0,"comment_status":"closed","ping_status":"closed","template":"","meta":{"_acf_changed":false,"footnotes":""},"tags":[],"class_list":["post-34515","page","type-page","status-publish","hentry"],"acf":[],"_links":{"self":[{"href":"https:\/\/bnssghealthiertogether.org.uk\/fr\/wp-json\/wp\/v2\/pages\/34515","targetHints":{"allow":["GET"]}}],"collection":[{"href":"https:\/\/bnssghealthiertogether.org.uk\/fr\/wp-json\/wp\/v2\/pages"}],"about":[{"href":"https:\/\/bnssghealthiertogether.org.uk\/fr\/wp-json\/wp\/v2\/types\/page"}],"author":[{"embeddable":true,"href":"https:\/\/bnssghealthiertogether.org.uk\/fr\/wp-json\/wp\/v2\/users\/1"}],"replies":[{"embeddable":true,"href":"https:\/\/bnssghealthiertogether.org.uk\/fr\/wp-json\/wp\/v2\/comments?post=34515"}],"version-history":[{"count":3,"href":"https:\/\/bnssghealthiertogether.org.uk\/fr\/wp-json\/wp\/v2\/pages\/34515\/revisions"}],"predecessor-version":[{"id":36167,"href":"https:\/\/bnssghealthiertogether.org.uk\/fr\/wp-json\/wp\/v2\/pages\/34515\/revisions\/36167"}],"up":[{"embeddable":true,"href":"https:\/\/bnssghealthiertogether.org.uk\/fr\/wp-json\/wp\/v2\/pages\/32881"}],"wp:attachment":[{"href":"https:\/\/bnssghealthiertogether.org.uk\/fr\/wp-json\/wp\/v2\/media?parent=34515"}],"wp:term":[{"taxonomy":"post_tag","embeddable":true,"href":"https:\/\/bnssghealthiertogether.org.uk\/fr\/wp-json\/wp\/v2\/tags?post=34515"}],"curies":[{"name":"wp","href":"https:\/\/api.w.org\/{rel}","templated":true}]}}