{"id":34521,"date":"2024-11-26T16:42:59","date_gmt":"2024-11-26T16:42:59","guid":{"rendered":"https:\/\/bnssghealthiertogether.org.uk\/?page_id=34521"},"modified":"2025-01-16T22:19:11","modified_gmt":"2025-01-16T22:19:11","slug":"pragmatic-evaluation-of-effectiveness-and-acceptability-of-the-bristol-medication-review-toolkit-brismed","status":"publish","type":"page","link":"https:\/\/bnssghealthiertogether.org.uk\/fr\/integrated-care-board\/research-and-evidence\/our-research-portfolio\/nihr-funded-projects\/pragmatic-evaluation-of-effectiveness-and-acceptability-of-the-bristol-medication-review-toolkit-brismed\/","title":{"rendered":"\u00c9valuation pragmatique de l&#039;efficacit\u00e9 et de l&#039;acceptabilit\u00e9 de la bo\u00eete \u00e0 outils d&#039;\u00e9valuation des m\u00e9dicaments de Bristol (BRISMED)"},"content":{"rendered":"<div class=\"assembler_default-group assembler_module_group assembler_default-group_1 assembler_module_group_1\"><div class=\"assembler_module_area assembler_module_area_1\"><div class=\"assembler_text-module assembler_module assembler_text-module_1 assembler_module_1  transparent\"><a tabindex=\"-1\" title=\"Section intitul\u00e9e module-1\" id=\"module-1\" href=\"https:\/\/bnssghealthiertogether.org.uk\/fr\/wp-json\/wp\/v2\/pages\/34521\/#module-1\" class=\"anchor\"><span class=\"hidden\">Section intitul\u00e9e module-1<\/span><\/a><!-- Template found for text-module - Template: template-text - Matched: _only --><section class=\"w-full mx-auto max-w-content pt-12 sm:pt-24 pb-12 sm:pb-24\">\r\n  <div class=\"entry-content w-full !px-0 max-w-small\">\r\n        <h1>\u00c9valuation pragmatique de l&#039;efficacit\u00e9 et de l&#039;acceptabilit\u00e9 de la bo\u00eete \u00e0 outils d&#039;\u00e9valuation des m\u00e9dicaments de Bristol (BRISMED)<\/h1>\n<h2><strong>Financement:<\/strong><\/h2>\n<p>Ce projet est financ\u00e9 par le programme NIHR Health and Social Care Delivery Research (HSDR), NIHR154205.<\/p>\n<h2>Quel est le probl\u00e8me ?<\/h2>\n<p>Lors d&#039;une consultation de suivi m\u00e9dicamenteux, un patient rencontre son m\u00e9decin g\u00e9n\u00e9raliste ou son pharmacien pour discuter des m\u00e9dicaments qu&#039;il prend. Ces consultations sont importantes pour v\u00e9rifier que les m\u00e9dicaments prescrits sont bien adapt\u00e9s \u00e0 sa pathologie.<\/p>\n<p>Les \u00e9valuations v\u00e9rifient \u00e9galement que les m\u00e9dicaments sont utilis\u00e9s de mani\u00e8re s\u00fbre et efficace.<\/p>\n<p>Les bilans m\u00e9dicamenteux font partie int\u00e9grante des soins de sant\u00e9 courants pour les personnes prenant des m\u00e9dicaments au long cours. Cependant, les recherches montrent que ces bilans n&#039;am\u00e9liorent pas syst\u00e9matiquement la qualit\u00e9 des soins.<\/p>\n<p>De plus, les patients ne sont pas toujours consult\u00e9s concernant leurs m\u00e9dicaments. Le National Institute for Health and Care Excellence (NICE) fournit des conseils et des recommandations au NHS (service national de sant\u00e9 britannique). Le NICE a soulign\u00e9 la n\u00e9cessit\u00e9 d&#039;am\u00e9liorer les bilans m\u00e9dicamenteux, un avis partag\u00e9 par de nombreux m\u00e9decins et pharmaciens.<\/p>\n<h2>Quel est l&#039;objectif de la recherche ?<\/h2>\n<p>Afin d&#039;am\u00e9liorer les bilans m\u00e9dicamenteux, des chercheurs de l&#039;Universit\u00e9 de Bristol ont mis au point la \u201c bo\u00eete \u00e0 outils de bilan m\u00e9dicamenteux de Bristol \u201d. M\u00e9decins, pharmaciens, patients et chercheurs ont collabor\u00e9 \u00e0 son \u00e9laboration.<\/p>\n<p>Ce guide fournit aux m\u00e9decins et aux pharmaciens des conseils sur la mani\u00e8re de r\u00e9aliser une analyse de la m\u00e9dication. Il offre \u00e9galement aux patients des conseils pour tirer le meilleur parti de cette analyse.<\/p>\n<p>Nous souhaitons maintenant d\u00e9terminer si la mise \u00e0 disposition du kit d&#039;outils Bristol Medication Review dans les cabinets de m\u00e9decine g\u00e9n\u00e9rale am\u00e9liore les bilans m\u00e9dicamenteux. Nous voulons \u00e9galement savoir si les patients, les m\u00e9decins et les pharmaciens trouvent ce kit facile \u00e0 utiliser.<\/p>\n<h2>Comment cela sera-t-il r\u00e9alis\u00e9 ?<\/h2>\n<p>Le projet comporte trois parties\u00a0:<\/p>\n<p>1. Nous distribuerons le kit d&#039;outils Bristol Medication Review \u00e0 environ 500 cabinets de m\u00e9decine g\u00e9n\u00e9rale au Royaume-Uni et les conseillerons sur son utilisation. Nous \u00e9changerons avec les patients, les m\u00e9decins g\u00e9n\u00e9ralistes et les pharmaciens afin de garantir l&#039;utilit\u00e9 optimale du kit et de nous assurer que les cabinets savent s&#039;en servir correctement.<\/p>\n<p>2. Pendant un an, nous comparerons l&#039;utilisation des m\u00e9dicaments dans 500 cabinets de m\u00e9decine g\u00e9n\u00e9rale utilisant l&#039;outil de Bristol avec celle de 500 autres cabinets ne l&#039;utilisant pas. Nous recueillerons les informations enregistr\u00e9es par les m\u00e9decins et les pharmaciens dans les syst\u00e8mes informatiques des cabinets. Nous souhaitons d\u00e9terminer si les m\u00e9dicaments sont utilis\u00e9s en toute s\u00e9curit\u00e9 et analyser d&#039;autres aspects, comme le nombre de m\u00e9dicaments prescrits aux patients. Nous observerons \u00e9galement toute autre \u00e9volution dans le recours aux services de sant\u00e9 (par exemple, les hospitalisations).<\/p>\n<p>3. Nous interrogerons des patients, des m\u00e9decins et des pharmaciens sur leurs points de vue et leurs exp\u00e9riences concernant les bilans de m\u00e9dication. Nous demanderons \u00e0 certains m\u00e9decins et pharmaciens leur exp\u00e9rience avec l&#039;outil de Bristol. Un questionnaire sera envoy\u00e9 \u00e0 certains patients afin de conna\u00eetre leur exp\u00e9rience des bilans de m\u00e9dication. Nous enregistrerons \u00e9galement certains bilans, m\u00e8nerons une enqu\u00eate aupr\u00e8s des cabinets de m\u00e9decine g\u00e9n\u00e9rale et collecterons des informations issues de leurs syst\u00e8mes informatiques afin de comprendre comment ces cabinets r\u00e9alisent les bilans de m\u00e9dication, avec et sans l&#039;outil.<\/p>\n<p>Ces r\u00e9sultats nous aideront \u00e0 d\u00e9terminer la meilleure fa\u00e7on de r\u00e9aliser les bilans m\u00e9dicamenteux \u00e0 l&#039;avenir. Cela permettra de garantir une utilisation s\u00fbre et efficace des m\u00e9dicaments et d&#039;assurer la pleine participation des patients aux discussions concernant leur traitement.<\/p>\n<p>Si la bo\u00eete \u00e0 outils est utile et facile \u00e0 utiliser, il sera simple de la mettre \u00e0 la disposition de tous les cabinets de m\u00e9decins g\u00e9n\u00e9ralistes.<\/p>\n<p>Nous partagerons nos conclusions avec les m\u00e9decins, les pharmaciens, les gestionnaires du NHS et les d\u00e9cideurs politiques (qui d\u00e9cident des services de sant\u00e9 fournis), ainsi qu&#039;avec d&#039;autres chercheurs.<\/p>\n<p>Des patients et des membres du public ont contribu\u00e9 \u00e0 la conception de la recherche et \u00e0 l&#039;\u00e9laboration des outils que nous testons. Ils participeront \u00e9galement \u00e0 la r\u00e9alisation de la recherche et \u00e0 la diffusion de nos r\u00e9sultats de mani\u00e8re \u00e0 ce qu&#039;ils soient compr\u00e9hensibles par tous.<\/p>\n<h2>Qui dirige la recherche ?<\/h2>\n<p><a href=\"https:\/\/www.bristol.ac.uk\/people\/person\/Deborah-McCahon-0fdd3797-b3f6-466a-8df6-47ad3703766e\/\" rel=\"noopener\">Docteur Deborah McCahon<\/a>, chercheur associ\u00e9, Universit\u00e9 de Bristol et <a href=\"https:\/\/medicine.exeter.ac.uk\/people\/profile\/index.php?web_id=rupert_payne\" rel=\"noopener\">Professeur Rupert Payne<\/a>, Professeur de soins primaires et de pharmacologie clinique, Universit\u00e9 d&#039;Exeter.<\/p>\n<h2>Informations compl\u00e9mentaires\u00a0:<\/h2>\n<p>Pour plus d&#039;informations ou pour participer \u00e0 ce projet, veuillez envoyer un courriel. <a href=\"mailto:bnssg.research@nhs.net\">bnssg.research@nhs.net<\/a><\/p>\n  <\/div>\r\n  <\/section><\/div><!-- .assembler_text-module.assembler_module.assembler_text-module_1.assembler_module_1..transparent --><\/div><!-- .assembler_module_area.assembler_module_area_1 --><\/div><!-- .assembler_default-group.assembler_module_group.assembler_default-group_1.assembler_module_group_1  -->","protected":false},"excerpt":{"rendered":"<p>Section titled module-1 Pragmatic Evaluation of Effectiveness and Acceptability of the Bristol Medication Review Toolkit (BRISMED) Funding: This project is funded by the NIHR Health and Social Care Delivery Research (HSDR) Programme, NIHR154205. What is the problem? At a medication review a patient meets a GP or pharmacist to discuss the medicines they are using. [&hellip;]<\/p>\n","protected":false},"author":1,"featured_media":0,"parent":32881,"menu_order":0,"comment_status":"closed","ping_status":"closed","template":"","meta":{"_acf_changed":false,"footnotes":""},"tags":[],"class_list":["post-34521","page","type-page","status-publish","hentry"],"acf":[],"_links":{"self":[{"href":"https:\/\/bnssghealthiertogether.org.uk\/fr\/wp-json\/wp\/v2\/pages\/34521","targetHints":{"allow":["GET"]}}],"collection":[{"href":"https:\/\/bnssghealthiertogether.org.uk\/fr\/wp-json\/wp\/v2\/pages"}],"about":[{"href":"https:\/\/bnssghealthiertogether.org.uk\/fr\/wp-json\/wp\/v2\/types\/page"}],"author":[{"embeddable":true,"href":"https:\/\/bnssghealthiertogether.org.uk\/fr\/wp-json\/wp\/v2\/users\/1"}],"replies":[{"embeddable":true,"href":"https:\/\/bnssghealthiertogether.org.uk\/fr\/wp-json\/wp\/v2\/comments?post=34521"}],"version-history":[{"count":3,"href":"https:\/\/bnssghealthiertogether.org.uk\/fr\/wp-json\/wp\/v2\/pages\/34521\/revisions"}],"predecessor-version":[{"id":36169,"href":"https:\/\/bnssghealthiertogether.org.uk\/fr\/wp-json\/wp\/v2\/pages\/34521\/revisions\/36169"}],"up":[{"embeddable":true,"href":"https:\/\/bnssghealthiertogether.org.uk\/fr\/wp-json\/wp\/v2\/pages\/32881"}],"wp:attachment":[{"href":"https:\/\/bnssghealthiertogether.org.uk\/fr\/wp-json\/wp\/v2\/media?parent=34521"}],"wp:term":[{"taxonomy":"post_tag","embeddable":true,"href":"https:\/\/bnssghealthiertogether.org.uk\/fr\/wp-json\/wp\/v2\/tags?post=34521"}],"curies":[{"name":"wp","href":"https:\/\/api.w.org\/{rel}","templated":true}]}}