{"id":34530,"date":"2024-11-26T16:44:11","date_gmt":"2024-11-26T16:44:11","guid":{"rendered":"https:\/\/bnssghealthiertogether.org.uk\/?page_id=34530"},"modified":"2025-01-16T22:27:17","modified_gmt":"2025-01-16T22:27:17","slug":"processes-of-change-in-a-group-intervention-for-domestic-violence-perpetrators-a-secondary-qualitative-analysis","status":"publish","type":"page","link":"https:\/\/bnssghealthiertogether.org.uk\/fr\/integrated-care-board\/research-and-evidence\/our-research-portfolio\/nihr-funded-projects\/processes-of-change-in-a-group-intervention-for-domestic-violence-perpetrators-a-secondary-qualitative-analysis\/","title":{"rendered":"Processes of change in a group intervention for domestic violence perpetrators: a secondary qualitative analysis"},"content":{"rendered":"<div class=\"assembler_default-group assembler_module_group assembler_default-group_1 assembler_module_group_1\"><div class=\"assembler_module_area assembler_module_area_1\"><div class=\"assembler_text-module assembler_module assembler_text-module_1 assembler_module_1  transparent\"><a tabindex=\"-1\" title=\"Section intitul\u00e9e module-1\" id=\"module-1\" href=\"https:\/\/bnssghealthiertogether.org.uk\/fr\/wp-json\/wp\/v2\/pages\/34530\/#module-1\" class=\"anchor\"><span class=\"hidden\">Section intitul\u00e9e module-1<\/span><\/a><!-- Template found for text-module - Template: template-text - Matched: _only --><section class=\"w-full mx-auto max-w-content pt-12 sm:pt-24 pb-12 sm:pb-24\">\r\n  <div class=\"entry-content w-full !px-0 max-w-small\">\r\n        <header class=\"local_header\">\n<div class=\"local_header__inner\">\n<h1 class=\"local_header__title\">Processes of change in a group intervention for domestic violence perpetrators: a secondary qualitative analysis<\/h1>\n<\/div>\n<\/header>\n<article class=\"page_content\">\n<h2><\/h2>\n<h2 class=\"page_content__inner\">Financement<\/h2>\n<\/article>\n<p>National Institute for Health (NIHR) Research for Patient Benefit (RfPB) Ref. PB-PG-1217-20027<\/p>\n<h2>Quel est le probl\u00e8me ?<\/h2>\n<p>Domestic violence and abuse (DVA) damage health and wellbeing. It has an impact on the lives of adults and children, and as well as causing immense misery can increase the risk of long-term health problems, especially mental illness.<\/p>\n<p>DVA can result in significant financial costs to individuals and society. However, although support for DVA victims is widely available, we don\u2019t know how best to encourage perpetrators to understand and accept that they have been abusive or how to help them change their behaviour.<\/p>\n<h2>Quel est l&#039;objectif de la recherche ?<\/h2>\n<p>This study will provide a unique opportunity to look in detail at how domestic violence perpetrator programmes work. This will be valuable for developing future programmes.<\/p>\n<p>Understanding how men talk about and explain their abusive behaviour is useful and important when trying to find ways to reduce abuse.<\/p>\n<p>Also, the study findings may help to encourage more people to recognise that they are perpetrators or victims\/ survivors of abuse and to get help.<\/p>\n<h2>Comment cela sera-t-il r\u00e9alis\u00e9 ?<\/h2>\n<p>This study will involve looking at videos of group sessions from REPROVIDE, a community-based domestic violence perpetrator programme (DVPP) for male perpetrators, run as part of a research study.<\/p>\n<p>DVPPs aim to help people who are abusive towards their partners or ex-partners to change their behaviour. DVPP sessions take place weekly, and it is standard practice for them to be videoed.<\/p>\n<p>We have permission from the men taking part to analyse the videos. Working with relevant experts, we will watch the videos and closely examine selected parts. We will listen to how men talk about their abusive behaviour and how the group facilitators encourage the men to start thinking and behaving in different, non-abusive, ways.<\/p>\n<h2>Qui dirige la recherche ?<\/h2>\n<p>Dr Helen Cramer, Senior Research Fellow, Centre for Academic Primary Care, University of Bristol.<\/p>\n<h2>Informations compl\u00e9mentaires\u00a0:<\/h2>\n<p><a href=\"http:\/\/www.bristol.ac.uk\/primaryhealthcare\/researchthemes\/reprovide\/domestic-abuse-group-programme-for-men\/\" target=\"_blank\" rel=\"nofollow noopener\">\u00c0 propos de cette recherche<\/a><\/p>\n<p>Pour plus d&#039;informations ou pour participer \u00e0 ce projet, veuillez envoyer un courriel. <a href=\"mailto:bnssg.research@nhs.net\" target=\"_blank\" rel=\"noopener\">bnssg.research@nhs.net<\/a>.<\/p>\n<p>Les opinions exprim\u00e9es sont celles de l&#039;auteur (ou des auteurs) et ne refl\u00e8tent pas n\u00e9cessairement celles du NIHR ou du minist\u00e8re de la Sant\u00e9 et des Affaires sociales.<\/p>\n  <\/div>\r\n  <\/section><\/div><!-- .assembler_text-module.assembler_module.assembler_text-module_1.assembler_module_1..transparent --><\/div><!-- .assembler_module_area.assembler_module_area_1 --><\/div><!-- .assembler_default-group.assembler_module_group.assembler_default-group_1.assembler_module_group_1  -->","protected":false},"excerpt":{"rendered":"<p>Section titled module-1 Processes of change in a group intervention for domestic violence perpetrators: a secondary qualitative analysis Funding National Institute for Health (NIHR) Research for Patient Benefit (RfPB) Ref. PB-PG-1217-20027 What is the problem? Domestic violence and abuse (DVA) damage health and wellbeing. It has an impact on the lives of adults and children, [&hellip;]<\/p>\n","protected":false},"author":1,"featured_media":0,"parent":32881,"menu_order":0,"comment_status":"closed","ping_status":"closed","template":"","meta":{"_acf_changed":false,"footnotes":""},"tags":[],"class_list":["post-34530","page","type-page","status-publish","hentry"],"acf":[],"_links":{"self":[{"href":"https:\/\/bnssghealthiertogether.org.uk\/fr\/wp-json\/wp\/v2\/pages\/34530","targetHints":{"allow":["GET"]}}],"collection":[{"href":"https:\/\/bnssghealthiertogether.org.uk\/fr\/wp-json\/wp\/v2\/pages"}],"about":[{"href":"https:\/\/bnssghealthiertogether.org.uk\/fr\/wp-json\/wp\/v2\/types\/page"}],"author":[{"embeddable":true,"href":"https:\/\/bnssghealthiertogether.org.uk\/fr\/wp-json\/wp\/v2\/users\/1"}],"replies":[{"embeddable":true,"href":"https:\/\/bnssghealthiertogether.org.uk\/fr\/wp-json\/wp\/v2\/comments?post=34530"}],"version-history":[{"count":3,"href":"https:\/\/bnssghealthiertogether.org.uk\/fr\/wp-json\/wp\/v2\/pages\/34530\/revisions"}],"predecessor-version":[{"id":36172,"href":"https:\/\/bnssghealthiertogether.org.uk\/fr\/wp-json\/wp\/v2\/pages\/34530\/revisions\/36172"}],"up":[{"embeddable":true,"href":"https:\/\/bnssghealthiertogether.org.uk\/fr\/wp-json\/wp\/v2\/pages\/32881"}],"wp:attachment":[{"href":"https:\/\/bnssghealthiertogether.org.uk\/fr\/wp-json\/wp\/v2\/media?parent=34530"}],"wp:term":[{"taxonomy":"post_tag","embeddable":true,"href":"https:\/\/bnssghealthiertogether.org.uk\/fr\/wp-json\/wp\/v2\/tags?post=34530"}],"curies":[{"name":"wp","href":"https:\/\/api.w.org\/{rel}","templated":true}]}}