{"id":34541,"date":"2024-11-26T16:45:52","date_gmt":"2024-11-26T16:45:52","guid":{"rendered":"https:\/\/bnssghealthiertogether.org.uk\/?page_id=34541"},"modified":"2025-01-16T22:37:22","modified_gmt":"2025-01-16T22:37:22","slug":"reprovide-reaching-everyone-programme-of-research-on-violence-in-diverse-domestic-environments","status":"publish","type":"page","link":"https:\/\/bnssghealthiertogether.org.uk\/fr\/integrated-care-board\/research-and-evidence\/our-research-portfolio\/nihr-funded-projects\/reprovide-reaching-everyone-programme-of-research-on-violence-in-diverse-domestic-environments\/","title":{"rendered":"REPROVIDE: Reaching Everyone Programme of Research On Violence in diverse Domestic Environments"},"content":{"rendered":"<div class=\"assembler_default-group assembler_module_group assembler_default-group_1 assembler_module_group_1\"><div class=\"assembler_module_area assembler_module_area_1\"><div class=\"assembler_text-module assembler_module assembler_text-module_1 assembler_module_1  transparent\"><a tabindex=\"-1\" title=\"Section intitul\u00e9e module-1\" id=\"module-1\" href=\"https:\/\/bnssghealthiertogether.org.uk\/fr\/wp-json\/wp\/v2\/pages\/34541\/#module-1\" class=\"anchor\"><span class=\"hidden\">Section intitul\u00e9e module-1<\/span><\/a><!-- Template found for text-module - Template: template-text - Matched: _only --><section class=\"w-full mx-auto max-w-content pt-12 sm:pt-24 pb-12 sm:pb-24\">\r\n  <div class=\"entry-content w-full !px-0 max-w-small\">\r\n        <h1>REPROVIDE: Reaching Everyone Programme of Research On Violence in diverse Domestic Environments<\/h1>\n<h2>Financement<\/h2>\n<p>National Institute for Health (NIHR) Programme Grants for Applied Research (PGfAR) Ref. RP-PG-0614-20012<\/p>\n<h2>Quelle est la question de recherche ?<\/h2>\n<p>How can we increase the safety and well-being of victims of domestic violence and abuse (DVA) and their children?<\/p>\n<h2>Quel est le probl\u00e8me ?<\/h2>\n<p>Domestic violence and abuse (DVA) is a serious public and clinical health problem. Previous research has demonstrated that training and support programmes can improve the response of clinicians to women patients experiencing abuse.<\/p>\n<p>Providing training around the needs of men experiencing or perpetrating DVA and exposed children has been piloted, but the DVA advocacy response to male victims needs further development.<\/p>\n<p>Primary care-based training for an effective and safe response to all family members experiencing or perpetrating DVA needs to be integrated into one programme and rigorously evaluated.<\/p>\n<h2>Quel est l&#039;objectif de la recherche ?<\/h2>\n<p>This research plans to improve how healthcare professionals respond to adult patients who experience or perpetrate DVA and to their children. The needs of other groups of perpetrators such as those in same-sex relationships will also be explored.<\/p>\n<h2>Comment cela sera-t-il r\u00e9alis\u00e9 ?<\/h2>\n<p>The two workstreams of this study are as follows:<\/p>\n<ol>\n<li>The study will examine the value of training general practice staff about the needs of children exposed to DVA and men and women experiencing or perpetrating DVA and linking them to specialist services, via an advocate. This approach will be trialled in 4 practices and then on a wider basis to test whether the programme works and is value for money.<\/li>\n<li>A group programme will be developed for men who perpetrate DVA and their partners\/ex-partners. The researchers and a group of experts will consult on which is the most promising programme which will be adapted and tested firstly in a small group and then tested in a large trial based in primary care and evaluated on the extent to which safety has increased and whether abuse has stopped\/decreased.<\/li>\n<\/ol>\n<h2>Qui dirige la recherche ?<\/h2>\n<p>Prof Gene Feder, Professor of Primary Health Care, Population Health Sciences, University of Bristol.<\/p>\n<h2>Informations compl\u00e9mentaires\u00a0:<\/h2>\n<p><a href=\"http:\/\/www.bristol.ac.uk\/primaryhealthcare\/researchthemes\/reprovide\/\" target=\"_blank\" rel=\"nofollow noopener\">Reprovide<\/a><\/p>\n<p>Pour plus d&#039;informations ou pour participer \u00e0 ce projet, veuillez envoyer un courriel. <a href=\"mailto:bnssg.research@nhs.net\" target=\"_blank\" rel=\"noopener\">bnssg.research@nhs.net<\/a>.<\/p>\n<p>Les opinions exprim\u00e9es sont celles de l&#039;auteur (ou des auteurs) et ne refl\u00e8tent pas n\u00e9cessairement celles du NIHR ou du minist\u00e8re de la Sant\u00e9 et des Affaires sociales.<\/p>\n  <\/div>\r\n  <\/section><\/div><!-- .assembler_text-module.assembler_module.assembler_text-module_1.assembler_module_1..transparent --><\/div><!-- .assembler_module_area.assembler_module_area_1 --><\/div><!-- .assembler_default-group.assembler_module_group.assembler_default-group_1.assembler_module_group_1  -->","protected":false},"excerpt":{"rendered":"<p>Section titled module-1 REPROVIDE: Reaching Everyone Programme of Research On Violence in diverse Domestic Environments Funding National Institute for Health (NIHR) Programme Grants for Applied Research (PGfAR) Ref. RP-PG-0614-20012 What is the research question? How can we increase the safety and well-being of victims of domestic violence and abuse (DVA) and their children? What is [&hellip;]<\/p>\n","protected":false},"author":1,"featured_media":0,"parent":32881,"menu_order":0,"comment_status":"closed","ping_status":"closed","template":"","meta":{"_acf_changed":false,"footnotes":""},"tags":[],"class_list":["post-34541","page","type-page","status-publish","hentry"],"acf":[],"_links":{"self":[{"href":"https:\/\/bnssghealthiertogether.org.uk\/fr\/wp-json\/wp\/v2\/pages\/34541","targetHints":{"allow":["GET"]}}],"collection":[{"href":"https:\/\/bnssghealthiertogether.org.uk\/fr\/wp-json\/wp\/v2\/pages"}],"about":[{"href":"https:\/\/bnssghealthiertogether.org.uk\/fr\/wp-json\/wp\/v2\/types\/page"}],"author":[{"embeddable":true,"href":"https:\/\/bnssghealthiertogether.org.uk\/fr\/wp-json\/wp\/v2\/users\/1"}],"replies":[{"embeddable":true,"href":"https:\/\/bnssghealthiertogether.org.uk\/fr\/wp-json\/wp\/v2\/comments?post=34541"}],"version-history":[{"count":3,"href":"https:\/\/bnssghealthiertogether.org.uk\/fr\/wp-json\/wp\/v2\/pages\/34541\/revisions"}],"predecessor-version":[{"id":36176,"href":"https:\/\/bnssghealthiertogether.org.uk\/fr\/wp-json\/wp\/v2\/pages\/34541\/revisions\/36176"}],"up":[{"embeddable":true,"href":"https:\/\/bnssghealthiertogether.org.uk\/fr\/wp-json\/wp\/v2\/pages\/32881"}],"wp:attachment":[{"href":"https:\/\/bnssghealthiertogether.org.uk\/fr\/wp-json\/wp\/v2\/media?parent=34541"}],"wp:term":[{"taxonomy":"post_tag","embeddable":true,"href":"https:\/\/bnssghealthiertogether.org.uk\/fr\/wp-json\/wp\/v2\/tags?post=34541"}],"curies":[{"name":"wp","href":"https:\/\/api.w.org\/{rel}","templated":true}]}}