{"id":34544,"date":"2024-11-26T16:46:28","date_gmt":"2024-11-26T16:46:28","guid":{"rendered":"https:\/\/bnssghealthiertogether.org.uk\/?page_id=34544"},"modified":"2025-01-16T22:39:16","modified_gmt":"2025-01-16T22:39:16","slug":"rubicon-recurrent-intra-articular-corticosteroid-injections-in-osteoarthritis","status":"publish","type":"page","link":"https:\/\/bnssghealthiertogether.org.uk\/fr\/integrated-care-board\/research-and-evidence\/our-research-portfolio\/nihr-funded-projects\/rubicon-recurrent-intra-articular-corticosteroid-injections-in-osteoarthritis\/","title":{"rendered":"RUbICOn: RecUrrent intra-articular corticosteroid injections in osteoarthritis"},"content":{"rendered":"<div class=\"assembler_default-group assembler_module_group assembler_default-group_1 assembler_module_group_1\"><div class=\"assembler_module_area assembler_module_area_1\"><div class=\"assembler_text-module assembler_module assembler_text-module_1 assembler_module_1  transparent\"><a tabindex=\"-1\" title=\"Section intitul\u00e9e module-1\" id=\"module-1\" href=\"https:\/\/bnssghealthiertogether.org.uk\/fr\/wp-json\/wp\/v2\/pages\/34544\/#module-1\" class=\"anchor\"><span class=\"hidden\">Section intitul\u00e9e module-1<\/span><\/a><!-- Template found for text-module - Template: template-text - Matched: _only --><section class=\"w-full mx-auto max-w-content pt-12 sm:pt-24 pb-12 sm:pb-24\">\r\n  <div class=\"entry-content w-full !px-0 max-w-small\">\r\n        <header class=\"local_header\">\n<div class=\"local_header__inner\">\n<h1 class=\"local_header__title\">RUbICOn: RecUrrent intra-articular corticosteroid injections in osteoarthritis<\/h1>\n<\/div>\n<\/header>\n<article class=\"page_content\">\n<h2 class=\"page_content__inner\">Financement<\/h2>\n<\/article>\n<p>National Institute for Health (NIHR) Health Technology Assessment (HTA) Ref. NIHR129011<\/p>\n<h2>Quelle est la question de recherche ?<\/h2>\n<p>To establish the current practice of use, long term effects, and experiences of, intra-articular corticosteroid injection for the treatment of joint pain due to osteoarthritis.<\/p>\n<h2>Quel est le probl\u00e8me ?<\/h2>\n<p>Osteoarthritis is a condition that causes joints to become painful and stiff, it is a common cause of pain and disability.<\/p>\n<p>Management of osteoarthritis involves reducing pain and maintaining function. Simple treatments include activity modification, staying active to maintain muscle strength and taking pain medication.<\/p>\n<p>Complex treatments include joint replacement (replacing the painful joint with an artificial joint), which may be required for those with pain that cannot be well controlled by other means.<\/p>\n<p>Before a joint replacement is considered, it is possible to use other techniques, such as injections into the affected joint, to reduce pain. These injections are most commonly used for knee osteoarthritis.<\/p>\n<p>The injection usually contains an anaesthetic to help with the pain and a steroid to reduce the inflammation (swelling, redness, heat and pain) within the joint. It is known that these injections can help with pain if used infrequently and that their use is recommended by a variety of organisations, including the NHS. However, little is known about the effect of using repeated injections.<\/p>\n<h2>Quel est l&#039;objectif de la recherche ?<\/h2>\n<p>To understand how these injections are currently used and how practice and care for patients could be improved. It will also help to find out what future research is needed and the most acceptable way of doing this.<\/p>\n<h2>Comment cela sera-t-il r\u00e9alis\u00e9 ?<\/h2>\n<p>We wish to use data that has been collected on patients treated for osteoarthritis in primary care (by their GP or a physiotherapist) who have or have not received an injection.<\/p>\n<p>Using this data, we will look at the current use of injections, the safety of their use, how good they are, and whether they affect other treatments and the timing of these.<\/p>\n<p>We will also interview people involved in this treatment (patients and healthcare professionals) to help understand their experience of the treatment, attitudes to its use, how best it can be used, the acceptability of future research in this area, and what the most important outcomes that should be assessed are.<\/p>\n<p>We will also invite patients, healthcare professionals and commissioners to take part in questionnaire surveys to find out what the important questions are that need to be answered by any studies in the future, whether it would be possible to do these studies and how they should be conducted.<\/p>\n<h2>Qui dirige la recherche ?<\/h2>\n<p>Mr Michael Whitehouse, Reader in Trauma &amp; Orthopaedics, Musculoskeletal Research Unit, Bristol Medical School, University of Bristol.<\/p>\n<h2>Informations compl\u00e9mentaires\u00a0:<\/h2>\n<p><a href=\"https:\/\/research-information.bris.ac.uk\/en\/projects\/recurrent-intra-articular-corticosteroid-injections-in-osteoarthr\" target=\"_blank\" rel=\"nofollow noopener\">About RUBICON<\/a><\/p>\n<p>Pour plus d&#039;informations ou pour participer \u00e0 ce projet, veuillez envoyer un courriel. <a href=\"mailto:bnssg.research@nhs.net\" target=\"_blank\" rel=\"noopener\">bnssg.research@nhs.net<\/a>.<\/p>\n<p>Les opinions exprim\u00e9es sont celles de l&#039;auteur (ou des auteurs) et ne refl\u00e8tent pas n\u00e9cessairement celles du NIHR ou du minist\u00e8re de la Sant\u00e9 et des Affaires sociales.<\/p>\n  <\/div>\r\n  <\/section><\/div><!-- .assembler_text-module.assembler_module.assembler_text-module_1.assembler_module_1..transparent --><\/div><!-- .assembler_module_area.assembler_module_area_1 --><\/div><!-- .assembler_default-group.assembler_module_group.assembler_default-group_1.assembler_module_group_1  -->","protected":false},"excerpt":{"rendered":"<p>Section titled module-1 RUbICOn: RecUrrent intra-articular corticosteroid injections in osteoarthritis Funding National Institute for Health (NIHR) Health Technology Assessment (HTA) Ref. NIHR129011 What is the research question? To establish the current practice of use, long term effects, and experiences of, intra-articular corticosteroid injection for the treatment of joint pain due to osteoarthritis. What is the [&hellip;]<\/p>\n","protected":false},"author":1,"featured_media":0,"parent":32881,"menu_order":0,"comment_status":"closed","ping_status":"closed","template":"","meta":{"_acf_changed":false,"footnotes":""},"tags":[],"class_list":["post-34544","page","type-page","status-publish","hentry"],"acf":[],"_links":{"self":[{"href":"https:\/\/bnssghealthiertogether.org.uk\/fr\/wp-json\/wp\/v2\/pages\/34544","targetHints":{"allow":["GET"]}}],"collection":[{"href":"https:\/\/bnssghealthiertogether.org.uk\/fr\/wp-json\/wp\/v2\/pages"}],"about":[{"href":"https:\/\/bnssghealthiertogether.org.uk\/fr\/wp-json\/wp\/v2\/types\/page"}],"author":[{"embeddable":true,"href":"https:\/\/bnssghealthiertogether.org.uk\/fr\/wp-json\/wp\/v2\/users\/1"}],"replies":[{"embeddable":true,"href":"https:\/\/bnssghealthiertogether.org.uk\/fr\/wp-json\/wp\/v2\/comments?post=34544"}],"version-history":[{"count":4,"href":"https:\/\/bnssghealthiertogether.org.uk\/fr\/wp-json\/wp\/v2\/pages\/34544\/revisions"}],"predecessor-version":[{"id":36178,"href":"https:\/\/bnssghealthiertogether.org.uk\/fr\/wp-json\/wp\/v2\/pages\/34544\/revisions\/36178"}],"up":[{"embeddable":true,"href":"https:\/\/bnssghealthiertogether.org.uk\/fr\/wp-json\/wp\/v2\/pages\/32881"}],"wp:attachment":[{"href":"https:\/\/bnssghealthiertogether.org.uk\/fr\/wp-json\/wp\/v2\/media?parent=34544"}],"wp:term":[{"taxonomy":"post_tag","embeddable":true,"href":"https:\/\/bnssghealthiertogether.org.uk\/fr\/wp-json\/wp\/v2\/tags?post=34544"}],"curies":[{"name":"wp","href":"https:\/\/api.w.org\/{rel}","templated":true}]}}