{"id":34548,"date":"2024-11-26T16:46:57","date_gmt":"2024-11-26T16:46:57","guid":{"rendered":"https:\/\/bnssghealthiertogether.org.uk\/?page_id=34548"},"modified":"2025-01-16T22:41:05","modified_gmt":"2025-01-16T22:41:05","slug":"the-effectiveness-and-cost-effectiveness-of-coenzyme-q10-in-heart-failure-with-reduced-ejection-fraction-a-pragmatic-patient-centred-data-enabled-trial-in-primary-care-coral","status":"publish","type":"page","link":"https:\/\/bnssghealthiertogether.org.uk\/fr\/integrated-care-board\/research-and-evidence\/our-research-portfolio\/nihr-funded-projects\/the-effectiveness-and-cost-effectiveness-of-coenzyme-q10-in-heart-failure-with-reduced-ejection-fraction-a-pragmatic-patient-centred-data-enabled-trial-in-primary-care-coral\/","title":{"rendered":"Efficacit\u00e9 et rapport co\u00fbt-efficacit\u00e9 de la coenzyme Q10 dans l&#039;insuffisance cardiaque \u00e0 fraction d&#039;\u00e9jection r\u00e9duite\u00a0: un essai pragmatique, centr\u00e9 sur le patient et bas\u00e9 sur les donn\u00e9es en soins primaires (CORAL)"},"content":{"rendered":"<div class=\"assembler_default-group assembler_module_group assembler_default-group_1 assembler_module_group_1\"><div class=\"assembler_module_area assembler_module_area_1\"><div class=\"assembler_text-module assembler_module assembler_text-module_1 assembler_module_1  transparent\"><a tabindex=\"-1\" title=\"Section intitul\u00e9e module-1\" id=\"module-1\" href=\"https:\/\/bnssghealthiertogether.org.uk\/fr\/wp-json\/wp\/v2\/pages\/34548\/#module-1\" class=\"anchor\"><span class=\"hidden\">Section intitul\u00e9e module-1<\/span><\/a><!-- Template found for text-module - Template: template-text - Matched: _only --><section class=\"w-full mx-auto max-w-content pt-12 sm:pt-24 pb-12 sm:pb-24\">\r\n  <div class=\"entry-content w-full !px-0 max-w-small\">\r\n        <h1>L&#039;efficacit\u00e9 et le rapport co\u00fbt-efficacit\u00e9 de la coenzyme Q10 dans l&#039;insuffisance cardiaque avec r\u00e9duction<br \/>\nfraction d&#039;\u00e9jection : un essai pragmatique, centr\u00e9 sur le patient et bas\u00e9 sur les donn\u00e9es en soins primaires (CORAL)<\/h1>\n<p>&nbsp;<\/p>\n<article class=\"page_content\">\n<h2 class=\"page_content__inner\">Financement<\/h2>\n<\/article>\n<p>Institut national de recherche en sant\u00e9 et soins (NIHR) \u00c9valuation des technologies de la sant\u00e9 (HTA) R\u00e9f. NIHR152257.<\/p>\n<h2>Quel est le probl\u00e8me ?<\/h2>\n<p>L&#039;insuffisance cardiaque signifie que le c\u0153ur ne parvient pas \u00e0 pomper le sang correctement, soit parce qu&#039;il est trop faible, soit parce qu&#039;il est trop rigide. Les personnes souffrant d&#039;insuffisance cardiaque ressentent souvent un essoufflement et de la fatigue. Leurs pieds et leurs chevilles gonflent. Ces sympt\u00f4mes peuvent alt\u00e9rer consid\u00e9rablement leur qualit\u00e9 de vie.<\/p>\n<p>Les personnes souffrant d&#039;insuffisance cardiaque et leurs professionnels de sant\u00e9 affirment que la recherche visant \u00e0 comprendre ce qui peut am\u00e9liorer leur qualit\u00e9 de vie est primordiale \u00e0 leurs yeux.<\/p>\n<p>L\u2019insuffisance cardiaque est diagnostiqu\u00e9e gr\u00e2ce \u00e0 un examen du c\u0153ur (\u00e9chocardiographie). Cet examen mesure la \u201c\u00a0fraction d\u2019\u00e9jection\u00a0\u201d, c\u2019est-\u00e0-dire la quantit\u00e9 de sang expuls\u00e9e de la cavit\u00e9 principale du c\u0153ur \u00e0 chaque battement.<\/p>\n<p>Certaines personnes souffrant d&#039;insuffisance cardiaque ont une fraction d&#039;\u00e9jection normale, mais cette recherche porte sur les personnes atteintes d&#039;insuffisance cardiaque avec une fraction d&#039;\u00e9jection r\u00e9duite.<\/p>\n<h2>Quel est l&#039;objectif de la recherche ?<\/h2>\n<p>L&#039;objectif principal de cette \u00e9tude est de d\u00e9terminer si la coenzyme Q10 am\u00e9liore la qualit\u00e9 de vie. La coenzyme Q10 est une substance apparent\u00e9e aux vitamines, pr\u00e9sente naturellement dans l&#039;organisme et dans certains aliments.<\/p>\n<p>Nous souhaitons mener une \u00e9tude pour d\u00e9terminer si la prise de coenzyme Q10 est b\u00e9n\u00e9fique aux personnes souffrant d&#039;insuffisance cardiaque et de fraction d&#039;\u00e9jection r\u00e9duite.<\/p>\n<h2>Comment cela sera-t-il r\u00e9alis\u00e9 ?<\/h2>\n<p>Nous le saurons en demandant aux participants de remplir des questionnaires. Ces questionnaires porteront sur leur qualit\u00e9 de vie et leur quotidien (le questionnaire de cardiomyopathie de Kansas City, le questionnaire EuroQol 5 Dimensions of Health et le questionnaire de la New York Heart Association).<\/p>\n<p>Un questionnaire portera \u00e9galement sur l&#039;impact financier de l&#039;insuffisance cardiaque sur les participants et leurs aidants. Les personnes participant \u00e0 l&#039;\u00e9tude seront invit\u00e9es \u00e0 remplir ces questionnaires avant le d\u00e9but de l&#039;\u00e9tude, puis \u00e0 3, 6 et 9 mois, et \u00e0 un an (\u00e0 la fin de l&#039;\u00e9tude).<\/p>\n<p>Nous estimons que remplir les questionnaires prendra environ 35 minutes et nous indemniserons les participants \u00e0 hauteur de 10 \u00a3 pour chaque s\u00e9rie de questionnaires.<\/p>\n<p>Avec leur autorisation, nous utiliserons leur dossier m\u00e9dical pour obtenir des informations sur leurs rendez-vous m\u00e9dicaux, leurs hospitalisations et leur survie. Afin de faciliter la participation des personnes souffrant d&#039;insuffisance cardiaque \u00e0 l&#039;\u00e9tude, nous ne leur demanderons pas de se rendre \u00e0 l&#039;h\u00f4pital ou chez leur m\u00e9decin traitant pour les visites li\u00e9es \u00e0 l&#039;\u00e9tude.<\/p>\n<p>Ils recevront par courrier des informations sur l&#039;\u00e9tude, leur m\u00e9decin g\u00e9n\u00e9raliste ou leur infirmier(\u00e8re) les appellera pour leur expliquer l&#039;\u00e9tude et leurs m\u00e9dicaments exp\u00e9rimentaux leur seront envoy\u00e9s directement \u00e0 domicile.<\/p>\n<p>Les personnes participant \u00e0 l&#039;\u00e9tude auront plusieurs options pour remplir leurs questionnaires\u00a0: en ligne, par t\u00e9l\u00e9phone ou en face \u00e0 face dans leur cabinet de m\u00e9decin g\u00e9n\u00e9raliste.<\/p>\n<h2>Qui dirige la recherche ?<\/h2>\n<p><a href=\"https:\/\/www.bristol.ac.uk\/people\/person\/Maria-Pufulete-6812e04e-f4da-448d-91db-032c4eddd93a\/\" rel=\"noopener\">Docteur Maria Pufulete<\/a>, chercheur principal, Universit\u00e9 de Bristol et <a href=\"https:\/\/www.bristol.ac.uk\/people\/person\/Rachel-Johnson-76214692-715a-441e-b67a-cfd9acdfa97a\/\" rel=\"noopener\">Dr Rachel Johnson<\/a>, Professeur associ\u00e9 en soins primaires, Universit\u00e9 de Bristol.<\/p>\n<h2>Informations compl\u00e9mentaires\u00a0:<\/h2>\n<p>Pour plus d&#039;informations ou pour participer \u00e0 ce projet, veuillez envoyer un courriel. <a href=\"mailto:bnssg.research@nhs.net\" target=\"_blank\" rel=\"noopener\">bnssg.research@nhs.net<\/a>.<\/p>\n<p>Les opinions exprim\u00e9es sont celles de l&#039;auteur (ou des auteurs) et ne refl\u00e8tent pas n\u00e9cessairement celles du NIHR ou du minist\u00e8re de la Sant\u00e9 et des Affaires sociales.<\/p>\n  <\/div>\r\n  <\/section><\/div><!-- .assembler_text-module.assembler_module.assembler_text-module_1.assembler_module_1..transparent --><\/div><!-- .assembler_module_area.assembler_module_area_1 --><\/div><!-- .assembler_default-group.assembler_module_group.assembler_default-group_1.assembler_module_group_1  -->","protected":false},"excerpt":{"rendered":"<p>Section titled module-1 The effectiveness and cost effectiveness of coenzyme Q10 in heart failure with reduced ejection fraction: a pragmatic, patient-centred, data-enabled trial in primary care (CORAL) &nbsp; Funding National Institute for Health and Care Research (NIHR) Health Technology Assessment (HTA) Ref. NIHR152257. What is the problem? Heart failure means the heart can\u2019t pump blood [&hellip;]<\/p>\n","protected":false},"author":1,"featured_media":0,"parent":32881,"menu_order":0,"comment_status":"closed","ping_status":"closed","template":"","meta":{"_acf_changed":false,"footnotes":""},"tags":[],"class_list":["post-34548","page","type-page","status-publish","hentry"],"acf":[],"_links":{"self":[{"href":"https:\/\/bnssghealthiertogether.org.uk\/fr\/wp-json\/wp\/v2\/pages\/34548","targetHints":{"allow":["GET"]}}],"collection":[{"href":"https:\/\/bnssghealthiertogether.org.uk\/fr\/wp-json\/wp\/v2\/pages"}],"about":[{"href":"https:\/\/bnssghealthiertogether.org.uk\/fr\/wp-json\/wp\/v2\/types\/page"}],"author":[{"embeddable":true,"href":"https:\/\/bnssghealthiertogether.org.uk\/fr\/wp-json\/wp\/v2\/users\/1"}],"replies":[{"embeddable":true,"href":"https:\/\/bnssghealthiertogether.org.uk\/fr\/wp-json\/wp\/v2\/comments?post=34548"}],"version-history":[{"count":3,"href":"https:\/\/bnssghealthiertogether.org.uk\/fr\/wp-json\/wp\/v2\/pages\/34548\/revisions"}],"predecessor-version":[{"id":36179,"href":"https:\/\/bnssghealthiertogether.org.uk\/fr\/wp-json\/wp\/v2\/pages\/34548\/revisions\/36179"}],"up":[{"embeddable":true,"href":"https:\/\/bnssghealthiertogether.org.uk\/fr\/wp-json\/wp\/v2\/pages\/32881"}],"wp:attachment":[{"href":"https:\/\/bnssghealthiertogether.org.uk\/fr\/wp-json\/wp\/v2\/media?parent=34548"}],"wp:term":[{"taxonomy":"post_tag","embeddable":true,"href":"https:\/\/bnssghealthiertogether.org.uk\/fr\/wp-json\/wp\/v2\/tags?post=34548"}],"curies":[{"name":"wp","href":"https:\/\/api.w.org\/{rel}","templated":true}]}}