{"id":34551,"date":"2024-11-26T16:47:23","date_gmt":"2024-11-26T16:47:23","guid":{"rendered":"https:\/\/bnssghealthiertogether.org.uk\/?page_id=34551"},"modified":"2025-01-16T22:42:07","modified_gmt":"2025-01-16T22:42:07","slug":"the-role-of-survivor-support-services-integrated-within-domestic-abuse-prevention-programmes","status":"publish","type":"page","link":"https:\/\/bnssghealthiertogether.org.uk\/fr\/integrated-care-board\/research-and-evidence\/our-research-portfolio\/nihr-funded-projects\/the-role-of-survivor-support-services-integrated-within-domestic-abuse-prevention-programmes\/","title":{"rendered":"Le r\u00f4le des services de soutien aux victimes int\u00e9gr\u00e9s aux programmes de pr\u00e9vention de la violence domestique"},"content":{"rendered":"<div class=\"assembler_default-group assembler_module_group assembler_default-group_1 assembler_module_group_1\"><div class=\"assembler_module_area assembler_module_area_1\"><div class=\"assembler_text-module assembler_module assembler_text-module_1 assembler_module_1  transparent\"><a tabindex=\"-1\" title=\"Section intitul\u00e9e module-1\" id=\"module-1\" href=\"https:\/\/bnssghealthiertogether.org.uk\/fr\/wp-json\/wp\/v2\/pages\/34551\/#module-1\" class=\"anchor\"><span class=\"hidden\">Section intitul\u00e9e module-1<\/span><\/a><!-- Template found for text-module - Template: template-text - Matched: _only --><section class=\"w-full mx-auto max-w-content pt-12 sm:pt-24 pb-12 sm:pb-24\">\r\n  <div class=\"entry-content w-full !px-0 max-w-small\">\r\n        <h1>Le r\u00f4le des services de soutien aux victimes int\u00e9gr\u00e9s aux programmes de pr\u00e9vention des violences conjugales.<\/h1>\n<p>&nbsp;<\/p>\n<article class=\"page_content\">\n<h2 class=\"page_content__inner\">Financement<\/h2>\n<\/article>\n<p>Institut national de recherche en sant\u00e9 et soins (NIHR) Recherche pour les soins sociaux (RfSC) R\u00e9f. NIHR204257.<\/p>\n<h2>Quelle est la question de recherche ?<\/h2>\n<p>1. Quels types de soutien aux victimes sont propos\u00e9s dans le cadre des DAPP britanniques\u00a0?<br \/>\n2. Comment les diff\u00e9rents types de soutien r\u00e9pondent-ils aux besoins de s\u00e9curit\u00e9 et autres des survivants ?<br \/>\n3. De quoi les travailleurs sociaux du programme DAPP charg\u00e9s du soutien aux survivants ont-ils besoin pour faire face aux d\u00e9fis de leur r\u00f4le ?<br \/>\n4. Comment nos conclusions peuvent-elles am\u00e9liorer les normes nationales et la formation en mati\u00e8re de soutien aux survivants au sein des DAPP\u00a0?<\/p>\n<h2>Quel est le probl\u00e8me ?<\/h2>\n<p>Respect est l&#039;organisme national qui veille \u00e0 ce que les services respectent les meilleures pratiques. Les programmes accr\u00e9dit\u00e9s par Respect proposent un travail de changement de comportement aupr\u00e8s de la personne violente, et offrent un soutien aux partenaires actuels ou ex-partenaires.<\/p>\n<p>Outre l&#039;aide pratique et \u00e9motionnelle, le travail de soutien aux survivants au sein de services agr\u00e9\u00e9s permet de g\u00e9rer les risques, d&#039;aider les survivants \u00e0 avoir des attentes r\u00e9alistes quant au changement de comportement de leur (ex-)partenaire et d&#039;\u00e9clairer la gestion des cas.<\/p>\n<p>On sait que le soutien apport\u00e9 aux victimes varie d&#039;un service \u00e0 l&#039;autre. Les normes existantes offrent peu d&#039;indications sur la mani\u00e8re dont ce soutien devrait \u00eatre fourni\u00a0; or, ce soutien peut constituer un \u00e9l\u00e9ment crucial de la r\u00e9ussite de ces programmes.<\/p>\n<h2>Quel est l&#039;objectif de la recherche ?<\/h2>\n<p>Les programmes de pr\u00e9vention des violences conjugales visent \u00e0 aider les auteurs de violences \u00e0 modifier leur comportement et \u00e0 renforcer la s\u00e9curit\u00e9 des victimes et \u00e0 les prot\u00e9ger des violences. Nous utilisons le terme \u2019\u00a0victime\u00a0\u2018 pour d\u00e9signer une personne ayant subi des violences conjugales, car il est g\u00e9n\u00e9ralement pr\u00e9f\u00e9r\u00e9 \u00e0 celui de \u2019\u00a0survivante\u00a0\u2018.<\/p>\n<h2>Comment cela sera-t-il r\u00e9alis\u00e9 ?<\/h2>\n<p>Cette \u00e9tude permettra de\u00a0:<\/p>\n<p>1. R\u00e9aliser une enqu\u00eate nationale sur les services de soutien aux survivants de DAPP afin d&#039;\u00e9tablir les diff\u00e9rents mod\u00e8les de soutien.<\/p>\n<p>2. Mener des entretiens avec les survivants ayant b\u00e9n\u00e9fici\u00e9 d&#039;un soutien, afin de mieux comprendre leurs besoins et leur exp\u00e9rience en la mati\u00e8re.<\/p>\n<p>3. Observer et interviewer le personnel de soutien aux survivants int\u00e9gr\u00e9 aux programmes ou travaillant en collaboration avec eux afin de comprendre comment ils r\u00e9pondent aux diff\u00e9rents besoins des survivants et de comprendre les d\u00e9fis li\u00e9s \u00e0 ce r\u00f4le.<\/p>\n<p>4. Collaborer avec Respect, avec le fournisseur du programme\/l&#039;organisme de bienfaisance pour enfants Barnardo&#039;s et avec les survivants de PPI, afin de traduire les r\u00e9sultats de l&#039;\u00e9tude en recommandations pratiques pour am\u00e9liorer les normes et la formation nationales.<\/p>\n<h2>Qui dirige la recherche ?<\/h2>\n<p><a href=\"https:\/\/www.bristol.ac.uk\/people\/person\/Karen-Morgan-6a00fc75-a671-4d82-b2df-c61a35a2ae40\/\" rel=\"noopener\">Dr Karen Morgan<\/a>, chercheur associ\u00e9, Universit\u00e9 de Bristol et <a href=\"https:\/\/research-information.bris.ac.uk\/en\/persons\/helen-a-cramer\" rel=\"noopener\">Docteur Helen Cramer<\/a>, Chercheur principal, Facult\u00e9 de m\u00e9decine de Bristol.<\/p>\n<h2>Informations compl\u00e9mentaires\u00a0:<\/h2>\n<p>Pour plus d&#039;informations ou pour participer \u00e0 ce projet, veuillez envoyer un courriel. <a href=\"mailto:bnssg.research@nhs.net\" target=\"_blank\" rel=\"noopener\">bnssg.research@nhs.net<\/a>.<\/p>\n<p>Les opinions exprim\u00e9es sont celles de l&#039;auteur (ou des auteurs) et ne refl\u00e8tent pas n\u00e9cessairement celles du NIHR ou du minist\u00e8re de la Sant\u00e9 et des Affaires sociales.<\/p>\n  <\/div>\r\n  <\/section><\/div><!-- .assembler_text-module.assembler_module.assembler_text-module_1.assembler_module_1..transparent --><\/div><!-- .assembler_module_area.assembler_module_area_1 --><\/div><!-- .assembler_default-group.assembler_module_group.assembler_default-group_1.assembler_module_group_1  -->","protected":false},"excerpt":{"rendered":"<p>Section titled module-1 The role of survivor-support services integrated within domestic abuse prevention programmes. &nbsp; Funding National Institute for Health and Care Research (NIHR) Research for Social Care (RfSC) Ref. NIHR204257. What is the research question? 1. What types of survivor-support are provided within UK DAPPs? 2. How do different types of support meet survivors\u2019 [&hellip;]<\/p>\n","protected":false},"author":1,"featured_media":0,"parent":32881,"menu_order":0,"comment_status":"closed","ping_status":"closed","template":"","meta":{"_acf_changed":false,"footnotes":""},"tags":[],"class_list":["post-34551","page","type-page","status-publish","hentry"],"acf":[],"_links":{"self":[{"href":"https:\/\/bnssghealthiertogether.org.uk\/fr\/wp-json\/wp\/v2\/pages\/34551","targetHints":{"allow":["GET"]}}],"collection":[{"href":"https:\/\/bnssghealthiertogether.org.uk\/fr\/wp-json\/wp\/v2\/pages"}],"about":[{"href":"https:\/\/bnssghealthiertogether.org.uk\/fr\/wp-json\/wp\/v2\/types\/page"}],"author":[{"embeddable":true,"href":"https:\/\/bnssghealthiertogether.org.uk\/fr\/wp-json\/wp\/v2\/users\/1"}],"replies":[{"embeddable":true,"href":"https:\/\/bnssghealthiertogether.org.uk\/fr\/wp-json\/wp\/v2\/comments?post=34551"}],"version-history":[{"count":3,"href":"https:\/\/bnssghealthiertogether.org.uk\/fr\/wp-json\/wp\/v2\/pages\/34551\/revisions"}],"predecessor-version":[{"id":36180,"href":"https:\/\/bnssghealthiertogether.org.uk\/fr\/wp-json\/wp\/v2\/pages\/34551\/revisions\/36180"}],"up":[{"embeddable":true,"href":"https:\/\/bnssghealthiertogether.org.uk\/fr\/wp-json\/wp\/v2\/pages\/32881"}],"wp:attachment":[{"href":"https:\/\/bnssghealthiertogether.org.uk\/fr\/wp-json\/wp\/v2\/media?parent=34551"}],"wp:term":[{"taxonomy":"post_tag","embeddable":true,"href":"https:\/\/bnssghealthiertogether.org.uk\/fr\/wp-json\/wp\/v2\/tags?post=34551"}],"curies":[{"name":"wp","href":"https:\/\/api.w.org\/{rel}","templated":true}]}}