{"id":34560,"date":"2024-11-26T16:48:32","date_gmt":"2024-11-26T16:48:32","guid":{"rendered":"https:\/\/bnssghealthiertogether.org.uk\/?page_id=34560"},"modified":"2025-01-16T22:48:46","modified_gmt":"2025-01-16T22:48:46","slug":"vertebral-fracture-clinical-decision-tool-for-older-women-with-back-pain-vfrac-a-feasibility-study","status":"publish","type":"page","link":"https:\/\/bnssghealthiertogether.org.uk\/fr\/integrated-care-board\/research-and-evidence\/our-research-portfolio\/nihr-funded-projects\/vertebral-fracture-clinical-decision-tool-for-older-women-with-back-pain-vfrac-a-feasibility-study\/","title":{"rendered":"Outil de d\u00e9cision clinique sur les fractures vert\u00e9brales chez les femmes \u00e2g\u00e9es souffrant de douleurs dorsales (Vfrac) \u2013 une \u00e9tude de faisabilit\u00e9."},"content":{"rendered":"<div class=\"assembler_default-group assembler_module_group assembler_default-group_1 assembler_module_group_1\"><div class=\"assembler_module_area assembler_module_area_1\"><div class=\"assembler_text-module assembler_module assembler_text-module_1 assembler_module_1  transparent\"><a tabindex=\"-1\" title=\"Section intitul\u00e9e module-1\" id=\"module-1\" href=\"https:\/\/bnssghealthiertogether.org.uk\/fr\/wp-json\/wp\/v2\/pages\/34560\/#module-1\" class=\"anchor\"><span class=\"hidden\">Section intitul\u00e9e module-1<\/span><\/a><!-- Template found for text-module - Template: template-text - Matched: _only --><section class=\"w-full mx-auto max-w-content pt-12 sm:pt-24 pb-12 sm:pb-24\">\r\n  <div class=\"entry-content w-full !px-0 max-w-small\">\r\n        <h1>Outil de d\u00e9cision clinique sur les fractures vert\u00e9brales chez les femmes \u00e2g\u00e9es souffrant de douleurs dorsales (Vfrac) \u2013 une \u00e9tude de faisabilit\u00e9.<\/h1>\n<h2>Financement<\/h2>\n<p>Institut national de recherche en sant\u00e9 et en soins, Recherche au service des patients.<\/p>\n<h2><strong>Quel est le probl\u00e8me ?<\/strong><\/h2>\n<p>L\u2019ost\u00e9oporose (fragilisation osseuse) est l\u2019une des affections musculo-squelettiques les plus fr\u00e9quentes chez les femmes \u00e2g\u00e9es. Les fractures vert\u00e9brales ost\u00e9oporotiques (fractures des vert\u00e8bres dues \u00e0 l\u2019ost\u00e9oporose) sont particuli\u00e8rement importantes car elles permettent d\u2019identifier les personnes pr\u00e9sentant un risque \u00e9lev\u00e9 de nouvelles fractures.<\/p>\n<p>Cependant, moins d&#039;un tiers des personnes souffrant de fractures vert\u00e9brales sont correctement diagnostiqu\u00e9es et trait\u00e9es. La principale raison de cet \u00e9chec r\u00e9side dans la difficult\u00e9 \u00e0 d\u00e9terminer qui devrait b\u00e9n\u00e9ficier d&#039;une radiographie du rachis.<\/p>\n<p>L&#039;outil Vfrac est un questionnaire simple, \u00e9labor\u00e9 avec soin \u00e0 partir d&#039;une \u00e9tude men\u00e9e aupr\u00e8s de femmes, avec ou sans fractures vert\u00e9brales ost\u00e9oporotiques. Vfrac est destin\u00e9 aux professionnels de sant\u00e9 exer\u00e7ant en m\u00e9decine g\u00e9n\u00e9rale et \u00e0 administrer aux femmes de plus de 65 ans souffrant de douleurs dorsales.<\/p>\n<p>Le r\u00e9sultat de Vfrac indique si une radiographie de la colonne vert\u00e9brale est n\u00e9cessaire ou non.<\/p>\n<h2><strong>Quel est l&#039;objectif de la recherche ?<\/strong><\/h2>\n<p>Le dispositif Vfrac n&#039;a jamais \u00e9t\u00e9 test\u00e9 en conditions r\u00e9elles pour \u00e9valuer son efficacit\u00e9 et son rapport co\u00fbt-efficacit\u00e9 pour le NHS. Cette \u00e9tude \u00e0 grande \u00e9chelle, men\u00e9e aupr\u00e8s de nombreux cabinets de m\u00e9decine g\u00e9n\u00e9rale, permettra de d\u00e9terminer si Vfrac am\u00e9liore la prise en charge des personnes \u00e2g\u00e9es atteintes d&#039;ost\u00e9oporose.<\/p>\n<p>Avant de pouvoir concevoir cette \u00e9tude, nous avons besoin d&#039;informations pour la planifier\u00a0:<\/p>\n<ol>\n<li>La taille et le d\u00e9roulement de l&#039;\u00e9tude, bas\u00e9s sur des informations telles que le nombre de femmes qui consultent leur m\u00e9decin g\u00e9n\u00e9raliste pour des douleurs dorsales, et le d\u00e9lai moyen pour que les r\u00e9sultats des radiographies parviennent au m\u00e9decin g\u00e9n\u00e9raliste.<\/li>\n<li>Les exigences informatiques, en fonction des diff\u00e9rents syst\u00e8mes informatiques utilis\u00e9s par les cabinets de m\u00e9decine g\u00e9n\u00e9rale.<\/li>\n<li>Comment Vfrac est utilis\u00e9, selon les professionnels de sant\u00e9 qui voient des personnes \u00e2g\u00e9es souffrant de maux de dos en soins primaires.<\/li>\n<li>Faut-il modifier l&#039;outil en fonction de la compr\u00e9hension des points de vue et des exp\u00e9riences des patients et des professionnels de la sant\u00e9 concernant l&#039;utilisation de Vfrac\u00a0?.<\/li>\n<li>Peut-on utiliser Vfrac par t\u00e9l\u00e9phone (consultation \u00e0 distance)\u00a0?.<\/li>\n<\/ol>\n<h2><strong>Comment cela sera-t-il r\u00e9alis\u00e9 ?<\/strong><\/h2>\n<p>Nous allons:<\/p>\n<p>(A) Utilisez une base de donn\u00e9es qui collecte des donn\u00e9es de patients provenant de cabinets de m\u00e9decins g\u00e9n\u00e9ralistes \u00e0 travers le Royaume-Uni pour calculer la taille et la conception de la grande \u00e9tude.<\/p>\n<p>(B) Nous solliciterons la participation de six cabinets de m\u00e9decine g\u00e9n\u00e9rale \u00e0 cette \u00e9tude et demanderons \u00e0 la moiti\u00e9 d&#039;entre eux d&#039;utiliser Vfrac pendant 12 mois. Cela nous permettra de mieux comprendre leurs besoins informatiques. Nous interrogerons les patients et les professionnels de sant\u00e9 sur leur avis concernant Vfrac et identifierons les facteurs qui facilitent ou compliquent son utilisation. Nous r\u00e9aliserons des tests en pr\u00e9sentiel et par t\u00e9l\u00e9phone\/vid\u00e9o.<\/p>\n<p>(C) R\u00e9aliser une enqu\u00eate nationale aupr\u00e8s des cabinets de m\u00e9decins g\u00e9n\u00e9ralistes pour d\u00e9crire quel type de professionnels de la sant\u00e9 voient des personnes \u00e2g\u00e9es souffrant de maux de dos.<\/p>\n<p>Les patients et le public ont \u00e9t\u00e9 associ\u00e9s \u00e0 chaque \u00e9tape de la planification et de la r\u00e9alisation des projets de recherche ayant men\u00e9 \u00e0 Vfrac. Deux personnes souffrant de fractures vert\u00e9brales ost\u00e9oporotiques ont accept\u00e9 de poursuivre leur implication\u00a0; elles si\u00e9geront au comit\u00e9 de pilotage de cette proposition. Notre partenariat prim\u00e9 \u00ab\u00a0Exp\u00e9rience des patients en recherche\u00a0\u00bb a contribu\u00e9 \u00e0 la r\u00e9daction de ce dossier de demande de soutien.<\/p>\n<h2><strong>Qui dirige la recherche ?<\/strong><\/h2>\n<p>Professeure Emma Clark, professeure d&#039;\u00e9pid\u00e9miologie musculo-squelettique clinique, facult\u00e9 de m\u00e9decine de Bristol, universit\u00e9 de Bristol.<\/p>\n<h2>Informations compl\u00e9mentaires\u00a0:<\/h2>\n<p><a href=\"https:\/\/www.bristol.ac.uk\/people\/person\/Emma-Clark-fa805e1c-3313-427d-b4fe-c35b80f93313\/\" rel=\"noopener\">Professeure Emma Clark<\/a><\/p>\n<p>Pour plus d&#039;informations ou pour participer \u00e0 ce projet, veuillez envoyer un courriel. <a href=\"mailto:bnssg.research@nhs.net\" target=\"_blank\" rel=\"noopener\">bnssg.research@nhs.net<\/a>.<\/p>\n<p>Les opinions exprim\u00e9es sont celles de l&#039;auteur (ou des auteurs) et ne refl\u00e8tent pas n\u00e9cessairement celles du NIHR ou du minist\u00e8re de la Sant\u00e9 et des Affaires sociales.<\/p>\n  <\/div>\r\n  <\/section><\/div><!-- .assembler_text-module.assembler_module.assembler_text-module_1.assembler_module_1..transparent --><\/div><!-- .assembler_module_area.assembler_module_area_1 --><\/div><!-- .assembler_default-group.assembler_module_group.assembler_default-group_1.assembler_module_group_1  -->","protected":false},"excerpt":{"rendered":"<p>Section titled module-1 Vertebral fracture clinical decision tool for older women with back pain (Vfrac) \u2013 a feasibility study. Funding National Institute for Health and Care Research, Research for Patient Benefit. What is the problem? Osteoporosis (weak bones) is one of the most common musculoskeletal conditions in older women. Osteoporotic vertebral fractures (broken bones in [&hellip;]<\/p>\n","protected":false},"author":1,"featured_media":0,"parent":32881,"menu_order":0,"comment_status":"closed","ping_status":"closed","template":"","meta":{"_acf_changed":false,"footnotes":""},"tags":[],"class_list":["post-34560","page","type-page","status-publish","hentry"],"acf":[],"_links":{"self":[{"href":"https:\/\/bnssghealthiertogether.org.uk\/fr\/wp-json\/wp\/v2\/pages\/34560","targetHints":{"allow":["GET"]}}],"collection":[{"href":"https:\/\/bnssghealthiertogether.org.uk\/fr\/wp-json\/wp\/v2\/pages"}],"about":[{"href":"https:\/\/bnssghealthiertogether.org.uk\/fr\/wp-json\/wp\/v2\/types\/page"}],"author":[{"embeddable":true,"href":"https:\/\/bnssghealthiertogether.org.uk\/fr\/wp-json\/wp\/v2\/users\/1"}],"replies":[{"embeddable":true,"href":"https:\/\/bnssghealthiertogether.org.uk\/fr\/wp-json\/wp\/v2\/comments?post=34560"}],"version-history":[{"count":3,"href":"https:\/\/bnssghealthiertogether.org.uk\/fr\/wp-json\/wp\/v2\/pages\/34560\/revisions"}],"predecessor-version":[{"id":36183,"href":"https:\/\/bnssghealthiertogether.org.uk\/fr\/wp-json\/wp\/v2\/pages\/34560\/revisions\/36183"}],"up":[{"embeddable":true,"href":"https:\/\/bnssghealthiertogether.org.uk\/fr\/wp-json\/wp\/v2\/pages\/32881"}],"wp:attachment":[{"href":"https:\/\/bnssghealthiertogether.org.uk\/fr\/wp-json\/wp\/v2\/media?parent=34560"}],"wp:term":[{"taxonomy":"post_tag","embeddable":true,"href":"https:\/\/bnssghealthiertogether.org.uk\/fr\/wp-json\/wp\/v2\/tags?post=34560"}],"curies":[{"name":"wp","href":"https:\/\/api.w.org\/{rel}","templated":true}]}}