{"id":34585,"date":"2024-11-26T16:54:44","date_gmt":"2024-11-26T16:54:44","guid":{"rendered":"https:\/\/bnssghealthiertogether.org.uk\/?page_id=34585"},"modified":"2025-01-19T21:02:35","modified_gmt":"2025-01-19T21:02:35","slug":"implementation-of-flash-glucose-monitoring-in-four-paediatric-diabetes-clinics-before-and-after-study-to-produce-real-world-evidence-of-patient-benefit","status":"publish","type":"page","link":"https:\/\/bnssghealthiertogether.org.uk\/fr\/integrated-care-board\/research-and-evidence\/our-research-portfolio\/previously-supported-projects\/implementation-of-flash-glucose-monitoring-in-four-paediatric-diabetes-clinics-before-and-after-study-to-produce-real-world-evidence-of-patient-benefit\/","title":{"rendered":"Mise en place d&#039;un syst\u00e8me de surveillance flash du glucose dans quatre cliniques de diab\u00e9tologie p\u00e9diatrique\u00a0: \u00e9tude avant-apr\u00e8s visant \u00e0 fournir des donn\u00e9es probantes sur les b\u00e9n\u00e9fices pour les patients en situation r\u00e9elle"},"content":{"rendered":"<div class=\"assembler_default-group assembler_module_group assembler_default-group_1 assembler_module_group_1\"><div class=\"assembler_module_area assembler_module_area_1\"><div class=\"assembler_text-module assembler_module assembler_text-module_1 assembler_module_1  transparent\"><a tabindex=\"-1\" title=\"Section intitul\u00e9e module-1\" id=\"module-1\" href=\"https:\/\/bnssghealthiertogether.org.uk\/fr\/wp-json\/wp\/v2\/pages\/34585\/#module-1\" class=\"anchor\"><span class=\"hidden\">Section intitul\u00e9e module-1<\/span><\/a><!-- Template found for text-module - Template: template-text - Matched: _only --><section class=\"w-full mx-auto max-w-content pt-12 sm:pt-24 pb-12 sm:pb-24\">\r\n  <div class=\"entry-content w-full !px-0 max-w-small\">\r\n        <h1>Mise en place d&#039;un syst\u00e8me de surveillance flash du glucose dans quatre cliniques de diab\u00e9tologie p\u00e9diatrique\u00a0: \u00e9tude avant-apr\u00e8s visant \u00e0 fournir des donn\u00e9es probantes sur les b\u00e9n\u00e9fices pour les patients en situation r\u00e9elle<\/h1>\n<h2>Financement<\/h2>\n<p>Institut national de la sant\u00e9 (NIHR) Recherche pour le b\u00e9n\u00e9fice des patients (RfPB) R\u00e9f. NIHR201085<\/p>\n<h2>Quelle est la question de recherche ?<\/h2>\n<p>L\u2019objectif principal sera d\u2019\u00e9tablir des directives qui am\u00e9lioreront la prise en charge des jeunes diab\u00e9tiques et de leurs familles.<\/p>\n<p>L\u2019objectif de ces recommandations est d\u2019\u00e9valuer l\u2019int\u00e9r\u00eat de Libre pour ce groupe de patients et de fournir des informations pratiques aux patients et au personnel soignant concernant l\u2019utilisation de Libre.<\/p>\n<h2>Quel est le probl\u00e8me ?<\/h2>\n<p>Le diab\u00e8te de type 1 est la forme la plus courante de diab\u00e8te chez l&#039;enfant et survient lorsque l&#039;organisme ne produit pas d&#039;insuline.<\/p>\n<p>Les personnes atteintes de diab\u00e8te de type 1 doivent s&#039;injecter de l&#039;insuline et surveiller leur glyc\u00e9mie. En effet, une glyc\u00e9mie trop \u00e9lev\u00e9e ou trop basse peut entra\u00eener des complications graves et rapides, comme une hypoglyc\u00e9mie (taux de sucre trop bas dans le sang) ou un coma potentiellement mortel (taux de sucre dangereusement \u00e9lev\u00e9 ou bas dans le sang).<\/p>\n<p>Maintenir sa glyc\u00e9mie dans une fourchette saine est \u00e9galement important pour \u00e9viter les probl\u00e8mes de sant\u00e9 \u00e0 long terme.<\/p>\n<p>Pour beaucoup de jeunes, la surveillance de la glyc\u00e9mie implique des tests sanguins fr\u00e9quents et douloureux par piq\u00fbre au doigt.<\/p>\n<p>Nous souhaitons d\u00e9terminer si un nouveau capteur, port\u00e9 sur le haut du bras, pour surveiller la glyc\u00e9mie est plus performant. Il s&#039;agit d&#039;une \u2018\u00a0surveillance flash\u00a0\u2019 et un seul type de dispositif, le Freestyle Libre (Libre), est actuellement disponible au sein du NHS (service national de sant\u00e9 britannique).<\/p>\n<p>Libre a la taille d&#039;une pi\u00e8ce de 2 \u00a3 et est dot\u00e9 d&#039;un fin filament qui d\u00e9tecte le taux de sucre dans le liquide entourant les cellules de la peau. Un lecteur portable ou un smartphone peut \u00eatre pass\u00e9 au-dessus du capteur pour obtenir une lecture instantan\u00e9e. Cela indique au jeune ou \u00e0 son parent si le taux de sucre est normal.<\/p>\n<p>Toutes les donn\u00e9es issues de Libre peuvent \u00eatre envoy\u00e9es \u00e0 un ordinateur et utilis\u00e9es pour orienter les d\u00e9cisions th\u00e9rapeutiques en clinique.<\/p>\n<h2>Quel est l&#039;objectif de la recherche ?<\/h2>\n<p>Nous souhaitons comparer Libre aux tests de glyc\u00e9mie par piq\u00fbre au doigt afin de d\u00e9terminer s&#039;il am\u00e9liore le contr\u00f4le de la glyc\u00e9mie \u00e0 long terme et r\u00e9duit les hospitalisations chez les enfants.<\/p>\n<h2>Comment cela sera-t-il r\u00e9alis\u00e9 ?<\/h2>\n<p>Pour ce faire, nous utiliserons les informations recueillies lors des consultations de diab\u00e9tologie p\u00e9diatrique 12 mois avant et 12 mois apr\u00e8s le d\u00e9but du traitement par Libre.<\/p>\n<p>Nous souhaitons \u00e9galement conna\u00eetre l&#039;avis des jeunes, des parents, des m\u00e9decins et des infirmi\u00e8res sur Libre. Nous \u00e9valuerons son rapport co\u00fbt-efficacit\u00e9 pour le NHS.<\/p>\n<p>Cette \u00e9tude portera sur quatre services de diab\u00e9tologie du Sud-Ouest : Bristol, Plymouth, Exeter et Swindon.<\/p>\n<h2>Qui dirige la recherche ?<\/h2>\n<p>Dr Rebecca Kandiyali, chercheuse en \u00e9valuation \u00e9conomique de la sant\u00e9, sciences de la sant\u00e9 des populations, universit\u00e9 de Bristol.<\/p>\n<h2>Informations compl\u00e9mentaires<\/h2>\n<p><a href=\"http:\/\/research-information.bris.ac.uk\/en\/persons\/rebecca-kandiyali\" target=\"_blank\" rel=\"nofollow noopener\">\u00c0 propos de Rebecca Kandiyali<\/a><\/p>\n<p>Pour plus d&#039;informations ou pour participer \u00e0 ce projet, veuillez envoyer un courriel. <a href=\"mailto:bnssg.research@nhs.net\" target=\"_blank\" rel=\"noopener\">bnssg.research@nhs.net<\/a>.<\/p>\n<p>Les opinions exprim\u00e9es sont celles de l&#039;auteur (ou des auteurs) et ne refl\u00e8tent pas n\u00e9cessairement celles du NIHR ou du minist\u00e8re de la Sant\u00e9 et des Affaires sociales.<\/p>\n  <\/div>\r\n  <\/section><\/div><!-- .assembler_text-module.assembler_module.assembler_text-module_1.assembler_module_1..transparent --><\/div><!-- .assembler_module_area.assembler_module_area_1 --><\/div><!-- .assembler_default-group.assembler_module_group.assembler_default-group_1.assembler_module_group_1  -->","protected":false},"excerpt":{"rendered":"<p>Section titled module-1 Implementation of flash glucose monitoring in four paediatric diabetes clinics \u2013 before and after study to produce real world evidence of patient benefit Funding National Institute for Health (NIHR) Research for Patient Benefit (RfPB) Ref. NIHR201085 What is the research question? The overarching aim will be to establish guidance which will improve [&hellip;]<\/p>\n","protected":false},"author":1,"featured_media":0,"parent":32891,"menu_order":0,"comment_status":"closed","ping_status":"closed","template":"","meta":{"_acf_changed":false,"footnotes":""},"tags":[],"class_list":["post-34585","page","type-page","status-publish","hentry"],"acf":[],"_links":{"self":[{"href":"https:\/\/bnssghealthiertogether.org.uk\/fr\/wp-json\/wp\/v2\/pages\/34585","targetHints":{"allow":["GET"]}}],"collection":[{"href":"https:\/\/bnssghealthiertogether.org.uk\/fr\/wp-json\/wp\/v2\/pages"}],"about":[{"href":"https:\/\/bnssghealthiertogether.org.uk\/fr\/wp-json\/wp\/v2\/types\/page"}],"author":[{"embeddable":true,"href":"https:\/\/bnssghealthiertogether.org.uk\/fr\/wp-json\/wp\/v2\/users\/1"}],"replies":[{"embeddable":true,"href":"https:\/\/bnssghealthiertogether.org.uk\/fr\/wp-json\/wp\/v2\/comments?post=34585"}],"version-history":[{"count":3,"href":"https:\/\/bnssghealthiertogether.org.uk\/fr\/wp-json\/wp\/v2\/pages\/34585\/revisions"}],"predecessor-version":[{"id":36238,"href":"https:\/\/bnssghealthiertogether.org.uk\/fr\/wp-json\/wp\/v2\/pages\/34585\/revisions\/36238"}],"up":[{"embeddable":true,"href":"https:\/\/bnssghealthiertogether.org.uk\/fr\/wp-json\/wp\/v2\/pages\/32891"}],"wp:attachment":[{"href":"https:\/\/bnssghealthiertogether.org.uk\/fr\/wp-json\/wp\/v2\/media?parent=34585"}],"wp:term":[{"taxonomy":"post_tag","embeddable":true,"href":"https:\/\/bnssghealthiertogether.org.uk\/fr\/wp-json\/wp\/v2\/tags?post=34585"}],"curies":[{"name":"wp","href":"https:\/\/api.w.org\/{rel}","templated":true}]}}