{"id":34594,"date":"2024-11-26T16:56:05","date_gmt":"2024-11-26T16:56:05","guid":{"rendered":"https:\/\/bnssghealthiertogether.org.uk\/?page_id=34594"},"modified":"2025-01-19T21:12:41","modified_gmt":"2025-01-19T21:12:41","slug":"the-dish-disclosure-in-sexual-health-project-to-develop-an-identification-and-support-intervention-for-sexual-violence-survivors","status":"publish","type":"page","link":"https:\/\/bnssghealthiertogether.org.uk\/fr\/integrated-care-board\/research-and-evidence\/our-research-portfolio\/previously-supported-projects\/the-dish-disclosure-in-sexual-health-project-to-develop-an-identification-and-support-intervention-for-sexual-violence-survivors\/","title":{"rendered":"Le projet DiSH (Disclosure in Sexual Health) vise \u00e0 d\u00e9velopper une intervention d&#039;identification et de soutien pour les survivants de violences sexuelles."},"content":{"rendered":"<div class=\"assembler_default-group assembler_module_group assembler_default-group_1 assembler_module_group_1\"><div class=\"assembler_module_area assembler_module_area_1\"><div class=\"assembler_text-module assembler_module assembler_text-module_1 assembler_module_1  transparent\"><a tabindex=\"-1\" title=\"Section intitul\u00e9e module-1\" id=\"module-1\" href=\"https:\/\/bnssghealthiertogether.org.uk\/fr\/wp-json\/wp\/v2\/pages\/34594\/#module-1\" class=\"anchor\"><span class=\"hidden\">Section intitul\u00e9e module-1<\/span><\/a><!-- Template found for text-module - Template: template-text - Matched: _only --><section class=\"w-full mx-auto max-w-content pt-12 sm:pt-24 pb-12 sm:pb-24\">\r\n  <div class=\"entry-content w-full !px-0 max-w-small\">\r\n        <header class=\"local_header\">\n<div class=\"local_header__inner\">\n<h1 class=\"local_header__title\">Le projet DiSH (Disclosure in Sexual Health) vise \u00e0 d\u00e9velopper une intervention d&#039;identification et de soutien pour les survivants de violences sexuelles.<\/h1>\n<h2>Financement<\/h2>\n<p>Financement des capacit\u00e9s de recherche du CCG de Bristol, North Somerset et South Gloucestershire (d\u00e9veloppement local)<\/p>\n<h2>Quelle est la question de recherche ?<\/h2>\n<\/div>\n<\/header>\n<p>Comment les services de sant\u00e9 sexuelle peuvent-ils am\u00e9liorer l&#039;identification et le soutien des survivants de violences sexuelles (VS) qui utilisent ces services en d\u00e9veloppant un d\u00e9pistage tenant compte des traumatismes et des exp\u00e9riences v\u00e9cues\u00a0?<\/p>\n<h2>Quel est le probl\u00e8me ?<\/h2>\n<ul>\n<li>Les abus et les violences sexuelles sont courants, les taux augmentent et pourtant les donn\u00e9es de la justice p\u00e9nale montrent que la plupart des survivants (85%) ne les signalent pas.<\/li>\n<li>Pour beaucoup, les services de sant\u00e9 sexuelle seront leur premier recours pour obtenir de l&#039;aide, mais la plupart ne le r\u00e9v\u00e8lent pas \u00e0 ce stade.<\/li>\n<li>Un travail r\u00e9cent men\u00e9 aupr\u00e8s de groupes de survivants g\u00e9r\u00e9s par le Somerset and Avon Rape and Sexual Abuse Service (SARSAS) a mis en \u00e9vidence le foss\u00e9 entre ce dont les survivants ont besoin pour \u00eatre pris en charge afin de pouvoir t\u00e9moigner.<\/li>\n<li>Les donn\u00e9es et les pratiques existantes se concentrent sur l&#039;identification des violences conjugales (conjoint ou ex-conjoint) et peuvent passer \u00e0 c\u00f4t\u00e9 de toute une s\u00e9rie d&#039;exp\u00e9riences sexuelles non d\u00e9sir\u00e9es avec des connaissances ou des partenaires intimes occasionnels.<\/li>\n<li>La mani\u00e8re dont les services de d\u00e9pistage des violences sexuelles peuvent ne pas tenir compte de la lutte des personnes contre la honte, la stigmatisation et la culpabilit\u00e9 pour qu&#039;elles puissent consid\u00e9rer ce qui leur est arriv\u00e9 comme une violence sexuelle (compr\u00e9hension clinique d&#039;une approche tenant compte des traumatismes).<\/li>\n<li>Les donn\u00e9es probantes et les recherches men\u00e9es par l&#039;\u00e9quipe de recherche confirment la n\u00e9cessit\u00e9 d&#039;am\u00e9liorer le d\u00e9pistage afin de mieux identifier les violences sexuelles (par opposition aux violences conjugales) et d&#039;explorer comment interroger les personnes sur les violences sexuelles.<\/li>\n<\/ul>\n<p>Les effets n\u00e9fastes des violences sexuelles se r\u00e9percutent sur plusieurs g\u00e9n\u00e9rations, affectant la capacit\u00e9 des individus \u00e0 travailler et \u00e0 participer \u00e0 la vie familiale et communautaire. Un meilleur d\u00e9pistage permet de pr\u00e9venir ces pr\u00e9judices.<\/p>\n<h2>Quel est l&#039;objectif de la recherche ?<\/h2>\n<p>Afin d\u2019am\u00e9liorer l\u2019identification des victimes de violences sexuelles qui utilisent actuellement les services de sant\u00e9 sexuelle, et ainsi maximiser les possibilit\u00e9s d\u2019intervention pr\u00e9coce gr\u00e2ce \u00e0 l\u2019orientation vers des services de soutien sp\u00e9cialis\u00e9s.<\/p>\n<p>Cela pourrait r\u00e9duire consid\u00e9rablement l&#039;impact physique, psychologique et social des violences sexuelles sur les personnes concern\u00e9es.<\/p>\n<p>L\u2019\u00e9quipe d\u00e9veloppera et testera diff\u00e9rentes m\u00e9thodes pour interroger les usagers des services de sant\u00e9 sexuelle sur les violences sexuelles. L\u2019impact attendu de cette recherche sera le suivant\u00a0:<\/p>\n<ul>\n<li>Am\u00e9liorer le rep\u00e9rage des violences sexuelles au sein des services de sant\u00e9 sexuelle gr\u00e2ce \u00e0 une \u00e9tude co-r\u00e9alis\u00e9e sur la mani\u00e8re d&#039;aborder ce sujet.<\/li>\n<li>\u00c9largir la compr\u00e9hension du questionnement syst\u00e9matique sur les exp\u00e9riences sexuelles non d\u00e9sir\u00e9es afin de mieux refl\u00e9ter l&#039;\u00e9ventail des violences sexuelles qui ne correspondent pas aux d\u00e9pistages actuels ax\u00e9s sur la violence domestique (questionnement syst\u00e9matique).<\/li>\n<li>Tester l&#039;impact, positif et n\u00e9gatif, du fait d&#039;interroger les patients sur les violences sexuelles.<\/li>\n<li>Tester l&#039;impact de cette d\u00e9marche sur le personnel et le syst\u00e8me dans son ensemble, notamment en ce qui concerne les besoins de formation du personnel et la demande que cela engendre en mati\u00e8re d&#039;orientation ult\u00e9rieure.<\/li>\n<\/ul>\n<h2>Comment cela sera-t-il r\u00e9alis\u00e9 ?<\/h2>\n<p>L&#039;\u00e9quipe a l&#039;intention de mener une \u00e9tude d&#039;\u00e9valuation dans deux endroits afin d&#039;explorer comment nous abordons actuellement la question des violences sexuelles, comment nous pouvons l&#039;am\u00e9liorer et quel est son impact sur le personnel, le service et le r\u00e9seau d&#039;orientation plus large.<\/p>\n<p>Nous allons \u00e9laborer une intervention utilisant diff\u00e9rentes approches pour am\u00e9liorer les pratiques de d\u00e9pistage des abus et violences sexuelles dans les services de sant\u00e9 sexuelle.<\/p>\n<p>Ce travail sera r\u00e9alis\u00e9 en collaboration avec les personnes concern\u00e9es afin de leur permettre d&#039;acc\u00e9der \u00e0 un soutien sp\u00e9cialis\u00e9 s\u00fbr et adapt\u00e9 \u00e0 leurs besoins.<\/p>\n<h2>Qui dirige la recherche ?<\/h2>\n<p><a href=\"https:\/\/people.uwe.ac.uk\/Person\/JaneMeyrick\" rel=\"noopener\">Docteur Jane Meyrick<\/a>, Ma\u00eetre de conf\u00e9rences en psychologie de la sant\u00e9, Universit\u00e9 de l&#039;Ouest de l&#039;Angleterre, Bristol.<\/p>\n<h2>Informations compl\u00e9mentaires<\/h2>\n<p>Pour plus d&#039;informations ou pour participer \u00e0 ce projet, veuillez envoyer un courriel. <a href=\"mailto:bnssg.research@nhs.net\" target=\"_blank\" rel=\"noopener\">bnssg.research@nhs.net<\/a><\/p>\n  <\/div>\r\n  <\/section><\/div><!-- .assembler_text-module.assembler_module.assembler_text-module_1.assembler_module_1..transparent --><\/div><!-- .assembler_module_area.assembler_module_area_1 --><\/div><!-- .assembler_default-group.assembler_module_group.assembler_default-group_1.assembler_module_group_1  -->","protected":false},"excerpt":{"rendered":"<p>Section titled module-1 The DiSH (Disclosure in Sexual Health) project to develop an identification and support intervention for sexual violence survivors Funding Bristol, North Somerset and South Gloucestershire CCG Research Capability Funding (Local development) What is the research question? How can sexual health services improve the identification and support for sexual violence (SV) survivors using [&hellip;]<\/p>\n","protected":false},"author":1,"featured_media":0,"parent":32891,"menu_order":0,"comment_status":"closed","ping_status":"closed","template":"","meta":{"_acf_changed":false,"footnotes":""},"tags":[],"class_list":["post-34594","page","type-page","status-publish","hentry"],"acf":[],"_links":{"self":[{"href":"https:\/\/bnssghealthiertogether.org.uk\/fr\/wp-json\/wp\/v2\/pages\/34594","targetHints":{"allow":["GET"]}}],"collection":[{"href":"https:\/\/bnssghealthiertogether.org.uk\/fr\/wp-json\/wp\/v2\/pages"}],"about":[{"href":"https:\/\/bnssghealthiertogether.org.uk\/fr\/wp-json\/wp\/v2\/types\/page"}],"author":[{"embeddable":true,"href":"https:\/\/bnssghealthiertogether.org.uk\/fr\/wp-json\/wp\/v2\/users\/1"}],"replies":[{"embeddable":true,"href":"https:\/\/bnssghealthiertogether.org.uk\/fr\/wp-json\/wp\/v2\/comments?post=34594"}],"version-history":[{"count":2,"href":"https:\/\/bnssghealthiertogether.org.uk\/fr\/wp-json\/wp\/v2\/pages\/34594\/revisions"}],"predecessor-version":[{"id":36242,"href":"https:\/\/bnssghealthiertogether.org.uk\/fr\/wp-json\/wp\/v2\/pages\/34594\/revisions\/36242"}],"up":[{"embeddable":true,"href":"https:\/\/bnssghealthiertogether.org.uk\/fr\/wp-json\/wp\/v2\/pages\/32891"}],"wp:attachment":[{"href":"https:\/\/bnssghealthiertogether.org.uk\/fr\/wp-json\/wp\/v2\/media?parent=34594"}],"wp:term":[{"taxonomy":"post_tag","embeddable":true,"href":"https:\/\/bnssghealthiertogether.org.uk\/fr\/wp-json\/wp\/v2\/tags?post=34594"}],"curies":[{"name":"wp","href":"https:\/\/api.w.org\/{rel}","templated":true}]}}