{"id":34599,"date":"2024-11-26T16:56:54","date_gmt":"2024-11-26T16:56:54","guid":{"rendered":"https:\/\/bnssghealthiertogether.org.uk\/?page_id=34599"},"modified":"2025-01-19T21:16:18","modified_gmt":"2025-01-19T21:16:18","slug":"triumph-treating-urinary-symptoms-in-men-in-primary-healthcare-using-non-pharmacological-and-non-surgical-interventions","status":"publish","type":"page","link":"https:\/\/bnssghealthiertogether.org.uk\/fr\/integrated-care-board\/research-and-evidence\/our-research-portfolio\/previously-supported-projects\/triumph-treating-urinary-symptoms-in-men-in-primary-healthcare-using-non-pharmacological-and-non-surgical-interventions\/","title":{"rendered":"TRIOMPHE : Traitement des sympt\u00f4mes urinaires chez l&#039;homme en soins de sant\u00e9 primaires par des interventions non pharmacologiques et non chirurgicales"},"content":{"rendered":"<div class=\"assembler_default-group assembler_module_group assembler_default-group_1 assembler_module_group_1\"><div class=\"assembler_module_area assembler_module_area_1\"><div class=\"assembler_text-module assembler_module assembler_text-module_1 assembler_module_1  transparent\"><a tabindex=\"-1\" title=\"Section intitul\u00e9e module-1\" id=\"module-1\" href=\"https:\/\/bnssghealthiertogether.org.uk\/fr\/wp-json\/wp\/v2\/pages\/34599\/#module-1\" class=\"anchor\"><span class=\"hidden\">Section intitul\u00e9e module-1<\/span><\/a><!-- Template found for text-module - Template: template-text - Matched: _only --><section class=\"w-full mx-auto max-w-content pt-12 sm:pt-24 pb-12 sm:pb-24\">\r\n  <div class=\"entry-content w-full !px-0 max-w-small\">\r\n        <header class=\"local_header\">\n<div class=\"local_header__inner\">\n<h1 class=\"local_header__title\">TRIOMPHE : Traitement des sympt\u00f4mes urinaires chez l&#039;homme en soins de sant\u00e9 primaires par des interventions non pharmacologiques et non chirurgicales<\/h1>\n<\/div>\n<\/header>\n<article class=\"page_content\">\n<h2><\/h2>\n<h2 class=\"page_content__inner\">Financement<\/h2>\n<\/article>\n<p>National Institute for Health (NIHR) Health Technology Assessment (HTA) Ref. 16\/90\/03<\/p>\n<h2>Quelle est la question de recherche ?<\/h2>\n<p>Does personalised advice based on a nurse\u2019s assessment of men\u2019s urinary symptoms achieve improved symptom control compared with usual care?<\/p>\n<h2>Quel est le probl\u00e8me ?<\/h2>\n<p>Lower Urinary Tract Symptoms (LUTS) refer to problems with storing urine, such as increased urinary day-time frequency, urgency and having to pass urine overnight.<\/p>\n<p>LUTS also include problems such as slow stream while passing urine, or dribbling afterwards. Half of men over 40 experience at least one LUTS, which can badly impair the lives of the sufferers and their partners.<\/p>\n<p>Most men are diagnosed and treated by their GP and usual care is typically general advice and offer of tablets, such as an \u201calpha-blocker\u201d for the prostate.<\/p>\n<p>However, many factors may not be fully considered, including the potential to avoid tablets by addressing factors such as the patient\u2019s caffeine intake.<\/p>\n<p>Detecting these and offering relevant advice is time-consuming, but potentially beneficial.<\/p>\n<h2>Quel est l&#039;objectif de la recherche ?<\/h2>\n<p>To evaluate whether tailored care based on nurse-led assessment of an individual\u2019s LUTS yields better symptoms, and reduces demands on physicians, in primary and secondary care.<\/p>\n<h2>Comment cela sera-t-il r\u00e9alis\u00e9 ?<\/h2>\n<p>TRIUMPH is a randomised controlled trial in men who have bothersome LUTS. It will compare \u201cusual care\u201d against \u201ctailored care\u201d Men in the \u201ctailored care\u201d group will be offered relevant non-drug therapy, based on an assessment by a trained nurse.<\/p>\n<p>The nurse will educate the patient on LUTS, teach him the appropriate treatment(s), and provide written information.<\/p>\n<p>Ongoing support will be offered to help men adhere to the treatments, which may include advice on drinks, pelvic muscle exercises, bladder training and techniques to reduce dribbling.<\/p>\n<p>GP practices in Bristol and Southampton will recruit men to the study, and each practice will provide only one type of LUTS treatment (either usual care, or the tailored care).<\/p>\n<p>This is because GPs might alter their usual care if some patients in their practice are receiving tailored care.<\/p>\n<p>Our main (primary) outcome is to find out if tailored treatment achieves better symptom relief overall than usual care, by comparing the change in something called the prostate symptom score (IPSS) between the two groups after a year.<\/p>\n<p>We will also compare quality of life, men&#8217;s belief in their ability to manage LUTS themselves, how many men are referred for extra treatment, adverse effects of the care, and cost-effectiveness.<\/p>\n<p>Qualitative interviews will be undertaken with a group of men in the study who are selected purposely to represent the population of men attending primary care with LUTS.<\/p>\n<h2>Qui dirige la recherche ?<\/h2>\n<p>Prof Marcus Drake, Professor of Urology, School of Clinical Sciences, University of Bristol.<\/p>\n<h2>Informations compl\u00e9mentaires\u00a0:<\/h2>\n<p><a href=\"https:\/\/research-information.bris.ac.uk\/en\/publications\/treating-urinary-symptoms-in-men-in-primary-healthcare-using-non-\" target=\"_blank\" rel=\"nofollow noopener\">\u00c0 propos de cette recherche<\/a><\/p>\n<p>Pour plus d&#039;informations ou pour participer \u00e0 ce projet, veuillez envoyer un courriel. <a href=\"mailto:bnssg.research@nhs.net\" target=\"_blank\" rel=\"noopener\">bnssg.research@nhs.net<\/a>.<\/p>\n<p>Les opinions exprim\u00e9es sont celles de l&#039;auteur (ou des auteurs) et ne refl\u00e8tent pas n\u00e9cessairement celles du NIHR ou du minist\u00e8re de la Sant\u00e9 et des Affaires sociales.<\/p>\n  <\/div>\r\n  <\/section><\/div><!-- .assembler_text-module.assembler_module.assembler_text-module_1.assembler_module_1..transparent --><\/div><!-- .assembler_module_area.assembler_module_area_1 --><\/div><!-- .assembler_default-group.assembler_module_group.assembler_default-group_1.assembler_module_group_1  -->","protected":false},"excerpt":{"rendered":"<p>Section titled module-1 TRIUMPH: TReating Urinary symptoms in Men in Primary Healthcare using non-pharmacological and non-surgical interventions Funding National Institute for Health (NIHR) Health Technology Assessment (HTA) Ref. 16\/90\/03 What is the research question? Does personalised advice based on a nurse\u2019s assessment of men\u2019s urinary symptoms achieve improved symptom control compared with usual care? What [&hellip;]<\/p>\n","protected":false},"author":1,"featured_media":0,"parent":32891,"menu_order":0,"comment_status":"closed","ping_status":"closed","template":"","meta":{"_acf_changed":false,"footnotes":""},"tags":[],"class_list":["post-34599","page","type-page","status-publish","hentry"],"acf":[],"_links":{"self":[{"href":"https:\/\/bnssghealthiertogether.org.uk\/fr\/wp-json\/wp\/v2\/pages\/34599","targetHints":{"allow":["GET"]}}],"collection":[{"href":"https:\/\/bnssghealthiertogether.org.uk\/fr\/wp-json\/wp\/v2\/pages"}],"about":[{"href":"https:\/\/bnssghealthiertogether.org.uk\/fr\/wp-json\/wp\/v2\/types\/page"}],"author":[{"embeddable":true,"href":"https:\/\/bnssghealthiertogether.org.uk\/fr\/wp-json\/wp\/v2\/users\/1"}],"replies":[{"embeddable":true,"href":"https:\/\/bnssghealthiertogether.org.uk\/fr\/wp-json\/wp\/v2\/comments?post=34599"}],"version-history":[{"count":3,"href":"https:\/\/bnssghealthiertogether.org.uk\/fr\/wp-json\/wp\/v2\/pages\/34599\/revisions"}],"predecessor-version":[{"id":36244,"href":"https:\/\/bnssghealthiertogether.org.uk\/fr\/wp-json\/wp\/v2\/pages\/34599\/revisions\/36244"}],"up":[{"embeddable":true,"href":"https:\/\/bnssghealthiertogether.org.uk\/fr\/wp-json\/wp\/v2\/pages\/32891"}],"wp:attachment":[{"href":"https:\/\/bnssghealthiertogether.org.uk\/fr\/wp-json\/wp\/v2\/media?parent=34599"}],"wp:term":[{"taxonomy":"post_tag","embeddable":true,"href":"https:\/\/bnssghealthiertogether.org.uk\/fr\/wp-json\/wp\/v2\/tags?post=34599"}],"curies":[{"name":"wp","href":"https:\/\/api.w.org\/{rel}","templated":true}]}}