{"id":34612,"date":"2024-11-26T17:00:54","date_gmt":"2024-11-26T17:00:54","guid":{"rendered":"https:\/\/bnssghealthiertogether.org.uk\/?page_id=34612"},"modified":"2024-11-26T17:00:54","modified_gmt":"2024-11-26T17:00:54","slug":"a-rapid-review-of-the-grey-literature-in-order-to-document-existing-models-of-provision-of-the-meals-on-wheels-mows-service-in-england","status":"publish","type":"page","link":"https:\/\/bnssghealthiertogether.org.uk\/fr\/integrated-care-board\/research-and-evidence\/our-research-portfolio\/type-2-rcf-funded-projects\/a-rapid-review-of-the-grey-literature-in-order-to-document-existing-models-of-provision-of-the-meals-on-wheels-mows-service-in-england\/","title":{"rendered":"Une analyse rapide de la litt\u00e9rature grise afin de documenter les mod\u00e8les existants de prestation du service Meals on Wheels (MoW) en Angleterre"},"content":{"rendered":"<div class=\"assembler_default-group assembler_module_group assembler_default-group_1 assembler_module_group_1\"><div class=\"assembler_module_area assembler_module_area_1\"><div class=\"assembler_text-module assembler_module assembler_text-module_1 assembler_module_1  transparent\"><a tabindex=\"-1\" title=\"Section intitul\u00e9e module-1\" id=\"module-1\" href=\"https:\/\/bnssghealthiertogether.org.uk\/fr\/wp-json\/wp\/v2\/pages\/34612\/#module-1\" class=\"anchor\"><span class=\"hidden\">Section intitul\u00e9e module-1<\/span><\/a><!-- Template found for text-module - Template: template-text - Matched: _only --><section class=\"w-full mx-auto max-w-content pt-12 sm:pt-24 pb-12 sm:pb-24\">\r\n  <div class=\"entry-content w-full !px-0 max-w-small\">\r\n        <h1>Une analyse rapide de la litt\u00e9rature grise afin de documenter les mod\u00e8les existants de prestation du service Meals on Wheels (MoW) en Angleterre<\/h1>\n<h2>Financement<\/h2>\n<p>Financement des capacit\u00e9s de recherche BNSSG ICB.<\/p>\n<h2>Quel est le probl\u00e8me ?<\/h2>\n<p>Le service de portage de repas \u00e0 domicile (Meals on Wheels - MoWs) offre des repas quotidiens et un soutien social aux adultes ayant besoin d&#039;aide pour vivre \u00e0 domicile. En Angleterre, de nombreux adultes ont besoin d&#039;aide pour faire leurs courses et pr\u00e9parer leurs repas. Le MoWs pourrait leur \u00eatre indispensable. De plus, il pourrait potentiellement g\u00e9n\u00e9rer des \u00e9conomies consid\u00e9rables pour les services sociaux destin\u00e9s aux adultes et pour le NHS (service national de sant\u00e9 britannique). Cependant, de nombreuses collectivit\u00e9s locales en Angleterre ont cess\u00e9 de proposer ce service en raison des restrictions budg\u00e9taires qui affectent les services sociaux. De ce fait, de nombreuses personnes se retrouvent priv\u00e9es de ce service essentiel.<\/p>\n<h2>Quel est l&#039;objectif de la recherche ?<\/h2>\n<p>Le projet RCF propos\u00e9 vise \u00e0 r\u00e9aliser une analyse rapide de la litt\u00e9rature grise afin de documenter les mod\u00e8les existants de prestation du service de livraison de repas \u00e0 domicile (Meals on Wheels) en Angleterre. Les r\u00e9sultats de cette analyse alimenteront directement une demande de subvention aupr\u00e8s du NIHR (National Institutes of Health Research) pour la recherche en action sociale (RfSC). Cette demande porte sur la compr\u00e9hension du r\u00f4le des services de livraison de repas \u00e0 domicile dans l&#039;am\u00e9lioration des r\u00e9sultats en mati\u00e8re de prise en charge sociale des adultes ayant des besoins d&#039;aide et de soutien en Angleterre. Plus pr\u00e9cis\u00e9ment, l&#039;identification des diff\u00e9rents mod\u00e8les de prestation de ce service permettra d&#039;orienter la s\u00e9lection d&#039;\u00e9tudes de cas de sites de livraison de repas \u00e0 domicile, qui seront \u00e9tudi\u00e9es plus en d\u00e9tail lors de la seconde phase de la subvention du NIHR RfSC.<\/p>\n<p>Sept personnes ayant une exp\u00e9rience v\u00e9cue des services de garde \u00e0 domicile (participants \u00e0 la participation du public) ont contribu\u00e9 \u00e0 l&#039;\u00e9laboration de cette recherche. Elles nous ont indiqu\u00e9 la n\u00e9cessit\u00e9 de comprendre le r\u00f4le de ces services dans le syst\u00e8me de protection sociale en Angleterre. Nous \u00e9tudierons donc comment les collectivit\u00e9s locales ont mis en place ces services au fil du temps. Nous identifierons \u00e9galement les utilisateurs et les b\u00e9n\u00e9fices qu&#039;ils retirent, ainsi que leurs aidants. Avec les conseils de notre groupe de participants, nous souhaitons \u00e9galement comprendre le processus d\u00e9cisionnel relatif \u00e0 la gestion des services de garde \u00e0 domicile et leur co\u00fbt pour les collectivit\u00e9s locales. Ces recherches nous permettront d&#039;orienter plus efficacement les d\u00e9cisions concernant l&#039;avenir de ces services en Angleterre. Nous souhaitons \u00e9galement formuler des recommandations sur le fonctionnement optimal des services de garde \u00e0 domicile afin d&#039;en optimiser le rapport qualit\u00e9-prix pour les prestataires. Ceci pourrait permettre \u00e0 un grand nombre de personnes ayant besoin d&#039;aide de b\u00e9n\u00e9ficier de ces services.<\/p>\n<h2>Comment cela sera-t-il r\u00e9alis\u00e9 ?<\/h2>\n<p>Nous utiliserons des informations provenant des collectivit\u00e9s locales et d&#039;\u00e9tudes men\u00e9es en Angleterre, accessibles au public, afin d&#039;effectuer une analyse. Celle-ci permettra d&#039;\u00e9tablir des tendances en mati\u00e8re de services de mobilit\u00e9, les caract\u00e9ristiques des personnes qui y ont recours et le lien entre l&#039;utilisation de ces services et la qualit\u00e9 de vie des usagers et de leurs aidants. Ces r\u00e9sultats, conjugu\u00e9s aux mod\u00e8les de prestation de services de mobilit\u00e9 qui seront identifi\u00e9s dans le cadre du projet RCF propos\u00e9, et aux recommandations de notre groupe de concertation avec les patients et les personnes (PPI), contribueront \u00e0 s\u00e9lectionner 6 \u00e0 8 sites de prestataires de services de mobilit\u00e9 diversifi\u00e9s \u00e0 travers l&#039;Angleterre. Ces sites feront l&#039;objet d&#039;une \u00e9tude approfondie dans le cadre de la subvention NIHR pour la recherche en action sociale.<\/p>\n<p>Chaque responsable de service de livraison \u00e0 domicile nous aidera \u00e0 recruter 20 personnes \u00e0 interviewer sur chaque site (responsables, chauffeurs-livreurs, usagers et leurs aidants, commanditaires). Ces entretiens nous permettront de comprendre les diff\u00e9rentes modalit\u00e9s de prestation de services de livraison \u00e0 domicile et d&#039;identifier les mod\u00e8les les plus efficaces, pour qui et dans quelles circonstances. Nous recueillerons \u00e9galement des informations sur les ressources n\u00e9cessaires au fonctionnement des services et leurs co\u00fbts pour les usagers. Nous estimerons ensuite le co\u00fbt de la mise en place d&#039;un service de livraison \u00e0 domicile optimis\u00e9. Notre groupe de concertation avec les patients et les usagers nous conseillera \u00e9galement sur les questions \u00e0 poser lors des entretiens et sur la mani\u00e8re de partager les r\u00e9sultats avec les d\u00e9cideurs en mati\u00e8re de livraison \u00e0 domicile.<\/p>\n<h2>Qui dirige la recherche ?<\/h2>\n<p><a href=\"https:\/\/www.bristol.ac.uk\/people\/person\/Angeliki-Papadaki-20ef006b-cd68-4a0a-b144-b314fa3eefc6\/\" rel=\"noopener\">Dr Angeliki Papadaki<\/a>, Ma\u00eetre de conf\u00e9rences en nutrition, Universit\u00e9 de Bristol.<\/p>\n<h2>Informations compl\u00e9mentaires\u00a0:<\/h2>\n<p>Pour plus d&#039;informations ou pour participer \u00e0 ce projet, veuillez contacter bnssg.research@nhs.net<\/p>\n  <\/div>\r\n  <\/section><\/div><!-- .assembler_text-module.assembler_module.assembler_text-module_1.assembler_module_1..transparent --><\/div><!-- .assembler_module_area.assembler_module_area_1 --><\/div><!-- .assembler_default-group.assembler_module_group.assembler_default-group_1.assembler_module_group_1  -->","protected":false},"excerpt":{"rendered":"<p>Section titled module-1 A rapid review of the grey literature in order to document existing models of provision of the Meals on Wheels (MoWs) service in England Funding BNSSG ICB Research Capability Funding. What is the problem? Meals on Wheels (MoWs) provide daily meals and social contact to adults who need support to live in [&hellip;]<\/p>\n","protected":false},"author":1,"featured_media":0,"parent":32896,"menu_order":0,"comment_status":"closed","ping_status":"closed","template":"","meta":{"_acf_changed":false,"footnotes":""},"tags":[],"class_list":["post-34612","page","type-page","status-publish","hentry"],"acf":[],"_links":{"self":[{"href":"https:\/\/bnssghealthiertogether.org.uk\/fr\/wp-json\/wp\/v2\/pages\/34612","targetHints":{"allow":["GET"]}}],"collection":[{"href":"https:\/\/bnssghealthiertogether.org.uk\/fr\/wp-json\/wp\/v2\/pages"}],"about":[{"href":"https:\/\/bnssghealthiertogether.org.uk\/fr\/wp-json\/wp\/v2\/types\/page"}],"author":[{"embeddable":true,"href":"https:\/\/bnssghealthiertogether.org.uk\/fr\/wp-json\/wp\/v2\/users\/1"}],"replies":[{"embeddable":true,"href":"https:\/\/bnssghealthiertogether.org.uk\/fr\/wp-json\/wp\/v2\/comments?post=34612"}],"version-history":[{"count":2,"href":"https:\/\/bnssghealthiertogether.org.uk\/fr\/wp-json\/wp\/v2\/pages\/34612\/revisions"}],"predecessor-version":[{"id":34614,"href":"https:\/\/bnssghealthiertogether.org.uk\/fr\/wp-json\/wp\/v2\/pages\/34612\/revisions\/34614"}],"up":[{"embeddable":true,"href":"https:\/\/bnssghealthiertogether.org.uk\/fr\/wp-json\/wp\/v2\/pages\/32896"}],"wp:attachment":[{"href":"https:\/\/bnssghealthiertogether.org.uk\/fr\/wp-json\/wp\/v2\/media?parent=34612"}],"wp:term":[{"taxonomy":"post_tag","embeddable":true,"href":"https:\/\/bnssghealthiertogether.org.uk\/fr\/wp-json\/wp\/v2\/tags?post=34612"}],"curies":[{"name":"wp","href":"https:\/\/api.w.org\/{rel}","templated":true}]}}