{"id":34623,"date":"2024-11-26T17:02:23","date_gmt":"2024-11-26T17:02:23","guid":{"rendered":"https:\/\/bnssghealthiertogether.org.uk\/?page_id=34623"},"modified":"2024-11-26T17:02:23","modified_gmt":"2024-11-26T17:02:23","slug":"could-self-directed-gaming-device-gripable-enhance-the-practice-of-self-directed-arm-exercise-and-upper-limb-ul-activity-in-people-recovering-from-stroke-in-the-community","status":"publish","type":"page","link":"https:\/\/bnssghealthiertogether.org.uk\/fr\/integrated-care-board\/research-and-evidence\/our-research-portfolio\/type-2-rcf-funded-projects\/could-self-directed-gaming-device-gripable-enhance-the-practice-of-self-directed-arm-exercise-and-upper-limb-ul-activity-in-people-recovering-from-stroke-in-the-community\/","title":{"rendered":"Un dispositif de jeu autonome (GripAble) pourrait-il am\u00e9liorer la pratique d&#039;exercices autonomes des bras et des membres sup\u00e9rieurs chez les personnes se remettant d&#039;un AVC dans la communaut\u00e9\u00a0?"},"content":{"rendered":"<div class=\"assembler_default-group assembler_module_group assembler_default-group_1 assembler_module_group_1\"><div class=\"assembler_module_area assembler_module_area_1\"><div class=\"assembler_text-module assembler_module assembler_text-module_1 assembler_module_1  transparent\"><a tabindex=\"-1\" title=\"Section intitul\u00e9e module-1\" id=\"module-1\" href=\"https:\/\/bnssghealthiertogether.org.uk\/fr\/wp-json\/wp\/v2\/pages\/34623\/#module-1\" class=\"anchor\"><span class=\"hidden\">Section intitul\u00e9e module-1<\/span><\/a><!-- Template found for text-module - Template: template-text - Matched: _only --><section class=\"w-full mx-auto max-w-content pt-12 sm:pt-24 pb-12 sm:pb-24\">\r\n  <div class=\"entry-content w-full !px-0 max-w-small\">\r\n        <h1>Un dispositif de jeu autonome (GripAble) pourrait-il am\u00e9liorer la pratique d&#039;exercices autonomes des bras et des membres sup\u00e9rieurs chez les personnes se remettant d&#039;un AVC dans la communaut\u00e9\u00a0?<\/h1>\n<h2><strong>Financement:<\/strong><\/h2>\n<p>Financement des capacit\u00e9s de recherche BNSSG ICB.<\/p>\n<h2><strong>Quel est le probl\u00e8me ?<\/strong><\/h2>\n<p>Les recommandations cliniques relatives aux AVC pr\u00e9conisent que les personnes ayant subi un AVC effectuent au moins trois heures de r\u00e9\u00e9ducation par jour, m\u00eame apr\u00e8s leur sortie de l&#039;h\u00f4pital. Elles doivent disposer de ressources pour les aider \u00e0 pratiquer de mani\u00e8re autonome et pour permettre \u00e0 leurs aidants de les soutenir. Afin d&#039;aider les personnes ayant surv\u00e9cu \u00e0 un AVC, nous avons besoin de ressources d&#039;exercices adapt\u00e9es \u00e0 leurs besoins et con\u00e7ues en cons\u00e9quence.<\/p>\n<p>Seule une personne sur huit environ, souffrant d&#039;une faiblesse du bras apr\u00e8s un AVC, r\u00e9cup\u00e8re compl\u00e8tement. La r\u00e9duction de la capacit\u00e9 \u00e0 utiliser son bras pour les activit\u00e9s quotidiennes est d\u00e9vastatrice et entra\u00eene une d\u00e9pendance accrue, une restriction des activit\u00e9s sociales et une qualit\u00e9 de vie d\u00e9grad\u00e9e. Pr\u00e8s des deux tiers des personnes ayant surv\u00e9cu \u00e0 un AVC quittent l&#039;h\u00f4pital avec un handicap, et le co\u00fbt annuel des soins, r\u00e9mun\u00e9r\u00e9s ou non, s&#039;\u00e9l\u00e8ve \u00e0 pr\u00e8s de 21 milliards de livres sterling. Au Royaume-Uni, la pratique actuelle montre que trop peu de s\u00e9ances de r\u00e9\u00e9ducation sont consacr\u00e9es au membre sup\u00e9rieur et que le nombre de r\u00e9p\u00e9titions effectu\u00e9es lors de ces s\u00e9ances est insuffisant.<\/p>\n<p>La r\u00e9cup\u00e9ration du membre sup\u00e9rieur est optimale gr\u00e2ce \u00e0 un entra\u00eenement bas\u00e9 sur la r\u00e9p\u00e9tition des t\u00e2ches quotidiennes et des exercices cibl\u00e9s. L&#039;auto-pratique d\u00e9signe les approches favorisant l&#039;autonomie en dehors du cadre m\u00e9dical. Les dispositifs de jeu interactifs (GripAble) pourraient permettre aux personnes atteintes de SLA et \u00e0 leurs aidants de se sentir soutenus \u00e0 domicile et, \u00e0 terme, d&#039;am\u00e9liorer la fonction du bras.<\/p>\n<h2><strong>Quel est l&#039;objectif de la recherche ?<\/strong><\/h2>\n<p>D\u00e9velopper un programme de formation pour aider les personnes atteintes du syndrome de Sj\u00f6gren et leurs aidants\/membres de la famille \u00e0 s&#039;engager dans une pratique autodirig\u00e9e utilisant des interventions bas\u00e9es sur la technologie (dispositif de jeu GripAble) afin d&#039;am\u00e9liorer l&#039;adh\u00e9sion \u00e0 la r\u00e9adaptation et d&#039;am\u00e9liorer la fonction des membres sup\u00e9rieurs.<\/p>\n<h2><strong>Comment cela sera-t-il r\u00e9alis\u00e9 ?<\/strong><\/h2>\n<p>Une analyse rapide des donn\u00e9es probantes actuelles concernant l&#039;adh\u00e9sion, les obstacles et les facteurs facilitant les interventions par le jeu sera r\u00e9alis\u00e9e. Des entretiens qualitatifs seront ensuite men\u00e9s aupr\u00e8s de personnes ayant subi un AVC et de leurs aidants de la r\u00e9gion de Bristol, North Somerset et South Gloucestershire (BNSSG) afin d&#039;identifier les obstacles, les facteurs facilitant l&#039;utilisation, les difficult\u00e9s rencontr\u00e9es et les solutions pour l&#039;utilisation du dispositif de jeu GripAble. \u00c0 cette fin, les personnes ayant subi un AVC, leurs aidants vivant \u00e0 domicile et ayant particip\u00e9 \u00e0 notre r\u00e9cente \u00e9tude GripAble, ainsi que les h\u00f4pitaux du NHS du sud-ouest de l&#039;Angleterre utilisant les dispositifs GripAble dans leur pratique, seront invit\u00e9s \u00e0 participer. Notre groupe de patients sera diversifi\u00e9 (stratifi\u00e9 selon l&#039;\u00e2ge, le sexe, le handicap [AVC l\u00e9ger ou mod\u00e9r\u00e9], l&#039;origine ethnique et le milieu socio-\u00e9conomique).<\/p>\n<p>Les donn\u00e9es issues de l&#039;analyse et des entretiens serviront \u00e0 \u00e9laborer des maquettes du contenu de la formation. Nous r\u00e9unirons des groupes de co-conception, compos\u00e9s de patients, de membres de leur famille et de professionnels de sant\u00e9, afin de peaufiner ces maquettes et d&#039;orienter le d\u00e9veloppement de la formation finale.<\/p>\n<p>Nous continuerons de consulter notre groupe de patients partenaires tout au long de l&#039;\u00e9tude. Les r\u00e9sultats seront communiqu\u00e9s \u00e0 ce groupe et aux personnes ayant surv\u00e9cu \u00e0 un AVC par le biais d&#039;associations de soutien aux victimes d&#039;AVC, lors de conf\u00e9rences et dans des publications scientifiques. Le programme de formation \u00e9labor\u00e9 orientera notre futur projet visant \u00e0 explorer la meilleure fa\u00e7on d&#039;int\u00e9grer l&#039;intervention GripAble dans la pratique clinique.<\/p>\n<h2><strong>Qui dirige la recherche ?<\/strong><\/h2>\n<p>M. Alex Pearce, chercheur associ\u00e9, Universit\u00e9 de l&#039;Ouest de l&#039;Angleterre.<\/p>\n<h2>Informations compl\u00e9mentaires<\/h2>\n<p>Pour plus d&#039;informations ou pour participer \u00e0 ce projet, veuillez contacter\u00a0<a href=\"mailto:bnssg.research@nhs.net\" target=\"_blank\" rel=\"nofollow noopener\">bnssg.research@nhs.net<\/a>.<\/p>\n  <\/div>\r\n  <\/section><\/div><!-- .assembler_text-module.assembler_module.assembler_text-module_1.assembler_module_1..transparent --><\/div><!-- .assembler_module_area.assembler_module_area_1 --><\/div><!-- .assembler_default-group.assembler_module_group.assembler_default-group_1.assembler_module_group_1  -->","protected":false},"excerpt":{"rendered":"<p>Section titled module-1 Could self-directed gaming device (GripAble) enhance the practice of self-directed arm exercise and upper limb (UL) activity in people recovering from stroke in the community? Funding: BNSSG ICB Research Capability Funding\u00ad\u00ad. What is the problem? Clinical guidelines for stroke recommend that people with stroke (PwS) should complete at least 3 hours of [&hellip;]<\/p>\n","protected":false},"author":1,"featured_media":0,"parent":32896,"menu_order":0,"comment_status":"closed","ping_status":"closed","template":"","meta":{"_acf_changed":false,"footnotes":""},"tags":[],"class_list":["post-34623","page","type-page","status-publish","hentry"],"acf":[],"_links":{"self":[{"href":"https:\/\/bnssghealthiertogether.org.uk\/fr\/wp-json\/wp\/v2\/pages\/34623","targetHints":{"allow":["GET"]}}],"collection":[{"href":"https:\/\/bnssghealthiertogether.org.uk\/fr\/wp-json\/wp\/v2\/pages"}],"about":[{"href":"https:\/\/bnssghealthiertogether.org.uk\/fr\/wp-json\/wp\/v2\/types\/page"}],"author":[{"embeddable":true,"href":"https:\/\/bnssghealthiertogether.org.uk\/fr\/wp-json\/wp\/v2\/users\/1"}],"replies":[{"embeddable":true,"href":"https:\/\/bnssghealthiertogether.org.uk\/fr\/wp-json\/wp\/v2\/comments?post=34623"}],"version-history":[{"count":1,"href":"https:\/\/bnssghealthiertogether.org.uk\/fr\/wp-json\/wp\/v2\/pages\/34623\/revisions"}],"predecessor-version":[{"id":34624,"href":"https:\/\/bnssghealthiertogether.org.uk\/fr\/wp-json\/wp\/v2\/pages\/34623\/revisions\/34624"}],"up":[{"embeddable":true,"href":"https:\/\/bnssghealthiertogether.org.uk\/fr\/wp-json\/wp\/v2\/pages\/32896"}],"wp:attachment":[{"href":"https:\/\/bnssghealthiertogether.org.uk\/fr\/wp-json\/wp\/v2\/media?parent=34623"}],"wp:term":[{"taxonomy":"post_tag","embeddable":true,"href":"https:\/\/bnssghealthiertogether.org.uk\/fr\/wp-json\/wp\/v2\/tags?post=34623"}],"curies":[{"name":"wp","href":"https:\/\/api.w.org\/{rel}","templated":true}]}}