{"id":34630,"date":"2024-11-26T17:03:31","date_gmt":"2024-11-26T17:03:31","guid":{"rendered":"https:\/\/bnssghealthiertogether.org.uk\/?page_id=34630"},"modified":"2024-11-26T17:03:31","modified_gmt":"2024-11-26T17:03:31","slug":"examining-the-occupational-stress-experienced-by-ambulance-staff-a-mixed-methods-stress-audit-ocsas","status":"publish","type":"page","link":"https:\/\/bnssghealthiertogether.org.uk\/fr\/integrated-care-board\/research-and-evidence\/our-research-portfolio\/type-2-rcf-funded-projects\/examining-the-occupational-stress-experienced-by-ambulance-staff-a-mixed-methods-stress-audit-ocsas\/","title":{"rendered":"Analyse du stress professionnel v\u00e9cu par le personnel ambulancier\u00a0: un audit du stress par m\u00e9thodes mixtes (OCSAS)"},"content":{"rendered":"<div class=\"assembler_default-group assembler_module_group assembler_default-group_1 assembler_module_group_1\"><div class=\"assembler_module_area assembler_module_area_1\"><div class=\"assembler_text-module assembler_module assembler_text-module_1 assembler_module_1  transparent\"><a tabindex=\"-1\" title=\"Section intitul\u00e9e module-1\" id=\"module-1\" href=\"https:\/\/bnssghealthiertogether.org.uk\/fr\/wp-json\/wp\/v2\/pages\/34630\/#module-1\" class=\"anchor\"><span class=\"hidden\">Section intitul\u00e9e module-1<\/span><\/a><!-- Template found for text-module - Template: template-text - Matched: _only --><section class=\"w-full mx-auto max-w-content pt-12 sm:pt-24 pb-12 sm:pb-24\">\r\n  <div class=\"entry-content w-full !px-0 max-w-small\">\r\n        <h1><strong>Analyse du stress professionnel chez le personnel ambulancier : un audit du stress par m\u00e9thodes mixtes<\/strong><\/h1>\n<h2><strong>Financement:<\/strong><\/h2>\n<p>Financement des capacit\u00e9s de recherche BNSSG ICB.<\/p>\n<h2><strong>Quelle est la question de recherche ?<\/strong><\/h2>\n<p>Quatre questions de recherche sont propos\u00e9es\u00a0:<\/p>\n<p>1. Quels sont les facteurs de stress qui ont l&#039;impact le plus n\u00e9gatif sur la sant\u00e9, le bien-\u00eatre, la performance et l&#039;intention de quitter le personnel ambulancier ?<\/p>\n<p>2. Pourquoi et comment cet impact n\u00e9gatif li\u00e9 au stress se produit-il chez le personnel ambulancier\u00a0?<\/p>\n<p>3. Quels individus ou groupes de personnel ambulancier sont les plus \u201c \u00e0 risque \u201d de subir des cons\u00e9quences n\u00e9gatives li\u00e9es au stress (par exemple, des probl\u00e8mes de sant\u00e9 mentale, une baisse de performance) ?<\/p>\n<p>4. Comment mieux soutenir le personnel ambulancier face au stress li\u00e9 au travail ?<\/p>\n<h2><strong>Quel est le probl\u00e8me ?<\/strong><\/h2>\n<p>Le stress au travail est extr\u00eamement r\u00e9pandu chez les ambulanciers, qui pr\u00e9sentent le taux d&#039;\u00e9puisement professionnel le plus \u00e9lev\u00e9 (5,1 %) au sein du NHS. Seul un tiers d&#039;entre eux estime avoir trouv\u00e9 un bon \u00e9quilibre entre vie professionnelle et vie personnelle.&lt;sup&gt;1&lt;\/sup&gt; Les ambulanciers affichent le deuxi\u00e8me taux d&#039;absent\u00e9isme le plus \u00e9lev\u00e9 (8,8 %), juste apr\u00e8s le personnel de soutien ambulancier (10,4 %).&lt;sup&gt;2&lt;\/sup&gt; Plus de 1\u00a0000 ambulanciers ont quitt\u00e9 la profession depuis 2018 pour concilier mieux vie professionnelle et vie personnelle, obtenir une meilleure r\u00e9mun\u00e9ration ou prendre une retraite anticip\u00e9e,&lt;sup&gt;3&lt;\/sup&gt; contribuant ainsi \u00e0 la p\u00e9nurie de personnel que conna\u00eet actuellement le NHS. Il est donc urgent de mettre l&#039;accent sur la sant\u00e9, le bien-\u00eatre et la performance des ambulanciers du NHS afin de fid\u00e9liser le personnel et de garantir la qualit\u00e9 et la s\u00e9curit\u00e9 des soins aux patients.<\/p>\n<h2><strong>Quel est l&#039;objectif de la recherche ?<\/strong><\/h2>\n<p>Le projet de recherche pr\u00e9vu par le NIHR vise \u00e0 am\u00e9liorer notre compr\u00e9hension du stress professionnel chez le personnel ambulancier du NHS et \u00e0 concevoir\/tester une intervention pour favoriser leur bien-\u00eatre et leur fid\u00e9lisation. Plus pr\u00e9cis\u00e9ment, la recherche poursuit trois objectifs\u00a0: (1) approfondir nos connaissances sur les facteurs de stress rencontr\u00e9s par le personnel ambulancier et leur impact sur la sant\u00e9, le bien-\u00eatre, la performance et l\u2019intention de quitter la profession\u00a0; (2) collaborer avec les parties prenantes (notamment les services d\u2019ambulance) afin d\u2019identifier des interventions potentielles de gestion du stress adapt\u00e9es \u00e0 leur profession\u00a0; et enfin, (3) concevoir et tester une intervention cibl\u00e9e pour lutter contre le stress au travail et fid\u00e9liser les ambulanciers au sein du service d\u2019ambulance britannique.<\/p>\n<h2><strong>Comment cela sera-t-il r\u00e9alis\u00e9 ?<\/strong><\/h2>\n<p>Le projet de recherche propos\u00e9 par le NIHR utilisera une approche mixte\u00a0:<\/p>\n<p>Cela comprendra\u00a0:<\/p>\n<p>1. Un audit de r\u00e9sistance au stress qui comprend\u00a0:<br \/>\n\u2022 Une enqu\u00eate nationale en ligne aupr\u00e8s du personnel ambulancier<br \/>\n\u2022 Entretiens individuels et groupes de discussion avec les principales parties prenantes, les d\u00e9fenseurs des droits, le personnel ambulancier et les partenaires externes.<\/p>\n<p>2. D\u00e9veloppement et mise \u00e0 l&#039;essai d&#039;une nouvelle intervention cibl\u00e9e de gestion du stress<br \/>\nLe d\u00e9veloppement et les tests de l&#039;intervention seront effectu\u00e9s conform\u00e9ment au cadre actualis\u00e9 du Medical Research Council pour le d\u00e9veloppement et l&#039;\u00e9valuation des interventions complexes4 et seront align\u00e9s sur les lignes directrices du NICE sur le d\u00e9veloppement des interventions de changement de comportement.<\/p>\n<h2><strong>Qui dirige la recherche ?<\/strong><\/h2>\n<p><a href=\"https:\/\/people.uwe.ac.uk\/Person\/ZoeAnchors\" rel=\"noopener\">Dr Zoe Anchors<\/a>, Chercheur associ\u00e9, Universit\u00e9 de l&#039;Ouest de l&#039;Angleterre.<\/p>\n<h2>Informations compl\u00e9mentaires<\/h2>\n<p>Les r\u00e9sultats publi\u00e9s mis \u00e0 jour sont disponibles. <a href=\"https:\/\/bnssg.icb.nhs.uk\/wp-content\/uploads\/2024\/01\/OCSAS-Abstract-Jan-2024.docx\" rel=\"noopener\">ici<\/a>.<\/p>\n<p>Pour plus d&#039;informations ou pour participer \u00e0 ce projet, veuillez contacter\u00a0<a href=\"mailto:bnssg.research@nhs.net\" target=\"_blank\" rel=\"nofollow noopener\">bnssg.research@nhs.net<\/a>.<\/p>\n<p>&nbsp;<\/p>\n  <\/div>\r\n  <\/section><\/div><!-- .assembler_text-module.assembler_module.assembler_text-module_1.assembler_module_1..transparent --><\/div><!-- .assembler_module_area.assembler_module_area_1 --><\/div><!-- .assembler_default-group.assembler_module_group.assembler_default-group_1.assembler_module_group_1  -->","protected":false},"excerpt":{"rendered":"<p>Section titled module-1 Examining the Occupational Stress Experienced by Ambulance Staff: A Mixed-Methods Stress Audit Funding: BNSSG ICB Research Capability Funding\u00ad\u00ad. What is the research question? Four research question are proposed: 1. Which stressors have the most negative impact on the health, well-being, performance, and intention to leave the ambulance staff? 2. Why\/how does this [&hellip;]<\/p>\n","protected":false},"author":1,"featured_media":0,"parent":32896,"menu_order":0,"comment_status":"closed","ping_status":"closed","template":"","meta":{"_acf_changed":false,"footnotes":""},"tags":[],"class_list":["post-34630","page","type-page","status-publish","hentry"],"acf":[],"_links":{"self":[{"href":"https:\/\/bnssghealthiertogether.org.uk\/fr\/wp-json\/wp\/v2\/pages\/34630","targetHints":{"allow":["GET"]}}],"collection":[{"href":"https:\/\/bnssghealthiertogether.org.uk\/fr\/wp-json\/wp\/v2\/pages"}],"about":[{"href":"https:\/\/bnssghealthiertogether.org.uk\/fr\/wp-json\/wp\/v2\/types\/page"}],"author":[{"embeddable":true,"href":"https:\/\/bnssghealthiertogether.org.uk\/fr\/wp-json\/wp\/v2\/users\/1"}],"replies":[{"embeddable":true,"href":"https:\/\/bnssghealthiertogether.org.uk\/fr\/wp-json\/wp\/v2\/comments?post=34630"}],"version-history":[{"count":2,"href":"https:\/\/bnssghealthiertogether.org.uk\/fr\/wp-json\/wp\/v2\/pages\/34630\/revisions"}],"predecessor-version":[{"id":34632,"href":"https:\/\/bnssghealthiertogether.org.uk\/fr\/wp-json\/wp\/v2\/pages\/34630\/revisions\/34632"}],"up":[{"embeddable":true,"href":"https:\/\/bnssghealthiertogether.org.uk\/fr\/wp-json\/wp\/v2\/pages\/32896"}],"wp:attachment":[{"href":"https:\/\/bnssghealthiertogether.org.uk\/fr\/wp-json\/wp\/v2\/media?parent=34630"}],"wp:term":[{"taxonomy":"post_tag","embeddable":true,"href":"https:\/\/bnssghealthiertogether.org.uk\/fr\/wp-json\/wp\/v2\/tags?post=34630"}],"curies":[{"name":"wp","href":"https:\/\/api.w.org\/{rel}","templated":true}]}}