{"id":34633,"date":"2024-11-26T17:03:53","date_gmt":"2024-11-26T17:03:53","guid":{"rendered":"https:\/\/bnssghealthiertogether.org.uk\/?page_id=34633"},"modified":"2024-11-26T17:03:53","modified_gmt":"2024-11-26T17:03:53","slug":"exercise-for-people-with-heart-failure","status":"publish","type":"page","link":"https:\/\/bnssghealthiertogether.org.uk\/fr\/integrated-care-board\/research-and-evidence\/our-research-portfolio\/type-2-rcf-funded-projects\/exercise-for-people-with-heart-failure\/","title":{"rendered":"Exercice pour les personnes souffrant d&#039;insuffisance cardiaque"},"content":{"rendered":"<div class=\"assembler_default-group assembler_module_group assembler_default-group_1 assembler_module_group_1\"><div class=\"assembler_module_area assembler_module_area_1\"><div class=\"assembler_text-module assembler_module assembler_text-module_1 assembler_module_1  transparent\"><a tabindex=\"-1\" title=\"Section intitul\u00e9e module-1\" id=\"module-1\" href=\"https:\/\/bnssghealthiertogether.org.uk\/fr\/wp-json\/wp\/v2\/pages\/34633\/#module-1\" class=\"anchor\"><span class=\"hidden\">Section intitul\u00e9e module-1<\/span><\/a><!-- Template found for text-module - Template: template-text - Matched: _only --><section class=\"w-full mx-auto max-w-content pt-12 sm:pt-24 pb-12 sm:pb-24\">\r\n  <div class=\"entry-content w-full !px-0 max-w-small\">\r\n        <header class=\"local_header\">\n<div class=\"local_header__inner\">\n<h1 class=\"local_header__title\">Exercice pour les personnes souffrant d&#039;insuffisance cardiaque<\/h1>\n<\/div>\n<\/header>\n<article class=\"page_content\">\n<h2 class=\"page_content__inner\">Financement<\/h2>\n<\/article>\n<p>Financement des capacit\u00e9s de recherche du BNSSCG CCG (d\u00e9veloppement local)<\/p>\n<h2>Quelle est la question de recherche ?<\/h2>\n<p>Comment peut-on aider les personnes souffrant d&#039;insuffisance cardiaque \u00e0 optimiser leur participation \u00e0 l&#039;exercice physique\u00a0?<\/p>\n<h2>Quel est le probl\u00e8me ?<\/h2>\n<p>L\u2019insuffisance cardiaque (IC) est une affection courante qui touche une \u00e0 deux personnes sur cent adultes au Royaume-Uni et une personne sur six \u00e2g\u00e9e de plus de 85 ans. Les personnes atteintes d\u2019IC peuvent pr\u00e9senter des sympt\u00f4mes tels que l\u2019essoufflement, la fatigue et des \u0153d\u00e8mes des jambes, une qualit\u00e9 de vie alt\u00e9r\u00e9e et peuvent n\u00e9cessiter une hospitalisation. La plupart des personnes souffrant d\u2019IC sont des personnes \u00e2g\u00e9es vivant \u00e0 domicile et pr\u00e9sentant de multiples comorbidit\u00e9s\u00a0; elles sont sous-repr\u00e9sent\u00e9es dans les \u00e9tudes de recherche. Chez les patients atteints d\u2019IC chronique symptomatique, la s\u00e9dentarit\u00e9 est associ\u00e9e \u00e0 un risque presque deux fois plus \u00e9lev\u00e9 de mortalit\u00e9 toutes causes confondues et de mortalit\u00e9 cardiaque, et m\u00eame une activit\u00e9 physique mod\u00e9r\u00e9e est associ\u00e9e \u00e0 un b\u00e9n\u00e9fice en termes de survie. L\u2019exercice physique est aujourd\u2019hui un traitement bien \u00e9tabli pour les patients souffrant d\u2019IC, mais les retours des patients et des professionnels de sant\u00e9 montrent qu\u2019il existe une incertitude quant \u00e0 la mani\u00e8re dont les personnes atteintes d\u2019insuffisance cardiaque devraient aborder l\u2019exercice physique.<\/p>\n<h2>Quel est l&#039;objectif de la recherche ?<\/h2>\n<p>L\u2019\u00e9tude propose la cr\u00e9ation d\u2019un groupe de soutien par inhibiteurs de la pompe \u00e0 protons (IPP) pour l\u2019insuffisance cardiaque et l\u2019\u00e9valuation des interventions par l\u2019exercice physique, en mettant l\u2019accent sur les r\u00e9sultats rapport\u00e9s par les patients. Un rapport de synth\u00e8se, \u00e9tay\u00e9 par des exemples concrets, sera produit afin d\u2019identifier les lacunes dans les donn\u00e9es probantes et de formuler des recommandations pour la recherche.<\/p>\n<h2>Comment cela sera-t-il r\u00e9alis\u00e9 ?<\/h2>\n<p>L&#039;\u00e9tude propose de\u00a0:<\/p>\n<ul>\n<li>Constituer un groupe de participation du public et des aidants, ainsi qu&#039;un groupe de parties prenantes plus large (secteurs de la sant\u00e9, social et associatif).<\/li>\n<li>Identifier les strat\u00e9gies de soutien \u00e0 l&#039;exercice physique actuellement utilis\u00e9es, connues ou n\u00e9cessaires.<\/li>\n<li>R\u00e9aliser une collecte de donn\u00e9es et de preuves par le biais d&#039;une revue syst\u00e9matique des interventions par l&#039;exercice.<\/li>\n<li>Comparer les r\u00e9sultats et les lacunes en mati\u00e8re de donn\u00e9es probantes, puis les diffuser.<\/li>\n<\/ul>\n<h2>Qui dirige la recherche ?<\/h2>\n<p>Docteur Alyson Huntley, chercheuse principale, Centre de soins primaires universitaires, Universit\u00e9 de Bristol.<\/p>\n<h2>Informations compl\u00e9mentaires\u00a0:<\/h2>\n<p><a href=\"https:\/\/research-information.bris.ac.uk\/en\/persons\/alyson-l-huntley\" target=\"_blank\" rel=\"nofollow noopener\">\u00c0 propos du Dr Alyson Huntley<\/a><\/p>\n<p>Pour plus d&#039;informations ou pour participer \u00e0 ce projet, veuillez contacter <a href=\"mailto:bnssg.research@nhs.net\" target=\"_blank\" rel=\"noopener\">bnssg.research@nhs.net<\/a>.<\/p>\n  <\/div>\r\n  <\/section><\/div><!-- .assembler_text-module.assembler_module.assembler_text-module_1.assembler_module_1..transparent --><\/div><!-- .assembler_module_area.assembler_module_area_1 --><\/div><!-- .assembler_default-group.assembler_module_group.assembler_default-group_1.assembler_module_group_1  -->","protected":false},"excerpt":{"rendered":"<p>Section titled module-1 Exercise for people with heart failure Funding BNSSCG CCG Research Capability Funding (Local development) What is the research question? How can people with heart failure be supported to maximise their participation in exercise? What is the problem? Heart failure (HF) is a common condition affecting one to two in every hundred adults [&hellip;]<\/p>\n","protected":false},"author":1,"featured_media":0,"parent":32896,"menu_order":0,"comment_status":"closed","ping_status":"closed","template":"","meta":{"_acf_changed":false,"footnotes":""},"tags":[],"class_list":["post-34633","page","type-page","status-publish","hentry"],"acf":[],"_links":{"self":[{"href":"https:\/\/bnssghealthiertogether.org.uk\/fr\/wp-json\/wp\/v2\/pages\/34633","targetHints":{"allow":["GET"]}}],"collection":[{"href":"https:\/\/bnssghealthiertogether.org.uk\/fr\/wp-json\/wp\/v2\/pages"}],"about":[{"href":"https:\/\/bnssghealthiertogether.org.uk\/fr\/wp-json\/wp\/v2\/types\/page"}],"author":[{"embeddable":true,"href":"https:\/\/bnssghealthiertogether.org.uk\/fr\/wp-json\/wp\/v2\/users\/1"}],"replies":[{"embeddable":true,"href":"https:\/\/bnssghealthiertogether.org.uk\/fr\/wp-json\/wp\/v2\/comments?post=34633"}],"version-history":[{"count":1,"href":"https:\/\/bnssghealthiertogether.org.uk\/fr\/wp-json\/wp\/v2\/pages\/34633\/revisions"}],"predecessor-version":[{"id":34634,"href":"https:\/\/bnssghealthiertogether.org.uk\/fr\/wp-json\/wp\/v2\/pages\/34633\/revisions\/34634"}],"up":[{"embeddable":true,"href":"https:\/\/bnssghealthiertogether.org.uk\/fr\/wp-json\/wp\/v2\/pages\/32896"}],"wp:attachment":[{"href":"https:\/\/bnssghealthiertogether.org.uk\/fr\/wp-json\/wp\/v2\/media?parent=34633"}],"wp:term":[{"taxonomy":"post_tag","embeddable":true,"href":"https:\/\/bnssghealthiertogether.org.uk\/fr\/wp-json\/wp\/v2\/tags?post=34633"}],"curies":[{"name":"wp","href":"https:\/\/api.w.org\/{rel}","templated":true}]}}