{"id":34636,"date":"2024-11-26T17:04:18","date_gmt":"2024-11-26T17:04:18","guid":{"rendered":"https:\/\/bnssghealthiertogether.org.uk\/?page_id=34636"},"modified":"2024-11-26T17:04:18","modified_gmt":"2024-11-26T17:04:18","slug":"gps-working-within-the-emergency-ambulance-service","status":"publish","type":"page","link":"https:\/\/bnssghealthiertogether.org.uk\/fr\/integrated-care-board\/research-and-evidence\/our-research-portfolio\/type-2-rcf-funded-projects\/gps-working-within-the-emergency-ambulance-service\/","title":{"rendered":"M\u00e9decins g\u00e9n\u00e9ralistes travaillant au sein du service d&#039;ambulance d&#039;urgence"},"content":{"rendered":"<div class=\"assembler_default-group assembler_module_group assembler_default-group_1 assembler_module_group_1\"><div class=\"assembler_module_area assembler_module_area_1\"><div class=\"assembler_text-module assembler_module assembler_text-module_1 assembler_module_1  transparent\"><a tabindex=\"-1\" title=\"Section intitul\u00e9e module-1\" id=\"module-1\" href=\"https:\/\/bnssghealthiertogether.org.uk\/fr\/wp-json\/wp\/v2\/pages\/34636\/#module-1\" class=\"anchor\"><span class=\"hidden\">Section intitul\u00e9e module-1<\/span><\/a><!-- Template found for text-module - Template: template-text - Matched: _only --><section class=\"w-full mx-auto max-w-content pt-12 sm:pt-24 pb-12 sm:pb-24\">\r\n  <div class=\"entry-content w-full !px-0 max-w-small\">\r\n        <header class=\"local_header\">\n<div class=\"local_header__inner\">\n<h1 class=\"local_header__title\">M\u00e9decins g\u00e9n\u00e9ralistes travaillant au sein du service d&#039;ambulance d&#039;urgence<\/h1>\n<h2>Financement<\/h2>\n<p>Financement des capacit\u00e9s de recherche du BNSSCG CCG (d\u00e9veloppement local)<\/p>\n<h2>Quelle est la question de recherche ?<\/h2>\n<\/div>\n<\/header>\n<p>Comment les m\u00e9decins g\u00e9n\u00e9ralistes travaillant au sein du service d&#039;ambulance d&#039;urgence obtiennent-ils des r\u00e9sultats pertinents pour les patients, les prestataires de soins et la communaut\u00e9 sanitaire locale\u00a0?<\/p>\n<h2>Quel est le probl\u00e8me ?<\/h2>\n<p>La demande croissante de soins de sant\u00e9 urgents et d&#039;urgence implique que les services \u00e9voluent constamment afin de proposer aux patients les services adapt\u00e9s \u00e0 leurs besoins dans les meilleurs d\u00e9lais.<\/p>\n<p>Les fronti\u00e8res entre les diff\u00e9rentes composantes du syst\u00e8me de soins urgents et d&#039;urgence sont de plus en plus floues \u2013 dans certains endroits intentionnellement, et dans d&#039;autres en raison des pressions exerc\u00e9es sur les services, de sorte que le premier recours d&#039;une personne peut \u00eatre d\u00e9termin\u00e9 par des facteurs non directement li\u00e9s \u00e0 l&#039;urgence clinique du probl\u00e8me.<\/p>\n<p>Les services ambulanciers font de plus en plus appel aux m\u00e9decins g\u00e9n\u00e9ralistes de diverses mani\u00e8res afin d&#039;am\u00e9liorer l&#039;acc\u00e8s aux soins, de g\u00e9rer la complexit\u00e9 clinique croissante des patients qui sollicitent leur aide et de rendre le syst\u00e8me de sant\u00e9 plus efficace.<\/p>\n<h2>Quel est l&#039;objectif de la recherche ?<\/h2>\n<p>L\u2019objectif est de comprendre en d\u00e9tail ce qui se passe lorsque les m\u00e9decins g\u00e9n\u00e9ralistes interviennent au sein des services ambulanciers. Plus pr\u00e9cis\u00e9ment, il s\u2019agit d\u2019identifier le type d\u2019implication le plus b\u00e9n\u00e9fique pour les patients et le syst\u00e8me de soins d\u2019urgence dans son ensemble, d\u2019\u00e9valuer son efficacit\u00e9 clinique et son rapport co\u00fbt-efficacit\u00e9.<\/p>\n<h2>Comment cela sera-t-il r\u00e9alis\u00e9 ?<\/h2>\n<p>Utiliser une approche d&#039;\u00e9valuation r\u00e9aliste \u00e0 m\u00e9thodes mixtes pour \u00e9tudier l&#039;impact du travail des m\u00e9decins g\u00e9n\u00e9ralistes au sein des services ambulanciers. Cela comprendra\u00a0:<\/p>\n<ul>\n<li>Entretiens r\u00e9alistes avec les principales parties prenantes, les patients\/usagers des services, les aidants, les d\u00e9fenseurs des droits, les cliniciens et les partenaires externes.<\/li>\n<li>Observation du mode de travail des m\u00e9decins g\u00e9n\u00e9ralistes et de l&#039;impact de ces derniers sur le flux de travail.<\/li>\n<li>Une \u00e9valuation par m\u00e9thodes mixtes des r\u00e9sultats pour les patients et les services, combinant diverses donn\u00e9es sur la qualit\u00e9, la s\u00e9curit\u00e9, l&#039;efficacit\u00e9 clinique et le co\u00fbt des soins. Cette \u00e9valuation s&#039;appuiera sur une combinaison de donn\u00e9es de routine des services de sant\u00e9 et de donn\u00e9es prospectives sur les r\u00e9sultats \u00e9conomiques et cliniques.<\/li>\n<\/ul>\n<h2>Qui dirige la recherche ?<\/h2>\n<p>Dr Matthew Booker, ma\u00eetre de conf\u00e9rences clinicien universitaire NIHR en soins primaires, Universit\u00e9 de Bristol.<\/p>\n<h2>Informations compl\u00e9mentaires\u00a0:<\/h2>\n<p><a href=\"https:\/\/research-information.bris.ac.uk\/en\/persons\/lucy-c-potter\" target=\"_blank\" rel=\"nofollow noopener\">\u00c0 propos du Dr Matthew Booker<\/a><\/p>\n<p>Pour plus d&#039;informations ou pour participer \u00e0 ce projet, veuillez contacter <a href=\"mailto:bnssg.research@nhs.net\" target=\"_blank\" rel=\"noopener\">bnssg.research@nhs.net<\/a>.<\/p>\n  <\/div>\r\n  <\/section><\/div><!-- .assembler_text-module.assembler_module.assembler_text-module_1.assembler_module_1..transparent --><\/div><!-- .assembler_module_area.assembler_module_area_1 --><\/div><!-- .assembler_default-group.assembler_module_group.assembler_default-group_1.assembler_module_group_1  -->","protected":false},"excerpt":{"rendered":"<p>Section titled module-1 GPs working within the emergency ambulance service Funding BNSSCG CCG Research Capability Funding (Local development) What is the research question? How do GPs working within the emergency ambulance service deliver outcomes of relevance to patients, providers, and the local health community? What is the problem? The increasing demand for urgent and emergency [&hellip;]<\/p>\n","protected":false},"author":1,"featured_media":0,"parent":32896,"menu_order":0,"comment_status":"closed","ping_status":"closed","template":"","meta":{"_acf_changed":false,"footnotes":""},"tags":[],"class_list":["post-34636","page","type-page","status-publish","hentry"],"acf":[],"_links":{"self":[{"href":"https:\/\/bnssghealthiertogether.org.uk\/fr\/wp-json\/wp\/v2\/pages\/34636","targetHints":{"allow":["GET"]}}],"collection":[{"href":"https:\/\/bnssghealthiertogether.org.uk\/fr\/wp-json\/wp\/v2\/pages"}],"about":[{"href":"https:\/\/bnssghealthiertogether.org.uk\/fr\/wp-json\/wp\/v2\/types\/page"}],"author":[{"embeddable":true,"href":"https:\/\/bnssghealthiertogether.org.uk\/fr\/wp-json\/wp\/v2\/users\/1"}],"replies":[{"embeddable":true,"href":"https:\/\/bnssghealthiertogether.org.uk\/fr\/wp-json\/wp\/v2\/comments?post=34636"}],"version-history":[{"count":3,"href":"https:\/\/bnssghealthiertogether.org.uk\/fr\/wp-json\/wp\/v2\/pages\/34636\/revisions"}],"predecessor-version":[{"id":37126,"href":"https:\/\/bnssghealthiertogether.org.uk\/fr\/wp-json\/wp\/v2\/pages\/34636\/revisions\/37126"}],"up":[{"embeddable":true,"href":"https:\/\/bnssghealthiertogether.org.uk\/fr\/wp-json\/wp\/v2\/pages\/32896"}],"wp:attachment":[{"href":"https:\/\/bnssghealthiertogether.org.uk\/fr\/wp-json\/wp\/v2\/media?parent=34636"}],"wp:term":[{"taxonomy":"post_tag","embeddable":true,"href":"https:\/\/bnssghealthiertogether.org.uk\/fr\/wp-json\/wp\/v2\/tags?post=34636"}],"curies":[{"name":"wp","href":"https:\/\/api.w.org\/{rel}","templated":true}]}}