{"id":34644,"date":"2024-11-26T17:05:27","date_gmt":"2024-11-26T17:05:27","guid":{"rendered":"https:\/\/bnssghealthiertogether.org.uk\/?page_id=34644"},"modified":"2024-11-26T17:05:27","modified_gmt":"2024-11-26T17:05:27","slug":"how-can-vaccinations-be-delivered-opportunistically-in-primary-care-and-community-settings-in-a-way-that-is-feasible-accessible-and-acceptable-and-leads-to-increased-vaccine-uptake-in-adults","status":"publish","type":"page","link":"https:\/\/bnssghealthiertogether.org.uk\/fr\/integrated-care-board\/research-and-evidence\/our-research-portfolio\/type-2-rcf-funded-projects\/how-can-vaccinations-be-delivered-opportunistically-in-primary-care-and-community-settings-in-a-way-that-is-feasible-accessible-and-acceptable-and-leads-to-increased-vaccine-uptake-in-adults\/","title":{"rendered":"Comment administrer les vaccins de mani\u00e8re opportuniste dans les soins primaires et les structures communautaires, de fa\u00e7on faisable, accessible et acceptable, et permettant d&#039;accro\u00eetre la couverture vaccinale chez les adultes\u00a0?"},"content":{"rendered":"<div class=\"assembler_default-group assembler_module_group assembler_default-group_1 assembler_module_group_1\"><div class=\"assembler_module_area assembler_module_area_1\"><div class=\"assembler_text-module assembler_module assembler_text-module_1 assembler_module_1  transparent\"><a tabindex=\"-1\" title=\"Section intitul\u00e9e module-1\" id=\"module-1\" href=\"https:\/\/bnssghealthiertogether.org.uk\/fr\/wp-json\/wp\/v2\/pages\/34644\/#module-1\" class=\"anchor\"><span class=\"hidden\">Section intitul\u00e9e module-1<\/span><\/a><!-- Template found for text-module - Template: template-text - Matched: _only --><section class=\"w-full mx-auto max-w-content pt-12 sm:pt-24 pb-12 sm:pb-24\">\r\n  <div class=\"entry-content w-full !px-0 max-w-small\">\r\n        <h1>Comment administrer les vaccins de mani\u00e8re opportuniste dans les soins primaires et les structures communautaires, de fa\u00e7on faisable, accessible et acceptable, et permettant d&#039;accro\u00eetre la couverture vaccinale chez les adultes\u00a0?<\/h1>\n<h2>Financement:<\/h2>\n<p>Financement des capacit\u00e9s de recherche BNSSG ICB.<\/p>\n<h2>Quel est le probl\u00e8me ?<\/h2>\n<p>La vaccination est moins r\u00e9pandue dans certains groupes. Le NICE recommande aux professionnels de sant\u00e9 de proposer la vaccination aux personnes appartenant \u00e0 ces groupes chaque fois que cela est possible. Cependant, le grand public et les professionnels de sant\u00e9 estiment que cette approche n&#039;est pas toujours judicieuse.<\/p>\n<h2>Quel est l&#039;objectif de la recherche ?<\/h2>\n<p>L\u2019objectif de cette recherche est d\u2019explorer quand et comment les vaccins devraient \u00eatre propos\u00e9s, et par qui.<\/p>\n<p>Nous utiliserons ensuite les informations recueillies pour solliciter des financements suppl\u00e9mentaires afin de co-produire une intervention visant \u00e0 aider les prestataires de soins de sant\u00e9 \u00e0 proposer et \u00e0 administrer des vaccins de mani\u00e8re acceptable et accessible.<\/p>\n<h2>Comment cela sera-t-il r\u00e9alis\u00e9 ?<\/h2>\n<p>Nous allons nous entretenir avec des professionnels de sant\u00e9 pour conna\u00eetre leurs id\u00e9es sur les modalit\u00e9s et le calendrier de vaccination, ainsi que sur les \u00e9ventuelles difficult\u00e9s. Nous \u00e9changerons \u00e9galement avec des personnes n&#039;ayant pas re\u00e7u les vaccins de routine auxquels elles ont acc\u00e8s. Nous leur demanderons leur avis sur la vaccination propos\u00e9e lors de consultations m\u00e9dicales pour d&#039;autres raisons. Nous discuterons des moyens de rendre la vaccination accessible et bien accept\u00e9e par la population.<br \/>\nCe travail nous aidera \u00e0 comprendre comment nous pouvons co-construire un ensemble de mesures de soutien pour aider les gens \u00e0 administrer et \u00e0 recevoir des vaccins de mani\u00e8re opportuniste.<\/p>\n<h2><strong>Qui dirige la recherche ?<\/strong><\/h2>\n<p>Dr Sarah Denford, chercheuse associ\u00e9e \u00e0 l&#039;unit\u00e9 de recherche en protection de la sant\u00e9 de l&#039;universit\u00e9 de Bristol.<\/p>\n<h2>Informations compl\u00e9mentaires<\/h2>\n<p>\u00c0 propos <a href=\"https:\/\/research-information.bris.ac.uk\/en\/persons\/sarah-denford\" rel=\"noopener\">Dr Sarah Denford<\/a>.<\/p>\n<p>Pour plus d&#039;informations ou pour participer \u00e0 ce projet, veuillez contacter\u00a0<a href=\"mailto:bnssg.research@nhs.net\" target=\"_blank\" rel=\"nofollow noopener\">bnssg.research@nhs.net<\/a>.<\/p>\n<p>&nbsp;<\/p>\n  <\/div>\r\n  <\/section><\/div><!-- .assembler_text-module.assembler_module.assembler_text-module_1.assembler_module_1..transparent --><\/div><!-- .assembler_module_area.assembler_module_area_1 --><\/div><!-- .assembler_default-group.assembler_module_group.assembler_default-group_1.assembler_module_group_1  -->","protected":false},"excerpt":{"rendered":"<p>Section titled module-1 How can vaccinations be delivered opportunistically in primary care and community settings in a way that is feasible, accessible, and acceptable, and leads to increased vaccine uptake in adults? Funding: BNSSG ICB Research Capability Funding. What is the problem? Uptake of vaccines is lower among some groups. NICE recommends that healthcare providers [&hellip;]<\/p>\n","protected":false},"author":1,"featured_media":0,"parent":32896,"menu_order":0,"comment_status":"closed","ping_status":"closed","template":"","meta":{"_acf_changed":false,"footnotes":""},"tags":[],"class_list":["post-34644","page","type-page","status-publish","hentry"],"acf":[],"_links":{"self":[{"href":"https:\/\/bnssghealthiertogether.org.uk\/fr\/wp-json\/wp\/v2\/pages\/34644","targetHints":{"allow":["GET"]}}],"collection":[{"href":"https:\/\/bnssghealthiertogether.org.uk\/fr\/wp-json\/wp\/v2\/pages"}],"about":[{"href":"https:\/\/bnssghealthiertogether.org.uk\/fr\/wp-json\/wp\/v2\/types\/page"}],"author":[{"embeddable":true,"href":"https:\/\/bnssghealthiertogether.org.uk\/fr\/wp-json\/wp\/v2\/users\/1"}],"replies":[{"embeddable":true,"href":"https:\/\/bnssghealthiertogether.org.uk\/fr\/wp-json\/wp\/v2\/comments?post=34644"}],"version-history":[{"count":2,"href":"https:\/\/bnssghealthiertogether.org.uk\/fr\/wp-json\/wp\/v2\/pages\/34644\/revisions"}],"predecessor-version":[{"id":34646,"href":"https:\/\/bnssghealthiertogether.org.uk\/fr\/wp-json\/wp\/v2\/pages\/34644\/revisions\/34646"}],"up":[{"embeddable":true,"href":"https:\/\/bnssghealthiertogether.org.uk\/fr\/wp-json\/wp\/v2\/pages\/32896"}],"wp:attachment":[{"href":"https:\/\/bnssghealthiertogether.org.uk\/fr\/wp-json\/wp\/v2\/media?parent=34644"}],"wp:term":[{"taxonomy":"post_tag","embeddable":true,"href":"https:\/\/bnssghealthiertogether.org.uk\/fr\/wp-json\/wp\/v2\/tags?post=34644"}],"curies":[{"name":"wp","href":"https:\/\/api.w.org\/{rel}","templated":true}]}}