{"id":34647,"date":"2024-11-26T17:05:54","date_gmt":"2024-11-26T17:05:54","guid":{"rendered":"https:\/\/bnssghealthiertogether.org.uk\/?page_id=34647"},"modified":"2024-11-26T17:05:54","modified_gmt":"2024-11-26T17:05:54","slug":"how-can-we-identify-and-support-children-with-life-limiting-conditions-with-complex-polypharmacy-the-polypill-project","status":"publish","type":"page","link":"https:\/\/bnssghealthiertogether.org.uk\/fr\/integrated-care-board\/research-and-evidence\/our-research-portfolio\/type-2-rcf-funded-projects\/how-can-we-identify-and-support-children-with-life-limiting-conditions-with-complex-polypharmacy-the-polypill-project\/","title":{"rendered":"Comment identifier et soutenir les enfants atteints de maladies limitant l&#039;esp\u00e9rance de vie et sous polym\u00e9dication complexe\u00a0? \u2013 Le projet PolyPiLL"},"content":{"rendered":"<div class=\"assembler_default-group assembler_module_group assembler_default-group_1 assembler_module_group_1\"><div class=\"assembler_module_area assembler_module_area_1\"><div class=\"assembler_text-module assembler_module assembler_text-module_1 assembler_module_1  transparent\"><a tabindex=\"-1\" title=\"Section intitul\u00e9e module-1\" id=\"module-1\" href=\"https:\/\/bnssghealthiertogether.org.uk\/fr\/wp-json\/wp\/v2\/pages\/34647\/#module-1\" class=\"anchor\"><span class=\"hidden\">Section intitul\u00e9e module-1<\/span><\/a><!-- Template found for text-module - Template: template-text - Matched: _only --><section class=\"w-full mx-auto max-w-content pt-12 sm:pt-24 pb-12 sm:pb-24\">\r\n  <div class=\"entry-content w-full !px-0 max-w-small\">\r\n        <h1>Comment identifier et soutenir les enfants atteints de maladies limitant l&#039;esp\u00e9rance de vie et sous polym\u00e9dication complexe\u00a0? \u2013 Le projet PolyPiLL<\/h1>\n<h2>Financement<\/h2>\n<p>Financement des capacit\u00e9s de recherche BNSSG ICB.<\/p>\n<h2>Quelle est la question de recherche ?<\/h2>\n<p>Comment identifier et soutenir les enfants atteints de maladies limitant l&#039;esp\u00e9rance de vie et n\u00e9cessitant une polym\u00e9dication complexe\u00a0?<\/p>\n<h2>Quel est le probl\u00e8me ?<\/h2>\n<p>De nombreux enfants pr\u00e9sentant des besoins complexes ou des maladies limitant leur esp\u00e9rance de vie n\u00e9cessitent la prise de plusieurs m\u00e9dicaments (polym\u00e9dication), souvent pendant de longues p\u00e9riodes, ce qui soul\u00e8ve des inqui\u00e9tudes quant \u00e0 leur s\u00e9curit\u00e9. Les parents ou les aidants doivent souvent coordonner un protocole d&#039;administration complexe et communiquer fr\u00e9quemment avec de nombreux professionnels de sant\u00e9 dans divers contextes, ce qui accro\u00eet leur charge de travail. La prescription et la d\u00e9livrance des m\u00e9dicaments peuvent relever de la responsabilit\u00e9 de plusieurs prestataires de soins distincts (m\u00e9decins g\u00e9n\u00e9ralistes, p\u00e9diatres, pharmacies d&#039;officine ou hospitali\u00e8res) sans v\u00e9ritable coordination.<\/p>\n<p>Les initiatives nationales et internationales relatives \u00e0 la polym\u00e9dication visent \u00e0 am\u00e9liorer la s\u00e9curit\u00e9 de la gestion des m\u00e9dicaments pour tous. Si la polym\u00e9dication et les probl\u00e8mes qu&#039;elle engendre pour les patients et les professionnels de sant\u00e9 ont fait l&#039;objet de recherches et d&#039;initiatives d&#039;am\u00e9lioration pour les patients adultes, on conna\u00eet peu de choses sur son impact sur les enfants atteints de maladies limitant l&#039;esp\u00e9rance de vie, leurs familles et leurs aidants, ni sur la meilleure fa\u00e7on de les soutenir.<\/p>\n<h2>Quel est l&#039;objectif de la recherche ?<\/h2>\n<p>Cette recherche permettra de mieux comprendre les probl\u00e9matiques li\u00e9es \u00e0 la polym\u00e9dication chez les enfants et les jeunes atteints de maladies limitant l&#039;esp\u00e9rance de vie. Dans de nombreux cas, ces enfants ne peuvent \u00e9viter la prise de plusieurs m\u00e9dicaments. L&#039;objectif de cette recherche est donc d&#039;explorer comment minimiser les risques inutiles pour le patient et simplifier la gestion des m\u00e9dicaments pour les parents et les aidants. Cette compr\u00e9hension du v\u00e9cu du patient et de sa famille, associ\u00e9e aux contributions des cliniciens, permettra d&#039;\u00e9laborer une d\u00e9marche personnalis\u00e9e pour identifier et accompagner les personnes confront\u00e9es \u00e0 une polym\u00e9dication complexe ou probl\u00e9matique.<\/p>\n<p>Bien que cela d\u00e9passe le cadre de cette demande de financement RCF-2, cette approche permettrait de garantir que toute intervention de pharmacien sp\u00e9cialis\u00e9 ou tout apport clinique visant \u00e0 am\u00e9liorer la s\u00e9curit\u00e9 des patients et \u00e0 soutenir les enfants et les familles \u00e0 domicile soit destin\u00e9 aux personnes qui en ont le plus besoin, et que les r\u00e9sultats de cette intervention soient mesurables. L&#039;\u00e9valuation de ces interventions sp\u00e9cialis\u00e9es et cibl\u00e9es fera l&#039;objet d&#039;une demande de financement NIHR RfPB ult\u00e9rieurement.<\/p>\n<h2>Comment cela sera-t-il r\u00e9alis\u00e9 ?<\/h2>\n<p>Cette \u00e9tude comprendra trois phases, commen\u00e7ant par une revue de la litt\u00e9rature qui portera sur l&#039;identification des polym\u00e9dications complexes et des interventions visant \u00e0 minimiser les risques pour le patient et la charge des aidants.<\/p>\n<p>Dans une deuxi\u00e8me phase, des entretiens avec les enfants\/adolescents et leurs parents permettront de recueillir des donn\u00e9es qualitatives sur leurs besoins et leurs pr\u00e9occupations concernant la gestion de leurs m\u00e9dicaments. Ces donn\u00e9es seront compl\u00e9t\u00e9es par des entretiens avec le personnel clinique (p\u00e9diatres, infirmi\u00e8res, pharmaciens) afin de d\u00e9terminer comment ils identifient les polym\u00e9dications complexes ou probl\u00e9matiques et quels signes indiqueraient la n\u00e9cessit\u00e9 d&#039;un soutien suppl\u00e9mentaire pour les familles.<\/p>\n<p>Lors de la troisi\u00e8me phase, les r\u00e9sultats des phases 1 et 2 seront partag\u00e9s avec les parties prenantes lors d&#039;une r\u00e9union de consensus. Ces parties prenantes incluront des patients et leurs familles, des cliniciens de divers horizons et des responsables de la planification des soins. Les conclusions de cette r\u00e9union permettront de co-cr\u00e9er un outil d&#039;identification des polym\u00e9dications complexes ou probl\u00e9matiques, ainsi que des recommandations pour un accompagnement professionnel visant \u00e0 am\u00e9liorer la s\u00e9curit\u00e9, l&#039;efficience et l&#039;efficacit\u00e9 de la gestion des m\u00e9dicaments.<\/p>\n<h2>Qui dirige la recherche ?<\/h2>\n<p>Dr Nicky Harris, chercheuse associ\u00e9e, Centre de recherche en sant\u00e9 et clinique UWE<\/p>\n<h2>Informations compl\u00e9mentaires\u00a0:<\/h2>\n<p>Pour plus d&#039;informations ou pour participer \u00e0 ce projet, veuillez contacter bnssg.research@nhs.net<\/p>\n  <\/div>\r\n  <\/section><\/div><!-- .assembler_text-module.assembler_module.assembler_text-module_1.assembler_module_1..transparent --><\/div><!-- .assembler_module_area.assembler_module_area_1 --><\/div><!-- .assembler_default-group.assembler_module_group.assembler_default-group_1.assembler_module_group_1  -->","protected":false},"excerpt":{"rendered":"<p>Section titled module-1 How can we identify and support children with life-limiting conditions with complex polypharmacy? \u2013 the PolyPiLL project Funding BNSSG ICB Research Capability Funding. What is the research question? How can we identify and support children with life-limiting conditions with complex polypharmacy? What is the problem? Many children with complex needs or life-limiting [&hellip;]<\/p>\n","protected":false},"author":1,"featured_media":0,"parent":32896,"menu_order":0,"comment_status":"closed","ping_status":"closed","template":"","meta":{"_acf_changed":false,"footnotes":""},"tags":[],"class_list":["post-34647","page","type-page","status-publish","hentry"],"acf":[],"_links":{"self":[{"href":"https:\/\/bnssghealthiertogether.org.uk\/fr\/wp-json\/wp\/v2\/pages\/34647","targetHints":{"allow":["GET"]}}],"collection":[{"href":"https:\/\/bnssghealthiertogether.org.uk\/fr\/wp-json\/wp\/v2\/pages"}],"about":[{"href":"https:\/\/bnssghealthiertogether.org.uk\/fr\/wp-json\/wp\/v2\/types\/page"}],"author":[{"embeddable":true,"href":"https:\/\/bnssghealthiertogether.org.uk\/fr\/wp-json\/wp\/v2\/users\/1"}],"replies":[{"embeddable":true,"href":"https:\/\/bnssghealthiertogether.org.uk\/fr\/wp-json\/wp\/v2\/comments?post=34647"}],"version-history":[{"count":2,"href":"https:\/\/bnssghealthiertogether.org.uk\/fr\/wp-json\/wp\/v2\/pages\/34647\/revisions"}],"predecessor-version":[{"id":34649,"href":"https:\/\/bnssghealthiertogether.org.uk\/fr\/wp-json\/wp\/v2\/pages\/34647\/revisions\/34649"}],"up":[{"embeddable":true,"href":"https:\/\/bnssghealthiertogether.org.uk\/fr\/wp-json\/wp\/v2\/pages\/32896"}],"wp:attachment":[{"href":"https:\/\/bnssghealthiertogether.org.uk\/fr\/wp-json\/wp\/v2\/media?parent=34647"}],"wp:term":[{"taxonomy":"post_tag","embeddable":true,"href":"https:\/\/bnssghealthiertogether.org.uk\/fr\/wp-json\/wp\/v2\/tags?post=34647"}],"curies":[{"name":"wp","href":"https:\/\/api.w.org\/{rel}","templated":true}]}}