{"id":34651,"date":"2024-11-26T17:06:14","date_gmt":"2024-11-26T17:06:14","guid":{"rendered":"https:\/\/bnssghealthiertogether.org.uk\/?page_id=34651"},"modified":"2024-11-26T17:06:14","modified_gmt":"2024-11-26T17:06:14","slug":"how-can-we-optimise-the-management-of-patients-with-inflammatory-bowel-disease","status":"publish","type":"page","link":"https:\/\/bnssghealthiertogether.org.uk\/fr\/integrated-care-board\/research-and-evidence\/our-research-portfolio\/type-2-rcf-funded-projects\/how-can-we-optimise-the-management-of-patients-with-inflammatory-bowel-disease\/","title":{"rendered":"Comment optimiser la prise en charge des patients atteints de maladies inflammatoires de l&#039;intestin ?"},"content":{"rendered":"<div class=\"assembler_default-group assembler_module_group assembler_default-group_1 assembler_module_group_1\"><div class=\"assembler_module_area assembler_module_area_1\"><div class=\"assembler_text-module assembler_module assembler_text-module_1 assembler_module_1  transparent\"><a tabindex=\"-1\" title=\"Section intitul\u00e9e module-1\" id=\"module-1\" href=\"https:\/\/bnssghealthiertogether.org.uk\/fr\/wp-json\/wp\/v2\/pages\/34651\/#module-1\" class=\"anchor\"><span class=\"hidden\">Section intitul\u00e9e module-1<\/span><\/a><!-- Template found for text-module - Template: template-text - Matched: _only --><section class=\"w-full mx-auto max-w-content pt-12 sm:pt-24 pb-12 sm:pb-24\">\r\n  <div class=\"entry-content w-full !px-0 max-w-small\">\r\n        <h1>Comment optimiser la prise en charge des patients atteints de maladies inflammatoires de l&#039;intestin ?<\/h1>\n<h2>Quelle est la question de recherche propos\u00e9e ?<\/h2>\n<p>Comment optimiser la prise en charge des patients atteints de maladies inflammatoires de l&#039;intestin ?<\/p>\n<h2>Financement<\/h2>\n<p>Financement des capacit\u00e9s de recherche BNSSG ICB.<\/p>\n<h2>Quel est le probl\u00e8me ?<\/h2>\n<p>Les maladies inflammatoires chroniques de l&#039;intestin (MICI), la maladie de Crohn et la rectocolite h\u00e9morragique, sont des affections inflammatoires chroniques qui touchent 500\u00a0000 personnes (1 personne sur 123) au Royaume-Uni. Ces maladies sont permanentes et sont g\u00e9n\u00e9ralement diagnostiqu\u00e9es chez les jeunes adultes, entre 10 et 30 ans. Elles entra\u00eenent un handicap important et limitent souvent la capacit\u00e9 \u00e0 travailler normalement.<\/p>\n<p>Le traitement m\u00e9dical des MICI a \u00e9t\u00e9 r\u00e9volutionn\u00e9 il y a une trentaine d&#039;ann\u00e9es avec l&#039;introduction du premier traitement biologique, l&#039;infliximab. Depuis, plusieurs traitements biologiques et \u00e0 base de petites mol\u00e9cules ont \u00e9t\u00e9 d\u00e9velopp\u00e9s pour le traitement des MICI.<\/p>\n<p>L&#039;augmentation du nombre d&#039;options th\u00e9rapeutiques ne s&#039;est pas accompagn\u00e9e d&#039;une litt\u00e9rature suffisante pour guider les m\u00e9decins quant aux m\u00e9dicaments \u00e0 prescrire en premi\u00e8re intention et \u00e0 la conduite \u00e0 tenir en cas d&#039;\u00e9chec du traitement. Les donn\u00e9es pr\u00e9liminaires semblent indiquer une grande variabilit\u00e9 des pratiques de prescription, et la litt\u00e9rature actuelle ne permet pas d&#039;optimiser les r\u00e9sultats par l&#039;utilisation des ressources. Ceci retarde la r\u00e9mission des patients et engendre un gaspillage important de ressources.<\/p>\n<h2>Quel est l&#039;objectif de la recherche ?<\/h2>\n<p>\u00c9laborer une strat\u00e9gie de priorisation des th\u00e9rapies biologiques et \u00e0 base de petites mol\u00e9cules pour la prise en charge des maladies inflammatoires de l&#039;intestin, fond\u00e9e sur l&#039;efficacit\u00e9 clinique, le rapport co\u00fbt-efficacit\u00e9 et l&#039;exp\u00e9rience des patients.<\/p>\n<h2>Comment cela sera-t-il r\u00e9alis\u00e9 ?<\/h2>\n<p>Nous d\u00e9crirons tout d&#039;abord la prise en charge des patients atteints de maladies inflammatoires de l&#039;intestin au sein du BNSSG, en nous concentrant sur les prescriptions locales et les variations selon la r\u00e9gion et les caract\u00e9ristiques d\u00e9mographiques des patients.<\/p>\n<p>Deuxi\u00e8mement, nous recueillerons des donn\u00e9es sur les r\u00e9sultats cliniques, notamment des marqueurs sanguins et f\u00e9caux permettant de d\u00e9tecter une inflammation, ainsi que sur les \u00e9v\u00e9nements ind\u00e9sirables tels que les hospitalisations, les cures de cortico\u00efdes et les interventions chirurgicales. Ces donn\u00e9es serviront \u00e0 comparer les strat\u00e9gies de traitement et \u00e0 fournir des donn\u00e9es en vie r\u00e9elle afin d&#039;enrichir les connaissances sur l&#039;efficacit\u00e9 clinique de ces m\u00e9dicaments dans le cadre des essais cliniques.<\/p>\n<p>Troisi\u00e8mement, le rapport co\u00fbt-efficacit\u00e9 peut \u00eatre \u00e9valu\u00e9 en calculant un \u2018\u00a0co\u00fbt par r\u00e9mission\u00a0\u2019. \u00c0 titre d\u2019information, nous inclurons le co\u00fbt des consultations d\u2019urgence ult\u00e9rieures li\u00e9es aux \u00e9checs th\u00e9rapeutiques et aux effets ind\u00e9sirables de chaque traitement.<\/p>\n<p>Enfin, nous utiliserons des entretiens avec les patients pour explorer leur exp\u00e9rience, identifier les r\u00e9sultats importants et mettre en \u00e9vidence les difficult\u00e9s communes rencontr\u00e9es par les patients trait\u00e9s avec ces m\u00e9dicaments, en nous concentrant sur l&#039;exploration des in\u00e9galit\u00e9s en mati\u00e8re de sant\u00e9.<\/p>\n<h2>Qui dirige la recherche ?<\/h2>\n<p>Dr Jennifer Phillips, clinicienne universitaire sp\u00e9cialis\u00e9e en gastro-ent\u00e9rologie.<\/p>\n<h2>Informations compl\u00e9mentaires\u00a0:<\/h2>\n<p>Pour plus d&#039;informations ou pour participer \u00e0 ce projet, veuillez contacter bnssg.research@nhs.net<\/p>\n  <\/div>\r\n  <\/section><\/div><!-- .assembler_text-module.assembler_module.assembler_text-module_1.assembler_module_1..transparent --><\/div><!-- .assembler_module_area.assembler_module_area_1 --><\/div><!-- .assembler_default-group.assembler_module_group.assembler_default-group_1.assembler_module_group_1  -->","protected":false},"excerpt":{"rendered":"<p>Section titled module-1 How can we optimise the management of patients with Inflammatory Bowel Disease? What is the proposed research question? How can we optimise the management of patients with Inflammatory Bowel Disease? Funding BNSSG ICB Research Capability Funding. What is the problem? Inflammatory bowel disease (IBD), Crohn\u2019s Disease (CD) and ulcerative colitis (UC), are [&hellip;]<\/p>\n","protected":false},"author":1,"featured_media":0,"parent":32896,"menu_order":0,"comment_status":"closed","ping_status":"closed","template":"","meta":{"_acf_changed":false,"footnotes":""},"tags":[],"class_list":["post-34651","page","type-page","status-publish","hentry"],"acf":[],"_links":{"self":[{"href":"https:\/\/bnssghealthiertogether.org.uk\/fr\/wp-json\/wp\/v2\/pages\/34651","targetHints":{"allow":["GET"]}}],"collection":[{"href":"https:\/\/bnssghealthiertogether.org.uk\/fr\/wp-json\/wp\/v2\/pages"}],"about":[{"href":"https:\/\/bnssghealthiertogether.org.uk\/fr\/wp-json\/wp\/v2\/types\/page"}],"author":[{"embeddable":true,"href":"https:\/\/bnssghealthiertogether.org.uk\/fr\/wp-json\/wp\/v2\/users\/1"}],"replies":[{"embeddable":true,"href":"https:\/\/bnssghealthiertogether.org.uk\/fr\/wp-json\/wp\/v2\/comments?post=34651"}],"version-history":[{"count":1,"href":"https:\/\/bnssghealthiertogether.org.uk\/fr\/wp-json\/wp\/v2\/pages\/34651\/revisions"}],"predecessor-version":[{"id":34652,"href":"https:\/\/bnssghealthiertogether.org.uk\/fr\/wp-json\/wp\/v2\/pages\/34651\/revisions\/34652"}],"up":[{"embeddable":true,"href":"https:\/\/bnssghealthiertogether.org.uk\/fr\/wp-json\/wp\/v2\/pages\/32896"}],"wp:attachment":[{"href":"https:\/\/bnssghealthiertogether.org.uk\/fr\/wp-json\/wp\/v2\/media?parent=34651"}],"wp:term":[{"taxonomy":"post_tag","embeddable":true,"href":"https:\/\/bnssghealthiertogether.org.uk\/fr\/wp-json\/wp\/v2\/tags?post=34651"}],"curies":[{"name":"wp","href":"https:\/\/api.w.org\/{rel}","templated":true}]}}