{"id":34653,"date":"2024-11-26T17:06:35","date_gmt":"2024-11-26T17:06:35","guid":{"rendered":"https:\/\/bnssghealthiertogether.org.uk\/?page_id=34653"},"modified":"2024-11-26T17:06:35","modified_gmt":"2024-11-26T17:06:35","slug":"implementation-and-evaluation-of-the-adapt-toolkit-to-improve-the-dementia-care-pathway-for-south-asian-families-adapti","status":"publish","type":"page","link":"https:\/\/bnssghealthiertogether.org.uk\/fr\/integrated-care-board\/research-and-evidence\/our-research-portfolio\/type-2-rcf-funded-projects\/implementation-and-evaluation-of-the-adapt-toolkit-to-improve-the-dementia-care-pathway-for-south-asian-families-adapti\/","title":{"rendered":"Mise en \u0153uvre et \u00e9valuation de la bo\u00eete \u00e0 outils ADAPT pour am\u00e9liorer le parcours de soins de la d\u00e9mence pour les familles sud-asiatiques (ADAPTi)."},"content":{"rendered":"<div class=\"assembler_default-group assembler_module_group assembler_default-group_1 assembler_module_group_1\"><div class=\"assembler_module_area assembler_module_area_1\"><div class=\"assembler_text-module assembler_module assembler_text-module_1 assembler_module_1  transparent\"><a tabindex=\"-1\" title=\"Section intitul\u00e9e module-1\" id=\"module-1\" href=\"https:\/\/bnssghealthiertogether.org.uk\/fr\/wp-json\/wp\/v2\/pages\/34653\/#module-1\" class=\"anchor\"><span class=\"hidden\">Section intitul\u00e9e module-1<\/span><\/a><!-- Template found for text-module - Template: template-text - Matched: _only --><section class=\"w-full mx-auto max-w-content pt-12 sm:pt-24 pb-12 sm:pb-24\">\r\n  <div class=\"entry-content w-full !px-0 max-w-small\">\r\n        <h1>Mise en \u0153uvre et \u00e9valuation de la bo\u00eete \u00e0 outils ADAPT pour am\u00e9liorer le parcours de soins des personnes atteintes de d\u00e9mence pour les familles sud-asiatiques (ADAPTi)<\/h1>\n<h2><strong>Financement:<\/strong><\/h2>\n<p>Financement des capacit\u00e9s de recherche ICB du NHS Bristol, North Somerset et South Gloucestershire.<\/p>\n<h2><strong>Quel est le probl\u00e8me ?<\/strong><\/h2>\n<p>On estime actuellement \u00e0 50\u00a0000 le nombre de personnes issues de minorit\u00e9s ethniques atteintes de d\u00e9mence. Ce chiffre devrait \u00eatre multipli\u00e9 par sept d&#039;ici 2051, contre un doublement pour la population britannique blanche. La communaut\u00e9 sud-asiatique (pakistanaise, indienne, bangladaise, sri-lankaise, etc.) est consid\u00e9r\u00e9e comme le groupe le plus important au Royaume-Uni et pr\u00e9sente un risque accru d&#039;in\u00e9galit\u00e9s dans la prise en charge de la d\u00e9mence. Les personnes d&#039;origine sud-asiatique ont moins de chances de b\u00e9n\u00e9ficier d&#039;un diagnostic pr\u00e9coce, d&#039;un traitement adapt\u00e9 ou d&#039;un soutien ad\u00e9quat. Les familles sud-asiatiques sont plus susceptibles de recevoir un diagnostic \u00e0 un stade avanc\u00e9 de la maladie, souvent uniquement en situation de crise.<\/p>\n<p>L\u2019\u00e9tude ADAPT (financ\u00e9e par le NIHR RfPB, NIHR200736, et h\u00e9berg\u00e9e par le NHS Bristol, North Somerset et South Gloucestershire ICB) a permis de d\u00e9velopper une bo\u00eete \u00e0 outils en ligne de ressources fond\u00e9es sur des donn\u00e9es probantes afin d\u2019adapter et d\u2019am\u00e9liorer le parcours de soins des personnes atteintes de d\u00e9mence pour les familles d\u2019origine sud-asiatique. La prochaine \u00e9tape consiste \u00e0 tester l\u2019application pratique de cette bo\u00eete \u00e0 outils avant son d\u00e9ploiement \u00e0 plus grande \u00e9chelle. Les objectifs de ce projet s\u2019inscrivent pleinement dans les priorit\u00e9s de l\u2019ICB, car il permettra d\u2019am\u00e9liorer la situation des familles sud-asiatiques en r\u00e9duisant les in\u00e9galit\u00e9s d\u2019acc\u00e8s aux soins et aux services.<\/p>\n<h2><strong>Quel est l&#039;objectif de la recherche ?<\/strong><\/h2>\n<p>Ce projet de recherche vise \u00e0 \u00e9valuer la faisabilit\u00e9 et l&#039;acceptabilit\u00e9 de la bo\u00eete \u00e0 outils ADAPT aupr\u00e8s des professionnels de la d\u00e9mence, des prestataires de services et des familles d&#039;origine sud-asiatique. Nous \u00e9tudierons comment diff\u00e9rents services (soins primaires, services d&#039;\u00e9valuation de la m\u00e9moire, associations de soutien aux personnes atteintes de d\u00e9mence) envisagent d&#039;int\u00e9grer cette bo\u00eete \u00e0 outils \u00e0 leur pratique. Afin de d\u00e9terminer si la bo\u00eete \u00e0 outils a permis d&#039;adapter efficacement le parcours de soins aux sp\u00e9cificit\u00e9s culturelles des familles sud-asiatiques, nous analyserons les r\u00e9sultats jug\u00e9s importants par les parties prenantes. Les donn\u00e9es recueillies aupr\u00e8s des services et des familles sud-asiatiques nous permettront d&#039;\u00e9laborer un projet NIHR HSDR de plus grande envergure, visant \u00e0 mettre en \u0153uvre et \u00e0 tester l&#039;efficacit\u00e9 de la bo\u00eete \u00e0 outils pour am\u00e9liorer la situation des familles sud-asiatiques.<\/p>\n<h2><strong>Comment cela sera-t-il r\u00e9alis\u00e9 ?<\/strong><\/h2>\n<p>Plusieurs activit\u00e9s seront men\u00e9es \u00e0 Bristol et Bradford afin de constituer un dossier de candidature solide aupr\u00e8s du NIHR HSDR, ax\u00e9 sur la mise en \u0153uvre et l&#039;\u00e9valuation r\u00e9aliste de la bo\u00eete \u00e0 outils ADAPT. Participation du public (Lot de travaux 0)\u00a0: Ce projet repose sur une forte implication d&#039;\u2018\u00a0experts par exp\u00e9rience\u00a0\u2019. Deux experts par exp\u00e9rience d&#039;origine sud-asiatique, ayant contribu\u00e9 \u00e0 l&#039;\u00e9laboration de la bo\u00eete \u00e0 outils ADAPT, participeront activement \u00e0 tous les aspects du projet actuel, notamment la conception, l&#039;\u00e9thique, la collecte et l&#039;analyse des donn\u00e9es, ainsi que leur diffusion. Ils contribueront \u00e9galement \u00e0 l&#039;\u00e9laboration de la future candidature aupr\u00e8s du NIHR. \u00c9valuations rapides (Lot de travaux 1)\u00a0: Dans le cadre de l&#039;\u00e9tude ADAPT initiale, deux \u00e9valuations rapides ont \u00e9t\u00e9 r\u00e9alis\u00e9es afin d&#039;identifier des outils d&#039;\u00e9valuation de la m\u00e9moire et des programmes de soutien post-diagnostic adapt\u00e9s culturellement et rigoureusement test\u00e9s. Ces \u00e9valuations seront mises \u00e0 jour dans le cadre du projet actuel et int\u00e9gr\u00e9es \u00e0 la bo\u00eete \u00e0 outils. Mobilisation des parties prenantes (Lot de travaux 2)\u00a0: Un aspect essentiel de ce projet consistera \u00e0 organiser des ateliers avec des familles d&#039;origine sud-asiatique, des professionnels de la sant\u00e9 et du secteur social, des prestataires\/commanditaires de services et des associations de lutte contre la d\u00e9mence.<\/p>\n<p>Nous solliciterons l&#039;approbation \u00e9thique de l&#039;Universit\u00e9 de Bradford et organiserons trois ateliers \u00e0 Bristol et trois \u00e0 Bradford avec chaque groupe de parties prenantes. Chaque atelier r\u00e9unira 5 \u00e0 8 participants. Ces ateliers porteront sur l&#039;\u00e9valuation de la faisabilit\u00e9 et de l&#039;acceptabilit\u00e9 de la bo\u00eete \u00e0 outils, son application pratique, les obstacles et les facteurs facilitant sa mise en \u0153uvre, ainsi que sur l&#039;identification des principaux r\u00e9sultats attendus. Les conclusions de ces ateliers permettront d&#039;\u00e9laborer des th\u00e9ories de programme initiales (TPI) qui seront test\u00e9es dans le cadre de l&#039;\u00e9valuation r\u00e9aliste propos\u00e9e pour la mise en \u0153uvre de la bo\u00eete \u00e0 outils sur trois sites du projet NIHR (lot de travail 3).<\/p>\n<h2><strong>Qui dirige la recherche ?<\/strong><\/h2>\n<p>Cette recherche est men\u00e9e par <a href=\"https:\/\/www.bradford.ac.uk\/staff\/sparveen27\/\" rel=\"nofollow noreferrer noopener\">Docteur Sahdia Parveen<\/a>, Professeur associ\u00e9, Universit\u00e9 de Bradford.<\/p>\n<h2>Informations compl\u00e9mentaires<\/h2>\n<p>Pour plus d&#039;informations ou pour participer \u00e0 ce projet, veuillez envoyer un courriel. <a href=\"mailto:bnssg.research@nhs.net\" target=\"_blank\" rel=\"nofollow noopener\">bnssg.research@nhs.net<\/a><\/p>\n  <\/div>\r\n  <\/section><\/div><!-- .assembler_text-module.assembler_module.assembler_text-module_1.assembler_module_1..transparent --><\/div><!-- .assembler_module_area.assembler_module_area_1 --><\/div><!-- .assembler_default-group.assembler_module_group.assembler_default-group_1.assembler_module_group_1  -->","protected":false},"excerpt":{"rendered":"<p>Section titled module-1 Implementation and evaluation of the ADAPT toolkit to improve the dementia care pathway for South Asian Families (ADAPTi) Funding: NHS Bristol, North Somerset and South Gloucestershire ICB Research Capability Funding\u00ad\u00ad. What is the problem? It is currently estimated that 50,000 people from minority ethnic (ME) background are living with dementia. A seven-fold [&hellip;]<\/p>\n","protected":false},"author":1,"featured_media":0,"parent":32896,"menu_order":0,"comment_status":"closed","ping_status":"closed","template":"","meta":{"_acf_changed":false,"footnotes":""},"tags":[],"class_list":["post-34653","page","type-page","status-publish","hentry"],"acf":[],"_links":{"self":[{"href":"https:\/\/bnssghealthiertogether.org.uk\/fr\/wp-json\/wp\/v2\/pages\/34653","targetHints":{"allow":["GET"]}}],"collection":[{"href":"https:\/\/bnssghealthiertogether.org.uk\/fr\/wp-json\/wp\/v2\/pages"}],"about":[{"href":"https:\/\/bnssghealthiertogether.org.uk\/fr\/wp-json\/wp\/v2\/types\/page"}],"author":[{"embeddable":true,"href":"https:\/\/bnssghealthiertogether.org.uk\/fr\/wp-json\/wp\/v2\/users\/1"}],"replies":[{"embeddable":true,"href":"https:\/\/bnssghealthiertogether.org.uk\/fr\/wp-json\/wp\/v2\/comments?post=34653"}],"version-history":[{"count":2,"href":"https:\/\/bnssghealthiertogether.org.uk\/fr\/wp-json\/wp\/v2\/pages\/34653\/revisions"}],"predecessor-version":[{"id":34655,"href":"https:\/\/bnssghealthiertogether.org.uk\/fr\/wp-json\/wp\/v2\/pages\/34653\/revisions\/34655"}],"up":[{"embeddable":true,"href":"https:\/\/bnssghealthiertogether.org.uk\/fr\/wp-json\/wp\/v2\/pages\/32896"}],"wp:attachment":[{"href":"https:\/\/bnssghealthiertogether.org.uk\/fr\/wp-json\/wp\/v2\/media?parent=34653"}],"wp:term":[{"taxonomy":"post_tag","embeddable":true,"href":"https:\/\/bnssghealthiertogether.org.uk\/fr\/wp-json\/wp\/v2\/tags?post=34653"}],"curies":[{"name":"wp","href":"https:\/\/api.w.org\/{rel}","templated":true}]}}