{"id":34668,"date":"2024-11-26T17:08:38","date_gmt":"2024-11-26T17:08:38","guid":{"rendered":"https:\/\/bnssghealthiertogether.org.uk\/?page_id=34668"},"modified":"2024-11-26T17:08:38","modified_gmt":"2024-11-26T17:08:38","slug":"is-romi-a-conversational-artificial-intelligence-an-effective-way-to-deliver-support-and-structured-education-to-people-with-type-2-diabetes-who-do-not-engage-with-usual-care-services","status":"publish","type":"page","link":"https:\/\/bnssghealthiertogether.org.uk\/fr\/integrated-care-board\/research-and-evidence\/our-research-portfolio\/type-2-rcf-funded-projects\/is-romi-a-conversational-artificial-intelligence-an-effective-way-to-deliver-support-and-structured-education-to-people-with-type-2-diabetes-who-do-not-engage-with-usual-care-services\/","title":{"rendered":"ROMI, une intelligence artificielle conversationnelle, est-elle un moyen efficace d&#039;apporter un soutien et une \u00e9ducation structur\u00e9e aux personnes atteintes de diab\u00e8te de type 2 qui ne font pas appel aux services de soins habituels\u00a0?"},"content":{"rendered":"<div class=\"assembler_default-group assembler_module_group assembler_default-group_1 assembler_module_group_1\"><div class=\"assembler_module_area assembler_module_area_1\"><div class=\"assembler_text-module assembler_module assembler_text-module_1 assembler_module_1  transparent\"><a tabindex=\"-1\" title=\"Section intitul\u00e9e module-1\" id=\"module-1\" href=\"https:\/\/bnssghealthiertogether.org.uk\/fr\/wp-json\/wp\/v2\/pages\/34668\/#module-1\" class=\"anchor\"><span class=\"hidden\">Section intitul\u00e9e module-1<\/span><\/a><!-- Template found for text-module - Template: template-text - Matched: _only --><section class=\"w-full mx-auto max-w-content pt-12 sm:pt-24 pb-12 sm:pb-24\">\r\n  <div class=\"entry-content w-full !px-0 max-w-small\">\r\n        <header class=\"local_header\">\n<div class=\"local_header__inner\">\n<h1 class=\"local_header__title\">ROMI, une intelligence artificielle conversationnelle, est-elle un moyen efficace d&#039;apporter un soutien et une \u00e9ducation structur\u00e9e aux personnes atteintes de diab\u00e8te de type 2 qui ne font pas appel aux services de soins habituels\u00a0?<\/h1>\n<\/div>\n<\/header>\n<article class=\"page_content\"><\/article>\n<h2>Quelle est la question de recherche ?<\/h2>\n<p>Un membre virtuel de l&#039;\u00e9quipe de diab\u00e9tologie dot\u00e9 d&#039;une intelligence artificielle (IA) peut-il am\u00e9liorer les r\u00e9sultats pour les patients ainsi que la port\u00e9e et l&#039;efficacit\u00e9 de l&#039;\u00e9quipe de diab\u00e9tologie du NHS\u00a0?<\/p>\n<h2>Quel est le probl\u00e8me ?<\/h2>\n<p>L&#039;audit national sur le diab\u00e8te r\u00e9alis\u00e9 par NHS Digital en 2018 indique qu&#039;environ 3,9 millions de personnes au Royaume-Uni sont atteintes de diab\u00e8te de type 2 (DT2), ce qui a souvent un impact n\u00e9gatif sur leur qualit\u00e9 de vie. Six personnes sur dix atteintes de DT2 n&#039;atteignent pas les objectifs de traitement recommand\u00e9s pour r\u00e9duire leur risque de complications. Deux membres de notre \u00e9quipe de recherche, qui dirigent des \u00e9quipes de diab\u00e9tologie au sein du NHS, le savent bien de par leur quotidien difficile pour r\u00e9pondre aux besoins des patients.<\/p>\n<h2>Quel est l&#039;objectif de la recherche ?<\/h2>\n<p>Notre objectif est de cr\u00e9er un assistant virtuel fonctionnel pour la prise en charge du diab\u00e8te, appel\u00e9 ROMI (Instrument de Motivation Relationnel en Ligne), afin de d\u00e9montrer son acceptabilit\u00e9 par les patients et le personnel soignant, ainsi que son efficacit\u00e9 pour favoriser l&#039;autogestion de la maladie. Les personnes atteintes de diab\u00e8te de type 2 communiqueront avec ROMI via un t\u00e9l\u00e9phone, une tablette ou un ordinateur, comme avec Siri, mais ROMI disposera \u00e9galement d&#039;un avatar anim\u00e9 \u00e0 l&#039;\u00e9cran. Par le biais de la conversation, ROMI fournira des informations et agira comme un mentor, encourageant des changements positifs dans le mode de vie. Au fil du temps, ROMI apprendra ce qui facilite et ce qui entrave la prise en charge du patient, dans le but d&#039;am\u00e9liorer son autogestion. Nous recruterons des personnes atteintes de diab\u00e8te de type 2 issues de diverses communaut\u00e9s pour utiliser ROMI. Nous leur demanderons si elles pensent qu&#039;un tel syst\u00e8me am\u00e9liorerait leur autogestion du diab\u00e8te. Si tel est le cas, ROMI am\u00e9liorera les r\u00e9sultats et fournira aux \u00e9quipes du NHS des informations pr\u00e9cieuses sur les patients, leur permettant ainsi d&#039;am\u00e9liorer les soins. Nous souhaitons \u00e9galement \u00e9valuer si ROMI peut atteindre les patients qui n&#039;ont actuellement pas recours aux services du NHS.<\/p>\n<h2>Comment cela sera-t-il r\u00e9alis\u00e9 ?<\/h2>\n<p>Apr\u00e8s une \u00e9tude d&#039;acceptabilit\u00e9 men\u00e9e aupr\u00e8s de patients et de personnes concern\u00e9es, l&#039;outil ROMI sera d\u00e9velopp\u00e9 et test\u00e9 par 40 patients atteints de diab\u00e8te de type 2, recrut\u00e9s par l&#039;interm\u00e9diaire de groupes communautaires. Il sera ensuite perfectionn\u00e9 et test\u00e9 par 30 autres patients. Les donn\u00e9es d&#039;utilisation recueillies seront analys\u00e9es en parall\u00e8le avec les avis des utilisateurs et des professionnels de sant\u00e9 concernant le fonctionnement et l&#039;acceptabilit\u00e9 de ROMI.<\/p>\n<h2>Qui dirige la recherche ?<\/h2>\n<p>Rik Lander, ma\u00eetre de conf\u00e9rences, Facult\u00e9 des arts, des industries cr\u00e9atives et de l&#039;\u00e9ducation, Universit\u00e9 de l&#039;Ouest de l&#039;Angleterre.<\/p>\n<h2>Informations compl\u00e9mentaires\u00a0:<\/h2>\n<p><a href=\"https:\/\/people.uwe.ac.uk\/Person\/RikLander\" target=\"_blank\" rel=\"nofollow noopener\">\u00c0 propos de Rik Lander<\/a><\/p>\n<p>Pour plus d&#039;informations ou pour participer \u00e0 ce projet, veuillez contacter <a href=\"mailto:bnssg.research@nhs.net\" target=\"_blank\" rel=\"noopener\">bnssg.research@nhs.net<\/a>.<\/p>\n  <\/div>\r\n  <\/section><\/div><!-- .assembler_text-module.assembler_module.assembler_text-module_1.assembler_module_1..transparent --><\/div><!-- .assembler_module_area.assembler_module_area_1 --><\/div><!-- .assembler_default-group.assembler_module_group.assembler_default-group_1.assembler_module_group_1  -->","protected":false},"excerpt":{"rendered":"<p>Section titled module-1 Is ROMI, a conversational artificial intelligence, an effective way to deliver support and structured education to people with type 2 diabetes who do not engage with usual care services? What is the research question? Can virtual artificial intelligence (AI) diabetes team member improve patient outcomes and NHS diabetes team reach and efficacy? [&hellip;]<\/p>\n","protected":false},"author":1,"featured_media":0,"parent":32896,"menu_order":0,"comment_status":"closed","ping_status":"closed","template":"","meta":{"_acf_changed":false,"footnotes":""},"tags":[],"class_list":["post-34668","page","type-page","status-publish","hentry"],"acf":[],"_links":{"self":[{"href":"https:\/\/bnssghealthiertogether.org.uk\/fr\/wp-json\/wp\/v2\/pages\/34668","targetHints":{"allow":["GET"]}}],"collection":[{"href":"https:\/\/bnssghealthiertogether.org.uk\/fr\/wp-json\/wp\/v2\/pages"}],"about":[{"href":"https:\/\/bnssghealthiertogether.org.uk\/fr\/wp-json\/wp\/v2\/types\/page"}],"author":[{"embeddable":true,"href":"https:\/\/bnssghealthiertogether.org.uk\/fr\/wp-json\/wp\/v2\/users\/1"}],"replies":[{"embeddable":true,"href":"https:\/\/bnssghealthiertogether.org.uk\/fr\/wp-json\/wp\/v2\/comments?post=34668"}],"version-history":[{"count":2,"href":"https:\/\/bnssghealthiertogether.org.uk\/fr\/wp-json\/wp\/v2\/pages\/34668\/revisions"}],"predecessor-version":[{"id":34670,"href":"https:\/\/bnssghealthiertogether.org.uk\/fr\/wp-json\/wp\/v2\/pages\/34668\/revisions\/34670"}],"up":[{"embeddable":true,"href":"https:\/\/bnssghealthiertogether.org.uk\/fr\/wp-json\/wp\/v2\/pages\/32896"}],"wp:attachment":[{"href":"https:\/\/bnssghealthiertogether.org.uk\/fr\/wp-json\/wp\/v2\/media?parent=34668"}],"wp:term":[{"taxonomy":"post_tag","embeddable":true,"href":"https:\/\/bnssghealthiertogether.org.uk\/fr\/wp-json\/wp\/v2\/tags?post=34668"}],"curies":[{"name":"wp","href":"https:\/\/api.w.org\/{rel}","templated":true}]}}