{"id":34676,"date":"2024-11-26T17:09:47","date_gmt":"2024-11-26T17:09:47","guid":{"rendered":"https:\/\/bnssghealthiertogether.org.uk\/?page_id=34676"},"modified":"2024-11-26T17:09:47","modified_gmt":"2024-11-26T17:09:47","slug":"paramedic-active-lives-promotion-for-older-people-parade","status":"publish","type":"page","link":"https:\/\/bnssghealthiertogether.org.uk\/fr\/integrated-care-board\/research-and-evidence\/our-research-portfolio\/type-2-rcf-funded-projects\/paramedic-active-lives-promotion-for-older-people-parade\/","title":{"rendered":"Promotion des activit\u00e9s param\u00e9dicales pour les personnes \u00e2g\u00e9es (ParAde)"},"content":{"rendered":"<div class=\"assembler_default-group assembler_module_group assembler_default-group_1 assembler_module_group_1\"><div class=\"assembler_module_area assembler_module_area_1\"><div class=\"assembler_text-module assembler_module assembler_text-module_1 assembler_module_1  transparent\"><a tabindex=\"-1\" title=\"Section intitul\u00e9e module-1\" id=\"module-1\" href=\"https:\/\/bnssghealthiertogether.org.uk\/fr\/wp-json\/wp\/v2\/pages\/34676\/#module-1\" class=\"anchor\"><span class=\"hidden\">Section intitul\u00e9e module-1<\/span><\/a><!-- Template found for text-module - Template: template-text - Matched: _only --><section class=\"w-full mx-auto max-w-content pt-12 sm:pt-24 pb-12 sm:pb-24\">\r\n  <div class=\"entry-content w-full !px-0 max-w-small\">\r\n        <h1>Promotion des activit\u00e9s param\u00e9dicales pour les personnes \u00e2g\u00e9es (ParAde)<\/h1>\n<h2><strong>Financement:<\/strong><\/h2>\n<p>Financement des capacit\u00e9s de recherche ICB du NHS Bristol, North Somerset et South Gloucestershire.<\/p>\n<h2><strong>Quel est le probl\u00e8me ?<\/strong><\/h2>\n<p>La population britannique est en croissance et vieillit, avec 5,8 millions de personnes \u00e2g\u00e9es de 75 ans et plus en 2020. Les chutes co\u00fbtent chaque ann\u00e9e 2,3 milliards de livres sterling au NHS et constituent la principale cause de blessures et d&#039;hospitalisations chez les personnes \u00e2g\u00e9es. Ces derni\u00e8res sont particuli\u00e8rement vuln\u00e9rables aux complications li\u00e9es \u00e0 une hospitalisation, car la diminution de leur capacit\u00e9 \u00e0 effectuer les activit\u00e9s de la vie quotidienne peut entra\u00eener une perte d&#039;autonomie. La pr\u00e9vention des chutes est donc essentielle pour \u00e9viter les blessures et les d\u00e9c\u00e8s, r\u00e9duire le recours aux hospitalisations et la dur\u00e9e des s\u00e9jours, ce qui est primordial pour les personnes \u00e2g\u00e9es et repr\u00e9sente une priorit\u00e9 pour le NHS.<\/p>\n<p>L&#039;activit\u00e9 physique am\u00e9liore la sant\u00e9, r\u00e9duit le risque de chute, aide les personnes \u00e0 pr\u00e9server leur autonomie et a des effets b\u00e9n\u00e9fiques sur leur sant\u00e9 mentale ainsi que sur leur bien-\u00eatre social et \u00e9motionnel. L&#039;exercice physique maintient \u00e9galement la force musculaire et augmente la densit\u00e9 osseuse, ce qui diminue consid\u00e9rablement le risque de fractures en cas de chute. Cependant, le rapport annuel 2023 des m\u00e9decins-chefs r\u00e9v\u00e8le que seulement 61 % des hommes et 41 % des femmes atteignent les objectifs d&#039;activit\u00e9 physique recommand\u00e9s (et encore moins chez les personnes \u00e2g\u00e9es). Ce rapport recommande \u00e9galement un effort de recherche beaucoup plus important aupr\u00e8s des personnes \u00e2g\u00e9es de toutes professions.<\/p>\n<p>Les premi\u00e8res consultations aupr\u00e8s des patients et du public ont r\u00e9v\u00e9l\u00e9 que les patients trouvent les informations telles que la brochure \u2018\u00a0Bougez\u00a0!\u00a0\u2019 tr\u00e8s utiles et appr\u00e9cient d&#039;\u00eatre encourag\u00e9s \u00e0 prendre des initiatives face au risque de chute, plut\u00f4t que de le consid\u00e9rer comme une fatalit\u00e9 li\u00e9e au vieillissement. Cette brochure propose quelques exercices simples \u00e0 r\u00e9aliser chez soi pour r\u00e9duire ce risque, ainsi que des informations sur d&#039;autres facteurs de risque \u00e0 prendre en compte, comme la prise de plusieurs m\u00e9dicaments ou une d\u00e9ficience visuelle. Or, nous avons constat\u00e9 que ces ressources \u00e9taient m\u00e9connues. Ce projet \u00e9valuera les possibilit\u00e9s d&#039;\u00e9largir la diffusion de ces ressources gr\u00e2ce au r\u00e9seau de contacts privil\u00e9gi\u00e9s des ambulanciers et ciblera plusieurs priorit\u00e9s du BNSSG, notamment le bien-vieillir et la promotion de comportements sains.<\/p>\n<h2>Quel est l&#039;objectif de la recherche ?<\/h2>\n<p>Ce projet \u00e9valuera la faisabilit\u00e9, pour les ambulanciers, d&#039;identifier les patients \u00e2g\u00e9s \u00e0 risque de chute et de \u2018 tirer le meilleur parti de chaque contact \u2019 en promouvant les informations et\/ou initiatives existantes mises \u00e0 la disposition des patients sur la fa\u00e7on dont ils peuvent r\u00e9duire ce risque.<\/p>\n<p>Ce projet vise \u00e0 donner aux personnes \u00e2g\u00e9es les moyens d&#039;adopter des comportements sains susceptibles de r\u00e9duire le risque de chutes, et ainsi de pr\u00e9venir les blessures, de diminuer le nombre de patients n\u00e9cessitant une hospitalisation, de r\u00e9duire la dur\u00e9e de leur s\u00e9jour \u00e0 l&#039;h\u00f4pital (et les co\u00fbts de sant\u00e9 associ\u00e9s) et d&#039;am\u00e9liorer les r\u00e9sultats importants pour les patients.<\/p>\n<h2>Comment cela sera-t-il r\u00e9alis\u00e9 ?<\/h2>\n<p>Afin de garantir la coproduction d&#039;une candidature solide au programme NIHR RfPB, les travaux pr\u00e9paratoires suivants sont propos\u00e9s\u00a0:<\/p>\n<ol>\n<li><strong> D\u00e9veloppement des partenariats et renforcement des \u00e9quipes.<\/strong><\/li>\n<\/ol>\n<p>L&#039;\u00e9quipe de projet continuera d&#039;\u00eatre renforc\u00e9e afin de s&#039;assurer les comp\u00e9tences n\u00e9cessaires et d&#039;obtenir l&#039;adh\u00e9sion de tous. Cela permettra d&#039;accro\u00eetre l&#039;impact significatif de la recherche et de favoriser le partage des connaissances et l&#039;\u00e9volution des pratiques.<\/p>\n<p>Les relations externes existantes avec des groupes tels que Age UK Gloucester et Bristol Health Partners seront d\u00e9velopp\u00e9es davantage afin de solliciter des contributions et un soutien pour la recherche et d&#039;explorer les voies d&#039;impact.<\/p>\n<ol start=\"2\">\n<li><strong> Participation des patients et des parties prenantes et mobilisation des parties prenantes<\/strong><\/li>\n<\/ol>\n<p>Le travail initial de participation du public et des personnes \u00e2g\u00e9es avec les personnes \u00e2g\u00e9es sera \u00e9largi afin de garantir une candidature enti\u00e8rement co-produite, ax\u00e9e sur l&#039;inclusion d&#039;un \u00e9ventail d&#039;exp\u00e9riences diversifi\u00e9 et inclusif, y compris celles des communaut\u00e9s mal desservies.<\/p>\n<p>La participation des ambulanciers sera effectu\u00e9e par le biais de liens avec le South Western Ambulance Service NHS Foundation Trust afin d&#039;\u00e9valuer leur confiance dans leur capacit\u00e9 \u00e0 apporter un soutien aux personnes \u00e2g\u00e9es et de recueillir leur avis sur la recherche propos\u00e9e.<\/p>\n<p>La consultation des parties prenantes et des participants permettra de recueillir des informations sur la question de recherche, les m\u00e9thodes utilis\u00e9es et le r\u00e9sultat \u00e0 mesurer. Les participants seront invit\u00e9s \u00e0 rejoindre le groupe consultatif du projet NIHR.<\/p>\n<ol start=\"3\">\n<li><strong> Examen rapide des informations promotionnelles potentielles<\/strong><\/li>\n<\/ol>\n<p>Diverses options d&#039;information et ressources existantes (par exemple, la brochure \u2018 Get up and go \u2019 de Public Health England) seront identifi\u00e9es pour que les ambulanciers puissent les promouvoir aupr\u00e8s des patients et comprendront des informations pertinentes recueillies gr\u00e2ce \u00e0 l&#039;engagement des collaborateurs et des parties prenantes.<\/p>\n<ol start=\"4\">\n<li><strong> Atelier de consensus des parties prenantes<\/strong><\/li>\n<\/ol>\n<p>Les r\u00e9sultats de l&#039;examen rapide seront partag\u00e9s avec les parties prenantes et les membres du PPI afin de d\u00e9terminer la source d&#039;information la plus appropri\u00e9e que les ambulanciers param\u00e9dicaux pourraient promouvoir aupr\u00e8s des patients \u00e2g\u00e9s dans le cadre de l&#039;\u00e9tude de faisabilit\u00e9 du NIHR.<\/p>\n<ol start=\"5\">\n<li><strong> R\u00e9daction des offres<\/strong><\/li>\n<\/ol>\n<p>Une candidature de niveau 2 au programme NIHR RfPB sera pr\u00e9par\u00e9e et soumise pour une \u00e9tude de faisabilit\u00e9 visant \u00e0 \u00e9valuer le potentiel des ambulanciers param\u00e9dicaux \u00e0 aider les patients \u00e2g\u00e9s \u00e0 r\u00e9duire leur risque de chute gr\u00e2ce \u00e0 la promotion de comportements sains.<\/p>\n<h2><strong>Qui dirige la recherche ?<\/strong><\/h2>\n<p>Cette recherche est men\u00e9e par <a href=\"https:\/\/people.uwe.ac.uk\/Person\/Helen5Nicholson\" rel=\"nofollow noreferrer noopener\">Docteur Helen Nicholson<\/a>, chercheur principal, Universit\u00e9 de l&#039;Ouest de l&#039;Angleterre (UWE Bristol).<\/p>\n<h2>Informations compl\u00e9mentaires<\/h2>\n<p>Pour plus d&#039;informations ou pour participer \u00e0 ce projet, veuillez envoyer un courriel. <a href=\"mailto:bnssg.research@nhs.net\" target=\"_blank\" rel=\"nofollow noopener\">bnssg.research@nhs.net<\/a><\/p>\n  <\/div>\r\n  <\/section><\/div><!-- .assembler_text-module.assembler_module.assembler_text-module_1.assembler_module_1..transparent --><\/div><!-- .assembler_module_area.assembler_module_area_1 --><\/div><!-- .assembler_default-group.assembler_module_group.assembler_default-group_1.assembler_module_group_1  -->","protected":false},"excerpt":{"rendered":"<p>Section titled module-1 Paramedic Active Lives Promotion for Older People (ParAde) Funding: NHS Bristol, North Somerset and South Gloucestershire ICB Research Capability Funding\u00ad\u00ad. What is the problem? The UK population is growing and getting older with 5.8 million people aged 75+ in 2020. Falls cost the NHS 2.3 billion pounds every year and are the [&hellip;]<\/p>\n","protected":false},"author":1,"featured_media":0,"parent":32896,"menu_order":0,"comment_status":"closed","ping_status":"closed","template":"","meta":{"_acf_changed":false,"footnotes":""},"tags":[],"class_list":["post-34676","page","type-page","status-publish","hentry"],"acf":[],"_links":{"self":[{"href":"https:\/\/bnssghealthiertogether.org.uk\/fr\/wp-json\/wp\/v2\/pages\/34676","targetHints":{"allow":["GET"]}}],"collection":[{"href":"https:\/\/bnssghealthiertogether.org.uk\/fr\/wp-json\/wp\/v2\/pages"}],"about":[{"href":"https:\/\/bnssghealthiertogether.org.uk\/fr\/wp-json\/wp\/v2\/types\/page"}],"author":[{"embeddable":true,"href":"https:\/\/bnssghealthiertogether.org.uk\/fr\/wp-json\/wp\/v2\/users\/1"}],"replies":[{"embeddable":true,"href":"https:\/\/bnssghealthiertogether.org.uk\/fr\/wp-json\/wp\/v2\/comments?post=34676"}],"version-history":[{"count":2,"href":"https:\/\/bnssghealthiertogether.org.uk\/fr\/wp-json\/wp\/v2\/pages\/34676\/revisions"}],"predecessor-version":[{"id":34678,"href":"https:\/\/bnssghealthiertogether.org.uk\/fr\/wp-json\/wp\/v2\/pages\/34676\/revisions\/34678"}],"up":[{"embeddable":true,"href":"https:\/\/bnssghealthiertogether.org.uk\/fr\/wp-json\/wp\/v2\/pages\/32896"}],"wp:attachment":[{"href":"https:\/\/bnssghealthiertogether.org.uk\/fr\/wp-json\/wp\/v2\/media?parent=34676"}],"wp:term":[{"taxonomy":"post_tag","embeddable":true,"href":"https:\/\/bnssghealthiertogether.org.uk\/fr\/wp-json\/wp\/v2\/tags?post=34676"}],"curies":[{"name":"wp","href":"https:\/\/api.w.org\/{rel}","templated":true}]}}