{"id":34685,"date":"2024-11-26T17:10:58","date_gmt":"2024-11-26T17:10:58","guid":{"rendered":"https:\/\/bnssghealthiertogether.org.uk\/?page_id=34685"},"modified":"2024-11-26T17:10:58","modified_gmt":"2024-11-26T17:10:58","slug":"the-rapid-move-to-remote-consultations-due-to-covid-19","status":"publish","type":"page","link":"https:\/\/bnssghealthiertogether.org.uk\/fr\/integrated-care-board\/research-and-evidence\/our-research-portfolio\/type-2-rcf-funded-projects\/the-rapid-move-to-remote-consultations-due-to-covid-19\/","title":{"rendered":"Le passage rapide aux consultations \u00e0 distance en raison de la Covid-19"},"content":{"rendered":"<div class=\"assembler_default-group assembler_module_group assembler_default-group_1 assembler_module_group_1\"><div class=\"assembler_module_area assembler_module_area_1\"><div class=\"assembler_text-module assembler_module assembler_text-module_1 assembler_module_1  transparent\"><a tabindex=\"-1\" title=\"Section intitul\u00e9e module-1\" id=\"module-1\" href=\"https:\/\/bnssghealthiertogether.org.uk\/fr\/wp-json\/wp\/v2\/pages\/34685\/#module-1\" class=\"anchor\"><span class=\"hidden\">Section intitul\u00e9e module-1<\/span><\/a><!-- Template found for text-module - Template: template-text - Matched: _only --><section class=\"w-full mx-auto max-w-content pt-12 sm:pt-24 pb-12 sm:pb-24\">\r\n  <div class=\"entry-content w-full !px-0 max-w-small\">\r\n        <header class=\"local_header\">\n<div class=\"local_header__inner\">\n<h1 class=\"local_header__title\">Le passage rapide aux consultations \u00e0 distance en raison de la Covid-19<\/h1>\n<\/div>\n<\/header>\n<article class=\"page_content\">\n<h2 class=\"page_content__inner\">Financement<\/h2>\n<\/article>\n<p>Financement des capacit\u00e9s de recherche du BNSSCG CCG (d\u00e9veloppement local)<\/p>\n<h2>Quelle est la question de recherche ?<\/h2>\n<p>Afin d\u2019\u00e9tudier comment le passage aux t\u00e9l\u00e9consultations a modifi\u00e9 l\u2019acc\u00e8s aux soins pour les patients, s\u2019il a accru les in\u00e9galit\u00e9s en mati\u00e8re de sant\u00e9 et s\u2019il a entra\u00een\u00e9 des \u00e9v\u00e9nements ind\u00e9sirables.<\/p>\n<h2>Quel est le probl\u00e8me ?<\/h2>\n<p>En mars 2020, afin de minimiser les contacts directs entre patients et consultations et de r\u00e9duire la contagion du virus SARS-CoV-2, la m\u00e9decine g\u00e9n\u00e9rale britannique a rapidement mis en place des t\u00e9l\u00e9consultations. En avril 2020, l&#039;\u00c9cole de recherche en soins primaires (SPCR) du NIHR a financ\u00e9 des chercheurs du Centre universitaire de soins primaires (CAPC) de l&#039;Universit\u00e9 de Bristol pour \u00e9tudier cette transition rapide et partager les difficult\u00e9s rencontr\u00e9es et les innovations dans la mise en \u0153uvre des t\u00e9l\u00e9consultations au sein des cabinets de m\u00e9decine g\u00e9n\u00e9rale du Groupement de mise en service clinique (CCG) de Bristol, North Somerset et South Gloucestershire (BNSSG). Le projet RAPCI (RAPID COVID-19 Intelligence to Improve Primary Care response), qui en a r\u00e9sult\u00e9, a donn\u00e9 lieu \u00e0 quatre rapports rapides, \u00e9labor\u00e9s en collaboration avec le CCG du BNSSG et OneCare. Chaque rapport a \u00e9t\u00e9 partag\u00e9 avec les cabinets m\u00e9dicaux pour \u00e9clairer la r\u00e9ponse locale, pr\u00e9sent\u00e9 \u00e0 la cellule de soins primaires pour orienter la r\u00e9ponse du CCG et transmis au SAGE (Groupe consultatif scientifique pour les situations d&#039;urgence) pour contribuer \u00e0 la r\u00e9ponse nationale. Le projet RAPCI devrait s&#039;achever fin ao\u00fbt 2020. Il est n\u00e9cessaire de\u00a0: a) mener des recherches suppl\u00e9mentaires sur les donn\u00e9es extraites du RAPCI\u00a0; b) d\u00e9terminer si elles sont applicables \u00e0 l&#039;\u00e9chelle nationale et correspondent \u00e0 l&#039;exp\u00e9rience des patients\u00a0; et c) \u00e9tudier plus en d\u00e9tail comment la t\u00e9l\u00e9consultation a affect\u00e9 l&#039;acc\u00e8s aux soins pour certains groupes de patients.<\/p>\n<h2>Quel est l&#039;objectif de la recherche ?<\/h2>\n<p>L\u2019objectif est d\u2019\u00e9tudier la mise en \u0153uvre de la t\u00e9l\u00e9consultation en m\u00e9decine g\u00e9n\u00e9rale et son impact sur la prise en charge des patients, notamment s\u2019il existe des preuves que des probl\u00e8mes ont \u00e9t\u00e9 n\u00e9glig\u00e9s et si cela varie selon les diff\u00e9rents groupes de patients.<\/p>\n<h2>Comment cela sera-t-il r\u00e9alis\u00e9 ?<\/h2>\n<p>Une analyse plus approfondie des donn\u00e9es RAPCI sera men\u00e9e afin d&#039;\u00e9tudier l&#039;\u00e9volution de la complexit\u00e9 et du contenu des consultations, et de d\u00e9terminer si cette \u00e9volution varie selon le niveau de pr\u00e9carit\u00e9 ou l&#039;origine ethnique, ainsi qu&#039;au sein de deux groupes vuln\u00e9rables\u00a0: les patients souffrant de troubles mentaux et ceux n\u00e9cessitant une protection particuli\u00e8re. Une seconde \u00e9tude reproduira l&#039;analyse compl\u00e9mentaire RAPCI sur l&#039;ensemble de donn\u00e9es nationales du Centre de surveillance de la recherche du Coll\u00e8ge royal des m\u00e9decins g\u00e9n\u00e9ralistes (RCGP RSC) afin de v\u00e9rifier si les changements observ\u00e9s dans les pratiques de consultation sont li\u00e9s \u00e0 des modifications de l&#039;acc\u00e8s aux soins primaires. Cette \u00e9tude sera compl\u00e9t\u00e9e par des entretiens qualitatifs avec des patients ayant b\u00e9n\u00e9fici\u00e9 de t\u00e9l\u00e9consultations ou de consultations vid\u00e9o, afin de recueillir leur avis.<\/p>\n<h2>Qui dirige la recherche ?<\/h2>\n<p>Docteur Mairead Murphy, chercheuse associ\u00e9e, Sciences de la sant\u00e9 des populations, Centre de soins primaires universitaires, Universit\u00e9 de Bristol.<\/p>\n<h2>Informations compl\u00e9mentaires\u00a0:<\/h2>\n<p><a href=\"https:\/\/research-information.bris.ac.uk\/en\/persons\/c-murphy\" target=\"_blank\" rel=\"nofollow noopener\">\u00c0 propos du Dr Mairead Murphy<\/a><\/p>\n<p>Pour plus d&#039;informations ou pour participer \u00e0 ce projet, veuillez contacter <a href=\"mailto:bnssg.research@nhs.net\" target=\"_blank\" rel=\"noopener\">bnssg.research@nhs.net<\/a>.<\/p>\n  <\/div>\r\n  <\/section><\/div><!-- .assembler_text-module.assembler_module.assembler_text-module_1.assembler_module_1..transparent --><\/div><!-- .assembler_module_area.assembler_module_area_1 --><\/div><!-- .assembler_default-group.assembler_module_group.assembler_default-group_1.assembler_module_group_1  -->","protected":false},"excerpt":{"rendered":"<p>Section titled module-1 The rapid move to remote consultations due to Covid-19 Funding BNSSCG CCG Research Capability Funding (Local development) What is the research question? To investigate how the move to remote consultations has changed access for patients, whether it has increased health inequities and whether it has led to any adverse events. What is [&hellip;]<\/p>\n","protected":false},"author":1,"featured_media":0,"parent":32896,"menu_order":0,"comment_status":"closed","ping_status":"closed","template":"","meta":{"_acf_changed":false,"footnotes":""},"tags":[],"class_list":["post-34685","page","type-page","status-publish","hentry"],"acf":[],"_links":{"self":[{"href":"https:\/\/bnssghealthiertogether.org.uk\/fr\/wp-json\/wp\/v2\/pages\/34685","targetHints":{"allow":["GET"]}}],"collection":[{"href":"https:\/\/bnssghealthiertogether.org.uk\/fr\/wp-json\/wp\/v2\/pages"}],"about":[{"href":"https:\/\/bnssghealthiertogether.org.uk\/fr\/wp-json\/wp\/v2\/types\/page"}],"author":[{"embeddable":true,"href":"https:\/\/bnssghealthiertogether.org.uk\/fr\/wp-json\/wp\/v2\/users\/1"}],"replies":[{"embeddable":true,"href":"https:\/\/bnssghealthiertogether.org.uk\/fr\/wp-json\/wp\/v2\/comments?post=34685"}],"version-history":[{"count":2,"href":"https:\/\/bnssghealthiertogether.org.uk\/fr\/wp-json\/wp\/v2\/pages\/34685\/revisions"}],"predecessor-version":[{"id":34687,"href":"https:\/\/bnssghealthiertogether.org.uk\/fr\/wp-json\/wp\/v2\/pages\/34685\/revisions\/34687"}],"up":[{"embeddable":true,"href":"https:\/\/bnssghealthiertogether.org.uk\/fr\/wp-json\/wp\/v2\/pages\/32896"}],"wp:attachment":[{"href":"https:\/\/bnssghealthiertogether.org.uk\/fr\/wp-json\/wp\/v2\/media?parent=34685"}],"wp:term":[{"taxonomy":"post_tag","embeddable":true,"href":"https:\/\/bnssghealthiertogether.org.uk\/fr\/wp-json\/wp\/v2\/tags?post=34685"}],"curies":[{"name":"wp","href":"https:\/\/api.w.org\/{rel}","templated":true}]}}