{"id":34691,"date":"2024-11-26T17:11:45","date_gmt":"2024-11-26T17:11:45","guid":{"rendered":"https:\/\/bnssghealthiertogether.org.uk\/?page_id=34691"},"modified":"2024-11-26T17:11:45","modified_gmt":"2024-11-26T17:11:45","slug":"the-safety-and-quality-of-online-consulting-and-prescribing-services","status":"publish","type":"page","link":"https:\/\/bnssghealthiertogether.org.uk\/fr\/integrated-care-board\/research-and-evidence\/our-research-portfolio\/type-2-rcf-funded-projects\/the-safety-and-quality-of-online-consulting-and-prescribing-services\/","title":{"rendered":"La s\u00e9curit\u00e9 et la qualit\u00e9 des services de consultation et de prescription en ligne"},"content":{"rendered":"<div class=\"assembler_default-group assembler_module_group assembler_default-group_1 assembler_module_group_1\"><div class=\"assembler_module_area assembler_module_area_1\"><div class=\"assembler_text-module assembler_module assembler_text-module_1 assembler_module_1  transparent\"><a tabindex=\"-1\" title=\"Section intitul\u00e9e module-1\" id=\"module-1\" href=\"https:\/\/bnssghealthiertogether.org.uk\/fr\/wp-json\/wp\/v2\/pages\/34691\/#module-1\" class=\"anchor\"><span class=\"hidden\">Section intitul\u00e9e module-1<\/span><\/a><!-- Template found for text-module - Template: template-text - Matched: _only --><section class=\"w-full mx-auto max-w-content pt-12 sm:pt-24 pb-12 sm:pb-24\">\r\n  <div class=\"entry-content w-full !px-0 max-w-small\">\r\n        <header class=\"local_header\">\n<div class=\"local_header__inner\">\n<h1 class=\"local_header__title\">La s\u00e9curit\u00e9 et la qualit\u00e9 des services de consultation et de prescription en ligne<\/h1>\n<\/div>\n<\/header>\n<article class=\"page_content\">\n<h2 class=\"page_content__inner\">Financement<\/h2>\n<\/article>\n<p>Financement des capacit\u00e9s de recherche du BNSSCG CCG (d\u00e9veloppement local)<\/p>\n<h2>Quelle est la question de recherche ?<\/h2>\n<p>Quels sont le niveau de s\u00e9curit\u00e9 et la qualit\u00e9 des services de consultation et de prescription en ligne, et quels sont les risques, les avantages et les retours d&#039;exp\u00e9rience des utilisateurs de ces services\u00a0?<\/p>\n<h2>Quel est le probl\u00e8me ?<\/h2>\n<p>Les services de sant\u00e9 en ligne, publics et priv\u00e9s, comprennent des sites web de m\u00e9decins proposant des consultations m\u00e9dicales en temps r\u00e9el par vid\u00e9o ou par questionnaire, pouvant inclure la d\u00e9livrance d&#039;une ordonnance. Les pharmacies en ligne offrent divers services, tels que la prescription, la commande de m\u00e9dicaments par correspondance, ainsi que la collecte et la livraison des m\u00e9dicaments prescrits par un m\u00e9decin traitant. L&#039;expansion et l&#039;\u00e9volution des consultations en ligne et autres mod\u00e8les de soins num\u00e9riques devraient am\u00e9liorer l&#039;acc\u00e8s aux services de sant\u00e9 et leur efficacit\u00e9. Cependant, les b\u00e9n\u00e9fices escompt\u00e9s ne sont pas toujours au rendez-vous. On comprend mal comment ces nouvelles capacit\u00e9s num\u00e9riques seront int\u00e9gr\u00e9es au syst\u00e8me de sant\u00e9 existant et si elles auront l&#039;impact positif escompt\u00e9 sur les soins courants en m\u00e9decine g\u00e9n\u00e9rale. La prescription \u00e9tant un \u00e9l\u00e9ment central de nombre de ces services, il est possible que les inqui\u00e9tudes portent sp\u00e9cifiquement sur la qualit\u00e9 et la s\u00e9curit\u00e9 d&#039;utilisation des m\u00e9dicaments.<\/p>\n<h2>Quel est l&#039;objectif de la recherche ?<\/h2>\n<p>Afin de d\u00e9terminer si la prescription et la d\u00e9livrance de m\u00e9dicaments via les services en ligne sont s\u00fbres et appropri\u00e9es, de d\u00e9crire leur impact sur l&#039;exp\u00e9rience des patients en mati\u00e8re de soins et d&#039;\u00e9valuer leur place dans le paysage des services de sant\u00e9 au sens large, notamment en v\u00e9rifiant si elles r\u00e9pondent aux principales priorit\u00e9s li\u00e9es aux m\u00e9dicaments d\u00e9crites dans le plan \u00e0 long terme du NHS, telles que l&#039;optimisation des m\u00e9dicaments et les pr\u00e9occupations relatives \u00e0 la surprescription.<\/p>\n<h2>Comment cela sera-t-il r\u00e9alis\u00e9 ?<\/h2>\n<p>L&#039;\u00e9quipe r\u00e9alisera une revue syst\u00e9matique des donn\u00e9es probantes existantes sur les avantages et les inconv\u00e9nients de la prescription en ligne, puis m\u00e8nera des entretiens semi-structur\u00e9s aupr\u00e8s des groupes suivants\u00a0: les cliniciens dispensant des soins via les nouveaux services en ligne\u00a0; les patients b\u00e9n\u00e9ficiant de soins via ces m\u00eames services\u00a0; les cliniciens (par exemple, les m\u00e9decins g\u00e9n\u00e9ralistes) assurant les soins habituels aux patients ayant d\u00e9j\u00e0 re\u00e7u des soins via ces services\u00a0; et les personnes travaillant au sein des autorit\u00e9s de r\u00e9glementation et de contr\u00f4le locales et nationales (par exemple, les CCG, la CQC). Elle \u00e9tudiera \u00e9galement la nature de la prescription via les services en ligne en analysant les ordonnances des patients et leurs cas cliniques correspondants.<\/p>\n<ul>\n<li><\/li>\n<\/ul>\n<h2>Comment cela sera-t-il r\u00e9alis\u00e9 ?<\/h2>\n<p>L&#039;\u00e9quipe souhaite \u00e9valuer la faisabilit\u00e9 et l&#039;impact de diff\u00e9rentes interventions visant \u00e0 am\u00e9liorer les services de soins primaires pour les personnes souffrant d&#039;un trouble du comportement alimentaire, qu&#039;il soit d\u00e9j\u00e0 install\u00e9 ou en d\u00e9veloppement. Deux interventions ont pour objectif de permettre aux m\u00e9decins g\u00e9n\u00e9ralistes d&#039;apporter rapidement le soutien et l&#039;orientation n\u00e9cessaires, tandis que deux autres visent \u00e0 donner aux patients et \u00e0 leurs aidants les moyens d&#039;obtenir sans d\u00e9lai l&#039;aide appropri\u00e9e.<\/p>\n<h2>Qui dirige la recherche ?<\/h2>\n<p>Dr Rupert Payne, ma\u00eetre de conf\u00e9rences consultant en soins de sant\u00e9 primaires, Centre de soins primaires universitaires, Sciences de la sant\u00e9 des populations, Universit\u00e9 de Bristol.<\/p>\n<h2>Informations compl\u00e9mentaires\u00a0:<\/h2>\n<p><a href=\"https:\/\/research-information.bris.ac.uk\/en\/persons\/rupert-a-payne\" target=\"_blank\" rel=\"nofollow noopener\">\u00c0 propos du Dr Rupert Payne<\/a><\/p>\n<p>Pour plus d&#039;informations ou pour participer \u00e0 ce projet, veuillez contacter <a href=\"mailto:bnssg.research@nhs.net\" target=\"_blank\" rel=\"noopener\">bnssg.research@nhs.net<\/a>.<\/p>\n  <\/div>\r\n  <\/section><\/div><!-- .assembler_text-module.assembler_module.assembler_text-module_1.assembler_module_1..transparent --><\/div><!-- .assembler_module_area.assembler_module_area_1 --><\/div><!-- .assembler_default-group.assembler_module_group.assembler_default-group_1.assembler_module_group_1  -->","protected":false},"excerpt":{"rendered":"<p>Section titled module-1 The safety and quality of online consulting and prescribing services Funding BNSSCG CCG Research Capability Funding (Local development) What is the research question? What is the safety and quality of online consulting and prescribing services, and what are the risks, benefits and user experiences of these services? What is the problem? NHS [&hellip;]<\/p>\n","protected":false},"author":1,"featured_media":0,"parent":32896,"menu_order":0,"comment_status":"closed","ping_status":"closed","template":"","meta":{"_acf_changed":false,"footnotes":""},"tags":[],"class_list":["post-34691","page","type-page","status-publish","hentry"],"acf":[],"_links":{"self":[{"href":"https:\/\/bnssghealthiertogether.org.uk\/fr\/wp-json\/wp\/v2\/pages\/34691","targetHints":{"allow":["GET"]}}],"collection":[{"href":"https:\/\/bnssghealthiertogether.org.uk\/fr\/wp-json\/wp\/v2\/pages"}],"about":[{"href":"https:\/\/bnssghealthiertogether.org.uk\/fr\/wp-json\/wp\/v2\/types\/page"}],"author":[{"embeddable":true,"href":"https:\/\/bnssghealthiertogether.org.uk\/fr\/wp-json\/wp\/v2\/users\/1"}],"replies":[{"embeddable":true,"href":"https:\/\/bnssghealthiertogether.org.uk\/fr\/wp-json\/wp\/v2\/comments?post=34691"}],"version-history":[{"count":2,"href":"https:\/\/bnssghealthiertogether.org.uk\/fr\/wp-json\/wp\/v2\/pages\/34691\/revisions"}],"predecessor-version":[{"id":34693,"href":"https:\/\/bnssghealthiertogether.org.uk\/fr\/wp-json\/wp\/v2\/pages\/34691\/revisions\/34693"}],"up":[{"embeddable":true,"href":"https:\/\/bnssghealthiertogether.org.uk\/fr\/wp-json\/wp\/v2\/pages\/32896"}],"wp:attachment":[{"href":"https:\/\/bnssghealthiertogether.org.uk\/fr\/wp-json\/wp\/v2\/media?parent=34691"}],"wp:term":[{"taxonomy":"post_tag","embeddable":true,"href":"https:\/\/bnssghealthiertogether.org.uk\/fr\/wp-json\/wp\/v2\/tags?post=34691"}],"curies":[{"name":"wp","href":"https:\/\/api.w.org\/{rel}","templated":true}]}}