{"id":34708,"date":"2024-11-26T17:15:33","date_gmt":"2024-11-26T17:15:33","guid":{"rendered":"https:\/\/bnssghealthiertogether.org.uk\/?page_id=34708"},"modified":"2025-01-19T21:21:33","modified_gmt":"2025-01-19T21:21:33","slug":"community-researcher-to-establish-the-research-priorities-of-chinese-caribbean-and-south-asian-communities-living-with-dementia","status":"publish","type":"page","link":"https:\/\/bnssghealthiertogether.org.uk\/fr\/integrated-care-board\/research-and-evidence\/our-research-portfolio\/type-1-rcf-funded-projects\/community-researcher-to-establish-the-research-priorities-of-chinese-caribbean-and-south-asian-communities-living-with-dementia\/","title":{"rendered":"Un chercheur communautaire sera charg\u00e9 d&#039;\u00e9tablir les priorit\u00e9s de recherche des communaut\u00e9s chinoises, carib\u00e9ennes et sud-asiatiques atteintes de d\u00e9mence."},"content":{"rendered":"<div class=\"assembler_default-group assembler_module_group assembler_default-group_1 assembler_module_group_1\"><div class=\"assembler_module_area assembler_module_area_1\"><div class=\"assembler_text-module assembler_module assembler_text-module_1 assembler_module_1  transparent\"><a tabindex=\"-1\" title=\"Section intitul\u00e9e module-1\" id=\"module-1\" href=\"https:\/\/bnssghealthiertogether.org.uk\/fr\/wp-json\/wp\/v2\/pages\/34708\/#module-1\" class=\"anchor\"><span class=\"hidden\">Section intitul\u00e9e module-1<\/span><\/a><!-- Template found for text-module - Template: template-text - Matched: _only --><section class=\"w-full mx-auto max-w-content pt-12 sm:pt-24 pb-12 sm:pb-24\">\r\n  <div class=\"entry-content w-full !px-0 max-w-small\">\r\n        <h1>Community researcher to establish the research priorities of Chinese, Caribbean and South Asian communities living with dementia<\/h1>\n<p>This research project aims to employ a community researcher to establish the research priorities of Chinese, Caribbean and South Asian communities living with dementia.<\/p>\n<h2>Financement<\/h2>\n<p>Financement des capacit\u00e9s de recherche ICB du NHS Bristol, North Somerset et South Gloucestershire.<\/p>\n<h2>Qui dirige ces recherches ?<\/h2>\n<p>This research is a collaboration between three local community-led organisations (Dhek Bhal, the Chinese Community Wellbeing Society and Bristol Black carers), Bristol Council, the Black South West Network and the University of the West of England.<\/p>\n<h2>Informations compl\u00e9mentaires\u00a0:<\/h2>\n<p>Pour plus d&#039;informations ou pour participer \u00e0 ce projet, veuillez envoyer un courriel. <a href=\"mailto:bnssg.research@nhs.net\">bnssg.research@nhs.net<\/a>.<\/p>\n  <\/div>\r\n  <\/section><\/div><!-- .assembler_text-module.assembler_module.assembler_text-module_1.assembler_module_1..transparent --><\/div><!-- .assembler_module_area.assembler_module_area_1 --><\/div><!-- .assembler_default-group.assembler_module_group.assembler_default-group_1.assembler_module_group_1  -->","protected":false},"excerpt":{"rendered":"<p>Section titled module-1 Community researcher to establish the research priorities of Chinese, Caribbean and South Asian communities living with dementia This research project aims to employ a community researcher to establish the research priorities of Chinese, Caribbean and South Asian communities living with dementia. Funding NHS Bristol, North Somerset and South Gloucestershire ICB Research Capability [&hellip;]<\/p>\n","protected":false},"author":1,"featured_media":0,"parent":32894,"menu_order":0,"comment_status":"closed","ping_status":"closed","template":"","meta":{"_acf_changed":false,"footnotes":""},"tags":[],"class_list":["post-34708","page","type-page","status-publish","hentry"],"acf":[],"_links":{"self":[{"href":"https:\/\/bnssghealthiertogether.org.uk\/fr\/wp-json\/wp\/v2\/pages\/34708","targetHints":{"allow":["GET"]}}],"collection":[{"href":"https:\/\/bnssghealthiertogether.org.uk\/fr\/wp-json\/wp\/v2\/pages"}],"about":[{"href":"https:\/\/bnssghealthiertogether.org.uk\/fr\/wp-json\/wp\/v2\/types\/page"}],"author":[{"embeddable":true,"href":"https:\/\/bnssghealthiertogether.org.uk\/fr\/wp-json\/wp\/v2\/users\/1"}],"replies":[{"embeddable":true,"href":"https:\/\/bnssghealthiertogether.org.uk\/fr\/wp-json\/wp\/v2\/comments?post=34708"}],"version-history":[{"count":3,"href":"https:\/\/bnssghealthiertogether.org.uk\/fr\/wp-json\/wp\/v2\/pages\/34708\/revisions"}],"predecessor-version":[{"id":36246,"href":"https:\/\/bnssghealthiertogether.org.uk\/fr\/wp-json\/wp\/v2\/pages\/34708\/revisions\/36246"}],"up":[{"embeddable":true,"href":"https:\/\/bnssghealthiertogether.org.uk\/fr\/wp-json\/wp\/v2\/pages\/32894"}],"wp:attachment":[{"href":"https:\/\/bnssghealthiertogether.org.uk\/fr\/wp-json\/wp\/v2\/media?parent=34708"}],"wp:term":[{"taxonomy":"post_tag","embeddable":true,"href":"https:\/\/bnssghealthiertogether.org.uk\/fr\/wp-json\/wp\/v2\/tags?post=34708"}],"curies":[{"name":"wp","href":"https:\/\/api.w.org\/{rel}","templated":true}]}}