{"id":37032,"date":"2025-02-03T16:29:37","date_gmt":"2025-02-03T16:29:37","guid":{"rendered":"https:\/\/bnssghealthiertogether.org.uk\/?page_id=37032"},"modified":"2025-02-03T16:29:37","modified_gmt":"2025-02-03T16:29:37","slug":"research-governance","status":"publish","type":"page","link":"https:\/\/bnssghealthiertogether.org.uk\/fr\/integrated-care-board\/research-and-evidence\/support-for-researchers\/research-governance\/","title":{"rendered":"gouvernance de la recherche"},"content":{"rendered":"<div class=\"assembler_default-group assembler_module_group assembler_default-group_1 assembler_module_group_1\"><div class=\"assembler_module_area assembler_module_area_1\"><div class=\"assembler_text-module assembler_module assembler_text-module_1 assembler_module_1  transparent\"><a tabindex=\"-1\" title=\"Section intitul\u00e9e module-1\" id=\"module-1\" href=\"https:\/\/bnssghealthiertogether.org.uk\/fr\/wp-json\/wp\/v2\/pages\/37032\/#module-1\" class=\"anchor\"><span class=\"hidden\">Section intitul\u00e9e module-1<\/span><\/a><!-- Template found for text-module - Template: template-text - Matched: _only --><section class=\"w-full mx-auto max-w-content pt-12 sm:pt-24 pb-12 sm:pb-24\">\r\n  <div class=\"entry-content w-full !px-0 max-w-small\">\r\n        <h1>gouvernance de la recherche<\/h1>\n<p>Nous proposons un service de gouvernance de la recherche \u00e0 la communaut\u00e9 de recherche (acad\u00e9mique et commerciale) pour les \u00e9tudes men\u00e9es dans les structures de soins primaires et communautaires de Bristol, du North Somerset et du South Gloucestershire. Plus pr\u00e9cis\u00e9ment, nous accompagnons les \u00e9tudes impliquant le personnel du NHS, les patients, les donn\u00e9es des patients et les locaux de notre r\u00e9gion.<\/p>\n<p>La gouvernance de la recherche englobe un large \u00e9ventail de r\u00e9glementations, de principes et de normes de bonnes pratiques visant \u00e0 garantir la qualit\u00e9 de la recherche dans tous les aspects des soins de sant\u00e9.<\/p>\n<p>Le cadre de gouvernance de la recherche a \u00e9t\u00e9 introduit pour de nombreuses raisons, notamment la protection des participants \u00e0 la recherche, l&#039;am\u00e9lioration de la qualit\u00e9 \u00e9thique et scientifique, la minimisation des risques et la promotion des bonnes pratiques.<\/p>\n<h2>R\u00e9aliser des travaux IRAS pour le compte de projets locaux<\/h2>\n<p>Le\u00a0<a href=\"https:\/\/www.myresearchproject.org.uk\/Help\/HelpPage.aspx\" target=\"_blank\" rel=\"nofollow noopener\">Syst\u00e8me int\u00e9gr\u00e9 d&#039;application de recherche<\/a>\u00a0(IRAS) est le syst\u00e8me unique pour demander les autorisations et les approbations n\u00e9cessaires pour mener des recherches en mati\u00e8re de sant\u00e9 et de soins sociaux ou de soins communautaires au Royaume-Uni.<\/p>\n<p>Nous aidons les candidats \u00e0 s&#039;orienter dans le syst\u00e8me IRAS et \u00e0 examiner les formulaires pertinents avant leur soumission.<\/p>\n<h2>Collaborer avec le r\u00e9seau de recherche clinique pour soutenir la mise en place de l&#039;\u00e9tude<\/h2>\n<p>Le\u00a0<a href=\"https:\/\/www.nihr.ac.uk\/nihr-in-your-area\/west-of-england\/\" target=\"_blank\" rel=\"nofollow noopener\">R\u00e9seau de recherche clinique (CRN) de l&#039;ouest de l&#039;Angleterre<\/a>\u00a0est l&#039;un des 15 r\u00e9seaux locaux de recherche clinique (LCRN) r\u00e9partis sur l&#039;ensemble du territoire anglais. Les CRN sont financ\u00e9s par l&#039;Institut national de la recherche en sant\u00e9 (NIHR). Leur r\u00f4le est de coordonner et de soutenir la mise en \u0153uvre de la recherche au sein du NHS en Angleterre.<\/p>\n<p>Nous sommes une organisation partenaire du CRN West of England et nous travaillons avec eux pour soutenir la mise en place et la r\u00e9alisation de recherches universitaires en soins primaires et de certaines \u00e9tudes de recherche commerciales.<\/p>\n<h2>En collaboration avec notre prestataire communautaire local, Sirona Care &amp; Health<\/h2>\n<p>Nous travaillons avec\u00a0<a href=\"http:\/\/www.sirona-cic.org.uk\/\" target=\"_blank\" rel=\"nofollow noopener\">Sirona care &amp; health<\/a>\u00a0afin de soutenir la recherche men\u00e9e au sein de leur organisation. Cela inclut le portefeuille de l&#039;Institut national de recherche en sant\u00e9 (NIHR), la recherche commerciale et \u00e9tudiante.<\/p>\n<p>Si vous souhaitez mener des recherches avec Sirona Care &amp; Health, veuillez\u00a0<a href=\"mailto:Penny.agent@nhs.net\" target=\"_blank\" rel=\"nofollow noopener\">contacter Penny Agent,<\/a>\u00a0Responsable en chef des th\u00e9rapies et des professions param\u00e9dicales.<\/p>\n<h2>D\u00e9livrance de lettres d&#039;acc\u00e8s au personnel menant des recherches dans notre r\u00e9gion<\/h2>\n<p>Une lettre d&#039;acc\u00e8s permet \u00e0 un chercheur de mener des activit\u00e9s de recherche au sein du NHS. Les modalit\u00e9s d&#039;obtention de cette lettre d\u00e9pendent du statut professionnel du chercheur.<\/p>\n<p>Si vous n&#039;\u00eates pas un membre du personnel du NHS, vous devez postuler en utilisant le\u00a0<a href=\"https:\/\/www.hra.nhs.uk\/planning-and-improving-research\/best-practice\/research-passport\/\" target=\"_blank\" rel=\"nofollow noopener\">Passeport de recherche NIHR<\/a>. Si vous \u00eates employ\u00e9 du NHS, vous devez remplir un court formulaire confirmant les v\u00e9rifications pr\u00e9alables \u00e0 l&#039;embauche.<\/p>\n<p>La lettre d&#039;approbation de l&#039;Autorit\u00e9 de recherche en sant\u00e9 confirme les attentes concernant le niveau d&#039;acc\u00e8s requis pour l&#039;\u00e9tude et les v\u00e9rifications pr\u00e9alables \u00e0 l&#039;engagement qui doivent ou ne doivent pas \u00eatre effectu\u00e9es.<\/p>\n<h2>Apporter un soutien aux chercheurs en apportant des modifications \u00e0 leur \u00e9tude de recherche<\/h2>\n<p>Si vous devez modifier votre projet de recherche apr\u00e8s avoir re\u00e7u l&#039;approbation r\u00e9glementaire initiale, vous devez en informer le ou les organismes d&#039;examen qui ont approuv\u00e9 le projet initial.<\/p>\n<p>Les exigences sont \u00e9nonc\u00e9es dans le\u00a0<a href=\"https:\/\/www.myresearchproject.org.uk\/help\/hlpamendments.aspx\" target=\"_blank\" rel=\"nofollow noopener\">Syst\u00e8me int\u00e9gr\u00e9 d&#039;application de recherche<\/a>\u00a0(IRAS). Nous pouvons conseiller et accompagner les candidats sur la mani\u00e8re de soumettre des modifications lorsque nos \u00e9tablissements du NHS participent \u00e0 des \u00e9tudes. Nous souhaitons \u00e9galement \u00eatre inform\u00e9s des modifications apport\u00e9es aux \u00e9tudes de recherche men\u00e9es dans notre r\u00e9gion et nous approuverons la modification le cas \u00e9ch\u00e9ant, en fonction de sa cat\u00e9gorie.<\/p>\n  <\/div>\r\n  <\/section><\/div><!-- .assembler_text-module.assembler_module.assembler_text-module_1.assembler_module_1..transparent --><\/div><!-- .assembler_module_area.assembler_module_area_1 --><\/div><!-- .assembler_default-group.assembler_module_group.assembler_default-group_1.assembler_module_group_1  -->","protected":false},"excerpt":{"rendered":"<p>Nous proposons un service de gouvernance de la recherche \u00e0 la communaut\u00e9 de recherche (acad\u00e9mique et commerciale) pour les \u00e9tudes men\u00e9es dans les structures de soins primaires et communautaires de Bristol, du North Somerset et du South Gloucestershire. Plus pr\u00e9cis\u00e9ment, nous accompagnons les \u00e9tudes impliquant le personnel du NHS, les patients, les donn\u00e9es des patients et les locaux de notre r\u00e9gion.<\/p>","protected":false},"author":28,"featured_media":0,"parent":32910,"menu_order":0,"comment_status":"closed","ping_status":"closed","template":"","meta":{"_acf_changed":false,"footnotes":""},"tags":[],"class_list":["post-37032","page","type-page","status-publish","hentry"],"acf":[],"_links":{"self":[{"href":"https:\/\/bnssghealthiertogether.org.uk\/fr\/wp-json\/wp\/v2\/pages\/37032","targetHints":{"allow":["GET"]}}],"collection":[{"href":"https:\/\/bnssghealthiertogether.org.uk\/fr\/wp-json\/wp\/v2\/pages"}],"about":[{"href":"https:\/\/bnssghealthiertogether.org.uk\/fr\/wp-json\/wp\/v2\/types\/page"}],"author":[{"embeddable":true,"href":"https:\/\/bnssghealthiertogether.org.uk\/fr\/wp-json\/wp\/v2\/users\/28"}],"replies":[{"embeddable":true,"href":"https:\/\/bnssghealthiertogether.org.uk\/fr\/wp-json\/wp\/v2\/comments?post=37032"}],"version-history":[{"count":2,"href":"https:\/\/bnssghealthiertogether.org.uk\/fr\/wp-json\/wp\/v2\/pages\/37032\/revisions"}],"predecessor-version":[{"id":37035,"href":"https:\/\/bnssghealthiertogether.org.uk\/fr\/wp-json\/wp\/v2\/pages\/37032\/revisions\/37035"}],"up":[{"embeddable":true,"href":"https:\/\/bnssghealthiertogether.org.uk\/fr\/wp-json\/wp\/v2\/pages\/32910"}],"wp:attachment":[{"href":"https:\/\/bnssghealthiertogether.org.uk\/fr\/wp-json\/wp\/v2\/media?parent=37032"}],"wp:term":[{"taxonomy":"post_tag","embeddable":true,"href":"https:\/\/bnssghealthiertogether.org.uk\/fr\/wp-json\/wp\/v2\/tags?post=37032"}],"curies":[{"name":"wp","href":"https:\/\/api.w.org\/{rel}","templated":true}]}}