{"id":37469,"date":"2025-02-13T12:29:32","date_gmt":"2025-02-13T12:29:32","guid":{"rendered":"https:\/\/bnssghealthiertogether.org.uk\/?page_id=37469"},"modified":"2025-02-13T12:29:32","modified_gmt":"2025-02-13T12:29:32","slug":"ensemble-feasibility-cluster-trial-impact-on-patient-anxiety-and-quality-of-life-of-a-training-package-for-evaluation-of-dementia-symptoms-in-primary-care-using-test-bundles","status":"publish","type":"page","link":"https:\/\/bnssghealthiertogether.org.uk\/fr\/integrated-care-board\/research-and-evidence\/our-research-portfolio\/nihr-funded-projects\/ensemble-feasibility-cluster-trial-impact-on-patient-anxiety-and-quality-of-life-of-a-training-package-for-evaluation-of-dementia-symptoms-in-primary-care-using-test-bundles\/","title":{"rendered":"Ensemble Feasibility Cluster Trial: Impact on patient anxiety and quality of life of a training package for evaluation of dementia symptoms in primary care using test bundles"},"content":{"rendered":"<div class=\"assembler_default-group assembler_module_group assembler_default-group_1 assembler_module_group_1\"><div class=\"assembler_module_area assembler_module_area_1\"><div class=\"assembler_text-module assembler_module assembler_text-module_1 assembler_module_1  transparent\"><a tabindex=\"-1\" title=\"Section intitul\u00e9e module-1\" id=\"module-1\" href=\"https:\/\/bnssghealthiertogether.org.uk\/fr\/wp-json\/wp\/v2\/pages\/37469\/#module-1\" class=\"anchor\"><span class=\"hidden\">Section intitul\u00e9e module-1<\/span><\/a><!-- Template found for text-module - Template: template-text - Matched: _only --><section class=\"w-full mx-auto max-w-content pt-12 sm:pt-24 pb-12 sm:pb-24\">\r\n  <div class=\"entry-content w-full !px-0 max-w-small\">\r\n        <h1>Ensemble Feasibility Cluster Trial: Impact on patient anxiety and quality of life of a training package for evaluation of dementia symptoms in primary care using test bundles<\/h1>\n<h2>Financement<\/h2>\n<p>National Institute for Health and Care Research (NIHR) Research for Patient Benefit (RfPB) Ref. NIHR207180<\/p>\n<h2>Quelle est la question de recherche ?<\/h2>\n<ol>\n<li>Co-design with our PG, three test-modules for GPs to request from HCAs, based on GP initial clinical interview, for the evaluation of cognitive symptoms, taking account of diagnostic accuracy and the need to be responsive to patient presentation. (WP1)<\/li>\n<li>Co-design a training package to deliver the test-modules, which is scalable and deliverable to a wide audience, improves knowledge and confidence, and fulfils adequate quality assurance. Can at least 80% of staff complete and attain accreditation? (WP2)<\/li>\n<li>Determine the feasibility of a large-scale trial of a training package, delivered to GPs and Health Care Assistants, in primary care, to deliver cognitive assessments to people with symptoms. Is trial recruitment of 5 patients per practice per month, with 80% useable measures at baseline and follow-up feasible? (WP3)<\/li>\n<\/ol>\n<h2>Quel est le probl\u00e8me ?<\/h2>\n<p>Dementia costs the UK economy \u00a323 billion a year, more than heart disease, stroke and cancer. Around 676,000 people in England have dementia and there are 540,000 carers. A diagnosis of dementia is a key step in getting support for carers and wellbeing resources,\u00a0 and can also help inform the care provided. GP referral patterns and diagnosis rates for dementia may vary for people from different backgrounds. Medicine for dementia can slow progression of symptoms and help people to stay independent and live at home. Having symptoms of dementia, and waiting for a diagnosis, can be a very anxious time.<\/p>\n<h2>Quel est l&#039;objectif de la recherche ?<\/h2>\n<p>This research aims to develop and test training, that we can scale up, to support staff to undertake tests to assess symptoms of dementia in primary care. We aim to assess the feasibility and acceptability of recruiting people to a trial, and the feasibility of measuring the impact of the tests on patient and supporter anxiety and quality of life.<\/p>\n<h2>Comment cela sera-t-il r\u00e9alis\u00e9 ?<\/h2>\n<p>No single test is enough on its own to confirm dementia and standard tests don\u2019t account for individual factors. A diagnosis usually requires a structured history, cognitive test, information from a supporter, and test of everyday functioning. Which tests to use depends on the individual and symptoms. We previously compared several tests in primary care to find which work well, and we are working on new technology that could help diagnosis in primary care. We want to establish which tests work for whom, and develop 2-3 modules of tests for primary care clinicians to use with patients, based on the symptoms the patient has.<\/p>\n<p>Our approach will support experts to continue to provide care with a renewed focus on the most diagnostically challenging cases but allow some people to be given a diagnosis by GPs.<\/p>\n<p>We will work with patients, supporters, clinicians, social care, and the third sector, building on existing networks, to co-produce a set of 2-3 \u201cmodules\u201d of tests for dementia symptoms that could be done in primary care by a trained health care assistant. A trained GP will use results of these tests, with a clinical interview, to inform diagnosis and prescribing. We will work with adults over 75 years in areas of high deprivation, working closely with those of global majority to ensure applicability and relevance for the future trial. We will develop a training package for these tests. We will assess the practical issues of doing a trial in primary care, and measuring patient and carer quality of life and anxiety, as well as looking at patient outcomes using electronic record follow-up.<\/p>\n<p>We have developed a partnership group with experts by experience who will support us to design, interpret, and spread our work.<\/p>\n<h2>Qui dirige la recherche ?<\/h2>\n<p>Dr Sam Creavin, NIHR Clinical Lecturer in General Practice, <a href=\"https:\/\/www.bristol.ac.uk\/medical-school\/research\/population-health-sciences\/\" rel=\"noopener\">Bristol Medical School (PHS)<\/a>.<\/p>\n<h2>Informations compl\u00e9mentaires<\/h2>\n<p>Courriel CI\u00a0: <a href=\"mailto:Sam.Creavin@bristol.ac.uk\">Sam.Creavin@bristol.ac.uk<\/a><\/p>\n<p>Pour plus d&#039;informations ou pour participer \u00e0 ce projet, veuillez contacter\u00a0<a href=\"mailto:bnssg.research@nhs.net\">bnssg.research@nhs.net<\/a>.<\/p>\n<p>Les opinions exprim\u00e9es sont celles de l&#039;auteur (ou des auteurs) et ne refl\u00e8tent pas n\u00e9cessairement celles du NIHR ou du minist\u00e8re de la Sant\u00e9 et des Affaires sociales.<\/p>\n  <\/div>\r\n  <\/section><\/div><!-- .assembler_text-module.assembler_module.assembler_text-module_1.assembler_module_1..transparent --><\/div><!-- .assembler_module_area.assembler_module_area_1 --><\/div><!-- .assembler_default-group.assembler_module_group.assembler_default-group_1.assembler_module_group_1  -->","protected":false},"excerpt":{"rendered":"<p>Section titled module-1 Ensemble Feasibility Cluster Trial: Impact on patient anxiety and quality of life of a training package for evaluation of dementia symptoms in primary care using test bundles Funding National Institute for Health and Care Research (NIHR) Research for Patient Benefit (RfPB) Ref. NIHR207180 What is the Research Question? Co-design with our PG, [&hellip;]<\/p>\n","protected":false},"author":28,"featured_media":0,"parent":32881,"menu_order":0,"comment_status":"closed","ping_status":"closed","template":"","meta":{"_acf_changed":false,"footnotes":""},"tags":[],"class_list":["post-37469","page","type-page","status-publish","hentry"],"acf":[],"_links":{"self":[{"href":"https:\/\/bnssghealthiertogether.org.uk\/fr\/wp-json\/wp\/v2\/pages\/37469","targetHints":{"allow":["GET"]}}],"collection":[{"href":"https:\/\/bnssghealthiertogether.org.uk\/fr\/wp-json\/wp\/v2\/pages"}],"about":[{"href":"https:\/\/bnssghealthiertogether.org.uk\/fr\/wp-json\/wp\/v2\/types\/page"}],"author":[{"embeddable":true,"href":"https:\/\/bnssghealthiertogether.org.uk\/fr\/wp-json\/wp\/v2\/users\/28"}],"replies":[{"embeddable":true,"href":"https:\/\/bnssghealthiertogether.org.uk\/fr\/wp-json\/wp\/v2\/comments?post=37469"}],"version-history":[{"count":2,"href":"https:\/\/bnssghealthiertogether.org.uk\/fr\/wp-json\/wp\/v2\/pages\/37469\/revisions"}],"predecessor-version":[{"id":37471,"href":"https:\/\/bnssghealthiertogether.org.uk\/fr\/wp-json\/wp\/v2\/pages\/37469\/revisions\/37471"}],"up":[{"embeddable":true,"href":"https:\/\/bnssghealthiertogether.org.uk\/fr\/wp-json\/wp\/v2\/pages\/32881"}],"wp:attachment":[{"href":"https:\/\/bnssghealthiertogether.org.uk\/fr\/wp-json\/wp\/v2\/media?parent=37469"}],"wp:term":[{"taxonomy":"post_tag","embeddable":true,"href":"https:\/\/bnssghealthiertogether.org.uk\/fr\/wp-json\/wp\/v2\/tags?post=37469"}],"curies":[{"name":"wp","href":"https:\/\/api.w.org\/{rel}","templated":true}]}}