{"id":43247,"date":"2025-10-08T15:32:04","date_gmt":"2025-10-08T14:32:04","guid":{"rendered":"https:\/\/bnssghealthiertogether.org.uk\/?page_id=43247"},"modified":"2025-10-08T15:32:04","modified_gmt":"2025-10-08T14:32:04","slug":"clinical-and-cost-effectiveness-of-digital-technology-for-non-specific-low-back-pain-across-an-entire-integrated-care-system-pathway","status":"publish","type":"page","link":"https:\/\/bnssghealthiertogether.org.uk\/fr\/integrated-care-board\/research-and-evidence\/our-research-portfolio\/nihr-funded-projects\/clinical-and-cost-effectiveness-of-digital-technology-for-non-specific-low-back-pain-across-an-entire-integrated-care-system-pathway\/","title":{"rendered":"Efficacit\u00e9 clinique et rapport co\u00fbt-efficacit\u00e9 de la technologie num\u00e9rique pour les lombalgies non sp\u00e9cifiques tout au long d&#039;un parcours de soins int\u00e9gr\u00e9"},"content":{"rendered":"<div class=\"assembler_default-group assembler_module_group assembler_default-group_1 assembler_module_group_1\"><div class=\"assembler_module_area assembler_module_area_1\"><div class=\"assembler_text-module assembler_module assembler_text-module_1 assembler_module_1  transparent\"><a tabindex=\"-1\" title=\"Section intitul\u00e9e module-1\" id=\"module-1\" href=\"https:\/\/bnssghealthiertogether.org.uk\/fr\/wp-json\/wp\/v2\/pages\/43247\/#module-1\" class=\"anchor\"><span class=\"hidden\">Section intitul\u00e9e module-1<\/span><\/a><!-- Template found for text-module - Template: template-text - Matched: _only --><section class=\"w-full mx-auto max-w-content pt-12 sm:pt-24 pb-12 sm:pb-24\">\r\n  <div class=\"entry-content w-full !px-0 max-w-small\">\r\n        <h1><strong>Efficacit\u00e9 clinique et rapport co\u00fbt-efficacit\u00e9 de la technologie num\u00e9rique pour les lombalgies non sp\u00e9cifiques tout au long d&#039;un parcours de soins int\u00e9gr\u00e9<\/strong><\/h1>\n<p>&nbsp;<\/p>\n<h2>Financement<\/h2>\n<p>Institut national de recherche sur la prestation de soins de sant\u00e9 et de services sociaux (NIHR) Bureau des sciences de la vie\/Invention pour l&#039;innovation R\u00e9f. NIHR208097.<\/p>\n<h2>Arri\u00e8re-plan<\/h2>\n<p>Les lombalgies touchent de nombreuses personnes au Royaume-Uni, limitant leurs activit\u00e9s quotidiennes et repr\u00e9sentant 51 % des consultations chez le m\u00e9decin g\u00e9n\u00e9raliste. De nombreux outils num\u00e9riques existent pour aider les personnes souffrant de lombalgie \u00e0 g\u00e9rer elles-m\u00eames leurs sympt\u00f4mes en attendant une prise en charge plus pouss\u00e9e. Cependant, leur efficacit\u00e9 pour les patients et les professionnels de sant\u00e9 reste \u00e0 d\u00e9montrer, de m\u00eame que leur capacit\u00e9 \u00e0 fournir des soins de qualit\u00e9. getUBetter est une application de sant\u00e9 num\u00e9rique d\u00e9j\u00e0 utilis\u00e9e par le NHS (service national de sant\u00e9 britannique) pour accompagner les personnes souffrant de lombalgie.<\/p>\n<h2>But<\/h2>\n<p>Notre objectif est d&#039;\u00e9valuer si l&#039;utilisation de l&#039;application getUBetter par les patients souffrant de lombalgie am\u00e9liore la douleur et leur capacit\u00e9 \u00e0 r\u00e9aliser les activit\u00e9s quotidiennes, r\u00e9duit le besoin de soins suppl\u00e9mentaires et repr\u00e9sente un bon investissement pour le syst\u00e8me de sant\u00e9 britannique (NHS). Cette recherche nous permettra de comprendre comment l&#039;application est utilis\u00e9e par les patients et les cabinets de m\u00e9decins g\u00e9n\u00e9ralistes, et d&#039;\u00e9laborer des recommandations sur l&#039;utilisation de getUBetter et d&#039;autres outils d&#039;autogestion pour accompagner les patients souffrant de lombalgie.<\/p>\n<h2>M\u00e9thodes<\/h2>\n<p>Le projet comprend 3 lots de travaux (WP)\u00a0:<\/p>\n<p>WP1\u00a0: Des patients souffrant de lombalgie, suivis dans diff\u00e9rents cabinets de m\u00e9decine g\u00e9n\u00e9rale de Bristol, du North Somerset et du South Gloucestershire (BNSSG), seront recrut\u00e9s et r\u00e9partis en deux groupes\u00a0: ceux qui utilisent l\u2019application et ceux qui ne l\u2019utilisent pas. Les patients r\u00e9pondront \u00e0 un questionnaire \u00e0 quatre reprises sur une p\u00e9riode de 12\u00a0mois, indiquant leur utilisation de getUBetter et l\u2019\u00e9volution de leurs sympt\u00f4mes. Nous analyserons \u00e9galement les donn\u00e9es de sant\u00e9 (par exemple, les consultations chez le m\u00e9decin g\u00e9n\u00e9raliste) du syst\u00e8me de sant\u00e9 local afin d\u2019\u00e9valuer l\u2019impact de l\u2019utilisation de getUBetter \u00e0 l\u2019\u00e9chelle du syst\u00e8me.<\/p>\n<p>WP2\u00a0: Les patients qui utilisent getUBetter et les professionnels de sant\u00e9 qui le prescrivent seront interrog\u00e9s afin de comprendre leurs exp\u00e9riences et les facteurs qui influencent leur d\u00e9cision de l\u2019utiliser ou d\u2019arr\u00eater de l\u2019utiliser.<\/p>\n<p>WP3\u00a0: Les r\u00e9sultats seront utilis\u00e9s pour am\u00e9liorer et d\u00e9velopper des lignes directrices et des ressources de formation pour soutenir les patients, les professionnels de la sant\u00e9, les syst\u00e8mes de sant\u00e9 locaux et les services nationaux lors de l\u2019int\u00e9gration et de l\u2019utilisation de getUBetter et d\u2019autres outils de sant\u00e9 num\u00e9rique pour l\u2019autogestion des lombalgies et autres affections musculaires et articulaires.<\/p>\n<h2>Participation des patients et du public<\/h2>\n<p>Des patients souffrant de lombalgie, issus de milieux et de communaut\u00e9s divers, ont contribu\u00e9 \u00e0 l&#039;\u00e9laboration de ce projet et font partie int\u00e9grante de l&#039;\u00e9quipe. Ils participeront \u00e0 toutes les \u00e9tapes du projet, notamment \u00e0 la production d&#039;informations, au soutien de la participation et \u00e0 la diffusion des r\u00e9sultats de la recherche.<\/p>\n<h2>Diss\u00e9mination<\/h2>\n<p>Nous partagerons ces connaissances avec tous les acteurs du projet, le NHS et la communaut\u00e9 de recherche. getUBetter utilisera ces connaissances pour am\u00e9liorer ses processus et ainsi mieux accompagner les patients, les cliniciens et le syst\u00e8me de sant\u00e9.<\/p>\n<h2>Qui dirige la recherche ?<\/h2>\n<p>Docteur Alice Berry, professeure agr\u00e9g\u00e9e en r\u00e9adaptation, Universit\u00e9 de l&#039;Ouest de l&#039;Angleterre.<\/p>\n<h2>Informations compl\u00e9mentaires<\/h2>\n<p>Pour plus d&#039;informations ou pour participer \u00e0 ce projet, veuillez contacter\u00a0<a href=\"mailto:bnssg.research@nhs.net\">bnssg.research@nhs.net<\/a>.<\/p>\n<p>Les opinions exprim\u00e9es sont celles des auteurs et ne refl\u00e8tent pas n\u00e9cessairement celles du NIHR ou du minist\u00e8re de la Sant\u00e9 et des Affaires sociales.<\/p>\n<p>Veuillez trouver plus d&#039;informations <a href=\"https:\/\/www.fundingawards.nihr.ac.uk\/award\/NIHR208097\" rel=\"noopener\">ici<\/a>.<\/p>\n  <\/div>\r\n  <\/section><\/div><!-- .assembler_text-module.assembler_module.assembler_text-module_1.assembler_module_1..transparent --><\/div><!-- .assembler_module_area.assembler_module_area_1 --><\/div><!-- .assembler_default-group.assembler_module_group.assembler_default-group_1.assembler_module_group_1  -->","protected":false},"excerpt":{"rendered":"<p>Cette recherche nous aidera \u00e0 comprendre comment l&#039;application est utilis\u00e9e par les patients et les cabinets de m\u00e9decins g\u00e9n\u00e9ralistes, et \u00e0 \u00e9laborer des recommandations sur la fa\u00e7on dont getUBetter et d&#039;autres outils d&#039;autogestion peuvent \u00eatre utilis\u00e9s pour soutenir les patients souffrant de lombalgie.<\/p>","protected":false},"author":16,"featured_media":0,"parent":32881,"menu_order":0,"comment_status":"closed","ping_status":"closed","template":"","meta":{"_acf_changed":false,"footnotes":""},"tags":[],"class_list":["post-43247","page","type-page","status-publish","hentry"],"acf":[],"_links":{"self":[{"href":"https:\/\/bnssghealthiertogether.org.uk\/fr\/wp-json\/wp\/v2\/pages\/43247","targetHints":{"allow":["GET"]}}],"collection":[{"href":"https:\/\/bnssghealthiertogether.org.uk\/fr\/wp-json\/wp\/v2\/pages"}],"about":[{"href":"https:\/\/bnssghealthiertogether.org.uk\/fr\/wp-json\/wp\/v2\/types\/page"}],"author":[{"embeddable":true,"href":"https:\/\/bnssghealthiertogether.org.uk\/fr\/wp-json\/wp\/v2\/users\/16"}],"replies":[{"embeddable":true,"href":"https:\/\/bnssghealthiertogether.org.uk\/fr\/wp-json\/wp\/v2\/comments?post=43247"}],"version-history":[{"count":2,"href":"https:\/\/bnssghealthiertogether.org.uk\/fr\/wp-json\/wp\/v2\/pages\/43247\/revisions"}],"predecessor-version":[{"id":43249,"href":"https:\/\/bnssghealthiertogether.org.uk\/fr\/wp-json\/wp\/v2\/pages\/43247\/revisions\/43249"}],"up":[{"embeddable":true,"href":"https:\/\/bnssghealthiertogether.org.uk\/fr\/wp-json\/wp\/v2\/pages\/32881"}],"wp:attachment":[{"href":"https:\/\/bnssghealthiertogether.org.uk\/fr\/wp-json\/wp\/v2\/media?parent=43247"}],"wp:term":[{"taxonomy":"post_tag","embeddable":true,"href":"https:\/\/bnssghealthiertogether.org.uk\/fr\/wp-json\/wp\/v2\/tags?post=43247"}],"curies":[{"name":"wp","href":"https:\/\/api.w.org\/{rel}","templated":true}]}}