{"id":43250,"date":"2025-10-08T15:46:35","date_gmt":"2025-10-08T14:46:35","guid":{"rendered":"https:\/\/bnssghealthiertogether.org.uk\/?page_id=43250"},"modified":"2025-10-08T15:46:35","modified_gmt":"2025-10-08T14:46:35","slug":"evaluation-of-a-pilot-for-use-of-obesity-medications-outside-hospital-settings","status":"publish","type":"page","link":"https:\/\/bnssghealthiertogether.org.uk\/fr\/integrated-care-board\/research-and-evidence\/our-research-portfolio\/nihr-funded-projects\/evaluation-of-a-pilot-for-use-of-obesity-medications-outside-hospital-settings\/","title":{"rendered":"\u00c9valuation d&#039;un projet pilote d&#039;utilisation de m\u00e9dicaments contre l&#039;ob\u00e9sit\u00e9 en dehors du milieu hospitalier"},"content":{"rendered":"<div class=\"assembler_default-group assembler_module_group assembler_default-group_1 assembler_module_group_1\"><div class=\"assembler_module_area assembler_module_area_1\"><div class=\"assembler_text-module assembler_module assembler_text-module_1 assembler_module_1  transparent\"><a tabindex=\"-1\" title=\"Section intitul\u00e9e module-1\" id=\"module-1\" href=\"https:\/\/bnssghealthiertogether.org.uk\/fr\/wp-json\/wp\/v2\/pages\/43250\/#module-1\" class=\"anchor\"><span class=\"hidden\">Section intitul\u00e9e module-1<\/span><\/a><!-- Template found for text-module - Template: template-text - Matched: _only --><section class=\"w-full mx-auto max-w-content pt-12 sm:pt-24 pb-12 sm:pb-24\">\r\n  <div class=\"entry-content w-full !px-0 max-w-small\">\r\n        <h1><strong>\u00c9valuation d&#039;un projet pilote d&#039;utilisation de m\u00e9dicaments contre l&#039;ob\u00e9sit\u00e9 en dehors du milieu hospitalier<\/strong><\/h1>\n<p>&nbsp;<\/p>\n<h2>Financement<\/h2>\n<p>Institut national de recherche sur la sant\u00e9 et les soins (NIHR) Recherche sur la prestation de soins de sant\u00e9 et de services sociaux R\u00e9f. NIHR162959.<\/p>\n<h2>Arri\u00e8re-plan<\/h2>\n<p>De nouveaux m\u00e9dicaments contre l&#039;ob\u00e9sit\u00e9, tels que la tirz\u00e9patide (Mounjaro) et le s\u00e9maglutide (Wegovy), offrent un traitement plus efficace lorsqu&#039;ils sont associ\u00e9s \u00e0 des interventions comportementales. Ces m\u00e9dicaments peuvent \u00eatre prescrits au sein de services sp\u00e9cialis\u00e9s de prise en charge du poids (SSPP), dont l&#039;acc\u00e8s est actuellement limit\u00e9 sur l&#039;ensemble du territoire et la capacit\u00e9 d&#039;accueil insuffisante pour les personnes \u00e9ligibles. Le NHS England (NHSE) teste donc quatre nouveaux mod\u00e8les de prise en charge pour faciliter l&#039;acc\u00e8s \u00e0 ces m\u00e9dicaments en soins primaires, ce qui n\u00e9cessite une \u00e9valuation approfondie afin d&#039;orienter leur mise en \u0153uvre future.<\/p>\n<h2>Objectifs<\/h2>\n<p>1) \u00c9valuer la faisabilit\u00e9, l\u2019acceptabilit\u00e9, la s\u00e9curit\u00e9, l\u2019efficacit\u00e9 et le rapport co\u00fbt-efficacit\u00e9 de nouveaux mod\u00e8les de distribution de m\u00e9dicaments contre l\u2019ob\u00e9sit\u00e9 aupr\u00e8s de diff\u00e9rents groupes sociod\u00e9mographiques.,<\/p>\n<p>2) Fournir des informations pour orienter la mise en \u0153uvre future des mod\u00e8les de services, en promouvant un acc\u00e8s \u00e9quitable aux m\u00e9dicaments contre l\u2019ob\u00e9sit\u00e9.<\/p>\n<h2>Objectifs<\/h2>\n<ol>\n<li>Cartographier les informations cl\u00e9s des conseils de soins int\u00e9gr\u00e9s (ICB), y compris le(s) type(s) de mod\u00e8le(s) de service adopt\u00e9(s) et ses\/leurs principales caract\u00e9ristiques, les donn\u00e9es sociod\u00e9mographiques et les parties prenantes impliqu\u00e9es.<\/li>\n<li>Identifier les facteurs sociod\u00e9mographiques associ\u00e9s aux taux d&#039;orientation, d&#039;adoption et d&#039;ach\u00e8vement des mod\u00e8les de services pour les m\u00e9dicaments anti-ob\u00e9sit\u00e9.<\/li>\n<li>\u00c9valuer l\u2019efficacit\u00e9 clinique \u00e0 court terme, le rapport co\u00fbt-efficacit\u00e9 et la s\u00e9curit\u00e9 selon les diff\u00e9rents mod\u00e8les, en tenant compte des diff\u00e9rences sociod\u00e9mographiques.<\/li>\n<li>Mod\u00e9liser les r\u00e9sultats et les co\u00fbts \u00e0 long terme en mati\u00e8re de sant\u00e9 pour diff\u00e9rents mod\u00e8les de services.<\/li>\n<li>Explorer la rentabilit\u00e9 potentielle des initiatives de mise en \u0153uvre visant \u00e0 accro\u00eetre l&#039;adoption et l&#039;adh\u00e9sion aux services.<\/li>\n<li>\u00c9tudier la faisabilit\u00e9 et la s\u00e9curit\u00e9 des nouveaux mod\u00e8les de service, en tenant compte des besoins du personnel, de la formation, de l&#039;impact sur les soins primaires et des implications pour le syst\u00e8me de gestion du poids \u00e0 plusieurs niveaux dans son ensemble.<\/li>\n<li>\u00c9valuer l\u2019acceptabilit\u00e9 et l\u2019exp\u00e9rience utilisateur des mod\u00e8les de service, y compris les composantes de soutien comportemental, aupr\u00e8s des diff\u00e9rents groupes sociod\u00e9mographiques.<\/li>\n<li>D\u00e9velopper des connaissances sur les mod\u00e8les les plus acceptables, efficaces, s\u00fbrs et rentables pour diff\u00e9rents groupes sociod\u00e9mographiques, articul\u00e9es \u00e0 travers un mod\u00e8le logique pr\u00e9liminaire.<\/li>\n<li>Identifier les besoins et les ressources en mati\u00e8re de formation aux soins primaires en vue d&#039;un d\u00e9ploiement futur.<\/li>\n<li>Identifier les crit\u00e8res cl\u00e9s pour une \u00e9valuation compl\u00e8te des phases ult\u00e9rieures du d\u00e9ploiement des m\u00e9dicaments anti-ob\u00e9sit\u00e9.<\/li>\n<\/ol>\n<h2>M\u00e9thodes, \u00e9ch\u00e9anciers et impact et diffusion anticip\u00e9s<\/h2>\n<p>Le projet se d\u00e9roulera de f\u00e9vrier 2025 \u00e0 janvier 2028. Il utilise des m\u00e9thodes mixtes r\u00e9parties sur cinq lots de travaux (WP)\u00a0:<\/p>\n<p>WP1 (Mois 1-36, objectif 1) : Gestion de projet, PPIE, engagement des parties prenantes et cartographie des informations cl\u00e9s sur les mod\u00e8les de service ICB pour soutenir les WP suivants.<\/p>\n<p>WP2 (Mois 6 \u00e0 33, objectifs 2 \u00e0 5)\u00a0: Identifier les facteurs sociod\u00e9mographiques associ\u00e9s \u00e0 l\u2019utilisation des services. \u00c9valuer l\u2019efficacit\u00e9 clinique, le rapport co\u00fbt-efficacit\u00e9 et la s\u00e9curit\u00e9 selon les mod\u00e8les et les groupes sociod\u00e9mographiques, \u00e0 l\u2019aide d\u2019un cadre d\u2019essai cibl\u00e9. La collecte de donn\u00e9es comprend les dossiers m\u00e9dicaux \u00e9lectroniques et des enqu\u00eates aupr\u00e8s des personnes vivant avec l\u2019ob\u00e9sit\u00e9, des prestataires de services et des organismes financeurs.<\/p>\n<p>WP3 (Mois 6 \u00e0 30, objectifs 6 et 7)\u00a0: Utiliser des m\u00e9thodes qualitatives sur quatre sites d\u2019\u00e9tude de cas (repr\u00e9sentant chaque mod\u00e8le de service) afin d\u2019\u00e9valuer la faisabilit\u00e9, l\u2019acceptabilit\u00e9, la s\u00e9curit\u00e9 et les facteurs de changement de comportement au sein de diff\u00e9rents groupes sociod\u00e9mographiques. Ce projet s\u2019appuie sur un chercheur en r\u00e9sidence et des chercheurs communautaires du programme PPIE.<\/p>\n<p>WP4 (Mois 6 \u00e0 36, objectif 8)\u00a0: Int\u00e9grer les donn\u00e9es des WP 2 et 3 par une analyse mixte. Utiliser un protocole de triangulation avec les principales parties prenantes afin d\u2019\u00e9laborer un mod\u00e8le logique reliant la mise en service et l\u2019\u00e9tablissement du service aux r\u00e9sultats pour les patients.<\/p>\n<p>WP5 (Mois 1 \u00e0 36, objectifs 9 et 10)\u00a0: Diffusion, r\u00e9sultats et impact anticip\u00e9. Fournir des informations au NHS afin d\u2019orienter les phases ult\u00e9rieures du d\u00e9ploiement et l\u2019\u00e9valuation future, en mettant l\u2019accent sur l\u2019acc\u00e8s pour tous les groupes sociod\u00e9mographiques.<\/p>\n<h2>Qui dirige la recherche ?<\/h2>\n<p>Dr Karen Coulman, professeure agr\u00e9g\u00e9e en recherche et pratique sur l&#039;ob\u00e9sit\u00e9, Bristol Medical School (PHS), Universit\u00e9 de Bristol.<\/p>\n<h2>Informations compl\u00e9mentaires<\/h2>\n<p>Courriel CI\u00a0: Karen.Coulman@bristol.ac.uk<\/p>\n<p>Pour plus d&#039;informations ou pour participer \u00e0 ce projet, veuillez contacter\u00a0<a href=\"mailto:bnssg.research@nhs.net\">bnssg.research@nhs.net<\/a>.<\/p>\n<p>Les opinions exprim\u00e9es sont celles des auteurs et ne refl\u00e8tent pas n\u00e9cessairement celles du NIHR ou du minist\u00e8re de la Sant\u00e9 et des Affaires sociales.<\/p>\n<p>Veuillez trouver plus d&#039;informations <a href=\"https:\/\/www.fundingawards.nihr.ac.uk\/award\/NIHR162959\" rel=\"noopener\">ici<\/a>.<\/p>\n  <\/div>\r\n  <\/section><\/div><!-- .assembler_text-module.assembler_module.assembler_text-module_1.assembler_module_1..transparent --><\/div><!-- .assembler_module_area.assembler_module_area_1 --><\/div><!-- .assembler_default-group.assembler_module_group.assembler_default-group_1.assembler_module_group_1  -->","protected":false},"excerpt":{"rendered":"<p>\u00c9valuation d&#039;un projet pilote d&#039;utilisation de m\u00e9dicaments contre l&#039;ob\u00e9sit\u00e9 en dehors du milieu hospitalier<\/p>","protected":false},"author":16,"featured_media":0,"parent":32881,"menu_order":0,"comment_status":"closed","ping_status":"closed","template":"","meta":{"_acf_changed":false,"footnotes":""},"tags":[],"class_list":["post-43250","page","type-page","status-publish","hentry"],"acf":[],"_links":{"self":[{"href":"https:\/\/bnssghealthiertogether.org.uk\/fr\/wp-json\/wp\/v2\/pages\/43250","targetHints":{"allow":["GET"]}}],"collection":[{"href":"https:\/\/bnssghealthiertogether.org.uk\/fr\/wp-json\/wp\/v2\/pages"}],"about":[{"href":"https:\/\/bnssghealthiertogether.org.uk\/fr\/wp-json\/wp\/v2\/types\/page"}],"author":[{"embeddable":true,"href":"https:\/\/bnssghealthiertogether.org.uk\/fr\/wp-json\/wp\/v2\/users\/16"}],"replies":[{"embeddable":true,"href":"https:\/\/bnssghealthiertogether.org.uk\/fr\/wp-json\/wp\/v2\/comments?post=43250"}],"version-history":[{"count":2,"href":"https:\/\/bnssghealthiertogether.org.uk\/fr\/wp-json\/wp\/v2\/pages\/43250\/revisions"}],"predecessor-version":[{"id":43252,"href":"https:\/\/bnssghealthiertogether.org.uk\/fr\/wp-json\/wp\/v2\/pages\/43250\/revisions\/43252"}],"up":[{"embeddable":true,"href":"https:\/\/bnssghealthiertogether.org.uk\/fr\/wp-json\/wp\/v2\/pages\/32881"}],"wp:attachment":[{"href":"https:\/\/bnssghealthiertogether.org.uk\/fr\/wp-json\/wp\/v2\/media?parent=43250"}],"wp:term":[{"taxonomy":"post_tag","embeddable":true,"href":"https:\/\/bnssghealthiertogether.org.uk\/fr\/wp-json\/wp\/v2\/tags?post=43250"}],"curies":[{"name":"wp","href":"https:\/\/api.w.org\/{rel}","templated":true}]}}