{"id":43848,"date":"2025-11-03T11:37:06","date_gmt":"2025-11-03T11:37:06","guid":{"rendered":"https:\/\/bnssghealthiertogether.org.uk\/?page_id=43848"},"modified":"2026-01-23T16:46:46","modified_gmt":"2026-01-23T16:46:46","slug":"accessing-autism-and-adhd-assessments-via-right-to-choose","status":"publish","type":"page","link":"https:\/\/bnssghealthiertogether.org.uk\/fr\/accessing-autism-and-adhd-assessments-via-right-to-choose\/","title":{"rendered":"Acc\u00e8s aux \u00e9valuations de l&#039;autisme et du TDAH via le droit de choisir"},"content":{"rendered":"<div class=\"assembler_default-group assembler_module_group assembler_default-group_1 assembler_module_group_1\"><div class=\"assembler_module_area assembler_module_area_1\"><div class=\"assembler_text-module assembler_module assembler_text-module_1 assembler_module_1  transparent\"><a tabindex=\"-1\" title=\"Section intitul\u00e9e module-1\" id=\"module-1\" href=\"https:\/\/bnssghealthiertogether.org.uk\/fr\/wp-json\/wp\/v2\/pages\/43848\/#module-1\" class=\"anchor\"><span class=\"hidden\">Section intitul\u00e9e module-1<\/span><\/a><!-- Template found for text-module - Template: template-text - Matched: _only --><section class=\"w-full mx-auto max-w-content pt-12 sm:pt-24 pb-3 sm:pb-6\">\r\n  <div class=\"entry-content w-full !px-0 max-w-small\">\r\n        <h1><strong>Acc\u00e8s aux \u00e9valuations de l&#039;autisme et du TDAH via le droit de choisir<\/strong><\/h1>\n<p>Si vous r\u00e9sidez en Angleterre et que votre m\u00e9decin g\u00e9n\u00e9raliste estime qu&#039;une \u00e9valuation pour l&#039;autisme ou le TDAH est n\u00e9cessaire, vous avez le droit de choisir le prestataire agr\u00e9\u00e9 par le NHS aupr\u00e8s duquel vous souhaitez vous adresser. Cela inclut les cliniques situ\u00e9es en dehors de la r\u00e9gion de Bristol, North Somerset et South Gloucestershire, ainsi que certains prestataires ind\u00e9pendants travaillant en partenariat avec le NHS.<\/p>\n<p>Vous pouvez en savoir plus sur votre droit de choisir sur le site national. <a href=\"https:\/\/www.nhs.uk\/using-the-nhs\/about-the-nhs\/your-choices-in-the-nhs\/\" rel=\"noopener\">Site web du NHS<\/a>.<\/p>\n<h2><strong>Comment obtenir une \u00e9valuation de l&#039;autisme ou du TDAH via le programme Right to Choose\u00a0?<\/strong><\/h2>\n<p>Si vous pensez \u00eatre atteint d&#039;autisme ou de TDAH, parlez-en \u00e0 votre m\u00e9decin traitant. S&#039;il estime qu&#039;une \u00e9valuation est n\u00e9cessaire, vous pourrez demander \u00e0 \u00eatre orient\u00e9 vers un professionnel de votre choix. Votre m\u00e9decin traitant pourra vous accompagner dans votre d\u00e9cision et vous aider \u00e0 choisir le professionnel le plus adapt\u00e9.<\/p>\n<h2><strong>Qui propose des \u00e9valuations du droit de choisir\u00a0?<\/strong><\/h2>\n<p>De nombreuses cliniques en Angleterre proposent des \u00e9valuations du TDAH et de l&#039;autisme dans le cadre du programme \u00ab\u00a0Right to Choose\u00a0\u00bb. Pour \u00eatre \u00e9ligibles, les cliniques doivent \u00e9galement proposer ce service au NHS (service national de sant\u00e9 britannique) partout en Angleterre. Les cliniques exclusivement priv\u00e9es ne sont pas \u00e9ligibles. Consulter le site web d&#039;un prestataire est un bon moyen de v\u00e9rifier s&#039;il propose les services dont vous avez besoin.<\/p>\n<h2><strong>Toutes les cliniques offrent-elles les m\u00eames services\u00a0?<\/strong><\/h2>\n<p>De nombreuses cliniques proposant des \u00e9valuations dans le cadre du programme \u00ab\u00a0Droit de choisir\u00a0\u00bb peuvent diagnostiquer le TDAH ou l&#039;autisme, mais ne proposent pas forc\u00e9ment d&#039;ajustement posologique (la recherche du dosage m\u00e9dicamenteux adapt\u00e9 \u00e0 votre situation). Cela signifie que vous pourriez avoir besoin d&#039;une orientation vers un service de sant\u00e9 publique local apr\u00e8s votre \u00e9valuation si un traitement m\u00e9dicamenteux est n\u00e9cessaire pour g\u00e9rer vos sympt\u00f4mes. Si vous envisagez un traitement m\u00e9dicamenteux en cas de diagnostic de TDAH, il est conseill\u00e9 d&#039;en discuter avec votre m\u00e9decin traitant lors du choix d&#039;un professionnel de sant\u00e9.<\/p>\n<h2><strong>Combien de temps dois-je attendre pour une \u00e9valuation aupr\u00e8s d&#039;un prestataire du programme \u00ab Droit de choisir \u00bb ?<\/strong><\/h2>\n<p>Les prestataires affichent leurs temps d&#039;attente sur leurs sites web et vous pourrez les comparer au moment de faire votre choix.<\/p>\n<p>Dans notre r\u00e9gion, nous avons consid\u00e9rablement augment\u00e9 le financement des dispositifs \u00ab\u00a0Droit de choisir\u00a0\u00bb et nous travaillons avec les prestataires pour planifier et g\u00e9rer le nombre d\u2019\u00e9valuations de l\u2019autisme et du TDAH qu\u2019ils r\u00e9alisent chaque ann\u00e9e pour les patients de Bristol, North Somerset et South Gloucestershire (BNSSG).<\/p>\n<p>Il se peut que certains prestataires aient d\u00e9j\u00e0 r\u00e9alis\u00e9 le nombre d&#039;\u00e9valuations pr\u00e9vu pour les patients du BNSSG au cours de l&#039;ann\u00e9e. Dans ce cas, si votre \u00e9valuation n&#039;a pas encore commenc\u00e9, vous pouvez demander \u00e0 \u00eatre orient\u00e9 vers un autre prestataire.<\/p>\n<p>Si vous choisissez de rester chez votre prestataire pr\u00e9f\u00e9r\u00e9, vous resterez sur sa liste d&#039;attente et serez pris en charge selon ses proc\u00e9dures.<\/p>\n<h2><strong>Quelle aide est disponible si je suis en train de demander une \u00e9valuation ou si j&#039;attends une \u00e9valuation\u00a0?<\/strong><\/h2>\n<p>Si vous pensez que vous ou votre enfant souffrez d&#039;autisme ou de TDAH, nous vous recommandons fortement de vous renseigner sur l&#039;aide et les conseils disponibles aupr\u00e8s des organismes locaux.<\/p>\n<p>Le NHS (service national de sant\u00e9 britannique), les \u00e9coles, les conseils municipaux et les associations caritatives offrent un large \u00e9ventail de soutiens, accessibles sans diagnostic formel d&#039;autisme ou de TDAH.<\/p>\n<p>Comprendre et r\u00e9pondre aux besoins \u00e0 un stade pr\u00e9coce est associ\u00e9 \u00e0 de bien meilleurs r\u00e9sultats pour les personnes atteintes de troubles neurodivergents\u00a0; il ne faut donc pas remettre \u00e0 plus tard la recherche d\u2019aide en attendant une \u00e9valuation.<\/p>\n<p>Vous pouvez trouver des informations sur le soutien, les conseils et l&#039;accompagnement disponibles pour les enfants, les jeunes et les adultes neurodivergents de votre r\u00e9gion sur le site web suivant\u00a0: <a href=\"https:\/\/bnssghealthiertogether.org.uk\/fr\/neurodiversity\/\"><strong>Centre de neurodiversit\u00e9 pour une meilleure sant\u00e9 ensemble<\/strong><\/a>.<\/p>\n<p>&nbsp;<\/p>\n  <\/div>\r\n  <\/section><\/div><!-- .assembler_text-module.assembler_module.assembler_text-module_1.assembler_module_1..transparent --><\/div><!-- .assembler_module_area.assembler_module_area_1 --><\/div><!-- .assembler_default-group.assembler_module_group.assembler_default-group_1.assembler_module_group_1  -->","protected":false},"excerpt":{"rendered":"<p>Si vous r\u00e9sidez en Angleterre et que votre m\u00e9decin g\u00e9n\u00e9raliste estime qu&#039;une \u00e9valuation pour l&#039;autisme ou le TDAH est n\u00e9cessaire, vous avez le droit de choisir le prestataire agr\u00e9\u00e9 par le NHS aupr\u00e8s duquel vous souhaitez vous adresser. Cela inclut les cliniques situ\u00e9es en dehors de la r\u00e9gion de Bristol, North Somerset et South Gloucestershire, ainsi que certains prestataires ind\u00e9pendants travaillant en partenariat avec le NHS.<\/p>","protected":false},"author":28,"featured_media":0,"parent":0,"menu_order":0,"comment_status":"closed","ping_status":"closed","template":"","meta":{"_acf_changed":false,"footnotes":""},"tags":[],"class_list":["post-43848","page","type-page","status-publish","hentry"],"acf":[],"_links":{"self":[{"href":"https:\/\/bnssghealthiertogether.org.uk\/fr\/wp-json\/wp\/v2\/pages\/43848","targetHints":{"allow":["GET"]}}],"collection":[{"href":"https:\/\/bnssghealthiertogether.org.uk\/fr\/wp-json\/wp\/v2\/pages"}],"about":[{"href":"https:\/\/bnssghealthiertogether.org.uk\/fr\/wp-json\/wp\/v2\/types\/page"}],"author":[{"embeddable":true,"href":"https:\/\/bnssghealthiertogether.org.uk\/fr\/wp-json\/wp\/v2\/users\/28"}],"replies":[{"embeddable":true,"href":"https:\/\/bnssghealthiertogether.org.uk\/fr\/wp-json\/wp\/v2\/comments?post=43848"}],"version-history":[{"count":16,"href":"https:\/\/bnssghealthiertogether.org.uk\/fr\/wp-json\/wp\/v2\/pages\/43848\/revisions"}],"predecessor-version":[{"id":46350,"href":"https:\/\/bnssghealthiertogether.org.uk\/fr\/wp-json\/wp\/v2\/pages\/43848\/revisions\/46350"}],"wp:attachment":[{"href":"https:\/\/bnssghealthiertogether.org.uk\/fr\/wp-json\/wp\/v2\/media?parent=43848"}],"wp:term":[{"taxonomy":"post_tag","embeddable":true,"href":"https:\/\/bnssghealthiertogether.org.uk\/fr\/wp-json\/wp\/v2\/tags?post=43848"}],"curies":[{"name":"wp","href":"https:\/\/api.w.org\/{rel}","templated":true}]}}